{"id":1090,"date":"2025-11-21T12:23:50","date_gmt":"2025-11-21T12:23:50","guid":{"rendered":"https:\/\/megapari.games\/az\/?page_id=1090"},"modified":"2026-02-24T12:13:24","modified_gmt":"2026-02-24T12:13:24","slug":"sport","status":"publish","type":"page","link":"https:\/\/megapari.games\/az\/sport\/","title":{"rendered":"\u0130dman"},"content":{"rendered":"","protected":false},"excerpt":{"rendered":"","protected":false},"author":1,"featured_media":0,"parent":0,"menu_order":0,"comment_status":"closed","ping_status":"closed","template":"","meta":{"inline_featured_image":false,"footnotes":""},"class_list":["post-1090","page","type-page","status-publish","hentry"],"yoast_head":"<!-- This site is optimized with the Yoast SEO plugin v27.3 - https:\/\/yoast.com\/product\/yoast-seo-wordpress\/ -->\n<title>Megapari \u0130dman \u1409 \u0130dman n\u00f6vl\u0259ri, \u0259msallar v\u0259 analitika icmal\u0131<\/title>\n<meta name=\"description\" content=\"Megapari geni\u015f m\u0259rc x\u0259tl\u0259ri, d\u0259rin \u0259msallar, rahat t\u0259hlil al\u0259tl\u0259ri v\u0259 qeydiyyatdan ke\u00e7mi\u015f istifad\u0259\u00e7il\u0259r \u00fc\u00e7\u00fcn m\u00f6vcud bonus sistemi olan bir platformad\u0131r.\" \/>\n<meta name=\"robots\" content=\"index, follow, max-snippet:-1, max-image-preview:large, max-video-preview:-1\" \/>\n<link rel=\"canonical\" href=\"https:\/\/megapari.games\/az\/sport\/\" \/>\n<meta property=\"og:locale\" content=\"az_AZ\" \/>\n<meta property=\"og:type\" content=\"article\" \/>\n<meta property=\"og:title\" content=\"Megapari \u0130dman \u1409 \u0130dman n\u00f6vl\u0259ri, \u0259msallar v\u0259 analitika icmal\u0131\" \/>\n<meta property=\"og:description\" content=\"Megapari geni\u015f m\u0259rc x\u0259tl\u0259ri, d\u0259rin \u0259msallar, rahat t\u0259hlil al\u0259tl\u0259ri v\u0259 qeydiyyatdan ke\u00e7mi\u015f istifad\u0259\u00e7il\u0259r \u00fc\u00e7\u00fcn m\u00f6vcud bonus sistemi olan bir platformad\u0131r.\" \/>\n<meta property=\"og:url\" content=\"https:\/\/megapari.games\/az\/sport\/\" \/>\n<meta property=\"og:site_name\" content=\"Megapari Games az\" \/>\n<meta property=\"article:modified_time\" content=\"2026-02-24T12:13:24+00:00\" \/>\n<meta name=\"twitter:card\" content=\"summary_large_image\" \/>\n<script type=\"application\/ld+json\" class=\"yoast-schema-graph\">{\"@context\":\"https:\\\/\\\/schema.org\",\"@graph\":[{\"@type\":\"WebPage\",\"@id\":\"https:\\\/\\\/megapari.games\\\/az\\\/sport\\\/\",\"url\":\"https:\\\/\\\/megapari.games\\\/az\\\/sport\\\/\",\"name\":\"Megapari \u0130dman \u1409 \u0130dman n\u00f6vl\u0259ri, \u0259msallar v\u0259 analitika icmal\u0131\",\"isPartOf\":{\"@id\":\"https:\\\/\\\/megapari.games\\\/az\\\/#website\"},\"datePublished\":\"2025-11-21T12:23:50+00:00\",\"dateModified\":\"2026-02-24T12:13:24+00:00\",\"description\":\"Megapari geni\u015f m\u0259rc x\u0259tl\u0259ri, d\u0259rin \u0259msallar, rahat t\u0259hlil al\u0259tl\u0259ri v\u0259 qeydiyyatdan ke\u00e7mi\u015f istifad\u0259\u00e7il\u0259r \u00fc\u00e7\u00fcn m\u00f6vcud bonus sistemi olan bir platformad\u0131r.\",\"breadcrumb\":{\"@id\":\"https:\\\/\\\/megapari.games\\\/az\\\/sport\\\/#breadcrumb\"},\"inLanguage\":\"az\",\"potentialAction\":[{\"@type\":\"ReadAction\",\"target\":[\"https:\\\/\\\/megapari.games\\\/az\\\/sport\\\/\"]}]},{\"@type\":\"BreadcrumbList\",\"@id\":\"https:\\\/\\\/megapari.games\\\/az\\\/sport\\\/#breadcrumb\",\"itemListElement\":[{\"@type\":\"ListItem\",\"position\":1,\"name\":\"\u0413\u043b\u0430\u0432\u043d\u0430\u044f \u0441\u0442\u0440\u0430\u043d\u0438\u0446\u0430\",\"item\":\"https:\\\/\\\/megapari.games\\\/az\\\/\"},{\"@type\":\"ListItem\",\"position\":2,\"name\":\"\u0130dman\"}]},{\"@type\":\"WebSite\",\"@id\":\"https:\\\/\\\/megapari.games\\\/az\\\/#website\",\"url\":\"https:\\\/\\\/megapari.games\\\/az\\\/\",\"name\":\"Megapari Games az\",\"description\":\"My WordPress Blog\",\"potentialAction\":[{\"@type\":\"SearchAction\",\"target\":{\"@type\":\"EntryPoint\",\"urlTemplate\":\"https:\\\/\\\/megapari.games\\\/az\\\/?s={search_term_string}\"},\"query-input\":{\"@type\":\"PropertyValueSpecification\",\"valueRequired\":true,\"valueName\":\"search_term_string\"}}],\"inLanguage\":\"az\"}]}<\/script>\n<!-- \/ Yoast SEO plugin. -->","yoast_head_json":{"title":"Megapari \u0130dman \u1409 \u0130dman n\u00f6vl\u0259ri, \u0259msallar v\u0259 analitika icmal\u0131","description":"Megapari geni\u015f m\u0259rc x\u0259tl\u0259ri, d\u0259rin \u0259msallar, rahat t\u0259hlil al\u0259tl\u0259ri v\u0259 qeydiyyatdan ke\u00e7mi\u015f istifad\u0259\u00e7il\u0259r \u00fc\u00e7\u00fcn m\u00f6vcud bonus sistemi olan bir platformad\u0131r.","robots":{"index":"index","follow":"follow","max-snippet":"max-snippet:-1","max-image-preview":"max-image-preview:large","max-video-preview":"max-video-preview:-1"},"canonical":"https:\/\/megapari.games\/az\/sport\/","og_locale":"az_AZ","og_type":"article","og_title":"Megapari \u0130dman \u1409 \u0130dman n\u00f6vl\u0259ri, \u0259msallar v\u0259 analitika icmal\u0131","og_description":"Megapari geni\u015f m\u0259rc x\u0259tl\u0259ri, d\u0259rin \u0259msallar, rahat t\u0259hlil al\u0259tl\u0259ri v\u0259 qeydiyyatdan ke\u00e7mi\u015f istifad\u0259\u00e7il\u0259r \u00fc\u00e7\u00fcn m\u00f6vcud bonus sistemi olan bir platformad\u0131r.","og_url":"https:\/\/megapari.games\/az\/sport\/","og_site_name":"Megapari Games az","article_modified_time":"2026-02-24T12:13:24+00:00","twitter_card":"summary_large_image","schema":{"@context":"https:\/\/schema.org","@graph":[{"@type":"WebPage","@id":"https:\/\/megapari.games\/az\/sport\/","url":"https:\/\/megapari.games\/az\/sport\/","name":"Megapari \u0130dman \u1409 \u0130dman n\u00f6vl\u0259ri, \u0259msallar v\u0259 analitika icmal\u0131","isPartOf":{"@id":"https:\/\/megapari.games\/az\/#website"},"datePublished":"2025-11-21T12:23:50+00:00","dateModified":"2026-02-24T12:13:24+00:00","description":"Megapari geni\u015f m\u0259rc x\u0259tl\u0259ri, d\u0259rin \u0259msallar, rahat t\u0259hlil al\u0259tl\u0259ri v\u0259 qeydiyyatdan ke\u00e7mi\u015f istifad\u0259\u00e7il\u0259r \u00fc\u00e7\u00fcn m\u00f6vcud bonus sistemi olan bir platformad\u0131r.","breadcrumb":{"@id":"https:\/\/megapari.games\/az\/sport\/#breadcrumb"},"inLanguage":"az","potentialAction":[{"@type":"ReadAction","target":["https:\/\/megapari.games\/az\/sport\/"]}]},{"@type":"BreadcrumbList","@id":"https:\/\/megapari.games\/az\/sport\/#breadcrumb","itemListElement":[{"@type":"ListItem","position":1,"name":"\u0413\u043b\u0430\u0432\u043d\u0430\u044f \u0441\u0442\u0440\u0430\u043d\u0438\u0446\u0430","item":"https:\/\/megapari.games\/az\/"},{"@type":"ListItem","position":2,"name":"\u0130dman"}]},{"@type":"WebSite","@id":"https:\/\/megapari.games\/az\/#website","url":"https:\/\/megapari.games\/az\/","name":"Megapari Games az","description":"My WordPress Blog","potentialAction":[{"@type":"SearchAction","target":{"@type":"EntryPoint","urlTemplate":"https:\/\/megapari.games\/az\/?s={search_term_string}"},"query-input":{"@type":"PropertyValueSpecification","valueRequired":true,"valueName":"search_term_string"}}],"inLanguage":"az"}]}},"_links":{"self":[{"href":"https:\/\/megapari.games\/az\/wp-json\/wp\/v2\/pages\/1090","targetHints":{"allow":["GET"]}}],"collection":[{"href":"https:\/\/megapari.games\/az\/wp-json\/wp\/v2\/pages"}],"about":[{"href":"https:\/\/megapari.games\/az\/wp-json\/wp\/v2\/types\/page"}],"author":[{"embeddable":true,"href":"https:\/\/megapari.games\/az\/wp-json\/wp\/v2\/users\/1"}],"replies":[{"embeddable":true,"href":"https:\/\/megapari.games\/az\/wp-json\/wp\/v2\/comments?post=1090"}],"version-history":[{"count":8,"href":"https:\/\/megapari.games\/az\/wp-json\/wp\/v2\/pages\/1090\/revisions"}],"predecessor-version":[{"id":1639,"href":"https:\/\/megapari.games\/az\/wp-json\/wp\/v2\/pages\/1090\/revisions\/1639"}],"wp:attachment":[{"href":"https:\/\/megapari.games\/az\/wp-json\/wp\/v2\/media?parent=1090"}],"curies":[{"name":"wp","href":"https:\/\/api.w.org\/{rel}","templated":true}]}}