{"id":1102,"date":"2025-11-21T14:32:56","date_gmt":"2025-11-21T14:32:56","guid":{"rendered":"https:\/\/megapari.games\/az\/?page_id=1102"},"modified":"2026-02-24T16:22:58","modified_gmt":"2026-02-24T16:22:58","slug":"football-betting","status":"publish","type":"page","link":"https:\/\/megapari.games\/az\/football-betting\/","title":{"rendered":"Futbol"},"content":{"rendered":"","protected":false},"excerpt":{"rendered":"","protected":false},"author":1,"featured_media":0,"parent":0,"menu_order":0,"comment_status":"closed","ping_status":"closed","template":"","meta":{"inline_featured_image":false,"footnotes":""},"class_list":["post-1102","page","type-page","status-publish","hentry"],"yoast_head":"<!-- This site is optimized with the Yoast SEO plugin v27.3 - https:\/\/yoast.com\/product\/yoast-seo-wordpress\/ -->\n<title>Megapari futbol | Geni\u015f x\u0259tl\u0259r, canl\u0131 m\u0259rcl\u0259r, bonuslar<\/title>\n<meta name=\"description\" content=\"Megapari-d\u0259 futbol \u00fczr\u0259 m\u0259rcl\u0259r: mat\u00e7lar\u0131n \u0259trafl\u0131 siyah\u0131s\u0131, canl\u0131 m\u0259rcl\u0259r, komanda v\u0259 oyun\u00e7u statistikas\u0131, el\u0259c\u0259 d\u0259 d\u00fcnya \u00fczr\u0259 turnirl\u0259rd\u0259 ani i\u015ftirak imkan\u0131. Yeni v\u0259 aktiv istifad\u0259\u00e7il\u0259r \u00fc\u00e7\u00fcn bonuslar v\u0259 x\u00fcsusi t\u0259klifl\u0259r.\" \/>\n<meta name=\"robots\" content=\"index, follow, max-snippet:-1, max-image-preview:large, max-video-preview:-1\" \/>\n<link rel=\"canonical\" href=\"https:\/\/megapari.games\/az\/football-betting\/\" \/>\n<meta property=\"og:locale\" content=\"az_AZ\" \/>\n<meta property=\"og:type\" content=\"article\" \/>\n<meta property=\"og:title\" content=\"Megapari futbol | Geni\u015f x\u0259tl\u0259r, canl\u0131 m\u0259rcl\u0259r, bonuslar\" \/>\n<meta property=\"og:description\" content=\"Megapari-d\u0259 futbol \u00fczr\u0259 m\u0259rcl\u0259r: mat\u00e7lar\u0131n \u0259trafl\u0131 siyah\u0131s\u0131, canl\u0131 m\u0259rcl\u0259r, komanda v\u0259 oyun\u00e7u statistikas\u0131, el\u0259c\u0259 d\u0259 d\u00fcnya \u00fczr\u0259 turnirl\u0259rd\u0259 ani i\u015ftirak imkan\u0131. Yeni v\u0259 aktiv istifad\u0259\u00e7il\u0259r \u00fc\u00e7\u00fcn bonuslar v\u0259 x\u00fcsusi t\u0259klifl\u0259r.\" \/>\n<meta property=\"og:url\" content=\"https:\/\/megapari.games\/az\/football-betting\/\" \/>\n<meta property=\"og:site_name\" content=\"Megapari Games az\" \/>\n<meta property=\"article:modified_time\" content=\"2026-02-24T16:22:58+00:00\" \/>\n<meta name=\"twitter:card\" content=\"summary_large_image\" \/>\n<script type=\"application\/ld+json\" class=\"yoast-schema-graph\">{\"@context\":\"https:\\\/\\\/schema.org\",\"@graph\":[{\"@type\":\"WebPage\",\"@id\":\"https:\\\/\\\/megapari.games\\\/az\\\/football-betting\\\/\",\"url\":\"https:\\\/\\\/megapari.games\\\/az\\\/football-betting\\\/\",\"name\":\"Megapari futbol | Geni\u015f x\u0259tl\u0259r, canl\u0131 m\u0259rcl\u0259r, bonuslar\",\"isPartOf\":{\"@id\":\"https:\\\/\\\/megapari.games\\\/az\\\/#website\"},\"datePublished\":\"2025-11-21T14:32:56+00:00\",\"dateModified\":\"2026-02-24T16:22:58+00:00\",\"description\":\"Megapari-d\u0259 futbol \u00fczr\u0259 m\u0259rcl\u0259r: mat\u00e7lar\u0131n \u0259trafl\u0131 siyah\u0131s\u0131, canl\u0131 m\u0259rcl\u0259r, komanda v\u0259 oyun\u00e7u statistikas\u0131, el\u0259c\u0259 d\u0259 d\u00fcnya \u00fczr\u0259 turnirl\u0259rd\u0259 ani i\u015ftirak imkan\u0131. Yeni v\u0259 aktiv istifad\u0259\u00e7il\u0259r \u00fc\u00e7\u00fcn bonuslar v\u0259 x\u00fcsusi t\u0259klifl\u0259r.\",\"breadcrumb\":{\"@id\":\"https:\\\/\\\/megapari.games\\\/az\\\/football-betting\\\/#breadcrumb\"},\"inLanguage\":\"az\",\"potentialAction\":[{\"@type\":\"ReadAction\",\"target\":[\"https:\\\/\\\/megapari.games\\\/az\\\/football-betting\\\/\"]}]},{\"@type\":\"BreadcrumbList\",\"@id\":\"https:\\\/\\\/megapari.games\\\/az\\\/football-betting\\\/#breadcrumb\",\"itemListElement\":[{\"@type\":\"ListItem\",\"position\":1,\"name\":\"\u0413\u043b\u0430\u0432\u043d\u0430\u044f \u0441\u0442\u0440\u0430\u043d\u0438\u0446\u0430\",\"item\":\"https:\\\/\\\/megapari.games\\\/az\\\/\"},{\"@type\":\"ListItem\",\"position\":2,\"name\":\"Futbol\"}]},{\"@type\":\"WebSite\",\"@id\":\"https:\\\/\\\/megapari.games\\\/az\\\/#website\",\"url\":\"https:\\\/\\\/megapari.games\\\/az\\\/\",\"name\":\"Megapari Games az\",\"description\":\"My WordPress Blog\",\"potentialAction\":[{\"@type\":\"SearchAction\",\"target\":{\"@type\":\"EntryPoint\",\"urlTemplate\":\"https:\\\/\\\/megapari.games\\\/az\\\/?s={search_term_string}\"},\"query-input\":{\"@type\":\"PropertyValueSpecification\",\"valueRequired\":true,\"valueName\":\"search_term_string\"}}],\"inLanguage\":\"az\"}]}<\/script>\n<!-- \/ Yoast SEO plugin. -->","yoast_head_json":{"title":"Megapari futbol | Geni\u015f x\u0259tl\u0259r, canl\u0131 m\u0259rcl\u0259r, bonuslar","description":"Megapari-d\u0259 futbol \u00fczr\u0259 m\u0259rcl\u0259r: mat\u00e7lar\u0131n \u0259trafl\u0131 siyah\u0131s\u0131, canl\u0131 m\u0259rcl\u0259r, komanda v\u0259 oyun\u00e7u statistikas\u0131, el\u0259c\u0259 d\u0259 d\u00fcnya \u00fczr\u0259 turnirl\u0259rd\u0259 ani i\u015ftirak imkan\u0131. Yeni v\u0259 aktiv istifad\u0259\u00e7il\u0259r \u00fc\u00e7\u00fcn bonuslar v\u0259 x\u00fcsusi t\u0259klifl\u0259r.","robots":{"index":"index","follow":"follow","max-snippet":"max-snippet:-1","max-image-preview":"max-image-preview:large","max-video-preview":"max-video-preview:-1"},"canonical":"https:\/\/megapari.games\/az\/football-betting\/","og_locale":"az_AZ","og_type":"article","og_title":"Megapari futbol | Geni\u015f x\u0259tl\u0259r, canl\u0131 m\u0259rcl\u0259r, bonuslar","og_description":"Megapari-d\u0259 futbol \u00fczr\u0259 m\u0259rcl\u0259r: mat\u00e7lar\u0131n \u0259trafl\u0131 siyah\u0131s\u0131, canl\u0131 m\u0259rcl\u0259r, komanda v\u0259 oyun\u00e7u statistikas\u0131, el\u0259c\u0259 d\u0259 d\u00fcnya \u00fczr\u0259 turnirl\u0259rd\u0259 ani i\u015ftirak imkan\u0131. Yeni v\u0259 aktiv istifad\u0259\u00e7il\u0259r \u00fc\u00e7\u00fcn bonuslar v\u0259 x\u00fcsusi t\u0259klifl\u0259r.","og_url":"https:\/\/megapari.games\/az\/football-betting\/","og_site_name":"Megapari Games az","article_modified_time":"2026-02-24T16:22:58+00:00","twitter_card":"summary_large_image","schema":{"@context":"https:\/\/schema.org","@graph":[{"@type":"WebPage","@id":"https:\/\/megapari.games\/az\/football-betting\/","url":"https:\/\/megapari.games\/az\/football-betting\/","name":"Megapari futbol | Geni\u015f x\u0259tl\u0259r, canl\u0131 m\u0259rcl\u0259r, bonuslar","isPartOf":{"@id":"https:\/\/megapari.games\/az\/#website"},"datePublished":"2025-11-21T14:32:56+00:00","dateModified":"2026-02-24T16:22:58+00:00","description":"Megapari-d\u0259 futbol \u00fczr\u0259 m\u0259rcl\u0259r: mat\u00e7lar\u0131n \u0259trafl\u0131 siyah\u0131s\u0131, canl\u0131 m\u0259rcl\u0259r, komanda v\u0259 oyun\u00e7u statistikas\u0131, el\u0259c\u0259 d\u0259 d\u00fcnya \u00fczr\u0259 turnirl\u0259rd\u0259 ani i\u015ftirak imkan\u0131. Yeni v\u0259 aktiv istifad\u0259\u00e7il\u0259r \u00fc\u00e7\u00fcn bonuslar v\u0259 x\u00fcsusi t\u0259klifl\u0259r.","breadcrumb":{"@id":"https:\/\/megapari.games\/az\/football-betting\/#breadcrumb"},"inLanguage":"az","potentialAction":[{"@type":"ReadAction","target":["https:\/\/megapari.games\/az\/football-betting\/"]}]},{"@type":"BreadcrumbList","@id":"https:\/\/megapari.games\/az\/football-betting\/#breadcrumb","itemListElement":[{"@type":"ListItem","position":1,"name":"\u0413\u043b\u0430\u0432\u043d\u0430\u044f \u0441\u0442\u0440\u0430\u043d\u0438\u0446\u0430","item":"https:\/\/megapari.games\/az\/"},{"@type":"ListItem","position":2,"name":"Futbol"}]},{"@type":"WebSite","@id":"https:\/\/megapari.games\/az\/#website","url":"https:\/\/megapari.games\/az\/","name":"Megapari Games az","description":"My WordPress Blog","potentialAction":[{"@type":"SearchAction","target":{"@type":"EntryPoint","urlTemplate":"https:\/\/megapari.games\/az\/?s={search_term_string}"},"query-input":{"@type":"PropertyValueSpecification","valueRequired":true,"valueName":"search_term_string"}}],"inLanguage":"az"}]}},"_links":{"self":[{"href":"https:\/\/megapari.games\/az\/wp-json\/wp\/v2\/pages\/1102","targetHints":{"allow":["GET"]}}],"collection":[{"href":"https:\/\/megapari.games\/az\/wp-json\/wp\/v2\/pages"}],"about":[{"href":"https:\/\/megapari.games\/az\/wp-json\/wp\/v2\/types\/page"}],"author":[{"embeddable":true,"href":"https:\/\/megapari.games\/az\/wp-json\/wp\/v2\/users\/1"}],"replies":[{"embeddable":true,"href":"https:\/\/megapari.games\/az\/wp-json\/wp\/v2\/comments?post=1102"}],"version-history":[{"count":8,"href":"https:\/\/megapari.games\/az\/wp-json\/wp\/v2\/pages\/1102\/revisions"}],"predecessor-version":[{"id":1677,"href":"https:\/\/megapari.games\/az\/wp-json\/wp\/v2\/pages\/1102\/revisions\/1677"}],"wp:attachment":[{"href":"https:\/\/megapari.games\/az\/wp-json\/wp\/v2\/media?parent=1102"}],"curies":[{"name":"wp","href":"https:\/\/api.w.org\/{rel}","templated":true}]}}