{"id":1136,"date":"2025-11-24T10:23:19","date_gmt":"2025-11-24T10:23:19","guid":{"rendered":"https:\/\/megapari.games\/az\/?page_id=1136"},"modified":"2026-02-24T15:24:43","modified_gmt":"2026-02-24T15:24:43","slug":"esports-betting","status":"publish","type":"page","link":"https:\/\/megapari.games\/az\/esports-betting\/","title":{"rendered":"\u0130dman"},"content":{"rendered":"","protected":false},"excerpt":{"rendered":"","protected":false},"author":1,"featured_media":0,"parent":0,"menu_order":0,"comment_status":"closed","ping_status":"closed","template":"","meta":{"inline_featured_image":false,"footnotes":""},"class_list":["post-1136","page","type-page","status-publish","hentry"],"yoast_head":"<!-- This site is optimized with the Yoast SEO plugin v27.3 - https:\/\/yoast.com\/product\/yoast-seo-wordpress\/ -->\n<title>Megapari \u0130dman M\u0259rcl\u0259ri | Populyar idman n\u00f6vl\u0259ri, m\u0259rc n\u00f6vl\u0259ri<\/title>\n<meta name=\"description\" content=\"Megapari-d\u0259 e-idman m\u0259rcl\u0259ri | CS2, Dota 2, LoL v\u0259 dig\u0259r intizamlar \u00fc\u00e7\u00fcn \u0259trafl\u0131 \u0259msallar, x\u0259rit\u0259 analizl\u0259ri, canl\u0131 m\u0259lumatlar v\u0259 rahat al\u0259tl\u0259r. B\u00f6lm\u0259nin x\u00fcsusiyy\u0259tl\u0259rini v\u0259 platforman\u0131n m\u00f6vcud bonus t\u0259klifl\u0259rini k\u0259\u015ff edin.\" \/>\n<meta name=\"robots\" content=\"index, follow, max-snippet:-1, max-image-preview:large, max-video-preview:-1\" \/>\n<link rel=\"canonical\" href=\"https:\/\/megapari.games\/az\/esports-betting\/\" \/>\n<meta property=\"og:locale\" content=\"az_AZ\" \/>\n<meta property=\"og:type\" content=\"article\" \/>\n<meta property=\"og:title\" content=\"Megapari \u0130dman M\u0259rcl\u0259ri | Populyar idman n\u00f6vl\u0259ri, m\u0259rc n\u00f6vl\u0259ri\" \/>\n<meta property=\"og:description\" content=\"Megapari-d\u0259 e-idman m\u0259rcl\u0259ri | CS2, Dota 2, LoL v\u0259 dig\u0259r intizamlar \u00fc\u00e7\u00fcn \u0259trafl\u0131 \u0259msallar, x\u0259rit\u0259 analizl\u0259ri, canl\u0131 m\u0259lumatlar v\u0259 rahat al\u0259tl\u0259r. B\u00f6lm\u0259nin x\u00fcsusiyy\u0259tl\u0259rini v\u0259 platforman\u0131n m\u00f6vcud bonus t\u0259klifl\u0259rini k\u0259\u015ff edin.\" \/>\n<meta property=\"og:url\" content=\"https:\/\/megapari.games\/az\/esports-betting\/\" \/>\n<meta property=\"og:site_name\" content=\"Megapari Games az\" \/>\n<meta property=\"article:modified_time\" content=\"2026-02-24T15:24:43+00:00\" \/>\n<meta name=\"twitter:card\" content=\"summary_large_image\" \/>\n<script type=\"application\/ld+json\" class=\"yoast-schema-graph\">{\"@context\":\"https:\\\/\\\/schema.org\",\"@graph\":[{\"@type\":\"WebPage\",\"@id\":\"https:\\\/\\\/megapari.games\\\/az\\\/esports-betting\\\/\",\"url\":\"https:\\\/\\\/megapari.games\\\/az\\\/esports-betting\\\/\",\"name\":\"Megapari \u0130dman M\u0259rcl\u0259ri | Populyar idman n\u00f6vl\u0259ri, m\u0259rc n\u00f6vl\u0259ri\",\"isPartOf\":{\"@id\":\"https:\\\/\\\/megapari.games\\\/az\\\/#website\"},\"datePublished\":\"2025-11-24T10:23:19+00:00\",\"dateModified\":\"2026-02-24T15:24:43+00:00\",\"description\":\"Megapari-d\u0259 e-idman m\u0259rcl\u0259ri | CS2, Dota 2, LoL v\u0259 dig\u0259r intizamlar \u00fc\u00e7\u00fcn \u0259trafl\u0131 \u0259msallar, x\u0259rit\u0259 analizl\u0259ri, canl\u0131 m\u0259lumatlar v\u0259 rahat al\u0259tl\u0259r. B\u00f6lm\u0259nin x\u00fcsusiyy\u0259tl\u0259rini v\u0259 platforman\u0131n m\u00f6vcud bonus t\u0259klifl\u0259rini k\u0259\u015ff edin.\",\"breadcrumb\":{\"@id\":\"https:\\\/\\\/megapari.games\\\/az\\\/esports-betting\\\/#breadcrumb\"},\"inLanguage\":\"az\",\"potentialAction\":[{\"@type\":\"ReadAction\",\"target\":[\"https:\\\/\\\/megapari.games\\\/az\\\/esports-betting\\\/\"]}]},{\"@type\":\"BreadcrumbList\",\"@id\":\"https:\\\/\\\/megapari.games\\\/az\\\/esports-betting\\\/#breadcrumb\",\"itemListElement\":[{\"@type\":\"ListItem\",\"position\":1,\"name\":\"\u0413\u043b\u0430\u0432\u043d\u0430\u044f \u0441\u0442\u0440\u0430\u043d\u0438\u0446\u0430\",\"item\":\"https:\\\/\\\/megapari.games\\\/az\\\/\"},{\"@type\":\"ListItem\",\"position\":2,\"name\":\"\u0130dman\"}]},{\"@type\":\"WebSite\",\"@id\":\"https:\\\/\\\/megapari.games\\\/az\\\/#website\",\"url\":\"https:\\\/\\\/megapari.games\\\/az\\\/\",\"name\":\"Megapari Games az\",\"description\":\"My WordPress Blog\",\"potentialAction\":[{\"@type\":\"SearchAction\",\"target\":{\"@type\":\"EntryPoint\",\"urlTemplate\":\"https:\\\/\\\/megapari.games\\\/az\\\/?s={search_term_string}\"},\"query-input\":{\"@type\":\"PropertyValueSpecification\",\"valueRequired\":true,\"valueName\":\"search_term_string\"}}],\"inLanguage\":\"az\"}]}<\/script>\n<!-- \/ Yoast SEO plugin. -->","yoast_head_json":{"title":"Megapari \u0130dman M\u0259rcl\u0259ri | Populyar idman n\u00f6vl\u0259ri, m\u0259rc n\u00f6vl\u0259ri","description":"Megapari-d\u0259 e-idman m\u0259rcl\u0259ri | CS2, Dota 2, LoL v\u0259 dig\u0259r intizamlar \u00fc\u00e7\u00fcn \u0259trafl\u0131 \u0259msallar, x\u0259rit\u0259 analizl\u0259ri, canl\u0131 m\u0259lumatlar v\u0259 rahat al\u0259tl\u0259r. B\u00f6lm\u0259nin x\u00fcsusiyy\u0259tl\u0259rini v\u0259 platforman\u0131n m\u00f6vcud bonus t\u0259klifl\u0259rini k\u0259\u015ff edin.","robots":{"index":"index","follow":"follow","max-snippet":"max-snippet:-1","max-image-preview":"max-image-preview:large","max-video-preview":"max-video-preview:-1"},"canonical":"https:\/\/megapari.games\/az\/esports-betting\/","og_locale":"az_AZ","og_type":"article","og_title":"Megapari \u0130dman M\u0259rcl\u0259ri | Populyar idman n\u00f6vl\u0259ri, m\u0259rc n\u00f6vl\u0259ri","og_description":"Megapari-d\u0259 e-idman m\u0259rcl\u0259ri | CS2, Dota 2, LoL v\u0259 dig\u0259r intizamlar \u00fc\u00e7\u00fcn \u0259trafl\u0131 \u0259msallar, x\u0259rit\u0259 analizl\u0259ri, canl\u0131 m\u0259lumatlar v\u0259 rahat al\u0259tl\u0259r. B\u00f6lm\u0259nin x\u00fcsusiyy\u0259tl\u0259rini v\u0259 platforman\u0131n m\u00f6vcud bonus t\u0259klifl\u0259rini k\u0259\u015ff edin.","og_url":"https:\/\/megapari.games\/az\/esports-betting\/","og_site_name":"Megapari Games az","article_modified_time":"2026-02-24T15:24:43+00:00","twitter_card":"summary_large_image","schema":{"@context":"https:\/\/schema.org","@graph":[{"@type":"WebPage","@id":"https:\/\/megapari.games\/az\/esports-betting\/","url":"https:\/\/megapari.games\/az\/esports-betting\/","name":"Megapari \u0130dman M\u0259rcl\u0259ri | Populyar idman n\u00f6vl\u0259ri, m\u0259rc n\u00f6vl\u0259ri","isPartOf":{"@id":"https:\/\/megapari.games\/az\/#website"},"datePublished":"2025-11-24T10:23:19+00:00","dateModified":"2026-02-24T15:24:43+00:00","description":"Megapari-d\u0259 e-idman m\u0259rcl\u0259ri | CS2, Dota 2, LoL v\u0259 dig\u0259r intizamlar \u00fc\u00e7\u00fcn \u0259trafl\u0131 \u0259msallar, x\u0259rit\u0259 analizl\u0259ri, canl\u0131 m\u0259lumatlar v\u0259 rahat al\u0259tl\u0259r. B\u00f6lm\u0259nin x\u00fcsusiyy\u0259tl\u0259rini v\u0259 platforman\u0131n m\u00f6vcud bonus t\u0259klifl\u0259rini k\u0259\u015ff edin.","breadcrumb":{"@id":"https:\/\/megapari.games\/az\/esports-betting\/#breadcrumb"},"inLanguage":"az","potentialAction":[{"@type":"ReadAction","target":["https:\/\/megapari.games\/az\/esports-betting\/"]}]},{"@type":"BreadcrumbList","@id":"https:\/\/megapari.games\/az\/esports-betting\/#breadcrumb","itemListElement":[{"@type":"ListItem","position":1,"name":"\u0413\u043b\u0430\u0432\u043d\u0430\u044f \u0441\u0442\u0440\u0430\u043d\u0438\u0446\u0430","item":"https:\/\/megapari.games\/az\/"},{"@type":"ListItem","position":2,"name":"\u0130dman"}]},{"@type":"WebSite","@id":"https:\/\/megapari.games\/az\/#website","url":"https:\/\/megapari.games\/az\/","name":"Megapari Games az","description":"My WordPress Blog","potentialAction":[{"@type":"SearchAction","target":{"@type":"EntryPoint","urlTemplate":"https:\/\/megapari.games\/az\/?s={search_term_string}"},"query-input":{"@type":"PropertyValueSpecification","valueRequired":true,"valueName":"search_term_string"}}],"inLanguage":"az"}]}},"_links":{"self":[{"href":"https:\/\/megapari.games\/az\/wp-json\/wp\/v2\/pages\/1136","targetHints":{"allow":["GET"]}}],"collection":[{"href":"https:\/\/megapari.games\/az\/wp-json\/wp\/v2\/pages"}],"about":[{"href":"https:\/\/megapari.games\/az\/wp-json\/wp\/v2\/types\/page"}],"author":[{"embeddable":true,"href":"https:\/\/megapari.games\/az\/wp-json\/wp\/v2\/users\/1"}],"replies":[{"embeddable":true,"href":"https:\/\/megapari.games\/az\/wp-json\/wp\/v2\/comments?post=1136"}],"version-history":[{"count":7,"href":"https:\/\/megapari.games\/az\/wp-json\/wp\/v2\/pages\/1136\/revisions"}],"predecessor-version":[{"id":1662,"href":"https:\/\/megapari.games\/az\/wp-json\/wp\/v2\/pages\/1136\/revisions\/1662"}],"wp:attachment":[{"href":"https:\/\/megapari.games\/az\/wp-json\/wp\/v2\/media?parent=1136"}],"curies":[{"name":"wp","href":"https:\/\/api.w.org\/{rel}","templated":true}]}}