{"id":1150,"date":"2025-11-24T11:20:12","date_gmt":"2025-11-24T11:20:12","guid":{"rendered":"https:\/\/megapari.games\/az\/?page_id=1150"},"modified":"2026-02-24T12:34:55","modified_gmt":"2026-02-24T12:34:55","slug":"ufc-betting","status":"publish","type":"page","link":"https:\/\/megapari.games\/az\/ufc-betting\/","title":{"rendered":"UFC"},"content":{"rendered":"","protected":false},"excerpt":{"rendered":"","protected":false},"author":1,"featured_media":0,"parent":0,"menu_order":0,"comment_status":"closed","ping_status":"closed","template":"","meta":{"inline_featured_image":false,"footnotes":""},"class_list":["post-1150","page","type-page","status-publish","hentry"],"yoast_head":"<!-- This site is optimized with the Yoast SEO plugin v27.3 - https:\/\/yoast.com\/product\/yoast-seo-wordpress\/ -->\n<title>Megapari UFC | Tam siyah\u0131, statistika v\u0259 bonus t\u0259klifl\u0259ri<\/title>\n<meta name=\"description\" content=\"UFC \u00fczr\u0259 Megapari-d\u0259 m\u0259rcl\u0259r | \u0259trafl\u0131 d\u00f6y\u00fc\u015f c\u0259dv\u0259ll\u0259ri, d\u00f6y\u00fc\u015f\u00e7\u00fc statistikas\u0131, canl\u0131 m\u0259lumatlar v\u0259 analitik al\u0259tl\u0259r. Platformada m\u00f6vcud turnirl\u0259r, interfeys x\u00fcsusiyy\u0259tl\u0259ri v\u0259 bonus proqramlar\u0131 haqq\u0131nda m\u0259lumat \u0259ld\u0259 edin.\" \/>\n<meta name=\"robots\" content=\"index, follow, max-snippet:-1, max-image-preview:large, max-video-preview:-1\" \/>\n<link rel=\"canonical\" href=\"https:\/\/megapari.games\/az\/ufc-betting\/\" \/>\n<meta property=\"og:locale\" content=\"az_AZ\" \/>\n<meta property=\"og:type\" content=\"article\" \/>\n<meta property=\"og:title\" content=\"Megapari UFC | Tam siyah\u0131, statistika v\u0259 bonus t\u0259klifl\u0259ri\" \/>\n<meta property=\"og:description\" content=\"UFC \u00fczr\u0259 Megapari-d\u0259 m\u0259rcl\u0259r | \u0259trafl\u0131 d\u00f6y\u00fc\u015f c\u0259dv\u0259ll\u0259ri, d\u00f6y\u00fc\u015f\u00e7\u00fc statistikas\u0131, canl\u0131 m\u0259lumatlar v\u0259 analitik al\u0259tl\u0259r. Platformada m\u00f6vcud turnirl\u0259r, interfeys x\u00fcsusiyy\u0259tl\u0259ri v\u0259 bonus proqramlar\u0131 haqq\u0131nda m\u0259lumat \u0259ld\u0259 edin.\" \/>\n<meta property=\"og:url\" content=\"https:\/\/megapari.games\/az\/ufc-betting\/\" \/>\n<meta property=\"og:site_name\" content=\"Megapari Games az\" \/>\n<meta property=\"article:modified_time\" content=\"2026-02-24T12:34:55+00:00\" \/>\n<meta name=\"twitter:card\" content=\"summary_large_image\" \/>\n<script type=\"application\/ld+json\" class=\"yoast-schema-graph\">{\"@context\":\"https:\\\/\\\/schema.org\",\"@graph\":[{\"@type\":\"WebPage\",\"@id\":\"https:\\\/\\\/megapari.games\\\/az\\\/ufc-betting\\\/\",\"url\":\"https:\\\/\\\/megapari.games\\\/az\\\/ufc-betting\\\/\",\"name\":\"Megapari UFC | Tam siyah\u0131, statistika v\u0259 bonus t\u0259klifl\u0259ri\",\"isPartOf\":{\"@id\":\"https:\\\/\\\/megapari.games\\\/az\\\/#website\"},\"datePublished\":\"2025-11-24T11:20:12+00:00\",\"dateModified\":\"2026-02-24T12:34:55+00:00\",\"description\":\"UFC \u00fczr\u0259 Megapari-d\u0259 m\u0259rcl\u0259r | \u0259trafl\u0131 d\u00f6y\u00fc\u015f c\u0259dv\u0259ll\u0259ri, d\u00f6y\u00fc\u015f\u00e7\u00fc statistikas\u0131, canl\u0131 m\u0259lumatlar v\u0259 analitik al\u0259tl\u0259r. Platformada m\u00f6vcud turnirl\u0259r, interfeys x\u00fcsusiyy\u0259tl\u0259ri v\u0259 bonus proqramlar\u0131 haqq\u0131nda m\u0259lumat \u0259ld\u0259 edin.\",\"breadcrumb\":{\"@id\":\"https:\\\/\\\/megapari.games\\\/az\\\/ufc-betting\\\/#breadcrumb\"},\"inLanguage\":\"az\",\"potentialAction\":[{\"@type\":\"ReadAction\",\"target\":[\"https:\\\/\\\/megapari.games\\\/az\\\/ufc-betting\\\/\"]}]},{\"@type\":\"BreadcrumbList\",\"@id\":\"https:\\\/\\\/megapari.games\\\/az\\\/ufc-betting\\\/#breadcrumb\",\"itemListElement\":[{\"@type\":\"ListItem\",\"position\":1,\"name\":\"\u0413\u043b\u0430\u0432\u043d\u0430\u044f \u0441\u0442\u0440\u0430\u043d\u0438\u0446\u0430\",\"item\":\"https:\\\/\\\/megapari.games\\\/az\\\/\"},{\"@type\":\"ListItem\",\"position\":2,\"name\":\"UFC\"}]},{\"@type\":\"WebSite\",\"@id\":\"https:\\\/\\\/megapari.games\\\/az\\\/#website\",\"url\":\"https:\\\/\\\/megapari.games\\\/az\\\/\",\"name\":\"Megapari Games az\",\"description\":\"My WordPress Blog\",\"potentialAction\":[{\"@type\":\"SearchAction\",\"target\":{\"@type\":\"EntryPoint\",\"urlTemplate\":\"https:\\\/\\\/megapari.games\\\/az\\\/?s={search_term_string}\"},\"query-input\":{\"@type\":\"PropertyValueSpecification\",\"valueRequired\":true,\"valueName\":\"search_term_string\"}}],\"inLanguage\":\"az\"}]}<\/script>\n<!-- \/ Yoast SEO plugin. -->","yoast_head_json":{"title":"Megapari UFC | Tam siyah\u0131, statistika v\u0259 bonus t\u0259klifl\u0259ri","description":"UFC \u00fczr\u0259 Megapari-d\u0259 m\u0259rcl\u0259r | \u0259trafl\u0131 d\u00f6y\u00fc\u015f c\u0259dv\u0259ll\u0259ri, d\u00f6y\u00fc\u015f\u00e7\u00fc statistikas\u0131, canl\u0131 m\u0259lumatlar v\u0259 analitik al\u0259tl\u0259r. Platformada m\u00f6vcud turnirl\u0259r, interfeys x\u00fcsusiyy\u0259tl\u0259ri v\u0259 bonus proqramlar\u0131 haqq\u0131nda m\u0259lumat \u0259ld\u0259 edin.","robots":{"index":"index","follow":"follow","max-snippet":"max-snippet:-1","max-image-preview":"max-image-preview:large","max-video-preview":"max-video-preview:-1"},"canonical":"https:\/\/megapari.games\/az\/ufc-betting\/","og_locale":"az_AZ","og_type":"article","og_title":"Megapari UFC | Tam siyah\u0131, statistika v\u0259 bonus t\u0259klifl\u0259ri","og_description":"UFC \u00fczr\u0259 Megapari-d\u0259 m\u0259rcl\u0259r | \u0259trafl\u0131 d\u00f6y\u00fc\u015f c\u0259dv\u0259ll\u0259ri, d\u00f6y\u00fc\u015f\u00e7\u00fc statistikas\u0131, canl\u0131 m\u0259lumatlar v\u0259 analitik al\u0259tl\u0259r. Platformada m\u00f6vcud turnirl\u0259r, interfeys x\u00fcsusiyy\u0259tl\u0259ri v\u0259 bonus proqramlar\u0131 haqq\u0131nda m\u0259lumat \u0259ld\u0259 edin.","og_url":"https:\/\/megapari.games\/az\/ufc-betting\/","og_site_name":"Megapari Games az","article_modified_time":"2026-02-24T12:34:55+00:00","twitter_card":"summary_large_image","schema":{"@context":"https:\/\/schema.org","@graph":[{"@type":"WebPage","@id":"https:\/\/megapari.games\/az\/ufc-betting\/","url":"https:\/\/megapari.games\/az\/ufc-betting\/","name":"Megapari UFC | Tam siyah\u0131, statistika v\u0259 bonus t\u0259klifl\u0259ri","isPartOf":{"@id":"https:\/\/megapari.games\/az\/#website"},"datePublished":"2025-11-24T11:20:12+00:00","dateModified":"2026-02-24T12:34:55+00:00","description":"UFC \u00fczr\u0259 Megapari-d\u0259 m\u0259rcl\u0259r | \u0259trafl\u0131 d\u00f6y\u00fc\u015f c\u0259dv\u0259ll\u0259ri, d\u00f6y\u00fc\u015f\u00e7\u00fc statistikas\u0131, canl\u0131 m\u0259lumatlar v\u0259 analitik al\u0259tl\u0259r. Platformada m\u00f6vcud turnirl\u0259r, interfeys x\u00fcsusiyy\u0259tl\u0259ri v\u0259 bonus proqramlar\u0131 haqq\u0131nda m\u0259lumat \u0259ld\u0259 edin.","breadcrumb":{"@id":"https:\/\/megapari.games\/az\/ufc-betting\/#breadcrumb"},"inLanguage":"az","potentialAction":[{"@type":"ReadAction","target":["https:\/\/megapari.games\/az\/ufc-betting\/"]}]},{"@type":"BreadcrumbList","@id":"https:\/\/megapari.games\/az\/ufc-betting\/#breadcrumb","itemListElement":[{"@type":"ListItem","position":1,"name":"\u0413\u043b\u0430\u0432\u043d\u0430\u044f \u0441\u0442\u0440\u0430\u043d\u0438\u0446\u0430","item":"https:\/\/megapari.games\/az\/"},{"@type":"ListItem","position":2,"name":"UFC"}]},{"@type":"WebSite","@id":"https:\/\/megapari.games\/az\/#website","url":"https:\/\/megapari.games\/az\/","name":"Megapari Games az","description":"My WordPress Blog","potentialAction":[{"@type":"SearchAction","target":{"@type":"EntryPoint","urlTemplate":"https:\/\/megapari.games\/az\/?s={search_term_string}"},"query-input":{"@type":"PropertyValueSpecification","valueRequired":true,"valueName":"search_term_string"}}],"inLanguage":"az"}]}},"_links":{"self":[{"href":"https:\/\/megapari.games\/az\/wp-json\/wp\/v2\/pages\/1150","targetHints":{"allow":["GET"]}}],"collection":[{"href":"https:\/\/megapari.games\/az\/wp-json\/wp\/v2\/pages"}],"about":[{"href":"https:\/\/megapari.games\/az\/wp-json\/wp\/v2\/types\/page"}],"author":[{"embeddable":true,"href":"https:\/\/megapari.games\/az\/wp-json\/wp\/v2\/users\/1"}],"replies":[{"embeddable":true,"href":"https:\/\/megapari.games\/az\/wp-json\/wp\/v2\/comments?post=1150"}],"version-history":[{"count":6,"href":"https:\/\/megapari.games\/az\/wp-json\/wp\/v2\/pages\/1150\/revisions"}],"predecessor-version":[{"id":1645,"href":"https:\/\/megapari.games\/az\/wp-json\/wp\/v2\/pages\/1150\/revisions\/1645"}],"wp:attachment":[{"href":"https:\/\/megapari.games\/az\/wp-json\/wp\/v2\/media?parent=1150"}],"curies":[{"name":"wp","href":"https:\/\/api.w.org\/{rel}","templated":true}]}}