{"id":1305,"date":"2026-02-09T13:54:29","date_gmt":"2026-02-09T13:54:29","guid":{"rendered":"https:\/\/megapari.games\/az\/?page_id=1305"},"modified":"2026-02-24T12:23:58","modified_gmt":"2026-02-24T12:23:58","slug":"sweet-bonanza","status":"publish","type":"page","link":"https:\/\/megapari.games\/az\/sweet-bonanza\/","title":{"rendered":"Sweet Bonanza"},"content":{"rendered":"","protected":false},"excerpt":{"rendered":"","protected":false},"author":1,"featured_media":0,"parent":0,"menu_order":0,"comment_status":"closed","ping_status":"closed","template":"","meta":{"inline_featured_image":false,"footnotes":""},"class_list":["post-1305","page","type-page","status-publish","hentry"],"yoast_head":"<!-- This site is optimized with the Yoast SEO plugin v27.3 - https:\/\/yoast.com\/product\/yoast-seo-wordpress\/ -->\n<title>Sweet Bonanza Megapari \u2014 FS v\u0259 \u00e7oxalt\u0131c\u0131lar x100+<\/title>\n<meta name=\"description\" content=\"Z\u0259ngin qrafika v\u0259 sad\u0259 qaydalarla dinamik slot axtar\u0131rs\u0131n\u0131z? Megapari-d\u0259 Sweet Bonanza-n\u0131 s\u0131nay\u0131n \u2714\ufe0f kaskadl\u0131 q\u0259l\u0259b\u0259l\u0259r, x100+-\u0259 q\u0259d\u0259r \u00e7oxald\u0131c\u0131lar v\u0259 demo rejimind\u0259 v\u0259 ya real m\u0259rcl\u0259r \u00fc\u00e7\u00fcn ani giri\u015f!\" \/>\n<meta name=\"robots\" content=\"index, follow, max-snippet:-1, max-image-preview:large, max-video-preview:-1\" \/>\n<link rel=\"canonical\" href=\"https:\/\/megapari.games\/az\/sweet-bonanza\/\" \/>\n<meta property=\"og:locale\" content=\"az_AZ\" \/>\n<meta property=\"og:type\" content=\"article\" \/>\n<meta property=\"og:title\" content=\"Sweet Bonanza Megapari \u2014 FS v\u0259 \u00e7oxalt\u0131c\u0131lar x100+\" \/>\n<meta property=\"og:description\" content=\"Z\u0259ngin qrafika v\u0259 sad\u0259 qaydalarla dinamik slot axtar\u0131rs\u0131n\u0131z? Megapari-d\u0259 Sweet Bonanza-n\u0131 s\u0131nay\u0131n \u2714\ufe0f kaskadl\u0131 q\u0259l\u0259b\u0259l\u0259r, x100+-\u0259 q\u0259d\u0259r \u00e7oxald\u0131c\u0131lar v\u0259 demo rejimind\u0259 v\u0259 ya real m\u0259rcl\u0259r \u00fc\u00e7\u00fcn ani giri\u015f!\" \/>\n<meta property=\"og:url\" content=\"https:\/\/megapari.games\/az\/sweet-bonanza\/\" \/>\n<meta property=\"og:site_name\" content=\"Megapari Games az\" \/>\n<meta property=\"article:modified_time\" content=\"2026-02-24T12:23:58+00:00\" \/>\n<meta name=\"twitter:card\" content=\"summary_large_image\" \/>\n<script type=\"application\/ld+json\" class=\"yoast-schema-graph\">{\"@context\":\"https:\\\/\\\/schema.org\",\"@graph\":[{\"@type\":\"WebPage\",\"@id\":\"https:\\\/\\\/megapari.games\\\/az\\\/sweet-bonanza\\\/\",\"url\":\"https:\\\/\\\/megapari.games\\\/az\\\/sweet-bonanza\\\/\",\"name\":\"Sweet Bonanza Megapari \u2014 FS v\u0259 \u00e7oxalt\u0131c\u0131lar x100+\",\"isPartOf\":{\"@id\":\"https:\\\/\\\/megapari.games\\\/az\\\/#website\"},\"datePublished\":\"2026-02-09T13:54:29+00:00\",\"dateModified\":\"2026-02-24T12:23:58+00:00\",\"description\":\"Z\u0259ngin qrafika v\u0259 sad\u0259 qaydalarla dinamik slot axtar\u0131rs\u0131n\u0131z? Megapari-d\u0259 Sweet Bonanza-n\u0131 s\u0131nay\u0131n \u2714\ufe0f kaskadl\u0131 q\u0259l\u0259b\u0259l\u0259r, x100+-\u0259 q\u0259d\u0259r \u00e7oxald\u0131c\u0131lar v\u0259 demo rejimind\u0259 v\u0259 ya real m\u0259rcl\u0259r \u00fc\u00e7\u00fcn ani giri\u015f!\",\"breadcrumb\":{\"@id\":\"https:\\\/\\\/megapari.games\\\/az\\\/sweet-bonanza\\\/#breadcrumb\"},\"inLanguage\":\"az\",\"potentialAction\":[{\"@type\":\"ReadAction\",\"target\":[\"https:\\\/\\\/megapari.games\\\/az\\\/sweet-bonanza\\\/\"]}]},{\"@type\":\"BreadcrumbList\",\"@id\":\"https:\\\/\\\/megapari.games\\\/az\\\/sweet-bonanza\\\/#breadcrumb\",\"itemListElement\":[{\"@type\":\"ListItem\",\"position\":1,\"name\":\"\u0413\u043b\u0430\u0432\u043d\u0430\u044f \u0441\u0442\u0440\u0430\u043d\u0438\u0446\u0430\",\"item\":\"https:\\\/\\\/megapari.games\\\/az\\\/\"},{\"@type\":\"ListItem\",\"position\":2,\"name\":\"Sweet Bonanza\"}]},{\"@type\":\"WebSite\",\"@id\":\"https:\\\/\\\/megapari.games\\\/az\\\/#website\",\"url\":\"https:\\\/\\\/megapari.games\\\/az\\\/\",\"name\":\"Megapari Games az\",\"description\":\"My WordPress Blog\",\"potentialAction\":[{\"@type\":\"SearchAction\",\"target\":{\"@type\":\"EntryPoint\",\"urlTemplate\":\"https:\\\/\\\/megapari.games\\\/az\\\/?s={search_term_string}\"},\"query-input\":{\"@type\":\"PropertyValueSpecification\",\"valueRequired\":true,\"valueName\":\"search_term_string\"}}],\"inLanguage\":\"az\"}]}<\/script>\n<!-- \/ Yoast SEO plugin. -->","yoast_head_json":{"title":"Sweet Bonanza Megapari \u2014 FS v\u0259 \u00e7oxalt\u0131c\u0131lar x100+","description":"Z\u0259ngin qrafika v\u0259 sad\u0259 qaydalarla dinamik slot axtar\u0131rs\u0131n\u0131z? Megapari-d\u0259 Sweet Bonanza-n\u0131 s\u0131nay\u0131n \u2714\ufe0f kaskadl\u0131 q\u0259l\u0259b\u0259l\u0259r, x100+-\u0259 q\u0259d\u0259r \u00e7oxald\u0131c\u0131lar v\u0259 demo rejimind\u0259 v\u0259 ya real m\u0259rcl\u0259r \u00fc\u00e7\u00fcn ani giri\u015f!","robots":{"index":"index","follow":"follow","max-snippet":"max-snippet:-1","max-image-preview":"max-image-preview:large","max-video-preview":"max-video-preview:-1"},"canonical":"https:\/\/megapari.games\/az\/sweet-bonanza\/","og_locale":"az_AZ","og_type":"article","og_title":"Sweet Bonanza Megapari \u2014 FS v\u0259 \u00e7oxalt\u0131c\u0131lar x100+","og_description":"Z\u0259ngin qrafika v\u0259 sad\u0259 qaydalarla dinamik slot axtar\u0131rs\u0131n\u0131z? Megapari-d\u0259 Sweet Bonanza-n\u0131 s\u0131nay\u0131n \u2714\ufe0f kaskadl\u0131 q\u0259l\u0259b\u0259l\u0259r, x100+-\u0259 q\u0259d\u0259r \u00e7oxald\u0131c\u0131lar v\u0259 demo rejimind\u0259 v\u0259 ya real m\u0259rcl\u0259r \u00fc\u00e7\u00fcn ani giri\u015f!","og_url":"https:\/\/megapari.games\/az\/sweet-bonanza\/","og_site_name":"Megapari Games az","article_modified_time":"2026-02-24T12:23:58+00:00","twitter_card":"summary_large_image","schema":{"@context":"https:\/\/schema.org","@graph":[{"@type":"WebPage","@id":"https:\/\/megapari.games\/az\/sweet-bonanza\/","url":"https:\/\/megapari.games\/az\/sweet-bonanza\/","name":"Sweet Bonanza Megapari \u2014 FS v\u0259 \u00e7oxalt\u0131c\u0131lar x100+","isPartOf":{"@id":"https:\/\/megapari.games\/az\/#website"},"datePublished":"2026-02-09T13:54:29+00:00","dateModified":"2026-02-24T12:23:58+00:00","description":"Z\u0259ngin qrafika v\u0259 sad\u0259 qaydalarla dinamik slot axtar\u0131rs\u0131n\u0131z? Megapari-d\u0259 Sweet Bonanza-n\u0131 s\u0131nay\u0131n \u2714\ufe0f kaskadl\u0131 q\u0259l\u0259b\u0259l\u0259r, x100+-\u0259 q\u0259d\u0259r \u00e7oxald\u0131c\u0131lar v\u0259 demo rejimind\u0259 v\u0259 ya real m\u0259rcl\u0259r \u00fc\u00e7\u00fcn ani giri\u015f!","breadcrumb":{"@id":"https:\/\/megapari.games\/az\/sweet-bonanza\/#breadcrumb"},"inLanguage":"az","potentialAction":[{"@type":"ReadAction","target":["https:\/\/megapari.games\/az\/sweet-bonanza\/"]}]},{"@type":"BreadcrumbList","@id":"https:\/\/megapari.games\/az\/sweet-bonanza\/#breadcrumb","itemListElement":[{"@type":"ListItem","position":1,"name":"\u0413\u043b\u0430\u0432\u043d\u0430\u044f \u0441\u0442\u0440\u0430\u043d\u0438\u0446\u0430","item":"https:\/\/megapari.games\/az\/"},{"@type":"ListItem","position":2,"name":"Sweet Bonanza"}]},{"@type":"WebSite","@id":"https:\/\/megapari.games\/az\/#website","url":"https:\/\/megapari.games\/az\/","name":"Megapari Games az","description":"My WordPress Blog","potentialAction":[{"@type":"SearchAction","target":{"@type":"EntryPoint","urlTemplate":"https:\/\/megapari.games\/az\/?s={search_term_string}"},"query-input":{"@type":"PropertyValueSpecification","valueRequired":true,"valueName":"search_term_string"}}],"inLanguage":"az"}]}},"_links":{"self":[{"href":"https:\/\/megapari.games\/az\/wp-json\/wp\/v2\/pages\/1305","targetHints":{"allow":["GET"]}}],"collection":[{"href":"https:\/\/megapari.games\/az\/wp-json\/wp\/v2\/pages"}],"about":[{"href":"https:\/\/megapari.games\/az\/wp-json\/wp\/v2\/types\/page"}],"author":[{"embeddable":true,"href":"https:\/\/megapari.games\/az\/wp-json\/wp\/v2\/users\/1"}],"replies":[{"embeddable":true,"href":"https:\/\/megapari.games\/az\/wp-json\/wp\/v2\/comments?post=1305"}],"version-history":[{"count":6,"href":"https:\/\/megapari.games\/az\/wp-json\/wp\/v2\/pages\/1305\/revisions"}],"predecessor-version":[{"id":1641,"href":"https:\/\/megapari.games\/az\/wp-json\/wp\/v2\/pages\/1305\/revisions\/1641"}],"wp:attachment":[{"href":"https:\/\/megapari.games\/az\/wp-json\/wp\/v2\/media?parent=1305"}],"curies":[{"name":"wp","href":"https:\/\/api.w.org\/{rel}","templated":true}]}}