{"id":1320,"date":"2026-02-10T04:35:10","date_gmt":"2026-02-10T04:35:10","guid":{"rendered":"https:\/\/megapari.games\/az\/?page_id=1320"},"modified":"2026-02-24T16:27:10","modified_gmt":"2026-02-24T16:27:10","slug":"book-of-dead","status":"publish","type":"page","link":"https:\/\/megapari.games\/az\/book-of-dead\/","title":{"rendered":"Book of Dead"},"content":{"rendered":"","protected":false},"excerpt":{"rendered":"","protected":false},"author":1,"featured_media":0,"parent":0,"menu_order":0,"comment_status":"closed","ping_status":"closed","template":"","meta":{"inline_featured_image":false,"footnotes":""},"class_list":["post-1320","page","type-page","status-publish","hentry"],"yoast_head":"<!-- This site is optimized with the Yoast SEO plugin v27.3 - https:\/\/yoast.com\/product\/yoast-seo-wordpress\/ -->\n<title>Book of Dead Megapari \u2014 Afsonaviy &#039;book&#039; slotini o&#039;ynang<\/title>\n<meta name=\"description\" content=\"Book of Dead il\u0259 q\u0259dim sirl\u0259r atmosferini ya\u015fay\u0131n! Sad\u0259 mexanika, pulsuz f\u0131rlanmalar v\u0259 geni\u015fl\u0259n\u0259n simvollar bu Megapari slotunu h\u0259m yeni ba\u015flayan, h\u0259m d\u0259 t\u0259cr\u00fcb\u0259li oyun\u00e7ular \u00fc\u00e7\u00fcn m\u00fck\u0259mm\u0259l se\u00e7im edir.\" \/>\n<meta name=\"robots\" content=\"index, follow, max-snippet:-1, max-image-preview:large, max-video-preview:-1\" \/>\n<link rel=\"canonical\" href=\"https:\/\/megapari.games\/az\/book-of-dead\/\" \/>\n<meta property=\"og:locale\" content=\"az_AZ\" \/>\n<meta property=\"og:type\" content=\"article\" \/>\n<meta property=\"og:title\" content=\"Book of Dead Megapari \u2014 Afsonaviy &#039;book&#039; slotini o&#039;ynang\" \/>\n<meta property=\"og:description\" content=\"Book of Dead il\u0259 q\u0259dim sirl\u0259r atmosferini ya\u015fay\u0131n! Sad\u0259 mexanika, pulsuz f\u0131rlanmalar v\u0259 geni\u015fl\u0259n\u0259n simvollar bu Megapari slotunu h\u0259m yeni ba\u015flayan, h\u0259m d\u0259 t\u0259cr\u00fcb\u0259li oyun\u00e7ular \u00fc\u00e7\u00fcn m\u00fck\u0259mm\u0259l se\u00e7im edir.\" \/>\n<meta property=\"og:url\" content=\"https:\/\/megapari.games\/az\/book-of-dead\/\" \/>\n<meta property=\"og:site_name\" content=\"Megapari Games az\" \/>\n<meta property=\"article:modified_time\" content=\"2026-02-24T16:27:10+00:00\" \/>\n<meta name=\"twitter:card\" content=\"summary_large_image\" \/>\n<script type=\"application\/ld+json\" class=\"yoast-schema-graph\">{\"@context\":\"https:\\\/\\\/schema.org\",\"@graph\":[{\"@type\":\"WebPage\",\"@id\":\"https:\\\/\\\/megapari.games\\\/az\\\/book-of-dead\\\/\",\"url\":\"https:\\\/\\\/megapari.games\\\/az\\\/book-of-dead\\\/\",\"name\":\"Book of Dead Megapari \u2014 Afsonaviy 'book' slotini o'ynang\",\"isPartOf\":{\"@id\":\"https:\\\/\\\/megapari.games\\\/az\\\/#website\"},\"datePublished\":\"2026-02-10T04:35:10+00:00\",\"dateModified\":\"2026-02-24T16:27:10+00:00\",\"description\":\"Book of Dead il\u0259 q\u0259dim sirl\u0259r atmosferini ya\u015fay\u0131n! Sad\u0259 mexanika, pulsuz f\u0131rlanmalar v\u0259 geni\u015fl\u0259n\u0259n simvollar bu Megapari slotunu h\u0259m yeni ba\u015flayan, h\u0259m d\u0259 t\u0259cr\u00fcb\u0259li oyun\u00e7ular \u00fc\u00e7\u00fcn m\u00fck\u0259mm\u0259l se\u00e7im edir.\",\"breadcrumb\":{\"@id\":\"https:\\\/\\\/megapari.games\\\/az\\\/book-of-dead\\\/#breadcrumb\"},\"inLanguage\":\"az\",\"potentialAction\":[{\"@type\":\"ReadAction\",\"target\":[\"https:\\\/\\\/megapari.games\\\/az\\\/book-of-dead\\\/\"]}]},{\"@type\":\"BreadcrumbList\",\"@id\":\"https:\\\/\\\/megapari.games\\\/az\\\/book-of-dead\\\/#breadcrumb\",\"itemListElement\":[{\"@type\":\"ListItem\",\"position\":1,\"name\":\"\u0413\u043b\u0430\u0432\u043d\u0430\u044f \u0441\u0442\u0440\u0430\u043d\u0438\u0446\u0430\",\"item\":\"https:\\\/\\\/megapari.games\\\/az\\\/\"},{\"@type\":\"ListItem\",\"position\":2,\"name\":\"Book of Dead\"}]},{\"@type\":\"WebSite\",\"@id\":\"https:\\\/\\\/megapari.games\\\/az\\\/#website\",\"url\":\"https:\\\/\\\/megapari.games\\\/az\\\/\",\"name\":\"Megapari Games az\",\"description\":\"My WordPress Blog\",\"potentialAction\":[{\"@type\":\"SearchAction\",\"target\":{\"@type\":\"EntryPoint\",\"urlTemplate\":\"https:\\\/\\\/megapari.games\\\/az\\\/?s={search_term_string}\"},\"query-input\":{\"@type\":\"PropertyValueSpecification\",\"valueRequired\":true,\"valueName\":\"search_term_string\"}}],\"inLanguage\":\"az\"}]}<\/script>\n<!-- \/ Yoast SEO plugin. -->","yoast_head_json":{"title":"Book of Dead Megapari \u2014 Afsonaviy 'book' slotini o'ynang","description":"Book of Dead il\u0259 q\u0259dim sirl\u0259r atmosferini ya\u015fay\u0131n! Sad\u0259 mexanika, pulsuz f\u0131rlanmalar v\u0259 geni\u015fl\u0259n\u0259n simvollar bu Megapari slotunu h\u0259m yeni ba\u015flayan, h\u0259m d\u0259 t\u0259cr\u00fcb\u0259li oyun\u00e7ular \u00fc\u00e7\u00fcn m\u00fck\u0259mm\u0259l se\u00e7im edir.","robots":{"index":"index","follow":"follow","max-snippet":"max-snippet:-1","max-image-preview":"max-image-preview:large","max-video-preview":"max-video-preview:-1"},"canonical":"https:\/\/megapari.games\/az\/book-of-dead\/","og_locale":"az_AZ","og_type":"article","og_title":"Book of Dead Megapari \u2014 Afsonaviy 'book' slotini o'ynang","og_description":"Book of Dead il\u0259 q\u0259dim sirl\u0259r atmosferini ya\u015fay\u0131n! Sad\u0259 mexanika, pulsuz f\u0131rlanmalar v\u0259 geni\u015fl\u0259n\u0259n simvollar bu Megapari slotunu h\u0259m yeni ba\u015flayan, h\u0259m d\u0259 t\u0259cr\u00fcb\u0259li oyun\u00e7ular \u00fc\u00e7\u00fcn m\u00fck\u0259mm\u0259l se\u00e7im edir.","og_url":"https:\/\/megapari.games\/az\/book-of-dead\/","og_site_name":"Megapari Games az","article_modified_time":"2026-02-24T16:27:10+00:00","twitter_card":"summary_large_image","schema":{"@context":"https:\/\/schema.org","@graph":[{"@type":"WebPage","@id":"https:\/\/megapari.games\/az\/book-of-dead\/","url":"https:\/\/megapari.games\/az\/book-of-dead\/","name":"Book of Dead Megapari \u2014 Afsonaviy 'book' slotini o'ynang","isPartOf":{"@id":"https:\/\/megapari.games\/az\/#website"},"datePublished":"2026-02-10T04:35:10+00:00","dateModified":"2026-02-24T16:27:10+00:00","description":"Book of Dead il\u0259 q\u0259dim sirl\u0259r atmosferini ya\u015fay\u0131n! Sad\u0259 mexanika, pulsuz f\u0131rlanmalar v\u0259 geni\u015fl\u0259n\u0259n simvollar bu Megapari slotunu h\u0259m yeni ba\u015flayan, h\u0259m d\u0259 t\u0259cr\u00fcb\u0259li oyun\u00e7ular \u00fc\u00e7\u00fcn m\u00fck\u0259mm\u0259l se\u00e7im edir.","breadcrumb":{"@id":"https:\/\/megapari.games\/az\/book-of-dead\/#breadcrumb"},"inLanguage":"az","potentialAction":[{"@type":"ReadAction","target":["https:\/\/megapari.games\/az\/book-of-dead\/"]}]},{"@type":"BreadcrumbList","@id":"https:\/\/megapari.games\/az\/book-of-dead\/#breadcrumb","itemListElement":[{"@type":"ListItem","position":1,"name":"\u0413\u043b\u0430\u0432\u043d\u0430\u044f \u0441\u0442\u0440\u0430\u043d\u0438\u0446\u0430","item":"https:\/\/megapari.games\/az\/"},{"@type":"ListItem","position":2,"name":"Book of Dead"}]},{"@type":"WebSite","@id":"https:\/\/megapari.games\/az\/#website","url":"https:\/\/megapari.games\/az\/","name":"Megapari Games az","description":"My WordPress Blog","potentialAction":[{"@type":"SearchAction","target":{"@type":"EntryPoint","urlTemplate":"https:\/\/megapari.games\/az\/?s={search_term_string}"},"query-input":{"@type":"PropertyValueSpecification","valueRequired":true,"valueName":"search_term_string"}}],"inLanguage":"az"}]}},"_links":{"self":[{"href":"https:\/\/megapari.games\/az\/wp-json\/wp\/v2\/pages\/1320","targetHints":{"allow":["GET"]}}],"collection":[{"href":"https:\/\/megapari.games\/az\/wp-json\/wp\/v2\/pages"}],"about":[{"href":"https:\/\/megapari.games\/az\/wp-json\/wp\/v2\/types\/page"}],"author":[{"embeddable":true,"href":"https:\/\/megapari.games\/az\/wp-json\/wp\/v2\/users\/1"}],"replies":[{"embeddable":true,"href":"https:\/\/megapari.games\/az\/wp-json\/wp\/v2\/comments?post=1320"}],"version-history":[{"count":8,"href":"https:\/\/megapari.games\/az\/wp-json\/wp\/v2\/pages\/1320\/revisions"}],"predecessor-version":[{"id":1680,"href":"https:\/\/megapari.games\/az\/wp-json\/wp\/v2\/pages\/1320\/revisions\/1680"}],"wp:attachment":[{"href":"https:\/\/megapari.games\/az\/wp-json\/wp\/v2\/media?parent=1320"}],"curies":[{"name":"wp","href":"https:\/\/api.w.org\/{rel}","templated":true}]}}