{"id":2,"date":"2023-05-18T17:18:34","date_gmt":"2023-05-18T17:18:34","guid":{"rendered":"https:\/\/megapari.games\/az\/?page_id=2"},"modified":"2026-02-28T14:50:18","modified_gmt":"2026-02-28T14:50:18","slug":"sample-page","status":"publish","type":"page","link":"https:\/\/megapari.games\/az\/","title":{"rendered":"Ana s\u0259hif\u0259"},"content":{"rendered":"","protected":false},"excerpt":{"rendered":"","protected":false},"author":1,"featured_media":0,"parent":0,"menu_order":0,"comment_status":"closed","ping_status":"open","template":"","meta":{"inline_featured_image":false,"footnotes":""},"class_list":["post-2","page","type-page","status-publish","hentry"],"yoast_head":"<!-- This site is optimized with the Yoast SEO plugin v27.3 - https:\/\/yoast.com\/product\/yoast-seo-wordpress\/ -->\n<title>MegaPari\u2122 \u2014 \u0130dman m\u0259rcl\u0259ri v\u0259 canl\u0131 \u0259msallar \u2014 Aprel 2026<\/title>\n<meta name=\"description\" content=\"Mega Pari il\u0259 futbol v\u0259 \u0259sas t\u0259dbirl\u0259r\u0259 m\u0259rc edin, canl\u0131 \u0259msallar, s\u00fcr\u0259tli \u00f6d\u0259ni\u015fl\u0259r v\u0259 geni\u015f idman bazarlar\u0131 il\u0259 problemsiz mobil m\u0259rc etm\u0259yin dad\u0131n\u0131 \u00e7\u0131xar\u0131n.\" \/>\n<meta name=\"robots\" content=\"index, follow, max-snippet:-1, max-image-preview:large, max-video-preview:-1\" \/>\n<link rel=\"canonical\" href=\"https:\/\/megapari.games\/az\/\" \/>\n<meta property=\"og:locale\" content=\"az_AZ\" \/>\n<meta property=\"og:type\" content=\"article\" \/>\n<meta property=\"og:title\" content=\"MegaPari\u2122 \u2014 \u0130dman m\u0259rcl\u0259ri v\u0259 canl\u0131 \u0259msallar \u2014 Aprel 2026\" \/>\n<meta property=\"og:description\" content=\"Mega Pari il\u0259 futbol v\u0259 \u0259sas t\u0259dbirl\u0259r\u0259 m\u0259rc edin, canl\u0131 \u0259msallar, s\u00fcr\u0259tli \u00f6d\u0259ni\u015fl\u0259r v\u0259 geni\u015f idman bazarlar\u0131 il\u0259 problemsiz mobil m\u0259rc etm\u0259yin dad\u0131n\u0131 \u00e7\u0131xar\u0131n.\" \/>\n<meta property=\"og:url\" content=\"https:\/\/megapari.games\/az\/\" \/>\n<meta property=\"og:site_name\" content=\"Megapari Games az\" \/>\n<meta property=\"article:modified_time\" content=\"2026-02-28T14:50:18+00:00\" \/>\n<meta name=\"twitter:card\" content=\"summary_large_image\" \/>\n<script type=\"application\/ld+json\" class=\"yoast-schema-graph\">{\"@context\":\"https:\\\/\\\/schema.org\",\"@graph\":[{\"@type\":\"WebPage\",\"@id\":\"https:\\\/\\\/megapari.games\\\/az\\\/\",\"url\":\"https:\\\/\\\/megapari.games\\\/az\\\/\",\"name\":\"MegaPari\u2122 \u2014 \u0130dman m\u0259rcl\u0259ri v\u0259 canl\u0131 \u0259msallar \u2014 Aprel 2026\",\"isPartOf\":{\"@id\":\"https:\\\/\\\/megapari.games\\\/az\\\/#website\"},\"datePublished\":\"2023-05-18T17:18:34+00:00\",\"dateModified\":\"2026-02-28T14:50:18+00:00\",\"description\":\"Mega Pari il\u0259 futbol v\u0259 \u0259sas t\u0259dbirl\u0259r\u0259 m\u0259rc edin, canl\u0131 \u0259msallar, s\u00fcr\u0259tli \u00f6d\u0259ni\u015fl\u0259r v\u0259 geni\u015f idman bazarlar\u0131 il\u0259 problemsiz mobil m\u0259rc etm\u0259yin dad\u0131n\u0131 \u00e7\u0131xar\u0131n.\",\"breadcrumb\":{\"@id\":\"https:\\\/\\\/megapari.games\\\/az\\\/#breadcrumb\"},\"inLanguage\":\"az\",\"potentialAction\":[{\"@type\":\"ReadAction\",\"target\":[\"https:\\\/\\\/megapari.games\\\/az\\\/\"]}]},{\"@type\":\"BreadcrumbList\",\"@id\":\"https:\\\/\\\/megapari.games\\\/az\\\/#breadcrumb\",\"itemListElement\":[{\"@type\":\"ListItem\",\"position\":1,\"name\":\"\u0413\u043b\u0430\u0432\u043d\u0430\u044f \u0441\u0442\u0440\u0430\u043d\u0438\u0446\u0430\",\"item\":\"https:\\\/\\\/megapari.games\\\/az\\\/\"},{\"@type\":\"ListItem\",\"position\":2,\"name\":\"Ana s\u0259hif\u0259\"}]},{\"@type\":\"WebSite\",\"@id\":\"https:\\\/\\\/megapari.games\\\/az\\\/#website\",\"url\":\"https:\\\/\\\/megapari.games\\\/az\\\/\",\"name\":\"Megapari Games az\",\"description\":\"My WordPress Blog\",\"potentialAction\":[{\"@type\":\"SearchAction\",\"target\":{\"@type\":\"EntryPoint\",\"urlTemplate\":\"https:\\\/\\\/megapari.games\\\/az\\\/?s={search_term_string}\"},\"query-input\":{\"@type\":\"PropertyValueSpecification\",\"valueRequired\":true,\"valueName\":\"search_term_string\"}}],\"inLanguage\":\"az\"}]}<\/script>\n<!-- \/ Yoast SEO plugin. -->","yoast_head_json":{"title":"MegaPari\u2122 \u2014 \u0130dman m\u0259rcl\u0259ri v\u0259 canl\u0131 \u0259msallar \u2014 Aprel 2026","description":"Mega Pari il\u0259 futbol v\u0259 \u0259sas t\u0259dbirl\u0259r\u0259 m\u0259rc edin, canl\u0131 \u0259msallar, s\u00fcr\u0259tli \u00f6d\u0259ni\u015fl\u0259r v\u0259 geni\u015f idman bazarlar\u0131 il\u0259 problemsiz mobil m\u0259rc etm\u0259yin dad\u0131n\u0131 \u00e7\u0131xar\u0131n.","robots":{"index":"index","follow":"follow","max-snippet":"max-snippet:-1","max-image-preview":"max-image-preview:large","max-video-preview":"max-video-preview:-1"},"canonical":"https:\/\/megapari.games\/az\/","og_locale":"az_AZ","og_type":"article","og_title":"MegaPari\u2122 \u2014 \u0130dman m\u0259rcl\u0259ri v\u0259 canl\u0131 \u0259msallar \u2014 Aprel 2026","og_description":"Mega Pari il\u0259 futbol v\u0259 \u0259sas t\u0259dbirl\u0259r\u0259 m\u0259rc edin, canl\u0131 \u0259msallar, s\u00fcr\u0259tli \u00f6d\u0259ni\u015fl\u0259r v\u0259 geni\u015f idman bazarlar\u0131 il\u0259 problemsiz mobil m\u0259rc etm\u0259yin dad\u0131n\u0131 \u00e7\u0131xar\u0131n.","og_url":"https:\/\/megapari.games\/az\/","og_site_name":"Megapari Games az","article_modified_time":"2026-02-28T14:50:18+00:00","twitter_card":"summary_large_image","schema":{"@context":"https:\/\/schema.org","@graph":[{"@type":"WebPage","@id":"https:\/\/megapari.games\/az\/","url":"https:\/\/megapari.games\/az\/","name":"MegaPari\u2122 \u2014 \u0130dman m\u0259rcl\u0259ri v\u0259 canl\u0131 \u0259msallar \u2014 Aprel 2026","isPartOf":{"@id":"https:\/\/megapari.games\/az\/#website"},"datePublished":"2023-05-18T17:18:34+00:00","dateModified":"2026-02-28T14:50:18+00:00","description":"Mega Pari il\u0259 futbol v\u0259 \u0259sas t\u0259dbirl\u0259r\u0259 m\u0259rc edin, canl\u0131 \u0259msallar, s\u00fcr\u0259tli \u00f6d\u0259ni\u015fl\u0259r v\u0259 geni\u015f idman bazarlar\u0131 il\u0259 problemsiz mobil m\u0259rc etm\u0259yin dad\u0131n\u0131 \u00e7\u0131xar\u0131n.","breadcrumb":{"@id":"https:\/\/megapari.games\/az\/#breadcrumb"},"inLanguage":"az","potentialAction":[{"@type":"ReadAction","target":["https:\/\/megapari.games\/az\/"]}]},{"@type":"BreadcrumbList","@id":"https:\/\/megapari.games\/az\/#breadcrumb","itemListElement":[{"@type":"ListItem","position":1,"name":"\u0413\u043b\u0430\u0432\u043d\u0430\u044f \u0441\u0442\u0440\u0430\u043d\u0438\u0446\u0430","item":"https:\/\/megapari.games\/az\/"},{"@type":"ListItem","position":2,"name":"Ana s\u0259hif\u0259"}]},{"@type":"WebSite","@id":"https:\/\/megapari.games\/az\/#website","url":"https:\/\/megapari.games\/az\/","name":"Megapari Games az","description":"My WordPress Blog","potentialAction":[{"@type":"SearchAction","target":{"@type":"EntryPoint","urlTemplate":"https:\/\/megapari.games\/az\/?s={search_term_string}"},"query-input":{"@type":"PropertyValueSpecification","valueRequired":true,"valueName":"search_term_string"}}],"inLanguage":"az"}]}},"_links":{"self":[{"href":"https:\/\/megapari.games\/az\/wp-json\/wp\/v2\/pages\/2","targetHints":{"allow":["GET"]}}],"collection":[{"href":"https:\/\/megapari.games\/az\/wp-json\/wp\/v2\/pages"}],"about":[{"href":"https:\/\/megapari.games\/az\/wp-json\/wp\/v2\/types\/page"}],"author":[{"embeddable":true,"href":"https:\/\/megapari.games\/az\/wp-json\/wp\/v2\/users\/1"}],"replies":[{"embeddable":true,"href":"https:\/\/megapari.games\/az\/wp-json\/wp\/v2\/comments?post=2"}],"version-history":[{"count":45,"href":"https:\/\/megapari.games\/az\/wp-json\/wp\/v2\/pages\/2\/revisions"}],"predecessor-version":[{"id":1684,"href":"https:\/\/megapari.games\/az\/wp-json\/wp\/v2\/pages\/2\/revisions\/1684"}],"wp:attachment":[{"href":"https:\/\/megapari.games\/az\/wp-json\/wp\/v2\/media?parent=2"}],"curies":[{"name":"wp","href":"https:\/\/api.w.org\/{rel}","templated":true}]}}