{"id":365,"date":"2024-02-13T12:09:32","date_gmt":"2024-02-13T12:09:32","guid":{"rendered":"https:\/\/megapari.games\/az\/?page_id=365"},"modified":"2026-02-24T15:03:29","modified_gmt":"2026-02-24T15:03:29","slug":"affiliate","status":"publish","type":"page","link":"https:\/\/megapari.games\/az\/affiliate\/","title":{"rendered":"\u018ffiliat"},"content":{"rendered":"","protected":false},"excerpt":{"rendered":"","protected":false},"author":1,"featured_media":0,"parent":0,"menu_order":0,"comment_status":"closed","ping_status":"closed","template":"","meta":{"inline_featured_image":false,"footnotes":""},"class_list":["post-365","page","type-page","status-publish","hentry"],"yoast_head":"<!-- This site is optimized with the Yoast SEO plugin v27.3 - https:\/\/yoast.com\/product\/yoast-seo-wordpress\/ -->\n<title>Megapari T\u0259r\u0259fda\u015f proqram\u0131 2026<\/title>\n<meta name=\"description\" content=\"Megapari Partnyoru olmaq \u00fc\u00e7\u00fcn \u015f\u0259rtl\u0259ri k\u0259\u015ff edin \u2714\ufe0f Qeydiyyatdan nec\u0259 ke\u00e7m\u0259yi v\u0259 Megapari Affiliate proqram\u0131 il\u0259 qazanc \u0259ld\u0259 etm\u0259y\u0259 nec\u0259 ba\u015flama\u011f\u0131 \u00f6yr\u0259nin\" \/>\n<meta name=\"robots\" content=\"index, follow, max-snippet:-1, max-image-preview:large, max-video-preview:-1\" \/>\n<link rel=\"canonical\" href=\"https:\/\/megapari.games\/az\/affiliate\/\" \/>\n<meta property=\"og:locale\" content=\"az_AZ\" \/>\n<meta property=\"og:type\" content=\"article\" \/>\n<meta property=\"og:title\" content=\"Megapari T\u0259r\u0259fda\u015f proqram\u0131 2026\" \/>\n<meta property=\"og:description\" content=\"Megapari Partnyoru olmaq \u00fc\u00e7\u00fcn \u015f\u0259rtl\u0259ri k\u0259\u015ff edin \u2714\ufe0f Qeydiyyatdan nec\u0259 ke\u00e7m\u0259yi v\u0259 Megapari Affiliate proqram\u0131 il\u0259 qazanc \u0259ld\u0259 etm\u0259y\u0259 nec\u0259 ba\u015flama\u011f\u0131 \u00f6yr\u0259nin\" \/>\n<meta property=\"og:url\" content=\"https:\/\/megapari.games\/az\/affiliate\/\" \/>\n<meta property=\"og:site_name\" content=\"Megapari Games az\" \/>\n<meta property=\"article:modified_time\" content=\"2026-02-24T15:03:29+00:00\" \/>\n<meta name=\"twitter:card\" content=\"summary_large_image\" \/>\n<script type=\"application\/ld+json\" class=\"yoast-schema-graph\">{\"@context\":\"https:\\\/\\\/schema.org\",\"@graph\":[{\"@type\":\"WebPage\",\"@id\":\"https:\\\/\\\/megapari.games\\\/az\\\/affiliate\\\/\",\"url\":\"https:\\\/\\\/megapari.games\\\/az\\\/affiliate\\\/\",\"name\":\"Megapari T\u0259r\u0259fda\u015f proqram\u0131 2026\",\"isPartOf\":{\"@id\":\"https:\\\/\\\/megapari.games\\\/az\\\/#website\"},\"datePublished\":\"2024-02-13T12:09:32+00:00\",\"dateModified\":\"2026-02-24T15:03:29+00:00\",\"description\":\"Megapari Partnyoru olmaq \u00fc\u00e7\u00fcn \u015f\u0259rtl\u0259ri k\u0259\u015ff edin \u2714\ufe0f Qeydiyyatdan nec\u0259 ke\u00e7m\u0259yi v\u0259 Megapari Affiliate proqram\u0131 il\u0259 qazanc \u0259ld\u0259 etm\u0259y\u0259 nec\u0259 ba\u015flama\u011f\u0131 \u00f6yr\u0259nin\",\"breadcrumb\":{\"@id\":\"https:\\\/\\\/megapari.games\\\/az\\\/affiliate\\\/#breadcrumb\"},\"inLanguage\":\"az\",\"potentialAction\":[{\"@type\":\"ReadAction\",\"target\":[\"https:\\\/\\\/megapari.games\\\/az\\\/affiliate\\\/\"]}]},{\"@type\":\"BreadcrumbList\",\"@id\":\"https:\\\/\\\/megapari.games\\\/az\\\/affiliate\\\/#breadcrumb\",\"itemListElement\":[{\"@type\":\"ListItem\",\"position\":1,\"name\":\"\u0413\u043b\u0430\u0432\u043d\u0430\u044f \u0441\u0442\u0440\u0430\u043d\u0438\u0446\u0430\",\"item\":\"https:\\\/\\\/megapari.games\\\/az\\\/\"},{\"@type\":\"ListItem\",\"position\":2,\"name\":\"\u018ffiliat\"}]},{\"@type\":\"WebSite\",\"@id\":\"https:\\\/\\\/megapari.games\\\/az\\\/#website\",\"url\":\"https:\\\/\\\/megapari.games\\\/az\\\/\",\"name\":\"Megapari Games az\",\"description\":\"My WordPress Blog\",\"potentialAction\":[{\"@type\":\"SearchAction\",\"target\":{\"@type\":\"EntryPoint\",\"urlTemplate\":\"https:\\\/\\\/megapari.games\\\/az\\\/?s={search_term_string}\"},\"query-input\":{\"@type\":\"PropertyValueSpecification\",\"valueRequired\":true,\"valueName\":\"search_term_string\"}}],\"inLanguage\":\"az\"}]}<\/script>\n<!-- \/ Yoast SEO plugin. -->","yoast_head_json":{"title":"Megapari T\u0259r\u0259fda\u015f proqram\u0131 2026","description":"Megapari Partnyoru olmaq \u00fc\u00e7\u00fcn \u015f\u0259rtl\u0259ri k\u0259\u015ff edin \u2714\ufe0f Qeydiyyatdan nec\u0259 ke\u00e7m\u0259yi v\u0259 Megapari Affiliate proqram\u0131 il\u0259 qazanc \u0259ld\u0259 etm\u0259y\u0259 nec\u0259 ba\u015flama\u011f\u0131 \u00f6yr\u0259nin","robots":{"index":"index","follow":"follow","max-snippet":"max-snippet:-1","max-image-preview":"max-image-preview:large","max-video-preview":"max-video-preview:-1"},"canonical":"https:\/\/megapari.games\/az\/affiliate\/","og_locale":"az_AZ","og_type":"article","og_title":"Megapari T\u0259r\u0259fda\u015f proqram\u0131 2026","og_description":"Megapari Partnyoru olmaq \u00fc\u00e7\u00fcn \u015f\u0259rtl\u0259ri k\u0259\u015ff edin \u2714\ufe0f Qeydiyyatdan nec\u0259 ke\u00e7m\u0259yi v\u0259 Megapari Affiliate proqram\u0131 il\u0259 qazanc \u0259ld\u0259 etm\u0259y\u0259 nec\u0259 ba\u015flama\u011f\u0131 \u00f6yr\u0259nin","og_url":"https:\/\/megapari.games\/az\/affiliate\/","og_site_name":"Megapari Games az","article_modified_time":"2026-02-24T15:03:29+00:00","twitter_card":"summary_large_image","schema":{"@context":"https:\/\/schema.org","@graph":[{"@type":"WebPage","@id":"https:\/\/megapari.games\/az\/affiliate\/","url":"https:\/\/megapari.games\/az\/affiliate\/","name":"Megapari T\u0259r\u0259fda\u015f proqram\u0131 2026","isPartOf":{"@id":"https:\/\/megapari.games\/az\/#website"},"datePublished":"2024-02-13T12:09:32+00:00","dateModified":"2026-02-24T15:03:29+00:00","description":"Megapari Partnyoru olmaq \u00fc\u00e7\u00fcn \u015f\u0259rtl\u0259ri k\u0259\u015ff edin \u2714\ufe0f Qeydiyyatdan nec\u0259 ke\u00e7m\u0259yi v\u0259 Megapari Affiliate proqram\u0131 il\u0259 qazanc \u0259ld\u0259 etm\u0259y\u0259 nec\u0259 ba\u015flama\u011f\u0131 \u00f6yr\u0259nin","breadcrumb":{"@id":"https:\/\/megapari.games\/az\/affiliate\/#breadcrumb"},"inLanguage":"az","potentialAction":[{"@type":"ReadAction","target":["https:\/\/megapari.games\/az\/affiliate\/"]}]},{"@type":"BreadcrumbList","@id":"https:\/\/megapari.games\/az\/affiliate\/#breadcrumb","itemListElement":[{"@type":"ListItem","position":1,"name":"\u0413\u043b\u0430\u0432\u043d\u0430\u044f \u0441\u0442\u0440\u0430\u043d\u0438\u0446\u0430","item":"https:\/\/megapari.games\/az\/"},{"@type":"ListItem","position":2,"name":"\u018ffiliat"}]},{"@type":"WebSite","@id":"https:\/\/megapari.games\/az\/#website","url":"https:\/\/megapari.games\/az\/","name":"Megapari Games az","description":"My WordPress Blog","potentialAction":[{"@type":"SearchAction","target":{"@type":"EntryPoint","urlTemplate":"https:\/\/megapari.games\/az\/?s={search_term_string}"},"query-input":{"@type":"PropertyValueSpecification","valueRequired":true,"valueName":"search_term_string"}}],"inLanguage":"az"}]}},"_links":{"self":[{"href":"https:\/\/megapari.games\/az\/wp-json\/wp\/v2\/pages\/365","targetHints":{"allow":["GET"]}}],"collection":[{"href":"https:\/\/megapari.games\/az\/wp-json\/wp\/v2\/pages"}],"about":[{"href":"https:\/\/megapari.games\/az\/wp-json\/wp\/v2\/types\/page"}],"author":[{"embeddable":true,"href":"https:\/\/megapari.games\/az\/wp-json\/wp\/v2\/users\/1"}],"replies":[{"embeddable":true,"href":"https:\/\/megapari.games\/az\/wp-json\/wp\/v2\/comments?post=365"}],"version-history":[{"count":6,"href":"https:\/\/megapari.games\/az\/wp-json\/wp\/v2\/pages\/365\/revisions"}],"predecessor-version":[{"id":1653,"href":"https:\/\/megapari.games\/az\/wp-json\/wp\/v2\/pages\/365\/revisions\/1653"}],"wp:attachment":[{"href":"https:\/\/megapari.games\/az\/wp-json\/wp\/v2\/media?parent=365"}],"curies":[{"name":"wp","href":"https:\/\/api.w.org\/{rel}","templated":true}]}}