{"id":521,"date":"2024-06-13T13:06:28","date_gmt":"2024-06-13T13:06:28","guid":{"rendered":"https:\/\/megapari.games\/az\/?page_id=521"},"modified":"2026-02-24T15:35:55","modified_gmt":"2026-02-24T15:35:55","slug":"registration","status":"publish","type":"page","link":"https:\/\/megapari.games\/az\/registration\/","title":{"rendered":"Qeydiyyat"},"content":{"rendered":"","protected":false},"excerpt":{"rendered":"","protected":false},"author":1,"featured_media":0,"parent":0,"menu_order":0,"comment_status":"closed","ping_status":"closed","template":"","meta":{"inline_featured_image":false,"footnotes":""},"class_list":["post-521","page","type-page","status-publish","hentry"],"yoast_head":"<!-- This site is optimized with the Yoast SEO plugin v27.3 - https:\/\/yoast.com\/product\/yoast-seo-wordpress\/ -->\n<title>Megapari qeydiyyat\u0131 \ud83c\udfc6 Nec\u0259 qeydiyyatdan ke\u00e7m\u0259k olar<\/title>\n<meta name=\"description\" content=\"Qeydiyyatdan ke\u00e7in v\u0259 yeni oyun\u00e7ular \u00fc\u00e7\u00fcn xo\u015f g\u0259lmisiniz bonusu \u0259ld\u0259 edin \u2611\ufe0f R\u0259smi Megapari veb-sayt\u0131 \u2713 Megapari hesab\u0131 yarad\u0131n\" \/>\n<meta name=\"robots\" content=\"index, follow, max-snippet:-1, max-image-preview:large, max-video-preview:-1\" \/>\n<link rel=\"canonical\" href=\"https:\/\/megapari.games\/az\/registration\/\" \/>\n<meta property=\"og:locale\" content=\"az_AZ\" \/>\n<meta property=\"og:type\" content=\"article\" \/>\n<meta property=\"og:title\" content=\"Megapari qeydiyyat\u0131 \ud83c\udfc6 Nec\u0259 qeydiyyatdan ke\u00e7m\u0259k olar\" \/>\n<meta property=\"og:description\" content=\"Qeydiyyatdan ke\u00e7in v\u0259 yeni oyun\u00e7ular \u00fc\u00e7\u00fcn xo\u015f g\u0259lmisiniz bonusu \u0259ld\u0259 edin \u2611\ufe0f R\u0259smi Megapari veb-sayt\u0131 \u2713 Megapari hesab\u0131 yarad\u0131n\" \/>\n<meta property=\"og:url\" content=\"https:\/\/megapari.games\/az\/registration\/\" \/>\n<meta property=\"og:site_name\" content=\"Megapari Games az\" \/>\n<meta property=\"article:modified_time\" content=\"2026-02-24T15:35:55+00:00\" \/>\n<meta name=\"twitter:card\" content=\"summary_large_image\" \/>\n<script type=\"application\/ld+json\" class=\"yoast-schema-graph\">{\"@context\":\"https:\\\/\\\/schema.org\",\"@graph\":[{\"@type\":\"WebPage\",\"@id\":\"https:\\\/\\\/megapari.games\\\/az\\\/registration\\\/\",\"url\":\"https:\\\/\\\/megapari.games\\\/az\\\/registration\\\/\",\"name\":\"Megapari qeydiyyat\u0131 \ud83c\udfc6 Nec\u0259 qeydiyyatdan ke\u00e7m\u0259k olar\",\"isPartOf\":{\"@id\":\"https:\\\/\\\/megapari.games\\\/az\\\/#website\"},\"datePublished\":\"2024-06-13T13:06:28+00:00\",\"dateModified\":\"2026-02-24T15:35:55+00:00\",\"description\":\"Qeydiyyatdan ke\u00e7in v\u0259 yeni oyun\u00e7ular \u00fc\u00e7\u00fcn xo\u015f g\u0259lmisiniz bonusu \u0259ld\u0259 edin \u2611\ufe0f R\u0259smi Megapari veb-sayt\u0131 \u2713 Megapari hesab\u0131 yarad\u0131n\",\"breadcrumb\":{\"@id\":\"https:\\\/\\\/megapari.games\\\/az\\\/registration\\\/#breadcrumb\"},\"inLanguage\":\"az\",\"potentialAction\":[{\"@type\":\"ReadAction\",\"target\":[\"https:\\\/\\\/megapari.games\\\/az\\\/registration\\\/\"]}]},{\"@type\":\"BreadcrumbList\",\"@id\":\"https:\\\/\\\/megapari.games\\\/az\\\/registration\\\/#breadcrumb\",\"itemListElement\":[{\"@type\":\"ListItem\",\"position\":1,\"name\":\"\u0413\u043b\u0430\u0432\u043d\u0430\u044f \u0441\u0442\u0440\u0430\u043d\u0438\u0446\u0430\",\"item\":\"https:\\\/\\\/megapari.games\\\/az\\\/\"},{\"@type\":\"ListItem\",\"position\":2,\"name\":\"Qeydiyyat\"}]},{\"@type\":\"WebSite\",\"@id\":\"https:\\\/\\\/megapari.games\\\/az\\\/#website\",\"url\":\"https:\\\/\\\/megapari.games\\\/az\\\/\",\"name\":\"Megapari Games az\",\"description\":\"My WordPress Blog\",\"potentialAction\":[{\"@type\":\"SearchAction\",\"target\":{\"@type\":\"EntryPoint\",\"urlTemplate\":\"https:\\\/\\\/megapari.games\\\/az\\\/?s={search_term_string}\"},\"query-input\":{\"@type\":\"PropertyValueSpecification\",\"valueRequired\":true,\"valueName\":\"search_term_string\"}}],\"inLanguage\":\"az\"}]}<\/script>\n<!-- \/ Yoast SEO plugin. -->","yoast_head_json":{"title":"Megapari qeydiyyat\u0131 \ud83c\udfc6 Nec\u0259 qeydiyyatdan ke\u00e7m\u0259k olar","description":"Qeydiyyatdan ke\u00e7in v\u0259 yeni oyun\u00e7ular \u00fc\u00e7\u00fcn xo\u015f g\u0259lmisiniz bonusu \u0259ld\u0259 edin \u2611\ufe0f R\u0259smi Megapari veb-sayt\u0131 \u2713 Megapari hesab\u0131 yarad\u0131n","robots":{"index":"index","follow":"follow","max-snippet":"max-snippet:-1","max-image-preview":"max-image-preview:large","max-video-preview":"max-video-preview:-1"},"canonical":"https:\/\/megapari.games\/az\/registration\/","og_locale":"az_AZ","og_type":"article","og_title":"Megapari qeydiyyat\u0131 \ud83c\udfc6 Nec\u0259 qeydiyyatdan ke\u00e7m\u0259k olar","og_description":"Qeydiyyatdan ke\u00e7in v\u0259 yeni oyun\u00e7ular \u00fc\u00e7\u00fcn xo\u015f g\u0259lmisiniz bonusu \u0259ld\u0259 edin \u2611\ufe0f R\u0259smi Megapari veb-sayt\u0131 \u2713 Megapari hesab\u0131 yarad\u0131n","og_url":"https:\/\/megapari.games\/az\/registration\/","og_site_name":"Megapari Games az","article_modified_time":"2026-02-24T15:35:55+00:00","twitter_card":"summary_large_image","schema":{"@context":"https:\/\/schema.org","@graph":[{"@type":"WebPage","@id":"https:\/\/megapari.games\/az\/registration\/","url":"https:\/\/megapari.games\/az\/registration\/","name":"Megapari qeydiyyat\u0131 \ud83c\udfc6 Nec\u0259 qeydiyyatdan ke\u00e7m\u0259k olar","isPartOf":{"@id":"https:\/\/megapari.games\/az\/#website"},"datePublished":"2024-06-13T13:06:28+00:00","dateModified":"2026-02-24T15:35:55+00:00","description":"Qeydiyyatdan ke\u00e7in v\u0259 yeni oyun\u00e7ular \u00fc\u00e7\u00fcn xo\u015f g\u0259lmisiniz bonusu \u0259ld\u0259 edin \u2611\ufe0f R\u0259smi Megapari veb-sayt\u0131 \u2713 Megapari hesab\u0131 yarad\u0131n","breadcrumb":{"@id":"https:\/\/megapari.games\/az\/registration\/#breadcrumb"},"inLanguage":"az","potentialAction":[{"@type":"ReadAction","target":["https:\/\/megapari.games\/az\/registration\/"]}]},{"@type":"BreadcrumbList","@id":"https:\/\/megapari.games\/az\/registration\/#breadcrumb","itemListElement":[{"@type":"ListItem","position":1,"name":"\u0413\u043b\u0430\u0432\u043d\u0430\u044f \u0441\u0442\u0440\u0430\u043d\u0438\u0446\u0430","item":"https:\/\/megapari.games\/az\/"},{"@type":"ListItem","position":2,"name":"Qeydiyyat"}]},{"@type":"WebSite","@id":"https:\/\/megapari.games\/az\/#website","url":"https:\/\/megapari.games\/az\/","name":"Megapari Games az","description":"My WordPress Blog","potentialAction":[{"@type":"SearchAction","target":{"@type":"EntryPoint","urlTemplate":"https:\/\/megapari.games\/az\/?s={search_term_string}"},"query-input":{"@type":"PropertyValueSpecification","valueRequired":true,"valueName":"search_term_string"}}],"inLanguage":"az"}]}},"_links":{"self":[{"href":"https:\/\/megapari.games\/az\/wp-json\/wp\/v2\/pages\/521","targetHints":{"allow":["GET"]}}],"collection":[{"href":"https:\/\/megapari.games\/az\/wp-json\/wp\/v2\/pages"}],"about":[{"href":"https:\/\/megapari.games\/az\/wp-json\/wp\/v2\/types\/page"}],"author":[{"embeddable":true,"href":"https:\/\/megapari.games\/az\/wp-json\/wp\/v2\/users\/1"}],"replies":[{"embeddable":true,"href":"https:\/\/megapari.games\/az\/wp-json\/wp\/v2\/comments?post=521"}],"version-history":[{"count":7,"href":"https:\/\/megapari.games\/az\/wp-json\/wp\/v2\/pages\/521\/revisions"}],"predecessor-version":[{"id":1670,"href":"https:\/\/megapari.games\/az\/wp-json\/wp\/v2\/pages\/521\/revisions\/1670"}],"wp:attachment":[{"href":"https:\/\/megapari.games\/az\/wp-json\/wp\/v2\/media?parent=521"}],"curies":[{"name":"wp","href":"https:\/\/api.w.org\/{rel}","templated":true}]}}