{"id":598,"date":"2024-09-23T13:49:43","date_gmt":"2024-09-23T13:49:43","guid":{"rendered":"https:\/\/megapari.games\/az\/?page_id=598"},"modified":"2026-02-24T16:15:03","modified_gmt":"2026-02-24T16:15:03","slug":"apk","status":"publish","type":"page","link":"https:\/\/megapari.games\/az\/apk\/","title":{"rendered":"Apk"},"content":{"rendered":"","protected":false},"excerpt":{"rendered":"","protected":false},"author":1,"featured_media":0,"parent":0,"menu_order":0,"comment_status":"closed","ping_status":"closed","template":"","meta":{"inline_featured_image":false,"footnotes":""},"class_list":["post-598","page","type-page","status-publish","hentry"],"yoast_head":"<!-- This site is optimized with the Yoast SEO plugin v27.3 - https:\/\/yoast.com\/product\/yoast-seo-wordpress\/ -->\n<title>Megapari Apk Y\u00fckl\u0259 \u23e9 Android \u00fc\u00e7\u00fcn idman v\u0259 oyunlar<\/title>\n<meta name=\"description\" content=\"R\u0259smi Megapari Android APK-s\u0131n\u0131 idman m\u0259rcl\u0259ri v\u0259 kazino \u00fc\u00e7\u00fcn y\u00fckl\u0259yin \u2b50 \u018fn son Megapari APK versiyas\u0131n\u0131 nec\u0259 qura\u015fd\u0131rmaq olar \u25b7 problemsiz m\u0259rc t\u0259cr\u00fcb\u0259si \u00fc\u00e7\u00fcn MegaPari APK b\u0259l\u0259d\u00e7isi\" \/>\n<meta name=\"robots\" content=\"index, follow, max-snippet:-1, max-image-preview:large, max-video-preview:-1\" \/>\n<link rel=\"canonical\" href=\"https:\/\/megapari.games\/az\/apk\/\" \/>\n<meta property=\"og:locale\" content=\"az_AZ\" \/>\n<meta property=\"og:type\" content=\"article\" \/>\n<meta property=\"og:title\" content=\"Megapari Apk Y\u00fckl\u0259 \u23e9 Android \u00fc\u00e7\u00fcn idman v\u0259 oyunlar\" \/>\n<meta property=\"og:description\" content=\"R\u0259smi Megapari Android APK-s\u0131n\u0131 idman m\u0259rcl\u0259ri v\u0259 kazino \u00fc\u00e7\u00fcn y\u00fckl\u0259yin \u2b50 \u018fn son Megapari APK versiyas\u0131n\u0131 nec\u0259 qura\u015fd\u0131rmaq olar \u25b7 problemsiz m\u0259rc t\u0259cr\u00fcb\u0259si \u00fc\u00e7\u00fcn MegaPari APK b\u0259l\u0259d\u00e7isi\" \/>\n<meta property=\"og:url\" content=\"https:\/\/megapari.games\/az\/apk\/\" \/>\n<meta property=\"og:site_name\" content=\"Megapari Games az\" \/>\n<meta property=\"article:modified_time\" content=\"2026-02-24T16:15:03+00:00\" \/>\n<meta name=\"twitter:card\" content=\"summary_large_image\" \/>\n<script type=\"application\/ld+json\" class=\"yoast-schema-graph\">{\"@context\":\"https:\\\/\\\/schema.org\",\"@graph\":[{\"@type\":\"WebPage\",\"@id\":\"https:\\\/\\\/megapari.games\\\/az\\\/apk\\\/\",\"url\":\"https:\\\/\\\/megapari.games\\\/az\\\/apk\\\/\",\"name\":\"Megapari Apk Y\u00fckl\u0259 \u23e9 Android \u00fc\u00e7\u00fcn idman v\u0259 oyunlar\",\"isPartOf\":{\"@id\":\"https:\\\/\\\/megapari.games\\\/az\\\/#website\"},\"datePublished\":\"2024-09-23T13:49:43+00:00\",\"dateModified\":\"2026-02-24T16:15:03+00:00\",\"description\":\"R\u0259smi Megapari Android APK-s\u0131n\u0131 idman m\u0259rcl\u0259ri v\u0259 kazino \u00fc\u00e7\u00fcn y\u00fckl\u0259yin \u2b50 \u018fn son Megapari APK versiyas\u0131n\u0131 nec\u0259 qura\u015fd\u0131rmaq olar \u25b7 problemsiz m\u0259rc t\u0259cr\u00fcb\u0259si \u00fc\u00e7\u00fcn MegaPari APK b\u0259l\u0259d\u00e7isi\",\"breadcrumb\":{\"@id\":\"https:\\\/\\\/megapari.games\\\/az\\\/apk\\\/#breadcrumb\"},\"inLanguage\":\"az\",\"potentialAction\":[{\"@type\":\"ReadAction\",\"target\":[\"https:\\\/\\\/megapari.games\\\/az\\\/apk\\\/\"]}]},{\"@type\":\"BreadcrumbList\",\"@id\":\"https:\\\/\\\/megapari.games\\\/az\\\/apk\\\/#breadcrumb\",\"itemListElement\":[{\"@type\":\"ListItem\",\"position\":1,\"name\":\"\u0413\u043b\u0430\u0432\u043d\u0430\u044f \u0441\u0442\u0440\u0430\u043d\u0438\u0446\u0430\",\"item\":\"https:\\\/\\\/megapari.games\\\/az\\\/\"},{\"@type\":\"ListItem\",\"position\":2,\"name\":\"Apk\"}]},{\"@type\":\"WebSite\",\"@id\":\"https:\\\/\\\/megapari.games\\\/az\\\/#website\",\"url\":\"https:\\\/\\\/megapari.games\\\/az\\\/\",\"name\":\"Megapari Games az\",\"description\":\"My WordPress Blog\",\"potentialAction\":[{\"@type\":\"SearchAction\",\"target\":{\"@type\":\"EntryPoint\",\"urlTemplate\":\"https:\\\/\\\/megapari.games\\\/az\\\/?s={search_term_string}\"},\"query-input\":{\"@type\":\"PropertyValueSpecification\",\"valueRequired\":true,\"valueName\":\"search_term_string\"}}],\"inLanguage\":\"az\"}]}<\/script>\n<!-- \/ Yoast SEO plugin. -->","yoast_head_json":{"title":"Megapari Apk Y\u00fckl\u0259 \u23e9 Android \u00fc\u00e7\u00fcn idman v\u0259 oyunlar","description":"R\u0259smi Megapari Android APK-s\u0131n\u0131 idman m\u0259rcl\u0259ri v\u0259 kazino \u00fc\u00e7\u00fcn y\u00fckl\u0259yin \u2b50 \u018fn son Megapari APK versiyas\u0131n\u0131 nec\u0259 qura\u015fd\u0131rmaq olar \u25b7 problemsiz m\u0259rc t\u0259cr\u00fcb\u0259si \u00fc\u00e7\u00fcn MegaPari APK b\u0259l\u0259d\u00e7isi","robots":{"index":"index","follow":"follow","max-snippet":"max-snippet:-1","max-image-preview":"max-image-preview:large","max-video-preview":"max-video-preview:-1"},"canonical":"https:\/\/megapari.games\/az\/apk\/","og_locale":"az_AZ","og_type":"article","og_title":"Megapari Apk Y\u00fckl\u0259 \u23e9 Android \u00fc\u00e7\u00fcn idman v\u0259 oyunlar","og_description":"R\u0259smi Megapari Android APK-s\u0131n\u0131 idman m\u0259rcl\u0259ri v\u0259 kazino \u00fc\u00e7\u00fcn y\u00fckl\u0259yin \u2b50 \u018fn son Megapari APK versiyas\u0131n\u0131 nec\u0259 qura\u015fd\u0131rmaq olar \u25b7 problemsiz m\u0259rc t\u0259cr\u00fcb\u0259si \u00fc\u00e7\u00fcn MegaPari APK b\u0259l\u0259d\u00e7isi","og_url":"https:\/\/megapari.games\/az\/apk\/","og_site_name":"Megapari Games az","article_modified_time":"2026-02-24T16:15:03+00:00","twitter_card":"summary_large_image","schema":{"@context":"https:\/\/schema.org","@graph":[{"@type":"WebPage","@id":"https:\/\/megapari.games\/az\/apk\/","url":"https:\/\/megapari.games\/az\/apk\/","name":"Megapari Apk Y\u00fckl\u0259 \u23e9 Android \u00fc\u00e7\u00fcn idman v\u0259 oyunlar","isPartOf":{"@id":"https:\/\/megapari.games\/az\/#website"},"datePublished":"2024-09-23T13:49:43+00:00","dateModified":"2026-02-24T16:15:03+00:00","description":"R\u0259smi Megapari Android APK-s\u0131n\u0131 idman m\u0259rcl\u0259ri v\u0259 kazino \u00fc\u00e7\u00fcn y\u00fckl\u0259yin \u2b50 \u018fn son Megapari APK versiyas\u0131n\u0131 nec\u0259 qura\u015fd\u0131rmaq olar \u25b7 problemsiz m\u0259rc t\u0259cr\u00fcb\u0259si \u00fc\u00e7\u00fcn MegaPari APK b\u0259l\u0259d\u00e7isi","breadcrumb":{"@id":"https:\/\/megapari.games\/az\/apk\/#breadcrumb"},"inLanguage":"az","potentialAction":[{"@type":"ReadAction","target":["https:\/\/megapari.games\/az\/apk\/"]}]},{"@type":"BreadcrumbList","@id":"https:\/\/megapari.games\/az\/apk\/#breadcrumb","itemListElement":[{"@type":"ListItem","position":1,"name":"\u0413\u043b\u0430\u0432\u043d\u0430\u044f \u0441\u0442\u0440\u0430\u043d\u0438\u0446\u0430","item":"https:\/\/megapari.games\/az\/"},{"@type":"ListItem","position":2,"name":"Apk"}]},{"@type":"WebSite","@id":"https:\/\/megapari.games\/az\/#website","url":"https:\/\/megapari.games\/az\/","name":"Megapari Games az","description":"My WordPress Blog","potentialAction":[{"@type":"SearchAction","target":{"@type":"EntryPoint","urlTemplate":"https:\/\/megapari.games\/az\/?s={search_term_string}"},"query-input":{"@type":"PropertyValueSpecification","valueRequired":true,"valueName":"search_term_string"}}],"inLanguage":"az"}]}},"_links":{"self":[{"href":"https:\/\/megapari.games\/az\/wp-json\/wp\/v2\/pages\/598","targetHints":{"allow":["GET"]}}],"collection":[{"href":"https:\/\/megapari.games\/az\/wp-json\/wp\/v2\/pages"}],"about":[{"href":"https:\/\/megapari.games\/az\/wp-json\/wp\/v2\/types\/page"}],"author":[{"embeddable":true,"href":"https:\/\/megapari.games\/az\/wp-json\/wp\/v2\/users\/1"}],"replies":[{"embeddable":true,"href":"https:\/\/megapari.games\/az\/wp-json\/wp\/v2\/comments?post=598"}],"version-history":[{"count":6,"href":"https:\/\/megapari.games\/az\/wp-json\/wp\/v2\/pages\/598\/revisions"}],"predecessor-version":[{"id":1674,"href":"https:\/\/megapari.games\/az\/wp-json\/wp\/v2\/pages\/598\/revisions\/1674"}],"wp:attachment":[{"href":"https:\/\/megapari.games\/az\/wp-json\/wp\/v2\/media?parent=598"}],"curies":[{"name":"wp","href":"https:\/\/api.w.org\/{rel}","templated":true}]}}