{"id":656,"date":"2024-10-18T10:54:32","date_gmt":"2024-10-18T10:54:32","guid":{"rendered":"https:\/\/megapari.games\/az\/?page_id=656"},"modified":"2026-02-24T16:34:15","modified_gmt":"2026-02-24T16:34:15","slug":"promo-code","status":"publish","type":"page","link":"https:\/\/megapari.games\/az\/promo-code\/","title":{"rendered":"Promo kodu"},"content":{"rendered":"","protected":false},"excerpt":{"rendered":"","protected":false},"author":1,"featured_media":0,"parent":0,"menu_order":0,"comment_status":"closed","ping_status":"closed","template":"","meta":{"inline_featured_image":false,"footnotes":""},"class_list":["post-656","page","type-page","status-publish","hentry"],"yoast_head":"<!-- This site is optimized with the Yoast SEO plugin v27.3 - https:\/\/yoast.com\/product\/yoast-seo-wordpress\/ -->\n<title>Megapari Promo kodu 2026 \u2705 100% bonusunuzu \u0259ld\u0259 edin!<\/title>\n<meta name=\"description\" content=\"\ud83d\udd25 M\u0259rcl\u0259rinizi n\u00f6vb\u0259ti s\u0259viyy\u0259y\u0259 qald\u0131rma\u011fa haz\u0131rs\u0131n\u0131z? \u0130ndi \u0259n isti Megapari promo kodunu \u0259ld\u0259 edin v\u0259 m\u00f6ht\u0259\u015f\u0259m 100% bonus qazan\u0131n! Qa\u00e7\u0131rmay\u0131n \u2014 qalibiyy\u0259t seriyan\u0131z indi ba\u015flay\u0131r!\" \/>\n<meta name=\"robots\" content=\"index, follow, max-snippet:-1, max-image-preview:large, max-video-preview:-1\" \/>\n<link rel=\"canonical\" href=\"https:\/\/megapari.games\/az\/promo-code\/\" \/>\n<meta property=\"og:locale\" content=\"az_AZ\" \/>\n<meta property=\"og:type\" content=\"article\" \/>\n<meta property=\"og:title\" content=\"Megapari Promo kodu 2026 \u2705 100% bonusunuzu \u0259ld\u0259 edin!\" \/>\n<meta property=\"og:description\" content=\"\ud83d\udd25 M\u0259rcl\u0259rinizi n\u00f6vb\u0259ti s\u0259viyy\u0259y\u0259 qald\u0131rma\u011fa haz\u0131rs\u0131n\u0131z? \u0130ndi \u0259n isti Megapari promo kodunu \u0259ld\u0259 edin v\u0259 m\u00f6ht\u0259\u015f\u0259m 100% bonus qazan\u0131n! Qa\u00e7\u0131rmay\u0131n \u2014 qalibiyy\u0259t seriyan\u0131z indi ba\u015flay\u0131r!\" \/>\n<meta property=\"og:url\" content=\"https:\/\/megapari.games\/az\/promo-code\/\" \/>\n<meta property=\"og:site_name\" content=\"Megapari Games az\" \/>\n<meta property=\"article:modified_time\" content=\"2026-02-24T16:34:15+00:00\" \/>\n<meta name=\"twitter:card\" content=\"summary_large_image\" \/>\n<script type=\"application\/ld+json\" class=\"yoast-schema-graph\">{\"@context\":\"https:\\\/\\\/schema.org\",\"@graph\":[{\"@type\":\"WebPage\",\"@id\":\"https:\\\/\\\/megapari.games\\\/az\\\/promo-code\\\/\",\"url\":\"https:\\\/\\\/megapari.games\\\/az\\\/promo-code\\\/\",\"name\":\"Megapari Promo kodu 2026 \u2705 100% bonusunuzu \u0259ld\u0259 edin!\",\"isPartOf\":{\"@id\":\"https:\\\/\\\/megapari.games\\\/az\\\/#website\"},\"datePublished\":\"2024-10-18T10:54:32+00:00\",\"dateModified\":\"2026-02-24T16:34:15+00:00\",\"description\":\"\ud83d\udd25 M\u0259rcl\u0259rinizi n\u00f6vb\u0259ti s\u0259viyy\u0259y\u0259 qald\u0131rma\u011fa haz\u0131rs\u0131n\u0131z? \u0130ndi \u0259n isti Megapari promo kodunu \u0259ld\u0259 edin v\u0259 m\u00f6ht\u0259\u015f\u0259m 100% bonus qazan\u0131n! Qa\u00e7\u0131rmay\u0131n \u2014 qalibiyy\u0259t seriyan\u0131z indi ba\u015flay\u0131r!\",\"breadcrumb\":{\"@id\":\"https:\\\/\\\/megapari.games\\\/az\\\/promo-code\\\/#breadcrumb\"},\"inLanguage\":\"az\",\"potentialAction\":[{\"@type\":\"ReadAction\",\"target\":[\"https:\\\/\\\/megapari.games\\\/az\\\/promo-code\\\/\"]}]},{\"@type\":\"BreadcrumbList\",\"@id\":\"https:\\\/\\\/megapari.games\\\/az\\\/promo-code\\\/#breadcrumb\",\"itemListElement\":[{\"@type\":\"ListItem\",\"position\":1,\"name\":\"\u0413\u043b\u0430\u0432\u043d\u0430\u044f \u0441\u0442\u0440\u0430\u043d\u0438\u0446\u0430\",\"item\":\"https:\\\/\\\/megapari.games\\\/az\\\/\"},{\"@type\":\"ListItem\",\"position\":2,\"name\":\"Promo kodu\"}]},{\"@type\":\"WebSite\",\"@id\":\"https:\\\/\\\/megapari.games\\\/az\\\/#website\",\"url\":\"https:\\\/\\\/megapari.games\\\/az\\\/\",\"name\":\"Megapari Games az\",\"description\":\"My WordPress Blog\",\"potentialAction\":[{\"@type\":\"SearchAction\",\"target\":{\"@type\":\"EntryPoint\",\"urlTemplate\":\"https:\\\/\\\/megapari.games\\\/az\\\/?s={search_term_string}\"},\"query-input\":{\"@type\":\"PropertyValueSpecification\",\"valueRequired\":true,\"valueName\":\"search_term_string\"}}],\"inLanguage\":\"az\"}]}<\/script>\n<!-- \/ Yoast SEO plugin. -->","yoast_head_json":{"title":"Megapari Promo kodu 2026 \u2705 100% bonusunuzu \u0259ld\u0259 edin!","description":"\ud83d\udd25 M\u0259rcl\u0259rinizi n\u00f6vb\u0259ti s\u0259viyy\u0259y\u0259 qald\u0131rma\u011fa haz\u0131rs\u0131n\u0131z? \u0130ndi \u0259n isti Megapari promo kodunu \u0259ld\u0259 edin v\u0259 m\u00f6ht\u0259\u015f\u0259m 100% bonus qazan\u0131n! Qa\u00e7\u0131rmay\u0131n \u2014 qalibiyy\u0259t seriyan\u0131z indi ba\u015flay\u0131r!","robots":{"index":"index","follow":"follow","max-snippet":"max-snippet:-1","max-image-preview":"max-image-preview:large","max-video-preview":"max-video-preview:-1"},"canonical":"https:\/\/megapari.games\/az\/promo-code\/","og_locale":"az_AZ","og_type":"article","og_title":"Megapari Promo kodu 2026 \u2705 100% bonusunuzu \u0259ld\u0259 edin!","og_description":"\ud83d\udd25 M\u0259rcl\u0259rinizi n\u00f6vb\u0259ti s\u0259viyy\u0259y\u0259 qald\u0131rma\u011fa haz\u0131rs\u0131n\u0131z? \u0130ndi \u0259n isti Megapari promo kodunu \u0259ld\u0259 edin v\u0259 m\u00f6ht\u0259\u015f\u0259m 100% bonus qazan\u0131n! Qa\u00e7\u0131rmay\u0131n \u2014 qalibiyy\u0259t seriyan\u0131z indi ba\u015flay\u0131r!","og_url":"https:\/\/megapari.games\/az\/promo-code\/","og_site_name":"Megapari Games az","article_modified_time":"2026-02-24T16:34:15+00:00","twitter_card":"summary_large_image","schema":{"@context":"https:\/\/schema.org","@graph":[{"@type":"WebPage","@id":"https:\/\/megapari.games\/az\/promo-code\/","url":"https:\/\/megapari.games\/az\/promo-code\/","name":"Megapari Promo kodu 2026 \u2705 100% bonusunuzu \u0259ld\u0259 edin!","isPartOf":{"@id":"https:\/\/megapari.games\/az\/#website"},"datePublished":"2024-10-18T10:54:32+00:00","dateModified":"2026-02-24T16:34:15+00:00","description":"\ud83d\udd25 M\u0259rcl\u0259rinizi n\u00f6vb\u0259ti s\u0259viyy\u0259y\u0259 qald\u0131rma\u011fa haz\u0131rs\u0131n\u0131z? \u0130ndi \u0259n isti Megapari promo kodunu \u0259ld\u0259 edin v\u0259 m\u00f6ht\u0259\u015f\u0259m 100% bonus qazan\u0131n! Qa\u00e7\u0131rmay\u0131n \u2014 qalibiyy\u0259t seriyan\u0131z indi ba\u015flay\u0131r!","breadcrumb":{"@id":"https:\/\/megapari.games\/az\/promo-code\/#breadcrumb"},"inLanguage":"az","potentialAction":[{"@type":"ReadAction","target":["https:\/\/megapari.games\/az\/promo-code\/"]}]},{"@type":"BreadcrumbList","@id":"https:\/\/megapari.games\/az\/promo-code\/#breadcrumb","itemListElement":[{"@type":"ListItem","position":1,"name":"\u0413\u043b\u0430\u0432\u043d\u0430\u044f \u0441\u0442\u0440\u0430\u043d\u0438\u0446\u0430","item":"https:\/\/megapari.games\/az\/"},{"@type":"ListItem","position":2,"name":"Promo kodu"}]},{"@type":"WebSite","@id":"https:\/\/megapari.games\/az\/#website","url":"https:\/\/megapari.games\/az\/","name":"Megapari Games az","description":"My WordPress Blog","potentialAction":[{"@type":"SearchAction","target":{"@type":"EntryPoint","urlTemplate":"https:\/\/megapari.games\/az\/?s={search_term_string}"},"query-input":{"@type":"PropertyValueSpecification","valueRequired":true,"valueName":"search_term_string"}}],"inLanguage":"az"}]}},"_links":{"self":[{"href":"https:\/\/megapari.games\/az\/wp-json\/wp\/v2\/pages\/656","targetHints":{"allow":["GET"]}}],"collection":[{"href":"https:\/\/megapari.games\/az\/wp-json\/wp\/v2\/pages"}],"about":[{"href":"https:\/\/megapari.games\/az\/wp-json\/wp\/v2\/types\/page"}],"author":[{"embeddable":true,"href":"https:\/\/megapari.games\/az\/wp-json\/wp\/v2\/users\/1"}],"replies":[{"embeddable":true,"href":"https:\/\/megapari.games\/az\/wp-json\/wp\/v2\/comments?post=656"}],"version-history":[{"count":11,"href":"https:\/\/megapari.games\/az\/wp-json\/wp\/v2\/pages\/656\/revisions"}],"predecessor-version":[{"id":1683,"href":"https:\/\/megapari.games\/az\/wp-json\/wp\/v2\/pages\/656\/revisions\/1683"}],"wp:attachment":[{"href":"https:\/\/megapari.games\/az\/wp-json\/wp\/v2\/media?parent=656"}],"curies":[{"name":"wp","href":"https:\/\/api.w.org\/{rel}","templated":true}]}}