{"id":776,"date":"2025-03-27T08:52:05","date_gmt":"2025-03-27T08:52:05","guid":{"rendered":"https:\/\/megapari.games\/az\/?page_id=776"},"modified":"2026-02-24T15:08:38","modified_gmt":"2026-02-24T15:08:38","slug":"first-deposit","status":"publish","type":"page","link":"https:\/\/megapari.games\/az\/bonus\/first-deposit\/","title":{"rendered":"\u0130lk depozit"},"content":{"rendered":"","protected":false},"excerpt":{"rendered":"","protected":false},"author":1,"featured_media":0,"parent":152,"menu_order":0,"comment_status":"closed","ping_status":"closed","template":"","meta":{"inline_featured_image":false,"footnotes":""},"class_list":["post-776","page","type-page","status-publish","hentry"],"yoast_head":"<!-- This site is optimized with the Yoast SEO plugin v27.3 - https:\/\/yoast.com\/product\/yoast-seo-wordpress\/ -->\n<title>Megapari \u0130lkin depozit \u2705 3000AZN +150 pulsuz f\u0131rlanma<\/title>\n<meta name=\"description\" content=\"\u015eans\u0131n\u0131z\u0131 \u0259ld\u0259n verm\u0259yin! Megapari-y\u0259 qo\u015fulun v\u0259 3000 AZN-\u0259 q\u0259d\u0259r t\u0259sirli xo\u015f g\u0259lmisiniz paketi v\u0259 150 pulsuz f\u0131rlanma \u0259ld\u0259 edin! H\u0259y\u0259canl\u0131 oyunlar v\u0259 misilsiz bonuslar sizi g\u00f6zl\u0259yir. A\u011f\u0131ll\u0131 oynay\u0131n \u2013 h\u0259y\u0259canla qazan\u0131n!\" \/>\n<meta name=\"robots\" content=\"index, follow, max-snippet:-1, max-image-preview:large, max-video-preview:-1\" \/>\n<link rel=\"canonical\" href=\"https:\/\/megapari.games\/az\/bonus\/first-deposit\/\" \/>\n<meta property=\"og:locale\" content=\"az_AZ\" \/>\n<meta property=\"og:type\" content=\"article\" \/>\n<meta property=\"og:title\" content=\"Megapari \u0130lkin depozit \u2705 3000AZN +150 pulsuz f\u0131rlanma\" \/>\n<meta property=\"og:description\" content=\"\u015eans\u0131n\u0131z\u0131 \u0259ld\u0259n verm\u0259yin! Megapari-y\u0259 qo\u015fulun v\u0259 3000 AZN-\u0259 q\u0259d\u0259r t\u0259sirli xo\u015f g\u0259lmisiniz paketi v\u0259 150 pulsuz f\u0131rlanma \u0259ld\u0259 edin! H\u0259y\u0259canl\u0131 oyunlar v\u0259 misilsiz bonuslar sizi g\u00f6zl\u0259yir. A\u011f\u0131ll\u0131 oynay\u0131n \u2013 h\u0259y\u0259canla qazan\u0131n!\" \/>\n<meta property=\"og:url\" content=\"https:\/\/megapari.games\/az\/bonus\/first-deposit\/\" \/>\n<meta property=\"og:site_name\" content=\"Megapari Games az\" \/>\n<meta property=\"article:modified_time\" content=\"2026-02-24T15:08:38+00:00\" \/>\n<meta name=\"twitter:card\" content=\"summary_large_image\" \/>\n<script type=\"application\/ld+json\" class=\"yoast-schema-graph\">{\"@context\":\"https:\\\/\\\/schema.org\",\"@graph\":[{\"@type\":\"WebPage\",\"@id\":\"https:\\\/\\\/megapari.games\\\/az\\\/bonus\\\/first-deposit\\\/\",\"url\":\"https:\\\/\\\/megapari.games\\\/az\\\/bonus\\\/first-deposit\\\/\",\"name\":\"Megapari \u0130lkin depozit \u2705 3000AZN +150 pulsuz f\u0131rlanma\",\"isPartOf\":{\"@id\":\"https:\\\/\\\/megapari.games\\\/az\\\/#website\"},\"datePublished\":\"2025-03-27T08:52:05+00:00\",\"dateModified\":\"2026-02-24T15:08:38+00:00\",\"description\":\"\u015eans\u0131n\u0131z\u0131 \u0259ld\u0259n verm\u0259yin! Megapari-y\u0259 qo\u015fulun v\u0259 3000 AZN-\u0259 q\u0259d\u0259r t\u0259sirli xo\u015f g\u0259lmisiniz paketi v\u0259 150 pulsuz f\u0131rlanma \u0259ld\u0259 edin! H\u0259y\u0259canl\u0131 oyunlar v\u0259 misilsiz bonuslar sizi g\u00f6zl\u0259yir. A\u011f\u0131ll\u0131 oynay\u0131n \u2013 h\u0259y\u0259canla qazan\u0131n!\",\"breadcrumb\":{\"@id\":\"https:\\\/\\\/megapari.games\\\/az\\\/bonus\\\/first-deposit\\\/#breadcrumb\"},\"inLanguage\":\"az\",\"potentialAction\":[{\"@type\":\"ReadAction\",\"target\":[\"https:\\\/\\\/megapari.games\\\/az\\\/bonus\\\/first-deposit\\\/\"]}]},{\"@type\":\"BreadcrumbList\",\"@id\":\"https:\\\/\\\/megapari.games\\\/az\\\/bonus\\\/first-deposit\\\/#breadcrumb\",\"itemListElement\":[{\"@type\":\"ListItem\",\"position\":1,\"name\":\"\u0413\u043b\u0430\u0432\u043d\u0430\u044f \u0441\u0442\u0440\u0430\u043d\u0438\u0446\u0430\",\"item\":\"https:\\\/\\\/megapari.games\\\/az\\\/\"},{\"@type\":\"ListItem\",\"position\":2,\"name\":\"\u018flav\u0259\",\"item\":\"https:\\\/\\\/megapari.games\\\/az\\\/bonus\\\/\"},{\"@type\":\"ListItem\",\"position\":3,\"name\":\"\u0130lk depozit\"}]},{\"@type\":\"WebSite\",\"@id\":\"https:\\\/\\\/megapari.games\\\/az\\\/#website\",\"url\":\"https:\\\/\\\/megapari.games\\\/az\\\/\",\"name\":\"Megapari Games az\",\"description\":\"My WordPress Blog\",\"potentialAction\":[{\"@type\":\"SearchAction\",\"target\":{\"@type\":\"EntryPoint\",\"urlTemplate\":\"https:\\\/\\\/megapari.games\\\/az\\\/?s={search_term_string}\"},\"query-input\":{\"@type\":\"PropertyValueSpecification\",\"valueRequired\":true,\"valueName\":\"search_term_string\"}}],\"inLanguage\":\"az\"}]}<\/script>\n<!-- \/ Yoast SEO plugin. -->","yoast_head_json":{"title":"Megapari \u0130lkin depozit \u2705 3000AZN +150 pulsuz f\u0131rlanma","description":"\u015eans\u0131n\u0131z\u0131 \u0259ld\u0259n verm\u0259yin! Megapari-y\u0259 qo\u015fulun v\u0259 3000 AZN-\u0259 q\u0259d\u0259r t\u0259sirli xo\u015f g\u0259lmisiniz paketi v\u0259 150 pulsuz f\u0131rlanma \u0259ld\u0259 edin! H\u0259y\u0259canl\u0131 oyunlar v\u0259 misilsiz bonuslar sizi g\u00f6zl\u0259yir. A\u011f\u0131ll\u0131 oynay\u0131n \u2013 h\u0259y\u0259canla qazan\u0131n!","robots":{"index":"index","follow":"follow","max-snippet":"max-snippet:-1","max-image-preview":"max-image-preview:large","max-video-preview":"max-video-preview:-1"},"canonical":"https:\/\/megapari.games\/az\/bonus\/first-deposit\/","og_locale":"az_AZ","og_type":"article","og_title":"Megapari \u0130lkin depozit \u2705 3000AZN +150 pulsuz f\u0131rlanma","og_description":"\u015eans\u0131n\u0131z\u0131 \u0259ld\u0259n verm\u0259yin! Megapari-y\u0259 qo\u015fulun v\u0259 3000 AZN-\u0259 q\u0259d\u0259r t\u0259sirli xo\u015f g\u0259lmisiniz paketi v\u0259 150 pulsuz f\u0131rlanma \u0259ld\u0259 edin! H\u0259y\u0259canl\u0131 oyunlar v\u0259 misilsiz bonuslar sizi g\u00f6zl\u0259yir. A\u011f\u0131ll\u0131 oynay\u0131n \u2013 h\u0259y\u0259canla qazan\u0131n!","og_url":"https:\/\/megapari.games\/az\/bonus\/first-deposit\/","og_site_name":"Megapari Games az","article_modified_time":"2026-02-24T15:08:38+00:00","twitter_card":"summary_large_image","schema":{"@context":"https:\/\/schema.org","@graph":[{"@type":"WebPage","@id":"https:\/\/megapari.games\/az\/bonus\/first-deposit\/","url":"https:\/\/megapari.games\/az\/bonus\/first-deposit\/","name":"Megapari \u0130lkin depozit \u2705 3000AZN +150 pulsuz f\u0131rlanma","isPartOf":{"@id":"https:\/\/megapari.games\/az\/#website"},"datePublished":"2025-03-27T08:52:05+00:00","dateModified":"2026-02-24T15:08:38+00:00","description":"\u015eans\u0131n\u0131z\u0131 \u0259ld\u0259n verm\u0259yin! Megapari-y\u0259 qo\u015fulun v\u0259 3000 AZN-\u0259 q\u0259d\u0259r t\u0259sirli xo\u015f g\u0259lmisiniz paketi v\u0259 150 pulsuz f\u0131rlanma \u0259ld\u0259 edin! H\u0259y\u0259canl\u0131 oyunlar v\u0259 misilsiz bonuslar sizi g\u00f6zl\u0259yir. A\u011f\u0131ll\u0131 oynay\u0131n \u2013 h\u0259y\u0259canla qazan\u0131n!","breadcrumb":{"@id":"https:\/\/megapari.games\/az\/bonus\/first-deposit\/#breadcrumb"},"inLanguage":"az","potentialAction":[{"@type":"ReadAction","target":["https:\/\/megapari.games\/az\/bonus\/first-deposit\/"]}]},{"@type":"BreadcrumbList","@id":"https:\/\/megapari.games\/az\/bonus\/first-deposit\/#breadcrumb","itemListElement":[{"@type":"ListItem","position":1,"name":"\u0413\u043b\u0430\u0432\u043d\u0430\u044f \u0441\u0442\u0440\u0430\u043d\u0438\u0446\u0430","item":"https:\/\/megapari.games\/az\/"},{"@type":"ListItem","position":2,"name":"\u018flav\u0259","item":"https:\/\/megapari.games\/az\/bonus\/"},{"@type":"ListItem","position":3,"name":"\u0130lk depozit"}]},{"@type":"WebSite","@id":"https:\/\/megapari.games\/az\/#website","url":"https:\/\/megapari.games\/az\/","name":"Megapari Games az","description":"My WordPress Blog","potentialAction":[{"@type":"SearchAction","target":{"@type":"EntryPoint","urlTemplate":"https:\/\/megapari.games\/az\/?s={search_term_string}"},"query-input":{"@type":"PropertyValueSpecification","valueRequired":true,"valueName":"search_term_string"}}],"inLanguage":"az"}]}},"_links":{"self":[{"href":"https:\/\/megapari.games\/az\/wp-json\/wp\/v2\/pages\/776","targetHints":{"allow":["GET"]}}],"collection":[{"href":"https:\/\/megapari.games\/az\/wp-json\/wp\/v2\/pages"}],"about":[{"href":"https:\/\/megapari.games\/az\/wp-json\/wp\/v2\/types\/page"}],"author":[{"embeddable":true,"href":"https:\/\/megapari.games\/az\/wp-json\/wp\/v2\/users\/1"}],"replies":[{"embeddable":true,"href":"https:\/\/megapari.games\/az\/wp-json\/wp\/v2\/comments?post=776"}],"version-history":[{"count":4,"href":"https:\/\/megapari.games\/az\/wp-json\/wp\/v2\/pages\/776\/revisions"}],"predecessor-version":[{"id":1655,"href":"https:\/\/megapari.games\/az\/wp-json\/wp\/v2\/pages\/776\/revisions\/1655"}],"up":[{"embeddable":true,"href":"https:\/\/megapari.games\/az\/wp-json\/wp\/v2\/pages\/152"}],"wp:attachment":[{"href":"https:\/\/megapari.games\/az\/wp-json\/wp\/v2\/media?parent=776"}],"curies":[{"name":"wp","href":"https:\/\/api.w.org\/{rel}","templated":true}]}}