{"id":807,"date":"2025-03-27T13:02:20","date_gmt":"2025-03-27T13:02:20","guid":{"rendered":"https:\/\/megapari.games\/az\/?page_id=807"},"modified":"2026-02-24T15:10:36","modified_gmt":"2026-02-24T15:10:36","slug":"mega-booster","status":"publish","type":"page","link":"https:\/\/megapari.games\/az\/bonus\/mega-booster\/","title":{"rendered":"Mega G\u00fccl\u0259ndirici"},"content":{"rendered":"","protected":false},"excerpt":{"rendered":"","protected":false},"author":1,"featured_media":0,"parent":152,"menu_order":0,"comment_status":"closed","ping_status":"closed","template":"","meta":{"inline_featured_image":false,"footnotes":""},"class_list":["post-807","page","type-page","status-publish","hentry"],"yoast_head":"<!-- This site is optimized with the Yoast SEO plugin v27.3 - https:\/\/yoast.com\/product\/yoast-seo-wordpress\/ -->\n<title>Megapari Mega G\u00fccl\u0259ndirici \u2705 Qazanclar\u0131n\u0131z\u0131 200% q\u0259d\u0259r art\u0131r\u0131n<\/title>\n<meta name=\"description\" content=\"Qazanclar\u0131n\u0131z\u0131 200%-\u0259 q\u0259d\u0259r art\u0131rmaq ist\u0259yirsiniz? Megapari-nin Mega Booster-in\u0259 qo\u015fulun! \u018fn az\u0131 4 se\u00e7imd\u0259n ibar\u0259t akkumulyatora m\u0259rc qoyun v\u0259 m\u00fckafatlar\u0131n\u0131z\u0131n artd\u0131\u011f\u0131n\u0131 izl\u0259yin. B\u00f6y\u00fck qazanmaq \u015fans\u0131n\u0131 \u0259ld\u0259n verm\u0259yin!\" \/>\n<meta name=\"robots\" content=\"index, follow, max-snippet:-1, max-image-preview:large, max-video-preview:-1\" \/>\n<link rel=\"canonical\" href=\"https:\/\/megapari.games\/az\/bonus\/mega-booster\/\" \/>\n<meta property=\"og:locale\" content=\"az_AZ\" \/>\n<meta property=\"og:type\" content=\"article\" \/>\n<meta property=\"og:title\" content=\"Megapari Mega G\u00fccl\u0259ndirici \u2705 Qazanclar\u0131n\u0131z\u0131 200% q\u0259d\u0259r art\u0131r\u0131n\" \/>\n<meta property=\"og:description\" content=\"Qazanclar\u0131n\u0131z\u0131 200%-\u0259 q\u0259d\u0259r art\u0131rmaq ist\u0259yirsiniz? Megapari-nin Mega Booster-in\u0259 qo\u015fulun! \u018fn az\u0131 4 se\u00e7imd\u0259n ibar\u0259t akkumulyatora m\u0259rc qoyun v\u0259 m\u00fckafatlar\u0131n\u0131z\u0131n artd\u0131\u011f\u0131n\u0131 izl\u0259yin. B\u00f6y\u00fck qazanmaq \u015fans\u0131n\u0131 \u0259ld\u0259n verm\u0259yin!\" \/>\n<meta property=\"og:url\" content=\"https:\/\/megapari.games\/az\/bonus\/mega-booster\/\" \/>\n<meta property=\"og:site_name\" content=\"Megapari Games az\" \/>\n<meta property=\"article:modified_time\" content=\"2026-02-24T15:10:36+00:00\" \/>\n<meta name=\"twitter:card\" content=\"summary_large_image\" \/>\n<script type=\"application\/ld+json\" class=\"yoast-schema-graph\">{\"@context\":\"https:\\\/\\\/schema.org\",\"@graph\":[{\"@type\":\"WebPage\",\"@id\":\"https:\\\/\\\/megapari.games\\\/az\\\/bonus\\\/mega-booster\\\/\",\"url\":\"https:\\\/\\\/megapari.games\\\/az\\\/bonus\\\/mega-booster\\\/\",\"name\":\"Megapari Mega G\u00fccl\u0259ndirici \u2705 Qazanclar\u0131n\u0131z\u0131 200% q\u0259d\u0259r art\u0131r\u0131n\",\"isPartOf\":{\"@id\":\"https:\\\/\\\/megapari.games\\\/az\\\/#website\"},\"datePublished\":\"2025-03-27T13:02:20+00:00\",\"dateModified\":\"2026-02-24T15:10:36+00:00\",\"description\":\"Qazanclar\u0131n\u0131z\u0131 200%-\u0259 q\u0259d\u0259r art\u0131rmaq ist\u0259yirsiniz? Megapari-nin Mega Booster-in\u0259 qo\u015fulun! \u018fn az\u0131 4 se\u00e7imd\u0259n ibar\u0259t akkumulyatora m\u0259rc qoyun v\u0259 m\u00fckafatlar\u0131n\u0131z\u0131n artd\u0131\u011f\u0131n\u0131 izl\u0259yin. B\u00f6y\u00fck qazanmaq \u015fans\u0131n\u0131 \u0259ld\u0259n verm\u0259yin!\",\"breadcrumb\":{\"@id\":\"https:\\\/\\\/megapari.games\\\/az\\\/bonus\\\/mega-booster\\\/#breadcrumb\"},\"inLanguage\":\"az\",\"potentialAction\":[{\"@type\":\"ReadAction\",\"target\":[\"https:\\\/\\\/megapari.games\\\/az\\\/bonus\\\/mega-booster\\\/\"]}]},{\"@type\":\"BreadcrumbList\",\"@id\":\"https:\\\/\\\/megapari.games\\\/az\\\/bonus\\\/mega-booster\\\/#breadcrumb\",\"itemListElement\":[{\"@type\":\"ListItem\",\"position\":1,\"name\":\"\u0413\u043b\u0430\u0432\u043d\u0430\u044f \u0441\u0442\u0440\u0430\u043d\u0438\u0446\u0430\",\"item\":\"https:\\\/\\\/megapari.games\\\/az\\\/\"},{\"@type\":\"ListItem\",\"position\":2,\"name\":\"\u018flav\u0259\",\"item\":\"https:\\\/\\\/megapari.games\\\/az\\\/bonus\\\/\"},{\"@type\":\"ListItem\",\"position\":3,\"name\":\"Mega G\u00fccl\u0259ndirici\"}]},{\"@type\":\"WebSite\",\"@id\":\"https:\\\/\\\/megapari.games\\\/az\\\/#website\",\"url\":\"https:\\\/\\\/megapari.games\\\/az\\\/\",\"name\":\"Megapari Games az\",\"description\":\"My WordPress Blog\",\"potentialAction\":[{\"@type\":\"SearchAction\",\"target\":{\"@type\":\"EntryPoint\",\"urlTemplate\":\"https:\\\/\\\/megapari.games\\\/az\\\/?s={search_term_string}\"},\"query-input\":{\"@type\":\"PropertyValueSpecification\",\"valueRequired\":true,\"valueName\":\"search_term_string\"}}],\"inLanguage\":\"az\"}]}<\/script>\n<!-- \/ Yoast SEO plugin. -->","yoast_head_json":{"title":"Megapari Mega G\u00fccl\u0259ndirici \u2705 Qazanclar\u0131n\u0131z\u0131 200% q\u0259d\u0259r art\u0131r\u0131n","description":"Qazanclar\u0131n\u0131z\u0131 200%-\u0259 q\u0259d\u0259r art\u0131rmaq ist\u0259yirsiniz? Megapari-nin Mega Booster-in\u0259 qo\u015fulun! \u018fn az\u0131 4 se\u00e7imd\u0259n ibar\u0259t akkumulyatora m\u0259rc qoyun v\u0259 m\u00fckafatlar\u0131n\u0131z\u0131n artd\u0131\u011f\u0131n\u0131 izl\u0259yin. B\u00f6y\u00fck qazanmaq \u015fans\u0131n\u0131 \u0259ld\u0259n verm\u0259yin!","robots":{"index":"index","follow":"follow","max-snippet":"max-snippet:-1","max-image-preview":"max-image-preview:large","max-video-preview":"max-video-preview:-1"},"canonical":"https:\/\/megapari.games\/az\/bonus\/mega-booster\/","og_locale":"az_AZ","og_type":"article","og_title":"Megapari Mega G\u00fccl\u0259ndirici \u2705 Qazanclar\u0131n\u0131z\u0131 200% q\u0259d\u0259r art\u0131r\u0131n","og_description":"Qazanclar\u0131n\u0131z\u0131 200%-\u0259 q\u0259d\u0259r art\u0131rmaq ist\u0259yirsiniz? Megapari-nin Mega Booster-in\u0259 qo\u015fulun! \u018fn az\u0131 4 se\u00e7imd\u0259n ibar\u0259t akkumulyatora m\u0259rc qoyun v\u0259 m\u00fckafatlar\u0131n\u0131z\u0131n artd\u0131\u011f\u0131n\u0131 izl\u0259yin. B\u00f6y\u00fck qazanmaq \u015fans\u0131n\u0131 \u0259ld\u0259n verm\u0259yin!","og_url":"https:\/\/megapari.games\/az\/bonus\/mega-booster\/","og_site_name":"Megapari Games az","article_modified_time":"2026-02-24T15:10:36+00:00","twitter_card":"summary_large_image","schema":{"@context":"https:\/\/schema.org","@graph":[{"@type":"WebPage","@id":"https:\/\/megapari.games\/az\/bonus\/mega-booster\/","url":"https:\/\/megapari.games\/az\/bonus\/mega-booster\/","name":"Megapari Mega G\u00fccl\u0259ndirici \u2705 Qazanclar\u0131n\u0131z\u0131 200% q\u0259d\u0259r art\u0131r\u0131n","isPartOf":{"@id":"https:\/\/megapari.games\/az\/#website"},"datePublished":"2025-03-27T13:02:20+00:00","dateModified":"2026-02-24T15:10:36+00:00","description":"Qazanclar\u0131n\u0131z\u0131 200%-\u0259 q\u0259d\u0259r art\u0131rmaq ist\u0259yirsiniz? Megapari-nin Mega Booster-in\u0259 qo\u015fulun! \u018fn az\u0131 4 se\u00e7imd\u0259n ibar\u0259t akkumulyatora m\u0259rc qoyun v\u0259 m\u00fckafatlar\u0131n\u0131z\u0131n artd\u0131\u011f\u0131n\u0131 izl\u0259yin. B\u00f6y\u00fck qazanmaq \u015fans\u0131n\u0131 \u0259ld\u0259n verm\u0259yin!","breadcrumb":{"@id":"https:\/\/megapari.games\/az\/bonus\/mega-booster\/#breadcrumb"},"inLanguage":"az","potentialAction":[{"@type":"ReadAction","target":["https:\/\/megapari.games\/az\/bonus\/mega-booster\/"]}]},{"@type":"BreadcrumbList","@id":"https:\/\/megapari.games\/az\/bonus\/mega-booster\/#breadcrumb","itemListElement":[{"@type":"ListItem","position":1,"name":"\u0413\u043b\u0430\u0432\u043d\u0430\u044f \u0441\u0442\u0440\u0430\u043d\u0438\u0446\u0430","item":"https:\/\/megapari.games\/az\/"},{"@type":"ListItem","position":2,"name":"\u018flav\u0259","item":"https:\/\/megapari.games\/az\/bonus\/"},{"@type":"ListItem","position":3,"name":"Mega G\u00fccl\u0259ndirici"}]},{"@type":"WebSite","@id":"https:\/\/megapari.games\/az\/#website","url":"https:\/\/megapari.games\/az\/","name":"Megapari Games az","description":"My WordPress Blog","potentialAction":[{"@type":"SearchAction","target":{"@type":"EntryPoint","urlTemplate":"https:\/\/megapari.games\/az\/?s={search_term_string}"},"query-input":{"@type":"PropertyValueSpecification","valueRequired":true,"valueName":"search_term_string"}}],"inLanguage":"az"}]}},"_links":{"self":[{"href":"https:\/\/megapari.games\/az\/wp-json\/wp\/v2\/pages\/807","targetHints":{"allow":["GET"]}}],"collection":[{"href":"https:\/\/megapari.games\/az\/wp-json\/wp\/v2\/pages"}],"about":[{"href":"https:\/\/megapari.games\/az\/wp-json\/wp\/v2\/types\/page"}],"author":[{"embeddable":true,"href":"https:\/\/megapari.games\/az\/wp-json\/wp\/v2\/users\/1"}],"replies":[{"embeddable":true,"href":"https:\/\/megapari.games\/az\/wp-json\/wp\/v2\/comments?post=807"}],"version-history":[{"count":4,"href":"https:\/\/megapari.games\/az\/wp-json\/wp\/v2\/pages\/807\/revisions"}],"predecessor-version":[{"id":1656,"href":"https:\/\/megapari.games\/az\/wp-json\/wp\/v2\/pages\/807\/revisions\/1656"}],"up":[{"embeddable":true,"href":"https:\/\/megapari.games\/az\/wp-json\/wp\/v2\/pages\/152"}],"wp:attachment":[{"href":"https:\/\/megapari.games\/az\/wp-json\/wp\/v2\/media?parent=807"}],"curies":[{"name":"wp","href":"https:\/\/api.w.org\/{rel}","templated":true}]}}