{"id":815,"date":"2025-03-27T13:37:08","date_gmt":"2025-03-27T13:37:08","guid":{"rendered":"https:\/\/megapari.games\/az\/?page_id=815"},"modified":"2026-02-24T15:14:48","modified_gmt":"2026-02-24T15:14:48","slug":"welcome-package","status":"publish","type":"page","link":"https:\/\/megapari.games\/az\/bonus\/welcome-package\/","title":{"rendered":"Xo\u015f g\u0259lmisiniz paketi"},"content":{"rendered":"","protected":false},"excerpt":{"rendered":"","protected":false},"author":1,"featured_media":0,"parent":152,"menu_order":0,"comment_status":"closed","ping_status":"closed","template":"","meta":{"inline_featured_image":false,"footnotes":""},"class_list":["post-815","page","type-page","status-publish","hentry"],"yoast_head":"<!-- This site is optimized with the Yoast SEO plugin v27.3 - https:\/\/yoast.com\/product\/yoast-seo-wordpress\/ -->\n<title>Megapari Xo\u015f g\u0259lmisiniz paketi \u2705 \u0130lk iki depozit\u0259 400 AZN<\/title>\n<meta name=\"description\" content=\"\u018fla bonus f\u00fcrs\u0259tini qa\u00e7\u0131rmay\u0131n! Megapari-y\u0259 qeydiyyatdan ke\u00e7in v\u0259 ilk iki depozitinizd\u0259 400 AZN bonus qazan\u0131n. Hey\u0259canl\u0131 oyunlar sizi g\u00f6zl\u0259yir \u2013 bonusunuzu gec olmadan t\u0259l\u0259b edin!\" \/>\n<meta name=\"robots\" content=\"index, follow, max-snippet:-1, max-image-preview:large, max-video-preview:-1\" \/>\n<link rel=\"canonical\" href=\"https:\/\/megapari.games\/az\/bonus\/welcome-package\/\" \/>\n<meta property=\"og:locale\" content=\"az_AZ\" \/>\n<meta property=\"og:type\" content=\"article\" \/>\n<meta property=\"og:title\" content=\"Megapari Xo\u015f g\u0259lmisiniz paketi \u2705 \u0130lk iki depozit\u0259 400 AZN\" \/>\n<meta property=\"og:description\" content=\"\u018fla bonus f\u00fcrs\u0259tini qa\u00e7\u0131rmay\u0131n! Megapari-y\u0259 qeydiyyatdan ke\u00e7in v\u0259 ilk iki depozitinizd\u0259 400 AZN bonus qazan\u0131n. Hey\u0259canl\u0131 oyunlar sizi g\u00f6zl\u0259yir \u2013 bonusunuzu gec olmadan t\u0259l\u0259b edin!\" \/>\n<meta property=\"og:url\" content=\"https:\/\/megapari.games\/az\/bonus\/welcome-package\/\" \/>\n<meta property=\"og:site_name\" content=\"Megapari Games az\" \/>\n<meta property=\"article:modified_time\" content=\"2026-02-24T15:14:48+00:00\" \/>\n<meta name=\"twitter:card\" content=\"summary_large_image\" \/>\n<script type=\"application\/ld+json\" class=\"yoast-schema-graph\">{\"@context\":\"https:\\\/\\\/schema.org\",\"@graph\":[{\"@type\":\"WebPage\",\"@id\":\"https:\\\/\\\/megapari.games\\\/az\\\/bonus\\\/welcome-package\\\/\",\"url\":\"https:\\\/\\\/megapari.games\\\/az\\\/bonus\\\/welcome-package\\\/\",\"name\":\"Megapari Xo\u015f g\u0259lmisiniz paketi \u2705 \u0130lk iki depozit\u0259 400 AZN\",\"isPartOf\":{\"@id\":\"https:\\\/\\\/megapari.games\\\/az\\\/#website\"},\"datePublished\":\"2025-03-27T13:37:08+00:00\",\"dateModified\":\"2026-02-24T15:14:48+00:00\",\"description\":\"\u018fla bonus f\u00fcrs\u0259tini qa\u00e7\u0131rmay\u0131n! Megapari-y\u0259 qeydiyyatdan ke\u00e7in v\u0259 ilk iki depozitinizd\u0259 400 AZN bonus qazan\u0131n. Hey\u0259canl\u0131 oyunlar sizi g\u00f6zl\u0259yir \u2013 bonusunuzu gec olmadan t\u0259l\u0259b edin!\",\"breadcrumb\":{\"@id\":\"https:\\\/\\\/megapari.games\\\/az\\\/bonus\\\/welcome-package\\\/#breadcrumb\"},\"inLanguage\":\"az\",\"potentialAction\":[{\"@type\":\"ReadAction\",\"target\":[\"https:\\\/\\\/megapari.games\\\/az\\\/bonus\\\/welcome-package\\\/\"]}]},{\"@type\":\"BreadcrumbList\",\"@id\":\"https:\\\/\\\/megapari.games\\\/az\\\/bonus\\\/welcome-package\\\/#breadcrumb\",\"itemListElement\":[{\"@type\":\"ListItem\",\"position\":1,\"name\":\"\u0413\u043b\u0430\u0432\u043d\u0430\u044f \u0441\u0442\u0440\u0430\u043d\u0438\u0446\u0430\",\"item\":\"https:\\\/\\\/megapari.games\\\/az\\\/\"},{\"@type\":\"ListItem\",\"position\":2,\"name\":\"\u018flav\u0259\",\"item\":\"https:\\\/\\\/megapari.games\\\/az\\\/bonus\\\/\"},{\"@type\":\"ListItem\",\"position\":3,\"name\":\"Xo\u015f g\u0259lmisiniz paketi\"}]},{\"@type\":\"WebSite\",\"@id\":\"https:\\\/\\\/megapari.games\\\/az\\\/#website\",\"url\":\"https:\\\/\\\/megapari.games\\\/az\\\/\",\"name\":\"Megapari Games az\",\"description\":\"My WordPress Blog\",\"potentialAction\":[{\"@type\":\"SearchAction\",\"target\":{\"@type\":\"EntryPoint\",\"urlTemplate\":\"https:\\\/\\\/megapari.games\\\/az\\\/?s={search_term_string}\"},\"query-input\":{\"@type\":\"PropertyValueSpecification\",\"valueRequired\":true,\"valueName\":\"search_term_string\"}}],\"inLanguage\":\"az\"}]}<\/script>\n<!-- \/ Yoast SEO plugin. -->","yoast_head_json":{"title":"Megapari Xo\u015f g\u0259lmisiniz paketi \u2705 \u0130lk iki depozit\u0259 400 AZN","description":"\u018fla bonus f\u00fcrs\u0259tini qa\u00e7\u0131rmay\u0131n! Megapari-y\u0259 qeydiyyatdan ke\u00e7in v\u0259 ilk iki depozitinizd\u0259 400 AZN bonus qazan\u0131n. Hey\u0259canl\u0131 oyunlar sizi g\u00f6zl\u0259yir \u2013 bonusunuzu gec olmadan t\u0259l\u0259b edin!","robots":{"index":"index","follow":"follow","max-snippet":"max-snippet:-1","max-image-preview":"max-image-preview:large","max-video-preview":"max-video-preview:-1"},"canonical":"https:\/\/megapari.games\/az\/bonus\/welcome-package\/","og_locale":"az_AZ","og_type":"article","og_title":"Megapari Xo\u015f g\u0259lmisiniz paketi \u2705 \u0130lk iki depozit\u0259 400 AZN","og_description":"\u018fla bonus f\u00fcrs\u0259tini qa\u00e7\u0131rmay\u0131n! Megapari-y\u0259 qeydiyyatdan ke\u00e7in v\u0259 ilk iki depozitinizd\u0259 400 AZN bonus qazan\u0131n. Hey\u0259canl\u0131 oyunlar sizi g\u00f6zl\u0259yir \u2013 bonusunuzu gec olmadan t\u0259l\u0259b edin!","og_url":"https:\/\/megapari.games\/az\/bonus\/welcome-package\/","og_site_name":"Megapari Games az","article_modified_time":"2026-02-24T15:14:48+00:00","twitter_card":"summary_large_image","schema":{"@context":"https:\/\/schema.org","@graph":[{"@type":"WebPage","@id":"https:\/\/megapari.games\/az\/bonus\/welcome-package\/","url":"https:\/\/megapari.games\/az\/bonus\/welcome-package\/","name":"Megapari Xo\u015f g\u0259lmisiniz paketi \u2705 \u0130lk iki depozit\u0259 400 AZN","isPartOf":{"@id":"https:\/\/megapari.games\/az\/#website"},"datePublished":"2025-03-27T13:37:08+00:00","dateModified":"2026-02-24T15:14:48+00:00","description":"\u018fla bonus f\u00fcrs\u0259tini qa\u00e7\u0131rmay\u0131n! Megapari-y\u0259 qeydiyyatdan ke\u00e7in v\u0259 ilk iki depozitinizd\u0259 400 AZN bonus qazan\u0131n. Hey\u0259canl\u0131 oyunlar sizi g\u00f6zl\u0259yir \u2013 bonusunuzu gec olmadan t\u0259l\u0259b edin!","breadcrumb":{"@id":"https:\/\/megapari.games\/az\/bonus\/welcome-package\/#breadcrumb"},"inLanguage":"az","potentialAction":[{"@type":"ReadAction","target":["https:\/\/megapari.games\/az\/bonus\/welcome-package\/"]}]},{"@type":"BreadcrumbList","@id":"https:\/\/megapari.games\/az\/bonus\/welcome-package\/#breadcrumb","itemListElement":[{"@type":"ListItem","position":1,"name":"\u0413\u043b\u0430\u0432\u043d\u0430\u044f \u0441\u0442\u0440\u0430\u043d\u0438\u0446\u0430","item":"https:\/\/megapari.games\/az\/"},{"@type":"ListItem","position":2,"name":"\u018flav\u0259","item":"https:\/\/megapari.games\/az\/bonus\/"},{"@type":"ListItem","position":3,"name":"Xo\u015f g\u0259lmisiniz paketi"}]},{"@type":"WebSite","@id":"https:\/\/megapari.games\/az\/#website","url":"https:\/\/megapari.games\/az\/","name":"Megapari Games az","description":"My WordPress Blog","potentialAction":[{"@type":"SearchAction","target":{"@type":"EntryPoint","urlTemplate":"https:\/\/megapari.games\/az\/?s={search_term_string}"},"query-input":{"@type":"PropertyValueSpecification","valueRequired":true,"valueName":"search_term_string"}}],"inLanguage":"az"}]}},"_links":{"self":[{"href":"https:\/\/megapari.games\/az\/wp-json\/wp\/v2\/pages\/815","targetHints":{"allow":["GET"]}}],"collection":[{"href":"https:\/\/megapari.games\/az\/wp-json\/wp\/v2\/pages"}],"about":[{"href":"https:\/\/megapari.games\/az\/wp-json\/wp\/v2\/types\/page"}],"author":[{"embeddable":true,"href":"https:\/\/megapari.games\/az\/wp-json\/wp\/v2\/users\/1"}],"replies":[{"embeddable":true,"href":"https:\/\/megapari.games\/az\/wp-json\/wp\/v2\/comments?post=815"}],"version-history":[{"count":4,"href":"https:\/\/megapari.games\/az\/wp-json\/wp\/v2\/pages\/815\/revisions"}],"predecessor-version":[{"id":1658,"href":"https:\/\/megapari.games\/az\/wp-json\/wp\/v2\/pages\/815\/revisions\/1658"}],"up":[{"embeddable":true,"href":"https:\/\/megapari.games\/az\/wp-json\/wp\/v2\/pages\/152"}],"wp:attachment":[{"href":"https:\/\/megapari.games\/az\/wp-json\/wp\/v2\/media?parent=815"}],"curies":[{"name":"wp","href":"https:\/\/api.w.org\/{rel}","templated":true}]}}