{"id":997,"date":"2025-08-07T10:41:41","date_gmt":"2025-08-07T10:41:41","guid":{"rendered":"https:\/\/megapari.games\/bf\/?page_id=997"},"modified":"2025-11-21T08:28:28","modified_gmt":"2025-11-21T08:28:28","slug":"aviator-2","status":"publish","type":"page","link":"https:\/\/megapari.games\/bf\/aviator\/","title":{"rendered":"Aviateur"},"content":{"rendered":"","protected":false},"excerpt":{"rendered":"","protected":false},"author":1,"featured_media":0,"parent":0,"menu_order":0,"comment_status":"closed","ping_status":"closed","template":"","meta":{"inline_featured_image":false,"footnotes":""},"class_list":["post-997","page","type-page","status-publish","hentry"],"yoast_head":"<!-- This site is optimized with the Yoast SEO plugin v27.3 - https:\/\/yoast.com\/product\/yoast-seo-wordpress\/ -->\n<title>Megapari Aviator \u1409 Saisissez votre chance et remportez de gros prix !<\/title>\n<meta name=\"description\" content=\"D\u00e9couvrez l&#039;univers de Megapari Burkina Faso Aviator ! Tentez votre chance dans ce jeu passionnant o\u00f9 chaque instant peut vous mener \u00e0 de gros gains. Inscrivez-vous d\u00e8s maintenant et placez votre pari d\u00e8s aujourd&#039;hui !\" \/>\n<meta name=\"robots\" content=\"index, follow, max-snippet:-1, max-image-preview:large, max-video-preview:-1\" \/>\n<link rel=\"canonical\" href=\"https:\/\/megapari.games\/bf\/aviator\/\" \/>\n<meta property=\"og:locale\" content=\"fr_FR\" \/>\n<meta property=\"og:type\" content=\"article\" \/>\n<meta property=\"og:title\" content=\"Megapari Aviator \u1409 Saisissez votre chance et remportez de gros prix !\" \/>\n<meta property=\"og:description\" content=\"D\u00e9couvrez l&#039;univers de Megapari Burkina Faso Aviator ! Tentez votre chance dans ce jeu passionnant o\u00f9 chaque instant peut vous mener \u00e0 de gros gains. Inscrivez-vous d\u00e8s maintenant et placez votre pari d\u00e8s aujourd&#039;hui !\" \/>\n<meta property=\"og:url\" content=\"https:\/\/megapari.games\/bf\/aviator\/\" \/>\n<meta property=\"og:site_name\" content=\"Megapari Games bf\" \/>\n<meta property=\"article:modified_time\" content=\"2025-11-21T08:28:28+00:00\" \/>\n<meta name=\"twitter:card\" content=\"summary_large_image\" \/>\n<script type=\"application\/ld+json\" class=\"yoast-schema-graph\">{\"@context\":\"https:\\\/\\\/schema.org\",\"@graph\":[{\"@type\":\"WebPage\",\"@id\":\"https:\\\/\\\/megapari.games\\\/bf\\\/aviator\\\/\",\"url\":\"https:\\\/\\\/megapari.games\\\/bf\\\/aviator\\\/\",\"name\":\"Megapari Aviator \u1409 Saisissez votre chance et remportez de gros prix !\",\"isPartOf\":{\"@id\":\"https:\\\/\\\/megapari.games\\\/bf\\\/#website\"},\"datePublished\":\"2025-08-07T10:41:41+00:00\",\"dateModified\":\"2025-11-21T08:28:28+00:00\",\"description\":\"D\u00e9couvrez l'univers de Megapari Burkina Faso Aviator ! Tentez votre chance dans ce jeu passionnant o\u00f9 chaque instant peut vous mener \u00e0 de gros gains. Inscrivez-vous d\u00e8s maintenant et placez votre pari d\u00e8s aujourd'hui !\",\"breadcrumb\":{\"@id\":\"https:\\\/\\\/megapari.games\\\/bf\\\/aviator\\\/#breadcrumb\"},\"inLanguage\":\"fr-BF\",\"potentialAction\":[{\"@type\":\"ReadAction\",\"target\":[\"https:\\\/\\\/megapari.games\\\/bf\\\/aviator\\\/\"]}]},{\"@type\":\"BreadcrumbList\",\"@id\":\"https:\\\/\\\/megapari.games\\\/bf\\\/aviator\\\/#breadcrumb\",\"itemListElement\":[{\"@type\":\"ListItem\",\"position\":1,\"name\":\"\u0413\u043b\u0430\u0432\u043d\u0430\u044f \u0441\u0442\u0440\u0430\u043d\u0438\u0446\u0430\",\"item\":\"https:\\\/\\\/megapari.games\\\/bf\\\/\"},{\"@type\":\"ListItem\",\"position\":2,\"name\":\"Aviateur\"}]},{\"@type\":\"WebSite\",\"@id\":\"https:\\\/\\\/megapari.games\\\/bf\\\/#website\",\"url\":\"https:\\\/\\\/megapari.games\\\/bf\\\/\",\"name\":\"Megapari Games bf\",\"description\":\"My WordPress Blog\",\"potentialAction\":[{\"@type\":\"SearchAction\",\"target\":{\"@type\":\"EntryPoint\",\"urlTemplate\":\"https:\\\/\\\/megapari.games\\\/bf\\\/?s={search_term_string}\"},\"query-input\":{\"@type\":\"PropertyValueSpecification\",\"valueRequired\":true,\"valueName\":\"search_term_string\"}}],\"inLanguage\":\"fr-BF\"}]}<\/script>\n<!-- \/ Yoast SEO plugin. -->","yoast_head_json":{"title":"Megapari Aviator \u1409 Saisissez votre chance et remportez de gros prix !","description":"D\u00e9couvrez l'univers de Megapari Burkina Faso Aviator ! Tentez votre chance dans ce jeu passionnant o\u00f9 chaque instant peut vous mener \u00e0 de gros gains. Inscrivez-vous d\u00e8s maintenant et placez votre pari d\u00e8s aujourd'hui !","robots":{"index":"index","follow":"follow","max-snippet":"max-snippet:-1","max-image-preview":"max-image-preview:large","max-video-preview":"max-video-preview:-1"},"canonical":"https:\/\/megapari.games\/bf\/aviator\/","og_locale":"fr_FR","og_type":"article","og_title":"Megapari Aviator \u1409 Saisissez votre chance et remportez de gros prix !","og_description":"D\u00e9couvrez l'univers de Megapari Burkina Faso Aviator ! Tentez votre chance dans ce jeu passionnant o\u00f9 chaque instant peut vous mener \u00e0 de gros gains. Inscrivez-vous d\u00e8s maintenant et placez votre pari d\u00e8s aujourd'hui !","og_url":"https:\/\/megapari.games\/bf\/aviator\/","og_site_name":"Megapari Games bf","article_modified_time":"2025-11-21T08:28:28+00:00","twitter_card":"summary_large_image","schema":{"@context":"https:\/\/schema.org","@graph":[{"@type":"WebPage","@id":"https:\/\/megapari.games\/bf\/aviator\/","url":"https:\/\/megapari.games\/bf\/aviator\/","name":"Megapari Aviator \u1409 Saisissez votre chance et remportez de gros prix !","isPartOf":{"@id":"https:\/\/megapari.games\/bf\/#website"},"datePublished":"2025-08-07T10:41:41+00:00","dateModified":"2025-11-21T08:28:28+00:00","description":"D\u00e9couvrez l'univers de Megapari Burkina Faso Aviator ! Tentez votre chance dans ce jeu passionnant o\u00f9 chaque instant peut vous mener \u00e0 de gros gains. Inscrivez-vous d\u00e8s maintenant et placez votre pari d\u00e8s aujourd'hui !","breadcrumb":{"@id":"https:\/\/megapari.games\/bf\/aviator\/#breadcrumb"},"inLanguage":"fr-BF","potentialAction":[{"@type":"ReadAction","target":["https:\/\/megapari.games\/bf\/aviator\/"]}]},{"@type":"BreadcrumbList","@id":"https:\/\/megapari.games\/bf\/aviator\/#breadcrumb","itemListElement":[{"@type":"ListItem","position":1,"name":"\u0413\u043b\u0430\u0432\u043d\u0430\u044f \u0441\u0442\u0440\u0430\u043d\u0438\u0446\u0430","item":"https:\/\/megapari.games\/bf\/"},{"@type":"ListItem","position":2,"name":"Aviateur"}]},{"@type":"WebSite","@id":"https:\/\/megapari.games\/bf\/#website","url":"https:\/\/megapari.games\/bf\/","name":"Megapari Games bf","description":"My WordPress Blog","potentialAction":[{"@type":"SearchAction","target":{"@type":"EntryPoint","urlTemplate":"https:\/\/megapari.games\/bf\/?s={search_term_string}"},"query-input":{"@type":"PropertyValueSpecification","valueRequired":true,"valueName":"search_term_string"}}],"inLanguage":"fr-BF"}]}},"_links":{"self":[{"href":"https:\/\/megapari.games\/bf\/wp-json\/wp\/v2\/pages\/997","targetHints":{"allow":["GET"]}}],"collection":[{"href":"https:\/\/megapari.games\/bf\/wp-json\/wp\/v2\/pages"}],"about":[{"href":"https:\/\/megapari.games\/bf\/wp-json\/wp\/v2\/types\/page"}],"author":[{"embeddable":true,"href":"https:\/\/megapari.games\/bf\/wp-json\/wp\/v2\/users\/1"}],"replies":[{"embeddable":true,"href":"https:\/\/megapari.games\/bf\/wp-json\/wp\/v2\/comments?post=997"}],"version-history":[{"count":8,"href":"https:\/\/megapari.games\/bf\/wp-json\/wp\/v2\/pages\/997\/revisions"}],"predecessor-version":[{"id":1107,"href":"https:\/\/megapari.games\/bf\/wp-json\/wp\/v2\/pages\/997\/revisions\/1107"}],"wp:attachment":[{"href":"https:\/\/megapari.games\/bf\/wp-json\/wp\/v2\/media?parent=997"}],"curies":[{"name":"wp","href":"https:\/\/api.w.org\/{rel}","templated":true}]}}