{"id":1122,"date":"2025-11-24T08:30:07","date_gmt":"2025-11-24T08:30:07","guid":{"rendered":"https:\/\/megapari.games\/?page_id=1122"},"modified":"2025-11-27T07:17:47","modified_gmt":"2025-11-27T07:17:47","slug":"tennis-betting","status":"publish","type":"page","link":"https:\/\/megapari.games\/br\/tennis-betting\/","title":{"rendered":"T\u00eanis"},"content":{"rendered":"","protected":false},"excerpt":{"rendered":"","protected":false},"author":1,"featured_media":0,"parent":0,"menu_order":0,"comment_status":"closed","ping_status":"closed","template":"","meta":{"inline_featured_image":false,"footnotes":""},"class_list":["post-1122","page","type-page","status-publish","hentry"],"yoast_head":"<!-- This site is optimized with the Yoast SEO plugin v27.3 - https:\/\/yoast.com\/product\/yoast-seo-wordpress\/ -->\n<title>Apostas em t\u00eanis na Megapari | Probabilidades e ofertas de b\u00f4nus<\/title>\n<meta name=\"description\" content=\"Apostas em t\u00eanis na Megapari Brasil: linhas abrangentes para torneios ATP, WTA e Grand Slam, estat\u00edsticas ao vivo atualizadas e ferramentas de an\u00e1lise convenientes. Conhe\u00e7a os recursos da plataforma e os programas de b\u00f4nus dispon\u00edveis.\" \/>\n<meta name=\"robots\" content=\"index, follow, max-snippet:-1, max-image-preview:large, max-video-preview:-1\" \/>\n<link rel=\"canonical\" href=\"https:\/\/megapari.games\/br\/tennis-betting\/\" \/>\n<meta property=\"og:locale\" content=\"pt_BR\" \/>\n<meta property=\"og:type\" content=\"article\" \/>\n<meta property=\"og:title\" content=\"Apostas em t\u00eanis na Megapari | Probabilidades e ofertas de b\u00f4nus\" \/>\n<meta property=\"og:description\" content=\"Apostas em t\u00eanis na Megapari Brasil: linhas abrangentes para torneios ATP, WTA e Grand Slam, estat\u00edsticas ao vivo atualizadas e ferramentas de an\u00e1lise convenientes. Conhe\u00e7a os recursos da plataforma e os programas de b\u00f4nus dispon\u00edveis.\" \/>\n<meta property=\"og:url\" content=\"https:\/\/megapari.games\/br\/tennis-betting\/\" \/>\n<meta property=\"og:site_name\" content=\"Megapari games br\" \/>\n<meta property=\"article:modified_time\" content=\"2025-11-27T07:17:47+00:00\" \/>\n<meta name=\"twitter:card\" content=\"summary_large_image\" \/>\n<script type=\"application\/ld+json\" class=\"yoast-schema-graph\">{\"@context\":\"https:\\\/\\\/schema.org\",\"@graph\":[{\"@type\":\"WebPage\",\"@id\":\"https:\\\/\\\/megapari.games\\\/br\\\/tennis-betting\\\/\",\"url\":\"https:\\\/\\\/megapari.games\\\/br\\\/tennis-betting\\\/\",\"name\":\"Apostas em t\u00eanis na Megapari | Probabilidades e ofertas de b\u00f4nus\",\"isPartOf\":{\"@id\":\"https:\\\/\\\/megapari.games\\\/br\\\/#website\"},\"datePublished\":\"2025-11-24T08:30:07+00:00\",\"dateModified\":\"2025-11-27T07:17:47+00:00\",\"description\":\"Apostas em t\u00eanis na Megapari Brasil: linhas abrangentes para torneios ATP, WTA e Grand Slam, estat\u00edsticas ao vivo atualizadas e ferramentas de an\u00e1lise convenientes. Conhe\u00e7a os recursos da plataforma e os programas de b\u00f4nus dispon\u00edveis.\",\"breadcrumb\":{\"@id\":\"https:\\\/\\\/megapari.games\\\/br\\\/tennis-betting\\\/#breadcrumb\"},\"inLanguage\":\"pt-BR\",\"potentialAction\":[{\"@type\":\"ReadAction\",\"target\":[\"https:\\\/\\\/megapari.games\\\/br\\\/tennis-betting\\\/\"]}]},{\"@type\":\"BreadcrumbList\",\"@id\":\"https:\\\/\\\/megapari.games\\\/br\\\/tennis-betting\\\/#breadcrumb\",\"itemListElement\":[{\"@type\":\"ListItem\",\"position\":1,\"name\":\"\u0413\u043b\u0430\u0432\u043d\u0430\u044f \u0441\u0442\u0440\u0430\u043d\u0438\u0446\u0430\",\"item\":\"https:\\\/\\\/megapari.games\\\/br\\\/\"},{\"@type\":\"ListItem\",\"position\":2,\"name\":\"T\u00eanis\"}]},{\"@type\":\"WebSite\",\"@id\":\"https:\\\/\\\/megapari.games\\\/br\\\/#website\",\"url\":\"https:\\\/\\\/megapari.games\\\/br\\\/\",\"name\":\"Megapari games br\",\"description\":\"My WordPress Blog\",\"potentialAction\":[{\"@type\":\"SearchAction\",\"target\":{\"@type\":\"EntryPoint\",\"urlTemplate\":\"https:\\\/\\\/megapari.games\\\/br\\\/?s={search_term_string}\"},\"query-input\":{\"@type\":\"PropertyValueSpecification\",\"valueRequired\":true,\"valueName\":\"search_term_string\"}}],\"inLanguage\":\"pt-BR\"}]}<\/script>\n<!-- \/ Yoast SEO plugin. -->","yoast_head_json":{"title":"Apostas em t\u00eanis na Megapari | Probabilidades e ofertas de b\u00f4nus","description":"Apostas em t\u00eanis na Megapari Brasil: linhas abrangentes para torneios ATP, WTA e Grand Slam, estat\u00edsticas ao vivo atualizadas e ferramentas de an\u00e1lise convenientes. Conhe\u00e7a os recursos da plataforma e os programas de b\u00f4nus dispon\u00edveis.","robots":{"index":"index","follow":"follow","max-snippet":"max-snippet:-1","max-image-preview":"max-image-preview:large","max-video-preview":"max-video-preview:-1"},"canonical":"https:\/\/megapari.games\/br\/tennis-betting\/","og_locale":"pt_BR","og_type":"article","og_title":"Apostas em t\u00eanis na Megapari | Probabilidades e ofertas de b\u00f4nus","og_description":"Apostas em t\u00eanis na Megapari Brasil: linhas abrangentes para torneios ATP, WTA e Grand Slam, estat\u00edsticas ao vivo atualizadas e ferramentas de an\u00e1lise convenientes. Conhe\u00e7a os recursos da plataforma e os programas de b\u00f4nus dispon\u00edveis.","og_url":"https:\/\/megapari.games\/br\/tennis-betting\/","og_site_name":"Megapari games br","article_modified_time":"2025-11-27T07:17:47+00:00","twitter_card":"summary_large_image","schema":{"@context":"https:\/\/schema.org","@graph":[{"@type":"WebPage","@id":"https:\/\/megapari.games\/br\/tennis-betting\/","url":"https:\/\/megapari.games\/br\/tennis-betting\/","name":"Apostas em t\u00eanis na Megapari | Probabilidades e ofertas de b\u00f4nus","isPartOf":{"@id":"https:\/\/megapari.games\/br\/#website"},"datePublished":"2025-11-24T08:30:07+00:00","dateModified":"2025-11-27T07:17:47+00:00","description":"Apostas em t\u00eanis na Megapari Brasil: linhas abrangentes para torneios ATP, WTA e Grand Slam, estat\u00edsticas ao vivo atualizadas e ferramentas de an\u00e1lise convenientes. Conhe\u00e7a os recursos da plataforma e os programas de b\u00f4nus dispon\u00edveis.","breadcrumb":{"@id":"https:\/\/megapari.games\/br\/tennis-betting\/#breadcrumb"},"inLanguage":"pt-BR","potentialAction":[{"@type":"ReadAction","target":["https:\/\/megapari.games\/br\/tennis-betting\/"]}]},{"@type":"BreadcrumbList","@id":"https:\/\/megapari.games\/br\/tennis-betting\/#breadcrumb","itemListElement":[{"@type":"ListItem","position":1,"name":"\u0413\u043b\u0430\u0432\u043d\u0430\u044f \u0441\u0442\u0440\u0430\u043d\u0438\u0446\u0430","item":"https:\/\/megapari.games\/br\/"},{"@type":"ListItem","position":2,"name":"T\u00eanis"}]},{"@type":"WebSite","@id":"https:\/\/megapari.games\/br\/#website","url":"https:\/\/megapari.games\/br\/","name":"Megapari games br","description":"My WordPress Blog","potentialAction":[{"@type":"SearchAction","target":{"@type":"EntryPoint","urlTemplate":"https:\/\/megapari.games\/br\/?s={search_term_string}"},"query-input":{"@type":"PropertyValueSpecification","valueRequired":true,"valueName":"search_term_string"}}],"inLanguage":"pt-BR"}]}},"_links":{"self":[{"href":"https:\/\/megapari.games\/br\/wp-json\/wp\/v2\/pages\/1122","targetHints":{"allow":["GET"]}}],"collection":[{"href":"https:\/\/megapari.games\/br\/wp-json\/wp\/v2\/pages"}],"about":[{"href":"https:\/\/megapari.games\/br\/wp-json\/wp\/v2\/types\/page"}],"author":[{"embeddable":true,"href":"https:\/\/megapari.games\/br\/wp-json\/wp\/v2\/users\/1"}],"replies":[{"embeddable":true,"href":"https:\/\/megapari.games\/br\/wp-json\/wp\/v2\/comments?post=1122"}],"version-history":[{"count":2,"href":"https:\/\/megapari.games\/br\/wp-json\/wp\/v2\/pages\/1122\/revisions"}],"predecessor-version":[{"id":1193,"href":"https:\/\/megapari.games\/br\/wp-json\/wp\/v2\/pages\/1122\/revisions\/1193"}],"wp:attachment":[{"href":"https:\/\/megapari.games\/br\/wp-json\/wp\/v2\/media?parent=1122"}],"curies":[{"name":"wp","href":"https:\/\/api.w.org\/{rel}","templated":true}]}}