{"id":1143,"date":"2025-11-24T10:52:55","date_gmt":"2025-11-24T10:52:55","guid":{"rendered":"https:\/\/megapari.games\/?page_id=1143"},"modified":"2025-11-27T07:20:15","modified_gmt":"2025-11-27T07:20:15","slug":"cricket-betting","status":"publish","type":"page","link":"https:\/\/megapari.games\/br\/cricket-betting\/","title":{"rendered":"Cr\u00edquete"},"content":{"rendered":"","protected":false},"excerpt":{"rendered":"","protected":false},"author":1,"featured_media":0,"parent":0,"menu_order":0,"comment_status":"closed","ping_status":"closed","template":"","meta":{"inline_featured_image":false,"footnotes":""},"class_list":["post-1143","page","type-page","status-publish","hentry"],"yoast_head":"<!-- This site is optimized with the Yoast SEO plugin v27.3 - https:\/\/yoast.com\/product\/yoast-seo-wordpress\/ -->\n<title>Megapari Apostas em cr\u00edquete | Formatos Test, ODI, T20, apostas<\/title>\n<meta name=\"description\" content=\"Apostas em cr\u00edquete na Megapari Brasil: torneios internacionais, IPL e outras ligas, escala\u00e7\u00f5es detalhadas por innings e overs, estat\u00edsticas dos jogadores e ferramentas anal\u00edticas. Conhe\u00e7a os recursos da plataforma e as ofertas de b\u00f3nus dispon\u00edveis.\" \/>\n<meta name=\"robots\" content=\"index, follow, max-snippet:-1, max-image-preview:large, max-video-preview:-1\" \/>\n<link rel=\"canonical\" href=\"https:\/\/megapari.games\/br\/cricket-betting\/\" \/>\n<meta property=\"og:locale\" content=\"pt_BR\" \/>\n<meta property=\"og:type\" content=\"article\" \/>\n<meta property=\"og:title\" content=\"Megapari Apostas em cr\u00edquete | Formatos Test, ODI, T20, apostas\" \/>\n<meta property=\"og:description\" content=\"Apostas em cr\u00edquete na Megapari Brasil: torneios internacionais, IPL e outras ligas, escala\u00e7\u00f5es detalhadas por innings e overs, estat\u00edsticas dos jogadores e ferramentas anal\u00edticas. Conhe\u00e7a os recursos da plataforma e as ofertas de b\u00f3nus dispon\u00edveis.\" \/>\n<meta property=\"og:url\" content=\"https:\/\/megapari.games\/br\/cricket-betting\/\" \/>\n<meta property=\"og:site_name\" content=\"Megapari games br\" \/>\n<meta property=\"article:modified_time\" content=\"2025-11-27T07:20:15+00:00\" \/>\n<meta name=\"twitter:card\" content=\"summary_large_image\" \/>\n<script type=\"application\/ld+json\" class=\"yoast-schema-graph\">{\"@context\":\"https:\\\/\\\/schema.org\",\"@graph\":[{\"@type\":\"WebPage\",\"@id\":\"https:\\\/\\\/megapari.games\\\/br\\\/cricket-betting\\\/\",\"url\":\"https:\\\/\\\/megapari.games\\\/br\\\/cricket-betting\\\/\",\"name\":\"Megapari Apostas em cr\u00edquete | Formatos Test, ODI, T20, apostas\",\"isPartOf\":{\"@id\":\"https:\\\/\\\/megapari.games\\\/br\\\/#website\"},\"datePublished\":\"2025-11-24T10:52:55+00:00\",\"dateModified\":\"2025-11-27T07:20:15+00:00\",\"description\":\"Apostas em cr\u00edquete na Megapari Brasil: torneios internacionais, IPL e outras ligas, escala\u00e7\u00f5es detalhadas por innings e overs, estat\u00edsticas dos jogadores e ferramentas anal\u00edticas. Conhe\u00e7a os recursos da plataforma e as ofertas de b\u00f3nus dispon\u00edveis.\",\"breadcrumb\":{\"@id\":\"https:\\\/\\\/megapari.games\\\/br\\\/cricket-betting\\\/#breadcrumb\"},\"inLanguage\":\"pt-BR\",\"potentialAction\":[{\"@type\":\"ReadAction\",\"target\":[\"https:\\\/\\\/megapari.games\\\/br\\\/cricket-betting\\\/\"]}]},{\"@type\":\"BreadcrumbList\",\"@id\":\"https:\\\/\\\/megapari.games\\\/br\\\/cricket-betting\\\/#breadcrumb\",\"itemListElement\":[{\"@type\":\"ListItem\",\"position\":1,\"name\":\"\u0413\u043b\u0430\u0432\u043d\u0430\u044f \u0441\u0442\u0440\u0430\u043d\u0438\u0446\u0430\",\"item\":\"https:\\\/\\\/megapari.games\\\/br\\\/\"},{\"@type\":\"ListItem\",\"position\":2,\"name\":\"Cr\u00edquete\"}]},{\"@type\":\"WebSite\",\"@id\":\"https:\\\/\\\/megapari.games\\\/br\\\/#website\",\"url\":\"https:\\\/\\\/megapari.games\\\/br\\\/\",\"name\":\"Megapari games br\",\"description\":\"My WordPress Blog\",\"potentialAction\":[{\"@type\":\"SearchAction\",\"target\":{\"@type\":\"EntryPoint\",\"urlTemplate\":\"https:\\\/\\\/megapari.games\\\/br\\\/?s={search_term_string}\"},\"query-input\":{\"@type\":\"PropertyValueSpecification\",\"valueRequired\":true,\"valueName\":\"search_term_string\"}}],\"inLanguage\":\"pt-BR\"}]}<\/script>\n<!-- \/ Yoast SEO plugin. -->","yoast_head_json":{"title":"Megapari Apostas em cr\u00edquete | Formatos Test, ODI, T20, apostas","description":"Apostas em cr\u00edquete na Megapari Brasil: torneios internacionais, IPL e outras ligas, escala\u00e7\u00f5es detalhadas por innings e overs, estat\u00edsticas dos jogadores e ferramentas anal\u00edticas. Conhe\u00e7a os recursos da plataforma e as ofertas de b\u00f3nus dispon\u00edveis.","robots":{"index":"index","follow":"follow","max-snippet":"max-snippet:-1","max-image-preview":"max-image-preview:large","max-video-preview":"max-video-preview:-1"},"canonical":"https:\/\/megapari.games\/br\/cricket-betting\/","og_locale":"pt_BR","og_type":"article","og_title":"Megapari Apostas em cr\u00edquete | Formatos Test, ODI, T20, apostas","og_description":"Apostas em cr\u00edquete na Megapari Brasil: torneios internacionais, IPL e outras ligas, escala\u00e7\u00f5es detalhadas por innings e overs, estat\u00edsticas dos jogadores e ferramentas anal\u00edticas. Conhe\u00e7a os recursos da plataforma e as ofertas de b\u00f3nus dispon\u00edveis.","og_url":"https:\/\/megapari.games\/br\/cricket-betting\/","og_site_name":"Megapari games br","article_modified_time":"2025-11-27T07:20:15+00:00","twitter_card":"summary_large_image","schema":{"@context":"https:\/\/schema.org","@graph":[{"@type":"WebPage","@id":"https:\/\/megapari.games\/br\/cricket-betting\/","url":"https:\/\/megapari.games\/br\/cricket-betting\/","name":"Megapari Apostas em cr\u00edquete | Formatos Test, ODI, T20, apostas","isPartOf":{"@id":"https:\/\/megapari.games\/br\/#website"},"datePublished":"2025-11-24T10:52:55+00:00","dateModified":"2025-11-27T07:20:15+00:00","description":"Apostas em cr\u00edquete na Megapari Brasil: torneios internacionais, IPL e outras ligas, escala\u00e7\u00f5es detalhadas por innings e overs, estat\u00edsticas dos jogadores e ferramentas anal\u00edticas. Conhe\u00e7a os recursos da plataforma e as ofertas de b\u00f3nus dispon\u00edveis.","breadcrumb":{"@id":"https:\/\/megapari.games\/br\/cricket-betting\/#breadcrumb"},"inLanguage":"pt-BR","potentialAction":[{"@type":"ReadAction","target":["https:\/\/megapari.games\/br\/cricket-betting\/"]}]},{"@type":"BreadcrumbList","@id":"https:\/\/megapari.games\/br\/cricket-betting\/#breadcrumb","itemListElement":[{"@type":"ListItem","position":1,"name":"\u0413\u043b\u0430\u0432\u043d\u0430\u044f \u0441\u0442\u0440\u0430\u043d\u0438\u0446\u0430","item":"https:\/\/megapari.games\/br\/"},{"@type":"ListItem","position":2,"name":"Cr\u00edquete"}]},{"@type":"WebSite","@id":"https:\/\/megapari.games\/br\/#website","url":"https:\/\/megapari.games\/br\/","name":"Megapari games br","description":"My WordPress Blog","potentialAction":[{"@type":"SearchAction","target":{"@type":"EntryPoint","urlTemplate":"https:\/\/megapari.games\/br\/?s={search_term_string}"},"query-input":{"@type":"PropertyValueSpecification","valueRequired":true,"valueName":"search_term_string"}}],"inLanguage":"pt-BR"}]}},"_links":{"self":[{"href":"https:\/\/megapari.games\/br\/wp-json\/wp\/v2\/pages\/1143","targetHints":{"allow":["GET"]}}],"collection":[{"href":"https:\/\/megapari.games\/br\/wp-json\/wp\/v2\/pages"}],"about":[{"href":"https:\/\/megapari.games\/br\/wp-json\/wp\/v2\/types\/page"}],"author":[{"embeddable":true,"href":"https:\/\/megapari.games\/br\/wp-json\/wp\/v2\/users\/1"}],"replies":[{"embeddable":true,"href":"https:\/\/megapari.games\/br\/wp-json\/wp\/v2\/comments?post=1143"}],"version-history":[{"count":4,"href":"https:\/\/megapari.games\/br\/wp-json\/wp\/v2\/pages\/1143\/revisions"}],"predecessor-version":[{"id":1196,"href":"https:\/\/megapari.games\/br\/wp-json\/wp\/v2\/pages\/1143\/revisions\/1196"}],"wp:attachment":[{"href":"https:\/\/megapari.games\/br\/wp-json\/wp\/v2\/media?parent=1143"}],"curies":[{"name":"wp","href":"https:\/\/api.w.org\/{rel}","templated":true}]}}