{"id":656,"date":"2024-10-18T10:54:32","date_gmt":"2024-10-18T10:54:32","guid":{"rendered":"https:\/\/megapari.games\/br\/?page_id=656"},"modified":"2025-11-27T07:11:49","modified_gmt":"2025-11-27T07:11:49","slug":"promo-code","status":"publish","type":"page","link":"https:\/\/megapari.games\/br\/promo-code\/","title":{"rendered":"Promo Code"},"content":{"rendered":"","protected":false},"excerpt":{"rendered":"","protected":false},"author":1,"featured_media":0,"parent":0,"menu_order":0,"comment_status":"closed","ping_status":"closed","template":"","meta":{"inline_featured_image":false,"footnotes":""},"class_list":["post-656","page","type-page","status-publish","hentry"],"yoast_head":"<!-- This site is optimized with the Yoast SEO plugin v27.4 - https:\/\/yoast.com\/product\/yoast-seo-wordpress\/ -->\n<title>Megapari C\u00f3digo Promocional Receba seu b\u00f4nus de 100% hoje!<\/title>\n<meta name=\"description\" content=\"Pronto para melhorar seu jogo de apostas? Pegue o melhor c\u00f3digo promocional da Megapari Brasil agora e ganhe um incr\u00edvel b\u00f4nus de 100%! N\u00e3o perca a chance - sua sequ\u00eancia de vit\u00f3rias come\u00e7a agora!\" \/>\n<meta name=\"robots\" content=\"index, follow, max-snippet:-1, max-image-preview:large, max-video-preview:-1\" \/>\n<link rel=\"canonical\" href=\"https:\/\/megapari.games\/br\/promo-code\/\" \/>\n<meta property=\"og:locale\" content=\"pt_BR\" \/>\n<meta property=\"og:type\" content=\"article\" \/>\n<meta property=\"og:title\" content=\"Megapari C\u00f3digo Promocional Receba seu b\u00f4nus de 100% hoje!\" \/>\n<meta property=\"og:description\" content=\"Pronto para melhorar seu jogo de apostas? Pegue o melhor c\u00f3digo promocional da Megapari Brasil agora e ganhe um incr\u00edvel b\u00f4nus de 100%! N\u00e3o perca a chance - sua sequ\u00eancia de vit\u00f3rias come\u00e7a agora!\" \/>\n<meta property=\"og:url\" content=\"https:\/\/megapari.games\/br\/promo-code\/\" \/>\n<meta property=\"og:site_name\" content=\"Megapari games br\" \/>\n<meta property=\"article:modified_time\" content=\"2025-11-27T07:11:49+00:00\" \/>\n<meta name=\"twitter:card\" content=\"summary_large_image\" \/>\n<script type=\"application\/ld+json\" class=\"yoast-schema-graph\">{\"@context\":\"https:\\\/\\\/schema.org\",\"@graph\":[{\"@type\":\"WebPage\",\"@id\":\"https:\\\/\\\/megapari.games\\\/br\\\/promo-code\\\/\",\"url\":\"https:\\\/\\\/megapari.games\\\/br\\\/promo-code\\\/\",\"name\":\"Megapari C\u00f3digo Promocional Receba seu b\u00f4nus de 100% hoje!\",\"isPartOf\":{\"@id\":\"https:\\\/\\\/megapari.games\\\/br\\\/#website\"},\"datePublished\":\"2024-10-18T10:54:32+00:00\",\"dateModified\":\"2025-11-27T07:11:49+00:00\",\"description\":\"Pronto para melhorar seu jogo de apostas? Pegue o melhor c\u00f3digo promocional da Megapari Brasil agora e ganhe um incr\u00edvel b\u00f4nus de 100%! N\u00e3o perca a chance - sua sequ\u00eancia de vit\u00f3rias come\u00e7a agora!\",\"breadcrumb\":{\"@id\":\"https:\\\/\\\/megapari.games\\\/br\\\/promo-code\\\/#breadcrumb\"},\"inLanguage\":\"pt-BR\",\"potentialAction\":[{\"@type\":\"ReadAction\",\"target\":[\"https:\\\/\\\/megapari.games\\\/br\\\/promo-code\\\/\"]}]},{\"@type\":\"BreadcrumbList\",\"@id\":\"https:\\\/\\\/megapari.games\\\/br\\\/promo-code\\\/#breadcrumb\",\"itemListElement\":[{\"@type\":\"ListItem\",\"position\":1,\"name\":\"\u0413\u043b\u0430\u0432\u043d\u0430\u044f \u0441\u0442\u0440\u0430\u043d\u0438\u0446\u0430\",\"item\":\"https:\\\/\\\/megapari.games\\\/br\\\/\"},{\"@type\":\"ListItem\",\"position\":2,\"name\":\"Promo Code\"}]},{\"@type\":\"WebSite\",\"@id\":\"https:\\\/\\\/megapari.games\\\/br\\\/#website\",\"url\":\"https:\\\/\\\/megapari.games\\\/br\\\/\",\"name\":\"Megapari games br\",\"description\":\"My WordPress Blog\",\"potentialAction\":[{\"@type\":\"SearchAction\",\"target\":{\"@type\":\"EntryPoint\",\"urlTemplate\":\"https:\\\/\\\/megapari.games\\\/br\\\/?s={search_term_string}\"},\"query-input\":{\"@type\":\"PropertyValueSpecification\",\"valueRequired\":true,\"valueName\":\"search_term_string\"}}],\"inLanguage\":\"pt-BR\"}]}<\/script>\n<!-- \/ Yoast SEO plugin. -->","yoast_head_json":{"title":"Megapari C\u00f3digo Promocional Receba seu b\u00f4nus de 100% hoje!","description":"Pronto para melhorar seu jogo de apostas? Pegue o melhor c\u00f3digo promocional da Megapari Brasil agora e ganhe um incr\u00edvel b\u00f4nus de 100%! N\u00e3o perca a chance - sua sequ\u00eancia de vit\u00f3rias come\u00e7a agora!","robots":{"index":"index","follow":"follow","max-snippet":"max-snippet:-1","max-image-preview":"max-image-preview:large","max-video-preview":"max-video-preview:-1"},"canonical":"https:\/\/megapari.games\/br\/promo-code\/","og_locale":"pt_BR","og_type":"article","og_title":"Megapari C\u00f3digo Promocional Receba seu b\u00f4nus de 100% hoje!","og_description":"Pronto para melhorar seu jogo de apostas? Pegue o melhor c\u00f3digo promocional da Megapari Brasil agora e ganhe um incr\u00edvel b\u00f4nus de 100%! N\u00e3o perca a chance - sua sequ\u00eancia de vit\u00f3rias come\u00e7a agora!","og_url":"https:\/\/megapari.games\/br\/promo-code\/","og_site_name":"Megapari games br","article_modified_time":"2025-11-27T07:11:49+00:00","twitter_card":"summary_large_image","schema":{"@context":"https:\/\/schema.org","@graph":[{"@type":"WebPage","@id":"https:\/\/megapari.games\/br\/promo-code\/","url":"https:\/\/megapari.games\/br\/promo-code\/","name":"Megapari C\u00f3digo Promocional Receba seu b\u00f4nus de 100% hoje!","isPartOf":{"@id":"https:\/\/megapari.games\/br\/#website"},"datePublished":"2024-10-18T10:54:32+00:00","dateModified":"2025-11-27T07:11:49+00:00","description":"Pronto para melhorar seu jogo de apostas? Pegue o melhor c\u00f3digo promocional da Megapari Brasil agora e ganhe um incr\u00edvel b\u00f4nus de 100%! N\u00e3o perca a chance - sua sequ\u00eancia de vit\u00f3rias come\u00e7a agora!","breadcrumb":{"@id":"https:\/\/megapari.games\/br\/promo-code\/#breadcrumb"},"inLanguage":"pt-BR","potentialAction":[{"@type":"ReadAction","target":["https:\/\/megapari.games\/br\/promo-code\/"]}]},{"@type":"BreadcrumbList","@id":"https:\/\/megapari.games\/br\/promo-code\/#breadcrumb","itemListElement":[{"@type":"ListItem","position":1,"name":"\u0413\u043b\u0430\u0432\u043d\u0430\u044f \u0441\u0442\u0440\u0430\u043d\u0438\u0446\u0430","item":"https:\/\/megapari.games\/br\/"},{"@type":"ListItem","position":2,"name":"Promo Code"}]},{"@type":"WebSite","@id":"https:\/\/megapari.games\/br\/#website","url":"https:\/\/megapari.games\/br\/","name":"Megapari games br","description":"My WordPress Blog","potentialAction":[{"@type":"SearchAction","target":{"@type":"EntryPoint","urlTemplate":"https:\/\/megapari.games\/br\/?s={search_term_string}"},"query-input":{"@type":"PropertyValueSpecification","valueRequired":true,"valueName":"search_term_string"}}],"inLanguage":"pt-BR"}]}},"_links":{"self":[{"href":"https:\/\/megapari.games\/br\/wp-json\/wp\/v2\/pages\/656","targetHints":{"allow":["GET"]}}],"collection":[{"href":"https:\/\/megapari.games\/br\/wp-json\/wp\/v2\/pages"}],"about":[{"href":"https:\/\/megapari.games\/br\/wp-json\/wp\/v2\/types\/page"}],"author":[{"embeddable":true,"href":"https:\/\/megapari.games\/br\/wp-json\/wp\/v2\/users\/1"}],"replies":[{"embeddable":true,"href":"https:\/\/megapari.games\/br\/wp-json\/wp\/v2\/comments?post=656"}],"version-history":[{"count":2,"href":"https:\/\/megapari.games\/br\/wp-json\/wp\/v2\/pages\/656\/revisions"}],"predecessor-version":[{"id":1187,"href":"https:\/\/megapari.games\/br\/wp-json\/wp\/v2\/pages\/656\/revisions\/1187"}],"wp:attachment":[{"href":"https:\/\/megapari.games\/br\/wp-json\/wp\/v2\/media?parent=656"}],"curies":[{"name":"wp","href":"https:\/\/api.w.org\/{rel}","templated":true}]}}