{"id":776,"date":"2025-03-27T08:52:05","date_gmt":"2025-03-27T08:52:05","guid":{"rendered":"https:\/\/megapari.games\/?page_id=776"},"modified":"2025-11-27T04:50:52","modified_gmt":"2025-11-27T04:50:52","slug":"first-deposit","status":"publish","type":"page","link":"https:\/\/megapari.games\/br\/first-deposit\/","title":{"rendered":"Primeiro dep\u00f3sito"},"content":{"rendered":"","protected":false},"excerpt":{"rendered":"","protected":false},"author":1,"featured_media":0,"parent":152,"menu_order":0,"comment_status":"closed","ping_status":"closed","template":"","meta":{"inline_featured_image":false,"footnotes":""},"class_list":["post-776","page","type-page","status-publish","hentry"],"yoast_head":"<!-- This site is optimized with the Yoast SEO plugin v27.3 - https:\/\/yoast.com\/product\/yoast-seo-wordpress\/ -->\n<title>Megapari Pacote de boas-vindas \u1409 R$ 9.200 + 150 rodadas gr\u00e1tis<\/title>\n<meta name=\"description\" content=\"N\u00e3o perca esta oportunidade! Cadastre-se no Megapari e receba um impressionante Pacote de Boas-Vindas de at\u00e9 9200 BRL + 150 rodadas gr\u00e1tis! Jogos emocionantes e b\u00f3nus incompar\u00e1veis est\u00e3o \u00e0 sua espera. Jogue com intelig\u00eancia - ganhe com emo\u00e7\u00e3o!\" \/>\n<meta name=\"robots\" content=\"index, follow, max-snippet:-1, max-image-preview:large, max-video-preview:-1\" \/>\n<link rel=\"canonical\" href=\"https:\/\/megapari.games\/br\/first-deposit\/\" \/>\n<meta property=\"og:locale\" content=\"pt_BR\" \/>\n<meta property=\"og:type\" content=\"article\" \/>\n<meta property=\"og:title\" content=\"Megapari Pacote de boas-vindas \u1409 R$ 9.200 + 150 rodadas gr\u00e1tis\" \/>\n<meta property=\"og:description\" content=\"N\u00e3o perca esta oportunidade! Cadastre-se no Megapari e receba um impressionante Pacote de Boas-Vindas de at\u00e9 9200 BRL + 150 rodadas gr\u00e1tis! Jogos emocionantes e b\u00f3nus incompar\u00e1veis est\u00e3o \u00e0 sua espera. Jogue com intelig\u00eancia - ganhe com emo\u00e7\u00e3o!\" \/>\n<meta property=\"og:url\" content=\"https:\/\/megapari.games\/br\/first-deposit\/\" \/>\n<meta property=\"og:site_name\" content=\"Megapari games br\" \/>\n<meta property=\"article:modified_time\" content=\"2025-11-27T04:50:52+00:00\" \/>\n<meta name=\"twitter:card\" content=\"summary_large_image\" \/>\n<script type=\"application\/ld+json\" class=\"yoast-schema-graph\">{\"@context\":\"https:\\\/\\\/schema.org\",\"@graph\":[{\"@type\":\"WebPage\",\"@id\":\"https:\\\/\\\/megapari.games\\\/br\\\/first-deposit\\\/\",\"url\":\"https:\\\/\\\/megapari.games\\\/br\\\/first-deposit\\\/\",\"name\":\"Megapari Pacote de boas-vindas \u1409 R$ 9.200 + 150 rodadas gr\u00e1tis\",\"isPartOf\":{\"@id\":\"https:\\\/\\\/megapari.games\\\/br\\\/#website\"},\"datePublished\":\"2025-03-27T08:52:05+00:00\",\"dateModified\":\"2025-11-27T04:50:52+00:00\",\"description\":\"N\u00e3o perca esta oportunidade! Cadastre-se no Megapari e receba um impressionante Pacote de Boas-Vindas de at\u00e9 9200 BRL + 150 rodadas gr\u00e1tis! Jogos emocionantes e b\u00f3nus incompar\u00e1veis est\u00e3o \u00e0 sua espera. Jogue com intelig\u00eancia - ganhe com emo\u00e7\u00e3o!\",\"breadcrumb\":{\"@id\":\"https:\\\/\\\/megapari.games\\\/br\\\/first-deposit\\\/#breadcrumb\"},\"inLanguage\":\"pt-BR\",\"potentialAction\":[{\"@type\":\"ReadAction\",\"target\":[\"https:\\\/\\\/megapari.games\\\/br\\\/first-deposit\\\/\"]}]},{\"@type\":\"BreadcrumbList\",\"@id\":\"https:\\\/\\\/megapari.games\\\/br\\\/first-deposit\\\/#breadcrumb\",\"itemListElement\":[{\"@type\":\"ListItem\",\"position\":1,\"name\":\"\u0413\u043b\u0430\u0432\u043d\u0430\u044f \u0441\u0442\u0440\u0430\u043d\u0438\u0446\u0430\",\"item\":\"https:\\\/\\\/megapari.games\\\/br\\\/\"},{\"@type\":\"ListItem\",\"position\":2,\"name\":\"B\u00f4nus\",\"item\":\"https:\\\/\\\/megapari.games\\\/br\\\/bonus\\\/\"},{\"@type\":\"ListItem\",\"position\":3,\"name\":\"Primeiro dep\u00f3sito\"}]},{\"@type\":\"WebSite\",\"@id\":\"https:\\\/\\\/megapari.games\\\/br\\\/#website\",\"url\":\"https:\\\/\\\/megapari.games\\\/br\\\/\",\"name\":\"Megapari games br\",\"description\":\"My WordPress Blog\",\"potentialAction\":[{\"@type\":\"SearchAction\",\"target\":{\"@type\":\"EntryPoint\",\"urlTemplate\":\"https:\\\/\\\/megapari.games\\\/br\\\/?s={search_term_string}\"},\"query-input\":{\"@type\":\"PropertyValueSpecification\",\"valueRequired\":true,\"valueName\":\"search_term_string\"}}],\"inLanguage\":\"pt-BR\"}]}<\/script>\n<!-- \/ Yoast SEO plugin. -->","yoast_head_json":{"title":"Megapari Pacote de boas-vindas \u1409 R$ 9.200 + 150 rodadas gr\u00e1tis","description":"N\u00e3o perca esta oportunidade! Cadastre-se no Megapari e receba um impressionante Pacote de Boas-Vindas de at\u00e9 9200 BRL + 150 rodadas gr\u00e1tis! Jogos emocionantes e b\u00f3nus incompar\u00e1veis est\u00e3o \u00e0 sua espera. Jogue com intelig\u00eancia - ganhe com emo\u00e7\u00e3o!","robots":{"index":"index","follow":"follow","max-snippet":"max-snippet:-1","max-image-preview":"max-image-preview:large","max-video-preview":"max-video-preview:-1"},"canonical":"https:\/\/megapari.games\/br\/first-deposit\/","og_locale":"pt_BR","og_type":"article","og_title":"Megapari Pacote de boas-vindas \u1409 R$ 9.200 + 150 rodadas gr\u00e1tis","og_description":"N\u00e3o perca esta oportunidade! Cadastre-se no Megapari e receba um impressionante Pacote de Boas-Vindas de at\u00e9 9200 BRL + 150 rodadas gr\u00e1tis! Jogos emocionantes e b\u00f3nus incompar\u00e1veis est\u00e3o \u00e0 sua espera. Jogue com intelig\u00eancia - ganhe com emo\u00e7\u00e3o!","og_url":"https:\/\/megapari.games\/br\/first-deposit\/","og_site_name":"Megapari games br","article_modified_time":"2025-11-27T04:50:52+00:00","twitter_card":"summary_large_image","schema":{"@context":"https:\/\/schema.org","@graph":[{"@type":"WebPage","@id":"https:\/\/megapari.games\/br\/first-deposit\/","url":"https:\/\/megapari.games\/br\/first-deposit\/","name":"Megapari Pacote de boas-vindas \u1409 R$ 9.200 + 150 rodadas gr\u00e1tis","isPartOf":{"@id":"https:\/\/megapari.games\/br\/#website"},"datePublished":"2025-03-27T08:52:05+00:00","dateModified":"2025-11-27T04:50:52+00:00","description":"N\u00e3o perca esta oportunidade! Cadastre-se no Megapari e receba um impressionante Pacote de Boas-Vindas de at\u00e9 9200 BRL + 150 rodadas gr\u00e1tis! Jogos emocionantes e b\u00f3nus incompar\u00e1veis est\u00e3o \u00e0 sua espera. Jogue com intelig\u00eancia - ganhe com emo\u00e7\u00e3o!","breadcrumb":{"@id":"https:\/\/megapari.games\/br\/first-deposit\/#breadcrumb"},"inLanguage":"pt-BR","potentialAction":[{"@type":"ReadAction","target":["https:\/\/megapari.games\/br\/first-deposit\/"]}]},{"@type":"BreadcrumbList","@id":"https:\/\/megapari.games\/br\/first-deposit\/#breadcrumb","itemListElement":[{"@type":"ListItem","position":1,"name":"\u0413\u043b\u0430\u0432\u043d\u0430\u044f \u0441\u0442\u0440\u0430\u043d\u0438\u0446\u0430","item":"https:\/\/megapari.games\/br\/"},{"@type":"ListItem","position":2,"name":"B\u00f4nus","item":"https:\/\/megapari.games\/br\/bonus\/"},{"@type":"ListItem","position":3,"name":"Primeiro dep\u00f3sito"}]},{"@type":"WebSite","@id":"https:\/\/megapari.games\/br\/#website","url":"https:\/\/megapari.games\/br\/","name":"Megapari games br","description":"My WordPress Blog","potentialAction":[{"@type":"SearchAction","target":{"@type":"EntryPoint","urlTemplate":"https:\/\/megapari.games\/br\/?s={search_term_string}"},"query-input":{"@type":"PropertyValueSpecification","valueRequired":true,"valueName":"search_term_string"}}],"inLanguage":"pt-BR"}]}},"_links":{"self":[{"href":"https:\/\/megapari.games\/br\/wp-json\/wp\/v2\/pages\/776","targetHints":{"allow":["GET"]}}],"collection":[{"href":"https:\/\/megapari.games\/br\/wp-json\/wp\/v2\/pages"}],"about":[{"href":"https:\/\/megapari.games\/br\/wp-json\/wp\/v2\/types\/page"}],"author":[{"embeddable":true,"href":"https:\/\/megapari.games\/br\/wp-json\/wp\/v2\/users\/1"}],"replies":[{"embeddable":true,"href":"https:\/\/megapari.games\/br\/wp-json\/wp\/v2\/comments?post=776"}],"version-history":[{"count":3,"href":"https:\/\/megapari.games\/br\/wp-json\/wp\/v2\/pages\/776\/revisions"}],"predecessor-version":[{"id":818,"href":"https:\/\/megapari.games\/br\/wp-json\/wp\/v2\/pages\/776\/revisions\/818"}],"up":[{"embeddable":true,"href":"https:\/\/megapari.games\/br\/wp-json\/wp\/v2\/pages\/152"}],"wp:attachment":[{"href":"https:\/\/megapari.games\/br\/wp-json\/wp\/v2\/media?parent=776"}],"curies":[{"name":"wp","href":"https:\/\/api.w.org\/{rel}","templated":true}]}}