{"id":808,"date":"2025-03-27T12:22:37","date_gmt":"2025-03-27T12:22:37","guid":{"rendered":"https:\/\/megapari.games\/?page_id=799"},"modified":"2025-11-27T04:57:55","modified_gmt":"2025-11-27T04:57:55","slug":"losing-bets","status":"publish","type":"page","link":"https:\/\/megapari.games\/br\/losing-bets\/","title":{"rendered":"Apostas perdidas"},"content":{"rendered":"","protected":false},"excerpt":{"rendered":"","protected":false},"author":1,"featured_media":0,"parent":152,"menu_order":0,"comment_status":"closed","ping_status":"closed","template":"","meta":{"inline_featured_image":false,"footnotes":""},"class_list":["post-808","page","type-page","status-publish","hentry"],"yoast_head":"<!-- This site is optimized with the Yoast SEO plugin v27.3 - https:\/\/yoast.com\/product\/yoast-seo-wordpress\/ -->\n<title>Megapari Apostas perdidas \u1409 apoio a jogadores com apostas ruins<\/title>\n<meta name=\"description\" content=\"Perdeu nas apostas? N\u00e3o desista! A Megapari oferece um b\u00f3nus incompar\u00e1vel para jogadores em mar\u00e9 de azar. Obtenha apoio em momentos dif\u00edceis e recupere a sua confian\u00e7a - o mundo das apostas est\u00e1 \u00e0 sua espera!\" \/>\n<meta name=\"robots\" content=\"index, follow, max-snippet:-1, max-image-preview:large, max-video-preview:-1\" \/>\n<link rel=\"canonical\" href=\"https:\/\/megapari.games\/br\/losing-bets\/\" \/>\n<meta property=\"og:locale\" content=\"pt_BR\" \/>\n<meta property=\"og:type\" content=\"article\" \/>\n<meta property=\"og:title\" content=\"Megapari Apostas perdidas \u1409 apoio a jogadores com apostas ruins\" \/>\n<meta property=\"og:description\" content=\"Perdeu nas apostas? N\u00e3o desista! A Megapari oferece um b\u00f3nus incompar\u00e1vel para jogadores em mar\u00e9 de azar. Obtenha apoio em momentos dif\u00edceis e recupere a sua confian\u00e7a - o mundo das apostas est\u00e1 \u00e0 sua espera!\" \/>\n<meta property=\"og:url\" content=\"https:\/\/megapari.games\/br\/losing-bets\/\" \/>\n<meta property=\"og:site_name\" content=\"Megapari games br\" \/>\n<meta property=\"article:modified_time\" content=\"2025-11-27T04:57:55+00:00\" \/>\n<meta name=\"twitter:card\" content=\"summary_large_image\" \/>\n<script type=\"application\/ld+json\" class=\"yoast-schema-graph\">{\"@context\":\"https:\\\/\\\/schema.org\",\"@graph\":[{\"@type\":\"WebPage\",\"@id\":\"https:\\\/\\\/megapari.games\\\/br\\\/losing-bets\\\/\",\"url\":\"https:\\\/\\\/megapari.games\\\/br\\\/losing-bets\\\/\",\"name\":\"Megapari Apostas perdidas \u1409 apoio a jogadores com apostas ruins\",\"isPartOf\":{\"@id\":\"https:\\\/\\\/megapari.games\\\/br\\\/#website\"},\"datePublished\":\"2025-03-27T12:22:37+00:00\",\"dateModified\":\"2025-11-27T04:57:55+00:00\",\"description\":\"Perdeu nas apostas? N\u00e3o desista! A Megapari oferece um b\u00f3nus incompar\u00e1vel para jogadores em mar\u00e9 de azar. Obtenha apoio em momentos dif\u00edceis e recupere a sua confian\u00e7a - o mundo das apostas est\u00e1 \u00e0 sua espera!\",\"breadcrumb\":{\"@id\":\"https:\\\/\\\/megapari.games\\\/br\\\/losing-bets\\\/#breadcrumb\"},\"inLanguage\":\"pt-BR\",\"potentialAction\":[{\"@type\":\"ReadAction\",\"target\":[\"https:\\\/\\\/megapari.games\\\/br\\\/losing-bets\\\/\"]}]},{\"@type\":\"BreadcrumbList\",\"@id\":\"https:\\\/\\\/megapari.games\\\/br\\\/losing-bets\\\/#breadcrumb\",\"itemListElement\":[{\"@type\":\"ListItem\",\"position\":1,\"name\":\"\u0413\u043b\u0430\u0432\u043d\u0430\u044f \u0441\u0442\u0440\u0430\u043d\u0438\u0446\u0430\",\"item\":\"https:\\\/\\\/megapari.games\\\/br\\\/\"},{\"@type\":\"ListItem\",\"position\":2,\"name\":\"B\u00f4nus\",\"item\":\"https:\\\/\\\/megapari.games\\\/br\\\/bonus\\\/\"},{\"@type\":\"ListItem\",\"position\":3,\"name\":\"Apostas perdidas\"}]},{\"@type\":\"WebSite\",\"@id\":\"https:\\\/\\\/megapari.games\\\/br\\\/#website\",\"url\":\"https:\\\/\\\/megapari.games\\\/br\\\/\",\"name\":\"Megapari games br\",\"description\":\"My WordPress Blog\",\"potentialAction\":[{\"@type\":\"SearchAction\",\"target\":{\"@type\":\"EntryPoint\",\"urlTemplate\":\"https:\\\/\\\/megapari.games\\\/br\\\/?s={search_term_string}\"},\"query-input\":{\"@type\":\"PropertyValueSpecification\",\"valueRequired\":true,\"valueName\":\"search_term_string\"}}],\"inLanguage\":\"pt-BR\"}]}<\/script>\n<!-- \/ Yoast SEO plugin. -->","yoast_head_json":{"title":"Megapari Apostas perdidas \u1409 apoio a jogadores com apostas ruins","description":"Perdeu nas apostas? N\u00e3o desista! A Megapari oferece um b\u00f3nus incompar\u00e1vel para jogadores em mar\u00e9 de azar. Obtenha apoio em momentos dif\u00edceis e recupere a sua confian\u00e7a - o mundo das apostas est\u00e1 \u00e0 sua espera!","robots":{"index":"index","follow":"follow","max-snippet":"max-snippet:-1","max-image-preview":"max-image-preview:large","max-video-preview":"max-video-preview:-1"},"canonical":"https:\/\/megapari.games\/br\/losing-bets\/","og_locale":"pt_BR","og_type":"article","og_title":"Megapari Apostas perdidas \u1409 apoio a jogadores com apostas ruins","og_description":"Perdeu nas apostas? N\u00e3o desista! A Megapari oferece um b\u00f3nus incompar\u00e1vel para jogadores em mar\u00e9 de azar. Obtenha apoio em momentos dif\u00edceis e recupere a sua confian\u00e7a - o mundo das apostas est\u00e1 \u00e0 sua espera!","og_url":"https:\/\/megapari.games\/br\/losing-bets\/","og_site_name":"Megapari games br","article_modified_time":"2025-11-27T04:57:55+00:00","twitter_card":"summary_large_image","schema":{"@context":"https:\/\/schema.org","@graph":[{"@type":"WebPage","@id":"https:\/\/megapari.games\/br\/losing-bets\/","url":"https:\/\/megapari.games\/br\/losing-bets\/","name":"Megapari Apostas perdidas \u1409 apoio a jogadores com apostas ruins","isPartOf":{"@id":"https:\/\/megapari.games\/br\/#website"},"datePublished":"2025-03-27T12:22:37+00:00","dateModified":"2025-11-27T04:57:55+00:00","description":"Perdeu nas apostas? N\u00e3o desista! A Megapari oferece um b\u00f3nus incompar\u00e1vel para jogadores em mar\u00e9 de azar. Obtenha apoio em momentos dif\u00edceis e recupere a sua confian\u00e7a - o mundo das apostas est\u00e1 \u00e0 sua espera!","breadcrumb":{"@id":"https:\/\/megapari.games\/br\/losing-bets\/#breadcrumb"},"inLanguage":"pt-BR","potentialAction":[{"@type":"ReadAction","target":["https:\/\/megapari.games\/br\/losing-bets\/"]}]},{"@type":"BreadcrumbList","@id":"https:\/\/megapari.games\/br\/losing-bets\/#breadcrumb","itemListElement":[{"@type":"ListItem","position":1,"name":"\u0413\u043b\u0430\u0432\u043d\u0430\u044f \u0441\u0442\u0440\u0430\u043d\u0438\u0446\u0430","item":"https:\/\/megapari.games\/br\/"},{"@type":"ListItem","position":2,"name":"B\u00f4nus","item":"https:\/\/megapari.games\/br\/bonus\/"},{"@type":"ListItem","position":3,"name":"Apostas perdidas"}]},{"@type":"WebSite","@id":"https:\/\/megapari.games\/br\/#website","url":"https:\/\/megapari.games\/br\/","name":"Megapari games br","description":"My WordPress Blog","potentialAction":[{"@type":"SearchAction","target":{"@type":"EntryPoint","urlTemplate":"https:\/\/megapari.games\/br\/?s={search_term_string}"},"query-input":{"@type":"PropertyValueSpecification","valueRequired":true,"valueName":"search_term_string"}}],"inLanguage":"pt-BR"}]}},"_links":{"self":[{"href":"https:\/\/megapari.games\/br\/wp-json\/wp\/v2\/pages\/808","targetHints":{"allow":["GET"]}}],"collection":[{"href":"https:\/\/megapari.games\/br\/wp-json\/wp\/v2\/pages"}],"about":[{"href":"https:\/\/megapari.games\/br\/wp-json\/wp\/v2\/types\/page"}],"author":[{"embeddable":true,"href":"https:\/\/megapari.games\/br\/wp-json\/wp\/v2\/users\/1"}],"replies":[{"embeddable":true,"href":"https:\/\/megapari.games\/br\/wp-json\/wp\/v2\/comments?post=808"}],"version-history":[{"count":2,"href":"https:\/\/megapari.games\/br\/wp-json\/wp\/v2\/pages\/808\/revisions"}],"predecessor-version":[{"id":820,"href":"https:\/\/megapari.games\/br\/wp-json\/wp\/v2\/pages\/808\/revisions\/820"}],"up":[{"embeddable":true,"href":"https:\/\/megapari.games\/br\/wp-json\/wp\/v2\/pages\/152"}],"wp:attachment":[{"href":"https:\/\/megapari.games\/br\/wp-json\/wp\/v2\/media?parent=808"}],"curies":[{"name":"wp","href":"https:\/\/api.w.org\/{rel}","templated":true}]}}