{"id":815,"date":"2025-03-27T13:37:08","date_gmt":"2025-03-27T13:37:08","guid":{"rendered":"https:\/\/megapari.games\/?page_id=815"},"modified":"2025-11-27T05:18:21","modified_gmt":"2025-11-27T05:18:21","slug":"welcome-package","status":"publish","type":"page","link":"https:\/\/megapari.games\/br\/welcome-package\/","title":{"rendered":"Pacote de boas-vindas"},"content":{"rendered":"","protected":false},"excerpt":{"rendered":"","protected":false},"author":1,"featured_media":0,"parent":152,"menu_order":0,"comment_status":"closed","ping_status":"closed","template":"","meta":{"inline_featured_image":false,"footnotes":""},"class_list":["post-815","page","type-page","status-publish","hentry"],"yoast_head":"<!-- This site is optimized with the Yoast SEO plugin v27.3 - https:\/\/yoast.com\/product\/yoast-seo-wordpress\/ -->\n<title>Megapari Pacote de boas-vindas \u1409 1 Dois dep\u00f3sitos 1200 BRL<\/title>\n<meta name=\"description\" content=\"N\u00e3o perca a oportunidade de ganhar um b\u00f3nus fant\u00e1stico! Registe-se na Megapari e receba at\u00e9 1200 BRL pelos seus dois primeiros dep\u00f3sitos. Jogos emocionantes esperam por si - aproveite antes que seja tarde demais!\" \/>\n<meta name=\"robots\" content=\"index, follow, max-snippet:-1, max-image-preview:large, max-video-preview:-1\" \/>\n<link rel=\"canonical\" href=\"https:\/\/megapari.games\/br\/welcome-package\/\" \/>\n<meta property=\"og:locale\" content=\"pt_BR\" \/>\n<meta property=\"og:type\" content=\"article\" \/>\n<meta property=\"og:title\" content=\"Megapari Pacote de boas-vindas \u1409 1 Dois dep\u00f3sitos 1200 BRL\" \/>\n<meta property=\"og:description\" content=\"N\u00e3o perca a oportunidade de ganhar um b\u00f3nus fant\u00e1stico! Registe-se na Megapari e receba at\u00e9 1200 BRL pelos seus dois primeiros dep\u00f3sitos. Jogos emocionantes esperam por si - aproveite antes que seja tarde demais!\" \/>\n<meta property=\"og:url\" content=\"https:\/\/megapari.games\/br\/welcome-package\/\" \/>\n<meta property=\"og:site_name\" content=\"Megapari games br\" \/>\n<meta property=\"article:modified_time\" content=\"2025-11-27T05:18:21+00:00\" \/>\n<meta name=\"twitter:card\" content=\"summary_large_image\" \/>\n<script type=\"application\/ld+json\" class=\"yoast-schema-graph\">{\"@context\":\"https:\\\/\\\/schema.org\",\"@graph\":[{\"@type\":\"WebPage\",\"@id\":\"https:\\\/\\\/megapari.games\\\/br\\\/welcome-package\\\/\",\"url\":\"https:\\\/\\\/megapari.games\\\/br\\\/welcome-package\\\/\",\"name\":\"Megapari Pacote de boas-vindas \u1409 1 Dois dep\u00f3sitos 1200 BRL\",\"isPartOf\":{\"@id\":\"https:\\\/\\\/megapari.games\\\/br\\\/#website\"},\"datePublished\":\"2025-03-27T13:37:08+00:00\",\"dateModified\":\"2025-11-27T05:18:21+00:00\",\"description\":\"N\u00e3o perca a oportunidade de ganhar um b\u00f3nus fant\u00e1stico! Registe-se na Megapari e receba at\u00e9 1200 BRL pelos seus dois primeiros dep\u00f3sitos. Jogos emocionantes esperam por si - aproveite antes que seja tarde demais!\",\"breadcrumb\":{\"@id\":\"https:\\\/\\\/megapari.games\\\/br\\\/welcome-package\\\/#breadcrumb\"},\"inLanguage\":\"pt-BR\",\"potentialAction\":[{\"@type\":\"ReadAction\",\"target\":[\"https:\\\/\\\/megapari.games\\\/br\\\/welcome-package\\\/\"]}]},{\"@type\":\"BreadcrumbList\",\"@id\":\"https:\\\/\\\/megapari.games\\\/br\\\/welcome-package\\\/#breadcrumb\",\"itemListElement\":[{\"@type\":\"ListItem\",\"position\":1,\"name\":\"\u0413\u043b\u0430\u0432\u043d\u0430\u044f \u0441\u0442\u0440\u0430\u043d\u0438\u0446\u0430\",\"item\":\"https:\\\/\\\/megapari.games\\\/br\\\/\"},{\"@type\":\"ListItem\",\"position\":2,\"name\":\"B\u00f4nus\",\"item\":\"https:\\\/\\\/megapari.games\\\/br\\\/bonus\\\/\"},{\"@type\":\"ListItem\",\"position\":3,\"name\":\"Pacote de boas-vindas\"}]},{\"@type\":\"WebSite\",\"@id\":\"https:\\\/\\\/megapari.games\\\/br\\\/#website\",\"url\":\"https:\\\/\\\/megapari.games\\\/br\\\/\",\"name\":\"Megapari games br\",\"description\":\"My WordPress Blog\",\"potentialAction\":[{\"@type\":\"SearchAction\",\"target\":{\"@type\":\"EntryPoint\",\"urlTemplate\":\"https:\\\/\\\/megapari.games\\\/br\\\/?s={search_term_string}\"},\"query-input\":{\"@type\":\"PropertyValueSpecification\",\"valueRequired\":true,\"valueName\":\"search_term_string\"}}],\"inLanguage\":\"pt-BR\"}]}<\/script>\n<!-- \/ Yoast SEO plugin. -->","yoast_head_json":{"title":"Megapari Pacote de boas-vindas \u1409 1 Dois dep\u00f3sitos 1200 BRL","description":"N\u00e3o perca a oportunidade de ganhar um b\u00f3nus fant\u00e1stico! Registe-se na Megapari e receba at\u00e9 1200 BRL pelos seus dois primeiros dep\u00f3sitos. Jogos emocionantes esperam por si - aproveite antes que seja tarde demais!","robots":{"index":"index","follow":"follow","max-snippet":"max-snippet:-1","max-image-preview":"max-image-preview:large","max-video-preview":"max-video-preview:-1"},"canonical":"https:\/\/megapari.games\/br\/welcome-package\/","og_locale":"pt_BR","og_type":"article","og_title":"Megapari Pacote de boas-vindas \u1409 1 Dois dep\u00f3sitos 1200 BRL","og_description":"N\u00e3o perca a oportunidade de ganhar um b\u00f3nus fant\u00e1stico! Registe-se na Megapari e receba at\u00e9 1200 BRL pelos seus dois primeiros dep\u00f3sitos. Jogos emocionantes esperam por si - aproveite antes que seja tarde demais!","og_url":"https:\/\/megapari.games\/br\/welcome-package\/","og_site_name":"Megapari games br","article_modified_time":"2025-11-27T05:18:21+00:00","twitter_card":"summary_large_image","schema":{"@context":"https:\/\/schema.org","@graph":[{"@type":"WebPage","@id":"https:\/\/megapari.games\/br\/welcome-package\/","url":"https:\/\/megapari.games\/br\/welcome-package\/","name":"Megapari Pacote de boas-vindas \u1409 1 Dois dep\u00f3sitos 1200 BRL","isPartOf":{"@id":"https:\/\/megapari.games\/br\/#website"},"datePublished":"2025-03-27T13:37:08+00:00","dateModified":"2025-11-27T05:18:21+00:00","description":"N\u00e3o perca a oportunidade de ganhar um b\u00f3nus fant\u00e1stico! Registe-se na Megapari e receba at\u00e9 1200 BRL pelos seus dois primeiros dep\u00f3sitos. Jogos emocionantes esperam por si - aproveite antes que seja tarde demais!","breadcrumb":{"@id":"https:\/\/megapari.games\/br\/welcome-package\/#breadcrumb"},"inLanguage":"pt-BR","potentialAction":[{"@type":"ReadAction","target":["https:\/\/megapari.games\/br\/welcome-package\/"]}]},{"@type":"BreadcrumbList","@id":"https:\/\/megapari.games\/br\/welcome-package\/#breadcrumb","itemListElement":[{"@type":"ListItem","position":1,"name":"\u0413\u043b\u0430\u0432\u043d\u0430\u044f \u0441\u0442\u0440\u0430\u043d\u0438\u0446\u0430","item":"https:\/\/megapari.games\/br\/"},{"@type":"ListItem","position":2,"name":"B\u00f4nus","item":"https:\/\/megapari.games\/br\/bonus\/"},{"@type":"ListItem","position":3,"name":"Pacote de boas-vindas"}]},{"@type":"WebSite","@id":"https:\/\/megapari.games\/br\/#website","url":"https:\/\/megapari.games\/br\/","name":"Megapari games br","description":"My WordPress Blog","potentialAction":[{"@type":"SearchAction","target":{"@type":"EntryPoint","urlTemplate":"https:\/\/megapari.games\/br\/?s={search_term_string}"},"query-input":{"@type":"PropertyValueSpecification","valueRequired":true,"valueName":"search_term_string"}}],"inLanguage":"pt-BR"}]}},"_links":{"self":[{"href":"https:\/\/megapari.games\/br\/wp-json\/wp\/v2\/pages\/815","targetHints":{"allow":["GET"]}}],"collection":[{"href":"https:\/\/megapari.games\/br\/wp-json\/wp\/v2\/pages"}],"about":[{"href":"https:\/\/megapari.games\/br\/wp-json\/wp\/v2\/types\/page"}],"author":[{"embeddable":true,"href":"https:\/\/megapari.games\/br\/wp-json\/wp\/v2\/users\/1"}],"replies":[{"embeddable":true,"href":"https:\/\/megapari.games\/br\/wp-json\/wp\/v2\/comments?post=815"}],"version-history":[{"count":2,"href":"https:\/\/megapari.games\/br\/wp-json\/wp\/v2\/pages\/815\/revisions"}],"predecessor-version":[{"id":824,"href":"https:\/\/megapari.games\/br\/wp-json\/wp\/v2\/pages\/815\/revisions\/824"}],"up":[{"embeddable":true,"href":"https:\/\/megapari.games\/br\/wp-json\/wp\/v2\/pages\/152"}],"wp:attachment":[{"href":"https:\/\/megapari.games\/br\/wp-json\/wp\/v2\/media?parent=815"}],"curies":[{"name":"wp","href":"https:\/\/api.w.org\/{rel}","templated":true}]}}