{"id":226,"date":"2024-06-17T11:49:59","date_gmt":"2024-06-17T11:49:59","guid":{"rendered":"https:\/\/megapari.games\/ch\/?page_id=226"},"modified":"2025-07-18T08:52:51","modified_gmt":"2025-07-18T08:52:51","slug":"mobile","status":"publish","type":"page","link":"https:\/\/megapari.games\/ch\/mobile\/","title":{"rendered":"Application"},"content":{"rendered":"","protected":false},"excerpt":{"rendered":"","protected":false},"author":1,"featured_media":0,"parent":0,"menu_order":0,"comment_status":"closed","ping_status":"closed","template":"","meta":{"inline_featured_image":false,"footnotes":""},"class_list":["post-226","page","type-page","status-publish","hentry"],"yoast_head":"<!-- This site is optimized with the Yoast SEO plugin v27.3 - https:\/\/yoast.com\/product\/yoast-seo-wordpress\/ -->\n<title>T\u00e9l\u00e9chargement de l&#039;application Megapari pour Android et iOS<\/title>\n<meta name=\"description\" content=\"T\u00e9l\u00e9chargez l&#039;application officielle Megapari Suisse pour Android (APK) et iOS pour les paris sportifs et les paris en ligne sur les casinos | La derni\u00e8re version de Megapari APK 1.2.4\" \/>\n<meta name=\"robots\" content=\"index, follow, max-snippet:-1, max-image-preview:large, max-video-preview:-1\" \/>\n<link rel=\"canonical\" href=\"https:\/\/megapari.games\/ch\/mobile\/\" \/>\n<meta property=\"og:locale\" content=\"fr_FR\" \/>\n<meta property=\"og:type\" content=\"article\" \/>\n<meta property=\"og:title\" content=\"T\u00e9l\u00e9chargement de l&#039;application Megapari pour Android et iOS\" \/>\n<meta property=\"og:description\" content=\"T\u00e9l\u00e9chargez l&#039;application officielle Megapari Suisse pour Android (APK) et iOS pour les paris sportifs et les paris en ligne sur les casinos | La derni\u00e8re version de Megapari APK 1.2.4\" \/>\n<meta property=\"og:url\" content=\"https:\/\/megapari.games\/ch\/mobile\/\" \/>\n<meta property=\"og:site_name\" content=\"Megapari Games ch-fr\" \/>\n<meta property=\"article:modified_time\" content=\"2025-07-18T08:52:51+00:00\" \/>\n<meta name=\"twitter:card\" content=\"summary_large_image\" \/>\n<script type=\"application\/ld+json\" class=\"yoast-schema-graph\">{\"@context\":\"https:\\\/\\\/schema.org\",\"@graph\":[{\"@type\":\"WebPage\",\"@id\":\"https:\\\/\\\/megapari.games\\\/ch\\\/mobile\\\/\",\"url\":\"https:\\\/\\\/megapari.games\\\/ch\\\/mobile\\\/\",\"name\":\"T\u00e9l\u00e9chargement de l'application Megapari pour Android et iOS\",\"isPartOf\":{\"@id\":\"https:\\\/\\\/megapari.games\\\/ch\\\/#website\"},\"datePublished\":\"2024-06-17T11:49:59+00:00\",\"dateModified\":\"2025-07-18T08:52:51+00:00\",\"description\":\"T\u00e9l\u00e9chargez l'application officielle Megapari Suisse pour Android (APK) et iOS pour les paris sportifs et les paris en ligne sur les casinos | La derni\u00e8re version de Megapari APK 1.2.4\",\"breadcrumb\":{\"@id\":\"https:\\\/\\\/megapari.games\\\/ch\\\/mobile\\\/#breadcrumb\"},\"inLanguage\":\"fr-CH\",\"potentialAction\":[{\"@type\":\"ReadAction\",\"target\":[\"https:\\\/\\\/megapari.games\\\/ch\\\/mobile\\\/\"]}]},{\"@type\":\"BreadcrumbList\",\"@id\":\"https:\\\/\\\/megapari.games\\\/ch\\\/mobile\\\/#breadcrumb\",\"itemListElement\":[{\"@type\":\"ListItem\",\"position\":1,\"name\":\"\u0413\u043b\u0430\u0432\u043d\u0430\u044f \u0441\u0442\u0440\u0430\u043d\u0438\u0446\u0430\",\"item\":\"https:\\\/\\\/megapari.games\\\/ch\\\/\"},{\"@type\":\"ListItem\",\"position\":2,\"name\":\"Application\"}]},{\"@type\":\"WebSite\",\"@id\":\"https:\\\/\\\/megapari.games\\\/ch\\\/#website\",\"url\":\"https:\\\/\\\/megapari.games\\\/ch\\\/\",\"name\":\"Megapari Games ch-fr\",\"description\":\"My WordPress Blog\",\"potentialAction\":[{\"@type\":\"SearchAction\",\"target\":{\"@type\":\"EntryPoint\",\"urlTemplate\":\"https:\\\/\\\/megapari.games\\\/ch\\\/?s={search_term_string}\"},\"query-input\":{\"@type\":\"PropertyValueSpecification\",\"valueRequired\":true,\"valueName\":\"search_term_string\"}}],\"inLanguage\":\"fr-CH\"}]}<\/script>\n<!-- \/ Yoast SEO plugin. -->","yoast_head_json":{"title":"T\u00e9l\u00e9chargement de l'application Megapari pour Android et iOS","description":"T\u00e9l\u00e9chargez l'application officielle Megapari Suisse pour Android (APK) et iOS pour les paris sportifs et les paris en ligne sur les casinos | La derni\u00e8re version de Megapari APK 1.2.4","robots":{"index":"index","follow":"follow","max-snippet":"max-snippet:-1","max-image-preview":"max-image-preview:large","max-video-preview":"max-video-preview:-1"},"canonical":"https:\/\/megapari.games\/ch\/mobile\/","og_locale":"fr_FR","og_type":"article","og_title":"T\u00e9l\u00e9chargement de l'application Megapari pour Android et iOS","og_description":"T\u00e9l\u00e9chargez l'application officielle Megapari Suisse pour Android (APK) et iOS pour les paris sportifs et les paris en ligne sur les casinos | La derni\u00e8re version de Megapari APK 1.2.4","og_url":"https:\/\/megapari.games\/ch\/mobile\/","og_site_name":"Megapari Games ch-fr","article_modified_time":"2025-07-18T08:52:51+00:00","twitter_card":"summary_large_image","schema":{"@context":"https:\/\/schema.org","@graph":[{"@type":"WebPage","@id":"https:\/\/megapari.games\/ch\/mobile\/","url":"https:\/\/megapari.games\/ch\/mobile\/","name":"T\u00e9l\u00e9chargement de l'application Megapari pour Android et iOS","isPartOf":{"@id":"https:\/\/megapari.games\/ch\/#website"},"datePublished":"2024-06-17T11:49:59+00:00","dateModified":"2025-07-18T08:52:51+00:00","description":"T\u00e9l\u00e9chargez l'application officielle Megapari Suisse pour Android (APK) et iOS pour les paris sportifs et les paris en ligne sur les casinos | La derni\u00e8re version de Megapari APK 1.2.4","breadcrumb":{"@id":"https:\/\/megapari.games\/ch\/mobile\/#breadcrumb"},"inLanguage":"fr-CH","potentialAction":[{"@type":"ReadAction","target":["https:\/\/megapari.games\/ch\/mobile\/"]}]},{"@type":"BreadcrumbList","@id":"https:\/\/megapari.games\/ch\/mobile\/#breadcrumb","itemListElement":[{"@type":"ListItem","position":1,"name":"\u0413\u043b\u0430\u0432\u043d\u0430\u044f \u0441\u0442\u0440\u0430\u043d\u0438\u0446\u0430","item":"https:\/\/megapari.games\/ch\/"},{"@type":"ListItem","position":2,"name":"Application"}]},{"@type":"WebSite","@id":"https:\/\/megapari.games\/ch\/#website","url":"https:\/\/megapari.games\/ch\/","name":"Megapari Games ch-fr","description":"My WordPress Blog","potentialAction":[{"@type":"SearchAction","target":{"@type":"EntryPoint","urlTemplate":"https:\/\/megapari.games\/ch\/?s={search_term_string}"},"query-input":{"@type":"PropertyValueSpecification","valueRequired":true,"valueName":"search_term_string"}}],"inLanguage":"fr-CH"}]}},"_links":{"self":[{"href":"https:\/\/megapari.games\/ch\/wp-json\/wp\/v2\/pages\/226","targetHints":{"allow":["GET"]}}],"collection":[{"href":"https:\/\/megapari.games\/ch\/wp-json\/wp\/v2\/pages"}],"about":[{"href":"https:\/\/megapari.games\/ch\/wp-json\/wp\/v2\/types\/page"}],"author":[{"embeddable":true,"href":"https:\/\/megapari.games\/ch\/wp-json\/wp\/v2\/users\/1"}],"replies":[{"embeddable":true,"href":"https:\/\/megapari.games\/ch\/wp-json\/wp\/v2\/comments?post=226"}],"version-history":[{"count":3,"href":"https:\/\/megapari.games\/ch\/wp-json\/wp\/v2\/pages\/226\/revisions"}],"predecessor-version":[{"id":928,"href":"https:\/\/megapari.games\/ch\/wp-json\/wp\/v2\/pages\/226\/revisions\/928"}],"wp:attachment":[{"href":"https:\/\/megapari.games\/ch\/wp-json\/wp\/v2\/media?parent=226"}],"curies":[{"name":"wp","href":"https:\/\/api.w.org\/{rel}","templated":true}]}}