{"id":807,"date":"2025-03-27T13:02:20","date_gmt":"2025-03-27T13:02:20","guid":{"rendered":"https:\/\/megapari.games\/ch\/?page_id=807"},"modified":"2025-07-18T12:08:59","modified_gmt":"2025-07-18T12:08:59","slug":"mega-booster","status":"publish","type":"page","link":"https:\/\/megapari.games\/ch\/bonus\/mega-booster\/","title":{"rendered":"Mega Booster"},"content":{"rendered":"","protected":false},"excerpt":{"rendered":"","protected":false},"author":1,"featured_media":0,"parent":152,"menu_order":0,"comment_status":"closed","ping_status":"closed","template":"","meta":{"inline_featured_image":false,"footnotes":""},"class_list":["post-807","page","type-page","status-publish","hentry"],"yoast_head":"<!-- This site is optimized with the Yoast SEO plugin v27.3 - https:\/\/yoast.com\/product\/yoast-seo-wordpress\/ -->\n<title>Megapari Suisse Mega Booster: Augmentez vos gains jusqu&#039;\u00e0 200<\/title>\n<meta name=\"description\" content=\"Vous voulez augmenter vos gains jusqu&#039;\u00e0 200%? Rejoignez le Mega Booster de Megapari ! Il vous suffit de parier sur un minimum de 4 s\u00e9lections dans l&#039;accumulateur et de voir vos gains augmenter. Ne manquez pas votre chance de faire un gros score!\" \/>\n<meta name=\"robots\" content=\"index, follow, max-snippet:-1, max-image-preview:large, max-video-preview:-1\" \/>\n<link rel=\"canonical\" href=\"https:\/\/megapari.games\/ch\/bonus\/mega-booster\/\" \/>\n<meta property=\"og:locale\" content=\"fr_FR\" \/>\n<meta property=\"og:type\" content=\"article\" \/>\n<meta property=\"og:title\" content=\"Megapari Suisse Mega Booster: Augmentez vos gains jusqu&#039;\u00e0 200\" \/>\n<meta property=\"og:description\" content=\"Vous voulez augmenter vos gains jusqu&#039;\u00e0 200%? Rejoignez le Mega Booster de Megapari ! Il vous suffit de parier sur un minimum de 4 s\u00e9lections dans l&#039;accumulateur et de voir vos gains augmenter. Ne manquez pas votre chance de faire un gros score!\" \/>\n<meta property=\"og:url\" content=\"https:\/\/megapari.games\/ch\/bonus\/mega-booster\/\" \/>\n<meta property=\"og:site_name\" content=\"Megapari Games ch-fr\" \/>\n<meta property=\"article:modified_time\" content=\"2025-07-18T12:08:59+00:00\" \/>\n<meta name=\"twitter:card\" content=\"summary_large_image\" \/>\n<script type=\"application\/ld+json\" class=\"yoast-schema-graph\">{\"@context\":\"https:\\\/\\\/schema.org\",\"@graph\":[{\"@type\":\"WebPage\",\"@id\":\"https:\\\/\\\/megapari.games\\\/ch\\\/bonus\\\/mega-booster\\\/\",\"url\":\"https:\\\/\\\/megapari.games\\\/ch\\\/bonus\\\/mega-booster\\\/\",\"name\":\"Megapari Suisse Mega Booster: Augmentez vos gains jusqu'\u00e0 200\",\"isPartOf\":{\"@id\":\"https:\\\/\\\/megapari.games\\\/ch\\\/#website\"},\"datePublished\":\"2025-03-27T13:02:20+00:00\",\"dateModified\":\"2025-07-18T12:08:59+00:00\",\"description\":\"Vous voulez augmenter vos gains jusqu'\u00e0 200%? Rejoignez le Mega Booster de Megapari ! Il vous suffit de parier sur un minimum de 4 s\u00e9lections dans l'accumulateur et de voir vos gains augmenter. Ne manquez pas votre chance de faire un gros score!\",\"breadcrumb\":{\"@id\":\"https:\\\/\\\/megapari.games\\\/ch\\\/bonus\\\/mega-booster\\\/#breadcrumb\"},\"inLanguage\":\"fr-CH\",\"potentialAction\":[{\"@type\":\"ReadAction\",\"target\":[\"https:\\\/\\\/megapari.games\\\/ch\\\/bonus\\\/mega-booster\\\/\"]}]},{\"@type\":\"BreadcrumbList\",\"@id\":\"https:\\\/\\\/megapari.games\\\/ch\\\/bonus\\\/mega-booster\\\/#breadcrumb\",\"itemListElement\":[{\"@type\":\"ListItem\",\"position\":1,\"name\":\"\u0413\u043b\u0430\u0432\u043d\u0430\u044f \u0441\u0442\u0440\u0430\u043d\u0438\u0446\u0430\",\"item\":\"https:\\\/\\\/megapari.games\\\/ch\\\/\"},{\"@type\":\"ListItem\",\"position\":2,\"name\":\"Bonus\",\"item\":\"https:\\\/\\\/megapari.games\\\/ch\\\/bonus\\\/\"},{\"@type\":\"ListItem\",\"position\":3,\"name\":\"Mega Booster\"}]},{\"@type\":\"WebSite\",\"@id\":\"https:\\\/\\\/megapari.games\\\/ch\\\/#website\",\"url\":\"https:\\\/\\\/megapari.games\\\/ch\\\/\",\"name\":\"Megapari Games ch-fr\",\"description\":\"My WordPress Blog\",\"potentialAction\":[{\"@type\":\"SearchAction\",\"target\":{\"@type\":\"EntryPoint\",\"urlTemplate\":\"https:\\\/\\\/megapari.games\\\/ch\\\/?s={search_term_string}\"},\"query-input\":{\"@type\":\"PropertyValueSpecification\",\"valueRequired\":true,\"valueName\":\"search_term_string\"}}],\"inLanguage\":\"fr-CH\"}]}<\/script>\n<!-- \/ Yoast SEO plugin. -->","yoast_head_json":{"title":"Megapari Suisse Mega Booster: Augmentez vos gains jusqu'\u00e0 200","description":"Vous voulez augmenter vos gains jusqu'\u00e0 200%? Rejoignez le Mega Booster de Megapari ! Il vous suffit de parier sur un minimum de 4 s\u00e9lections dans l'accumulateur et de voir vos gains augmenter. Ne manquez pas votre chance de faire un gros score!","robots":{"index":"index","follow":"follow","max-snippet":"max-snippet:-1","max-image-preview":"max-image-preview:large","max-video-preview":"max-video-preview:-1"},"canonical":"https:\/\/megapari.games\/ch\/bonus\/mega-booster\/","og_locale":"fr_FR","og_type":"article","og_title":"Megapari Suisse Mega Booster: Augmentez vos gains jusqu'\u00e0 200","og_description":"Vous voulez augmenter vos gains jusqu'\u00e0 200%? Rejoignez le Mega Booster de Megapari ! Il vous suffit de parier sur un minimum de 4 s\u00e9lections dans l'accumulateur et de voir vos gains augmenter. Ne manquez pas votre chance de faire un gros score!","og_url":"https:\/\/megapari.games\/ch\/bonus\/mega-booster\/","og_site_name":"Megapari Games ch-fr","article_modified_time":"2025-07-18T12:08:59+00:00","twitter_card":"summary_large_image","schema":{"@context":"https:\/\/schema.org","@graph":[{"@type":"WebPage","@id":"https:\/\/megapari.games\/ch\/bonus\/mega-booster\/","url":"https:\/\/megapari.games\/ch\/bonus\/mega-booster\/","name":"Megapari Suisse Mega Booster: Augmentez vos gains jusqu'\u00e0 200","isPartOf":{"@id":"https:\/\/megapari.games\/ch\/#website"},"datePublished":"2025-03-27T13:02:20+00:00","dateModified":"2025-07-18T12:08:59+00:00","description":"Vous voulez augmenter vos gains jusqu'\u00e0 200%? Rejoignez le Mega Booster de Megapari ! Il vous suffit de parier sur un minimum de 4 s\u00e9lections dans l'accumulateur et de voir vos gains augmenter. Ne manquez pas votre chance de faire un gros score!","breadcrumb":{"@id":"https:\/\/megapari.games\/ch\/bonus\/mega-booster\/#breadcrumb"},"inLanguage":"fr-CH","potentialAction":[{"@type":"ReadAction","target":["https:\/\/megapari.games\/ch\/bonus\/mega-booster\/"]}]},{"@type":"BreadcrumbList","@id":"https:\/\/megapari.games\/ch\/bonus\/mega-booster\/#breadcrumb","itemListElement":[{"@type":"ListItem","position":1,"name":"\u0413\u043b\u0430\u0432\u043d\u0430\u044f \u0441\u0442\u0440\u0430\u043d\u0438\u0446\u0430","item":"https:\/\/megapari.games\/ch\/"},{"@type":"ListItem","position":2,"name":"Bonus","item":"https:\/\/megapari.games\/ch\/bonus\/"},{"@type":"ListItem","position":3,"name":"Mega Booster"}]},{"@type":"WebSite","@id":"https:\/\/megapari.games\/ch\/#website","url":"https:\/\/megapari.games\/ch\/","name":"Megapari Games ch-fr","description":"My WordPress Blog","potentialAction":[{"@type":"SearchAction","target":{"@type":"EntryPoint","urlTemplate":"https:\/\/megapari.games\/ch\/?s={search_term_string}"},"query-input":{"@type":"PropertyValueSpecification","valueRequired":true,"valueName":"search_term_string"}}],"inLanguage":"fr-CH"}]}},"_links":{"self":[{"href":"https:\/\/megapari.games\/ch\/wp-json\/wp\/v2\/pages\/807","targetHints":{"allow":["GET"]}}],"collection":[{"href":"https:\/\/megapari.games\/ch\/wp-json\/wp\/v2\/pages"}],"about":[{"href":"https:\/\/megapari.games\/ch\/wp-json\/wp\/v2\/types\/page"}],"author":[{"embeddable":true,"href":"https:\/\/megapari.games\/ch\/wp-json\/wp\/v2\/users\/1"}],"replies":[{"embeddable":true,"href":"https:\/\/megapari.games\/ch\/wp-json\/wp\/v2\/comments?post=807"}],"version-history":[{"count":3,"href":"https:\/\/megapari.games\/ch\/wp-json\/wp\/v2\/pages\/807\/revisions"}],"predecessor-version":[{"id":949,"href":"https:\/\/megapari.games\/ch\/wp-json\/wp\/v2\/pages\/807\/revisions\/949"}],"up":[{"embeddable":true,"href":"https:\/\/megapari.games\/ch\/wp-json\/wp\/v2\/pages\/152"}],"wp:attachment":[{"href":"https:\/\/megapari.games\/ch\/wp-json\/wp\/v2\/media?parent=807"}],"curies":[{"name":"wp","href":"https:\/\/api.w.org\/{rel}","templated":true}]}}