{"id":1134,"date":"2025-11-24T09:47:49","date_gmt":"2025-11-24T09:47:49","guid":{"rendered":"https:\/\/megapari.games\/?page_id=1129"},"modified":"2025-12-11T11:00:33","modified_gmt":"2025-12-11T11:00:33","slug":"volleyball-betting","status":"publish","type":"page","link":"https:\/\/megapari.games\/chile\/volleyball-betting\/","title":{"rendered":"Voleibol"},"content":{"rendered":"","protected":false},"excerpt":{"rendered":"","protected":false},"author":1,"featured_media":0,"parent":0,"menu_order":0,"comment_status":"closed","ping_status":"closed","template":"","meta":{"inline_featured_image":false,"footnotes":""},"class_list":["post-1134","page","type-page","status-publish","hentry"],"yoast_head":"<!-- This site is optimized with the Yoast SEO plugin v27.5 - https:\/\/yoast.com\/product\/yoast-seo-wordpress\/ -->\n<title>Apuestas de voleibol en Megapari | Cuotas, estad\u00edsticas por set<\/title>\n<meta name=\"description\" content=\"Apuestas de voleibol en Megapari Chile: amplias opciones de apuestas para torneos internacionales y de clubes, estad\u00edsticas detalladas por sets, pr\u00e1cticas herramientas de an\u00e1lisis y los programas de bonos actuales de la plataforma.\" \/>\n<meta name=\"robots\" content=\"index, follow, max-snippet:-1, max-image-preview:large, max-video-preview:-1\" \/>\n<link rel=\"canonical\" href=\"https:\/\/megapari.games\/chile\/volleyball-betting\/\" \/>\n<meta property=\"og:locale\" content=\"es_ES\" \/>\n<meta property=\"og:type\" content=\"article\" \/>\n<meta property=\"og:title\" content=\"Apuestas de voleibol en Megapari | Cuotas, estad\u00edsticas por set\" \/>\n<meta property=\"og:description\" content=\"Apuestas de voleibol en Megapari Chile: amplias opciones de apuestas para torneos internacionales y de clubes, estad\u00edsticas detalladas por sets, pr\u00e1cticas herramientas de an\u00e1lisis y los programas de bonos actuales de la plataforma.\" \/>\n<meta property=\"og:url\" content=\"https:\/\/megapari.games\/chile\/volleyball-betting\/\" \/>\n<meta property=\"og:site_name\" content=\"Megapari Games cl\" \/>\n<meta property=\"article:modified_time\" content=\"2025-12-11T11:00:33+00:00\" \/>\n<meta name=\"twitter:card\" content=\"summary_large_image\" \/>\n<script type=\"application\/ld+json\" class=\"yoast-schema-graph\">{\"@context\":\"https:\\\/\\\/schema.org\",\"@graph\":[{\"@type\":\"WebPage\",\"@id\":\"https:\\\/\\\/megapari.games\\\/chile\\\/volleyball-betting\\\/\",\"url\":\"https:\\\/\\\/megapari.games\\\/chile\\\/volleyball-betting\\\/\",\"name\":\"Apuestas de voleibol en Megapari | Cuotas, estad\u00edsticas por set\",\"isPartOf\":{\"@id\":\"https:\\\/\\\/megapari.games\\\/chile\\\/#website\"},\"datePublished\":\"2025-11-24T09:47:49+00:00\",\"dateModified\":\"2025-12-11T11:00:33+00:00\",\"description\":\"Apuestas de voleibol en Megapari Chile: amplias opciones de apuestas para torneos internacionales y de clubes, estad\u00edsticas detalladas por sets, pr\u00e1cticas herramientas de an\u00e1lisis y los programas de bonos actuales de la plataforma.\",\"breadcrumb\":{\"@id\":\"https:\\\/\\\/megapari.games\\\/chile\\\/volleyball-betting\\\/#breadcrumb\"},\"inLanguage\":\"es-CL\",\"potentialAction\":[{\"@type\":\"ReadAction\",\"target\":[\"https:\\\/\\\/megapari.games\\\/chile\\\/volleyball-betting\\\/\"]}]},{\"@type\":\"BreadcrumbList\",\"@id\":\"https:\\\/\\\/megapari.games\\\/chile\\\/volleyball-betting\\\/#breadcrumb\",\"itemListElement\":[{\"@type\":\"ListItem\",\"position\":1,\"name\":\"\u0413\u043b\u0430\u0432\u043d\u0430\u044f \u0441\u0442\u0440\u0430\u043d\u0438\u0446\u0430\",\"item\":\"https:\\\/\\\/megapari.games\\\/chile\\\/\"},{\"@type\":\"ListItem\",\"position\":2,\"name\":\"Voleibol\"}]},{\"@type\":\"WebSite\",\"@id\":\"https:\\\/\\\/megapari.games\\\/chile\\\/#website\",\"url\":\"https:\\\/\\\/megapari.games\\\/chile\\\/\",\"name\":\"Megapari Games cl\",\"description\":\"My WordPress Blog\",\"potentialAction\":[{\"@type\":\"SearchAction\",\"target\":{\"@type\":\"EntryPoint\",\"urlTemplate\":\"https:\\\/\\\/megapari.games\\\/chile\\\/?s={search_term_string}\"},\"query-input\":{\"@type\":\"PropertyValueSpecification\",\"valueRequired\":true,\"valueName\":\"search_term_string\"}}],\"inLanguage\":\"es-CL\"}]}<\/script>\n<!-- \/ Yoast SEO plugin. -->","yoast_head_json":{"title":"Apuestas de voleibol en Megapari | Cuotas, estad\u00edsticas por set","description":"Apuestas de voleibol en Megapari Chile: amplias opciones de apuestas para torneos internacionales y de clubes, estad\u00edsticas detalladas por sets, pr\u00e1cticas herramientas de an\u00e1lisis y los programas de bonos actuales de la plataforma.","robots":{"index":"index","follow":"follow","max-snippet":"max-snippet:-1","max-image-preview":"max-image-preview:large","max-video-preview":"max-video-preview:-1"},"canonical":"https:\/\/megapari.games\/chile\/volleyball-betting\/","og_locale":"es_ES","og_type":"article","og_title":"Apuestas de voleibol en Megapari | Cuotas, estad\u00edsticas por set","og_description":"Apuestas de voleibol en Megapari Chile: amplias opciones de apuestas para torneos internacionales y de clubes, estad\u00edsticas detalladas por sets, pr\u00e1cticas herramientas de an\u00e1lisis y los programas de bonos actuales de la plataforma.","og_url":"https:\/\/megapari.games\/chile\/volleyball-betting\/","og_site_name":"Megapari Games cl","article_modified_time":"2025-12-11T11:00:33+00:00","twitter_card":"summary_large_image","schema":{"@context":"https:\/\/schema.org","@graph":[{"@type":"WebPage","@id":"https:\/\/megapari.games\/chile\/volleyball-betting\/","url":"https:\/\/megapari.games\/chile\/volleyball-betting\/","name":"Apuestas de voleibol en Megapari | Cuotas, estad\u00edsticas por set","isPartOf":{"@id":"https:\/\/megapari.games\/chile\/#website"},"datePublished":"2025-11-24T09:47:49+00:00","dateModified":"2025-12-11T11:00:33+00:00","description":"Apuestas de voleibol en Megapari Chile: amplias opciones de apuestas para torneos internacionales y de clubes, estad\u00edsticas detalladas por sets, pr\u00e1cticas herramientas de an\u00e1lisis y los programas de bonos actuales de la plataforma.","breadcrumb":{"@id":"https:\/\/megapari.games\/chile\/volleyball-betting\/#breadcrumb"},"inLanguage":"es-CL","potentialAction":[{"@type":"ReadAction","target":["https:\/\/megapari.games\/chile\/volleyball-betting\/"]}]},{"@type":"BreadcrumbList","@id":"https:\/\/megapari.games\/chile\/volleyball-betting\/#breadcrumb","itemListElement":[{"@type":"ListItem","position":1,"name":"\u0413\u043b\u0430\u0432\u043d\u0430\u044f \u0441\u0442\u0440\u0430\u043d\u0438\u0446\u0430","item":"https:\/\/megapari.games\/chile\/"},{"@type":"ListItem","position":2,"name":"Voleibol"}]},{"@type":"WebSite","@id":"https:\/\/megapari.games\/chile\/#website","url":"https:\/\/megapari.games\/chile\/","name":"Megapari Games cl","description":"My WordPress Blog","potentialAction":[{"@type":"SearchAction","target":{"@type":"EntryPoint","urlTemplate":"https:\/\/megapari.games\/chile\/?s={search_term_string}"},"query-input":{"@type":"PropertyValueSpecification","valueRequired":true,"valueName":"search_term_string"}}],"inLanguage":"es-CL"}]}},"_links":{"self":[{"href":"https:\/\/megapari.games\/chile\/wp-json\/wp\/v2\/pages\/1134","targetHints":{"allow":["GET"]}}],"collection":[{"href":"https:\/\/megapari.games\/chile\/wp-json\/wp\/v2\/pages"}],"about":[{"href":"https:\/\/megapari.games\/chile\/wp-json\/wp\/v2\/types\/page"}],"author":[{"embeddable":true,"href":"https:\/\/megapari.games\/chile\/wp-json\/wp\/v2\/users\/1"}],"replies":[{"embeddable":true,"href":"https:\/\/megapari.games\/chile\/wp-json\/wp\/v2\/comments?post=1134"}],"version-history":[{"count":3,"href":"https:\/\/megapari.games\/chile\/wp-json\/wp\/v2\/pages\/1134\/revisions"}],"predecessor-version":[{"id":1172,"href":"https:\/\/megapari.games\/chile\/wp-json\/wp\/v2\/pages\/1134\/revisions\/1172"}],"wp:attachment":[{"href":"https:\/\/megapari.games\/chile\/wp-json\/wp\/v2\/media?parent=1134"}],"curies":[{"name":"wp","href":"https:\/\/api.w.org\/{rel}","templated":true}]}}