{"id":226,"date":"2024-06-17T11:49:59","date_gmt":"2024-06-17T11:49:59","guid":{"rendered":"https:\/\/megapari.games\/chile\/?page_id=226"},"modified":"2025-11-11T13:12:59","modified_gmt":"2025-11-11T13:12:59","slug":"mobile","status":"publish","type":"page","link":"https:\/\/megapari.games\/chile\/mobile\/","title":{"rendered":"Aplicaci\u00f3n"},"content":{"rendered":"","protected":false},"excerpt":{"rendered":"","protected":false},"author":1,"featured_media":0,"parent":0,"menu_order":0,"comment_status":"closed","ping_status":"closed","template":"","meta":{"inline_featured_image":false,"footnotes":""},"class_list":["post-226","page","type-page","status-publish","hentry"],"yoast_head":"<!-- This site is optimized with the Yoast SEO plugin v27.6 - https:\/\/yoast.com\/product\/yoast-seo-wordpress\/ -->\n<title>Descarga gratuita de la aplicaci\u00f3n Megapari para Android e iOS 2026<\/title>\n<meta name=\"description\" content=\"Descarga la aplicaci\u00f3n oficial Megapari Chile para Android (APK) e iOS para apuestas deportivas y casino en l\u00ednea | La \u00faltima versi\u00f3n de Megapari APK 1.2.4\" \/>\n<meta name=\"robots\" content=\"index, follow, max-snippet:-1, max-image-preview:large, max-video-preview:-1\" \/>\n<link rel=\"canonical\" href=\"https:\/\/megapari.games\/chile\/mobile\/\" \/>\n<meta property=\"og:locale\" content=\"es_ES\" \/>\n<meta property=\"og:type\" content=\"article\" \/>\n<meta property=\"og:title\" content=\"Descarga gratuita de la aplicaci\u00f3n Megapari para Android e iOS 2026\" \/>\n<meta property=\"og:description\" content=\"Descarga la aplicaci\u00f3n oficial Megapari Chile para Android (APK) e iOS para apuestas deportivas y casino en l\u00ednea | La \u00faltima versi\u00f3n de Megapari APK 1.2.4\" \/>\n<meta property=\"og:url\" content=\"https:\/\/megapari.games\/chile\/mobile\/\" \/>\n<meta property=\"og:site_name\" content=\"Megapari Games cl\" \/>\n<meta property=\"article:modified_time\" content=\"2025-11-11T13:12:59+00:00\" \/>\n<meta name=\"twitter:card\" content=\"summary_large_image\" \/>\n<script type=\"application\/ld+json\" class=\"yoast-schema-graph\">{\"@context\":\"https:\\\/\\\/schema.org\",\"@graph\":[{\"@type\":\"WebPage\",\"@id\":\"https:\\\/\\\/megapari.games\\\/chile\\\/mobile\\\/\",\"url\":\"https:\\\/\\\/megapari.games\\\/chile\\\/mobile\\\/\",\"name\":\"Descarga gratuita de la aplicaci\u00f3n Megapari para Android e iOS 2026\",\"isPartOf\":{\"@id\":\"https:\\\/\\\/megapari.games\\\/chile\\\/#website\"},\"datePublished\":\"2024-06-17T11:49:59+00:00\",\"dateModified\":\"2025-11-11T13:12:59+00:00\",\"description\":\"Descarga la aplicaci\u00f3n oficial Megapari Chile para Android (APK) e iOS para apuestas deportivas y casino en l\u00ednea | La \u00faltima versi\u00f3n de Megapari APK 1.2.4\",\"breadcrumb\":{\"@id\":\"https:\\\/\\\/megapari.games\\\/chile\\\/mobile\\\/#breadcrumb\"},\"inLanguage\":\"es-CL\",\"potentialAction\":[{\"@type\":\"ReadAction\",\"target\":[\"https:\\\/\\\/megapari.games\\\/chile\\\/mobile\\\/\"]}]},{\"@type\":\"BreadcrumbList\",\"@id\":\"https:\\\/\\\/megapari.games\\\/chile\\\/mobile\\\/#breadcrumb\",\"itemListElement\":[{\"@type\":\"ListItem\",\"position\":1,\"name\":\"\u0413\u043b\u0430\u0432\u043d\u0430\u044f \u0441\u0442\u0440\u0430\u043d\u0438\u0446\u0430\",\"item\":\"https:\\\/\\\/megapari.games\\\/chile\\\/\"},{\"@type\":\"ListItem\",\"position\":2,\"name\":\"Aplicaci\u00f3n\"}]},{\"@type\":\"WebSite\",\"@id\":\"https:\\\/\\\/megapari.games\\\/chile\\\/#website\",\"url\":\"https:\\\/\\\/megapari.games\\\/chile\\\/\",\"name\":\"Megapari Games cl\",\"description\":\"My WordPress Blog\",\"potentialAction\":[{\"@type\":\"SearchAction\",\"target\":{\"@type\":\"EntryPoint\",\"urlTemplate\":\"https:\\\/\\\/megapari.games\\\/chile\\\/?s={search_term_string}\"},\"query-input\":{\"@type\":\"PropertyValueSpecification\",\"valueRequired\":true,\"valueName\":\"search_term_string\"}}],\"inLanguage\":\"es-CL\"}]}<\/script>\n<!-- \/ Yoast SEO plugin. -->","yoast_head_json":{"title":"Descarga gratuita de la aplicaci\u00f3n Megapari para Android e iOS 2026","description":"Descarga la aplicaci\u00f3n oficial Megapari Chile para Android (APK) e iOS para apuestas deportivas y casino en l\u00ednea | La \u00faltima versi\u00f3n de Megapari APK 1.2.4","robots":{"index":"index","follow":"follow","max-snippet":"max-snippet:-1","max-image-preview":"max-image-preview:large","max-video-preview":"max-video-preview:-1"},"canonical":"https:\/\/megapari.games\/chile\/mobile\/","og_locale":"es_ES","og_type":"article","og_title":"Descarga gratuita de la aplicaci\u00f3n Megapari para Android e iOS 2026","og_description":"Descarga la aplicaci\u00f3n oficial Megapari Chile para Android (APK) e iOS para apuestas deportivas y casino en l\u00ednea | La \u00faltima versi\u00f3n de Megapari APK 1.2.4","og_url":"https:\/\/megapari.games\/chile\/mobile\/","og_site_name":"Megapari Games cl","article_modified_time":"2025-11-11T13:12:59+00:00","twitter_card":"summary_large_image","schema":{"@context":"https:\/\/schema.org","@graph":[{"@type":"WebPage","@id":"https:\/\/megapari.games\/chile\/mobile\/","url":"https:\/\/megapari.games\/chile\/mobile\/","name":"Descarga gratuita de la aplicaci\u00f3n Megapari para Android e iOS 2026","isPartOf":{"@id":"https:\/\/megapari.games\/chile\/#website"},"datePublished":"2024-06-17T11:49:59+00:00","dateModified":"2025-11-11T13:12:59+00:00","description":"Descarga la aplicaci\u00f3n oficial Megapari Chile para Android (APK) e iOS para apuestas deportivas y casino en l\u00ednea | La \u00faltima versi\u00f3n de Megapari APK 1.2.4","breadcrumb":{"@id":"https:\/\/megapari.games\/chile\/mobile\/#breadcrumb"},"inLanguage":"es-CL","potentialAction":[{"@type":"ReadAction","target":["https:\/\/megapari.games\/chile\/mobile\/"]}]},{"@type":"BreadcrumbList","@id":"https:\/\/megapari.games\/chile\/mobile\/#breadcrumb","itemListElement":[{"@type":"ListItem","position":1,"name":"\u0413\u043b\u0430\u0432\u043d\u0430\u044f \u0441\u0442\u0440\u0430\u043d\u0438\u0446\u0430","item":"https:\/\/megapari.games\/chile\/"},{"@type":"ListItem","position":2,"name":"Aplicaci\u00f3n"}]},{"@type":"WebSite","@id":"https:\/\/megapari.games\/chile\/#website","url":"https:\/\/megapari.games\/chile\/","name":"Megapari Games cl","description":"My WordPress Blog","potentialAction":[{"@type":"SearchAction","target":{"@type":"EntryPoint","urlTemplate":"https:\/\/megapari.games\/chile\/?s={search_term_string}"},"query-input":{"@type":"PropertyValueSpecification","valueRequired":true,"valueName":"search_term_string"}}],"inLanguage":"es-CL"}]}},"_links":{"self":[{"href":"https:\/\/megapari.games\/chile\/wp-json\/wp\/v2\/pages\/226","targetHints":{"allow":["GET"]}}],"collection":[{"href":"https:\/\/megapari.games\/chile\/wp-json\/wp\/v2\/pages"}],"about":[{"href":"https:\/\/megapari.games\/chile\/wp-json\/wp\/v2\/types\/page"}],"author":[{"embeddable":true,"href":"https:\/\/megapari.games\/chile\/wp-json\/wp\/v2\/users\/1"}],"replies":[{"embeddable":true,"href":"https:\/\/megapari.games\/chile\/wp-json\/wp\/v2\/comments?post=226"}],"version-history":[{"count":2,"href":"https:\/\/megapari.games\/chile\/wp-json\/wp\/v2\/pages\/226\/revisions"}],"predecessor-version":[{"id":1091,"href":"https:\/\/megapari.games\/chile\/wp-json\/wp\/v2\/pages\/226\/revisions\/1091"}],"wp:attachment":[{"href":"https:\/\/megapari.games\/chile\/wp-json\/wp\/v2\/media?parent=226"}],"curies":[{"name":"wp","href":"https:\/\/api.w.org\/{rel}","templated":true}]}}