{"id":656,"date":"2024-10-18T10:54:32","date_gmt":"2024-10-18T10:54:32","guid":{"rendered":"https:\/\/megapari.games\/chile\/?page_id=656"},"modified":"2025-11-11T15:05:03","modified_gmt":"2025-11-11T15:05:03","slug":"promo-code","status":"publish","type":"page","link":"https:\/\/megapari.games\/chile\/promo-code\/","title":{"rendered":"C\u00f3digo promocional"},"content":{"rendered":"","protected":false},"excerpt":{"rendered":"","protected":false},"author":1,"featured_media":0,"parent":0,"menu_order":0,"comment_status":"closed","ping_status":"closed","template":"","meta":{"inline_featured_image":false,"footnotes":""},"class_list":["post-656","page","type-page","status-publish","hentry"],"yoast_head":"<!-- This site is optimized with the Yoast SEO plugin v27.6 - https:\/\/yoast.com\/product\/yoast-seo-wordpress\/ -->\n<title>C\u00f3digo promocional Megapari 2026 \u2705 \u00a1Consigue hoy tu bono del 100 %!<\/title>\n<meta name=\"description\" content=\"\ud83d\udd25 \u00bfListo para subir de nivel en tus apuestas? \u00a1Consigue ahora el c\u00f3digo promocional m\u00e1s atractivo de Megapari Chile y ll\u00e9vate un incre\u00edble bono del 100 %! No te lo pierdas, \u00a1tu racha ganadora empieza ahora!\" \/>\n<meta name=\"robots\" content=\"index, follow, max-snippet:-1, max-image-preview:large, max-video-preview:-1\" \/>\n<link rel=\"canonical\" href=\"https:\/\/megapari.games\/chile\/promo-code\/\" \/>\n<meta property=\"og:locale\" content=\"es_ES\" \/>\n<meta property=\"og:type\" content=\"article\" \/>\n<meta property=\"og:title\" content=\"C\u00f3digo promocional Megapari 2026 \u2705 \u00a1Consigue hoy tu bono del 100 %!\" \/>\n<meta property=\"og:description\" content=\"\ud83d\udd25 \u00bfListo para subir de nivel en tus apuestas? \u00a1Consigue ahora el c\u00f3digo promocional m\u00e1s atractivo de Megapari Chile y ll\u00e9vate un incre\u00edble bono del 100 %! No te lo pierdas, \u00a1tu racha ganadora empieza ahora!\" \/>\n<meta property=\"og:url\" content=\"https:\/\/megapari.games\/chile\/promo-code\/\" \/>\n<meta property=\"og:site_name\" content=\"Megapari Games cl\" \/>\n<meta property=\"article:modified_time\" content=\"2025-11-11T15:05:03+00:00\" \/>\n<meta name=\"twitter:card\" content=\"summary_large_image\" \/>\n<script type=\"application\/ld+json\" class=\"yoast-schema-graph\">{\"@context\":\"https:\\\/\\\/schema.org\",\"@graph\":[{\"@type\":\"WebPage\",\"@id\":\"https:\\\/\\\/megapari.games\\\/chile\\\/promo-code\\\/\",\"url\":\"https:\\\/\\\/megapari.games\\\/chile\\\/promo-code\\\/\",\"name\":\"C\u00f3digo promocional Megapari 2026 \u2705 \u00a1Consigue hoy tu bono del 100 %!\",\"isPartOf\":{\"@id\":\"https:\\\/\\\/megapari.games\\\/chile\\\/#website\"},\"datePublished\":\"2024-10-18T10:54:32+00:00\",\"dateModified\":\"2025-11-11T15:05:03+00:00\",\"description\":\"\ud83d\udd25 \u00bfListo para subir de nivel en tus apuestas? \u00a1Consigue ahora el c\u00f3digo promocional m\u00e1s atractivo de Megapari Chile y ll\u00e9vate un incre\u00edble bono del 100 %! No te lo pierdas, \u00a1tu racha ganadora empieza ahora!\",\"breadcrumb\":{\"@id\":\"https:\\\/\\\/megapari.games\\\/chile\\\/promo-code\\\/#breadcrumb\"},\"inLanguage\":\"es-CL\",\"potentialAction\":[{\"@type\":\"ReadAction\",\"target\":[\"https:\\\/\\\/megapari.games\\\/chile\\\/promo-code\\\/\"]}]},{\"@type\":\"BreadcrumbList\",\"@id\":\"https:\\\/\\\/megapari.games\\\/chile\\\/promo-code\\\/#breadcrumb\",\"itemListElement\":[{\"@type\":\"ListItem\",\"position\":1,\"name\":\"\u0413\u043b\u0430\u0432\u043d\u0430\u044f \u0441\u0442\u0440\u0430\u043d\u0438\u0446\u0430\",\"item\":\"https:\\\/\\\/megapari.games\\\/chile\\\/\"},{\"@type\":\"ListItem\",\"position\":2,\"name\":\"C\u00f3digo promocional\"}]},{\"@type\":\"WebSite\",\"@id\":\"https:\\\/\\\/megapari.games\\\/chile\\\/#website\",\"url\":\"https:\\\/\\\/megapari.games\\\/chile\\\/\",\"name\":\"Megapari Games cl\",\"description\":\"My WordPress Blog\",\"potentialAction\":[{\"@type\":\"SearchAction\",\"target\":{\"@type\":\"EntryPoint\",\"urlTemplate\":\"https:\\\/\\\/megapari.games\\\/chile\\\/?s={search_term_string}\"},\"query-input\":{\"@type\":\"PropertyValueSpecification\",\"valueRequired\":true,\"valueName\":\"search_term_string\"}}],\"inLanguage\":\"es-CL\"}]}<\/script>\n<!-- \/ Yoast SEO plugin. -->","yoast_head_json":{"title":"C\u00f3digo promocional Megapari 2026 \u2705 \u00a1Consigue hoy tu bono del 100 %!","description":"\ud83d\udd25 \u00bfListo para subir de nivel en tus apuestas? \u00a1Consigue ahora el c\u00f3digo promocional m\u00e1s atractivo de Megapari Chile y ll\u00e9vate un incre\u00edble bono del 100 %! No te lo pierdas, \u00a1tu racha ganadora empieza ahora!","robots":{"index":"index","follow":"follow","max-snippet":"max-snippet:-1","max-image-preview":"max-image-preview:large","max-video-preview":"max-video-preview:-1"},"canonical":"https:\/\/megapari.games\/chile\/promo-code\/","og_locale":"es_ES","og_type":"article","og_title":"C\u00f3digo promocional Megapari 2026 \u2705 \u00a1Consigue hoy tu bono del 100 %!","og_description":"\ud83d\udd25 \u00bfListo para subir de nivel en tus apuestas? \u00a1Consigue ahora el c\u00f3digo promocional m\u00e1s atractivo de Megapari Chile y ll\u00e9vate un incre\u00edble bono del 100 %! No te lo pierdas, \u00a1tu racha ganadora empieza ahora!","og_url":"https:\/\/megapari.games\/chile\/promo-code\/","og_site_name":"Megapari Games cl","article_modified_time":"2025-11-11T15:05:03+00:00","twitter_card":"summary_large_image","schema":{"@context":"https:\/\/schema.org","@graph":[{"@type":"WebPage","@id":"https:\/\/megapari.games\/chile\/promo-code\/","url":"https:\/\/megapari.games\/chile\/promo-code\/","name":"C\u00f3digo promocional Megapari 2026 \u2705 \u00a1Consigue hoy tu bono del 100 %!","isPartOf":{"@id":"https:\/\/megapari.games\/chile\/#website"},"datePublished":"2024-10-18T10:54:32+00:00","dateModified":"2025-11-11T15:05:03+00:00","description":"\ud83d\udd25 \u00bfListo para subir de nivel en tus apuestas? \u00a1Consigue ahora el c\u00f3digo promocional m\u00e1s atractivo de Megapari Chile y ll\u00e9vate un incre\u00edble bono del 100 %! No te lo pierdas, \u00a1tu racha ganadora empieza ahora!","breadcrumb":{"@id":"https:\/\/megapari.games\/chile\/promo-code\/#breadcrumb"},"inLanguage":"es-CL","potentialAction":[{"@type":"ReadAction","target":["https:\/\/megapari.games\/chile\/promo-code\/"]}]},{"@type":"BreadcrumbList","@id":"https:\/\/megapari.games\/chile\/promo-code\/#breadcrumb","itemListElement":[{"@type":"ListItem","position":1,"name":"\u0413\u043b\u0430\u0432\u043d\u0430\u044f \u0441\u0442\u0440\u0430\u043d\u0438\u0446\u0430","item":"https:\/\/megapari.games\/chile\/"},{"@type":"ListItem","position":2,"name":"C\u00f3digo promocional"}]},{"@type":"WebSite","@id":"https:\/\/megapari.games\/chile\/#website","url":"https:\/\/megapari.games\/chile\/","name":"Megapari Games cl","description":"My WordPress Blog","potentialAction":[{"@type":"SearchAction","target":{"@type":"EntryPoint","urlTemplate":"https:\/\/megapari.games\/chile\/?s={search_term_string}"},"query-input":{"@type":"PropertyValueSpecification","valueRequired":true,"valueName":"search_term_string"}}],"inLanguage":"es-CL"}]}},"_links":{"self":[{"href":"https:\/\/megapari.games\/chile\/wp-json\/wp\/v2\/pages\/656","targetHints":{"allow":["GET"]}}],"collection":[{"href":"https:\/\/megapari.games\/chile\/wp-json\/wp\/v2\/pages"}],"about":[{"href":"https:\/\/megapari.games\/chile\/wp-json\/wp\/v2\/types\/page"}],"author":[{"embeddable":true,"href":"https:\/\/megapari.games\/chile\/wp-json\/wp\/v2\/users\/1"}],"replies":[{"embeddable":true,"href":"https:\/\/megapari.games\/chile\/wp-json\/wp\/v2\/comments?post=656"}],"version-history":[{"count":6,"href":"https:\/\/megapari.games\/chile\/wp-json\/wp\/v2\/pages\/656\/revisions"}],"predecessor-version":[{"id":1106,"href":"https:\/\/megapari.games\/chile\/wp-json\/wp\/v2\/pages\/656\/revisions\/1106"}],"wp:attachment":[{"href":"https:\/\/megapari.games\/chile\/wp-json\/wp\/v2\/media?parent=656"}],"curies":[{"name":"wp","href":"https:\/\/api.w.org\/{rel}","templated":true}]}}