{"id":598,"date":"2024-09-23T13:49:43","date_gmt":"2024-09-23T13:49:43","guid":{"rendered":"https:\/\/megapari.games\/ci\/?page_id=598"},"modified":"2025-11-18T10:07:30","modified_gmt":"2025-11-18T10:07:30","slug":"apk","status":"publish","type":"page","link":"https:\/\/megapari.games\/ci\/apk\/","title":{"rendered":"Apk"},"content":{"rendered":"","protected":false},"excerpt":{"rendered":"","protected":false},"author":1,"featured_media":0,"parent":0,"menu_order":0,"comment_status":"closed","ping_status":"closed","template":"","meta":{"inline_featured_image":false,"footnotes":""},"class_list":["post-598","page","type-page","status-publish","hentry"],"yoast_head":"<!-- This site is optimized with the Yoast SEO plugin v27.3 - https:\/\/yoast.com\/product\/yoast-seo-wordpress\/ -->\n<title>T\u00e9l\u00e9charger Megapari Apk \u23e9 Sports et jeux pour Android<\/title>\n<meta name=\"description\" content=\"T\u00e9l\u00e9chargez l&#039;application officielle Megapari C\u00f4te d&#039;Ivoire pour Android pour les paris sportifs et le casino \u2b50 Comment installer la derni\u00e8re version de l&#039;application Megapari \u25b7 Guide MegaPari Apk pour une exp\u00e9rience de pari fluide\" \/>\n<meta name=\"robots\" content=\"index, follow, max-snippet:-1, max-image-preview:large, max-video-preview:-1\" \/>\n<link rel=\"canonical\" href=\"https:\/\/megapari.games\/ci\/apk\/\" \/>\n<meta property=\"og:locale\" content=\"fr_FR\" \/>\n<meta property=\"og:type\" content=\"article\" \/>\n<meta property=\"og:title\" content=\"T\u00e9l\u00e9charger Megapari Apk \u23e9 Sports et jeux pour Android\" \/>\n<meta property=\"og:description\" content=\"T\u00e9l\u00e9chargez l&#039;application officielle Megapari C\u00f4te d&#039;Ivoire pour Android pour les paris sportifs et le casino \u2b50 Comment installer la derni\u00e8re version de l&#039;application Megapari \u25b7 Guide MegaPari Apk pour une exp\u00e9rience de pari fluide\" \/>\n<meta property=\"og:url\" content=\"https:\/\/megapari.games\/ci\/apk\/\" \/>\n<meta property=\"og:site_name\" content=\"Megapari Games ci\" \/>\n<meta property=\"article:modified_time\" content=\"2025-11-18T10:07:30+00:00\" \/>\n<meta name=\"twitter:card\" content=\"summary_large_image\" \/>\n<script type=\"application\/ld+json\" class=\"yoast-schema-graph\">{\"@context\":\"https:\\\/\\\/schema.org\",\"@graph\":[{\"@type\":\"WebPage\",\"@id\":\"https:\\\/\\\/megapari.games\\\/ci\\\/apk\\\/\",\"url\":\"https:\\\/\\\/megapari.games\\\/ci\\\/apk\\\/\",\"name\":\"T\u00e9l\u00e9charger Megapari Apk \u23e9 Sports et jeux pour Android\",\"isPartOf\":{\"@id\":\"https:\\\/\\\/megapari.games\\\/ci\\\/#website\"},\"datePublished\":\"2024-09-23T13:49:43+00:00\",\"dateModified\":\"2025-11-18T10:07:30+00:00\",\"description\":\"T\u00e9l\u00e9chargez l'application officielle Megapari C\u00f4te d'Ivoire pour Android pour les paris sportifs et le casino \u2b50 Comment installer la derni\u00e8re version de l'application Megapari \u25b7 Guide MegaPari Apk pour une exp\u00e9rience de pari fluide\",\"breadcrumb\":{\"@id\":\"https:\\\/\\\/megapari.games\\\/ci\\\/apk\\\/#breadcrumb\"},\"inLanguage\":\"fr-CI\",\"potentialAction\":[{\"@type\":\"ReadAction\",\"target\":[\"https:\\\/\\\/megapari.games\\\/ci\\\/apk\\\/\"]}]},{\"@type\":\"BreadcrumbList\",\"@id\":\"https:\\\/\\\/megapari.games\\\/ci\\\/apk\\\/#breadcrumb\",\"itemListElement\":[{\"@type\":\"ListItem\",\"position\":1,\"name\":\"\u0413\u043b\u0430\u0432\u043d\u0430\u044f \u0441\u0442\u0440\u0430\u043d\u0438\u0446\u0430\",\"item\":\"https:\\\/\\\/megapari.games\\\/ci\\\/\"},{\"@type\":\"ListItem\",\"position\":2,\"name\":\"Apk\"}]},{\"@type\":\"WebSite\",\"@id\":\"https:\\\/\\\/megapari.games\\\/ci\\\/#website\",\"url\":\"https:\\\/\\\/megapari.games\\\/ci\\\/\",\"name\":\"Megapari Games ci\",\"description\":\"My WordPress Blog\",\"potentialAction\":[{\"@type\":\"SearchAction\",\"target\":{\"@type\":\"EntryPoint\",\"urlTemplate\":\"https:\\\/\\\/megapari.games\\\/ci\\\/?s={search_term_string}\"},\"query-input\":{\"@type\":\"PropertyValueSpecification\",\"valueRequired\":true,\"valueName\":\"search_term_string\"}}],\"inLanguage\":\"fr-CI\"}]}<\/script>\n<!-- \/ Yoast SEO plugin. -->","yoast_head_json":{"title":"T\u00e9l\u00e9charger Megapari Apk \u23e9 Sports et jeux pour Android","description":"T\u00e9l\u00e9chargez l'application officielle Megapari C\u00f4te d'Ivoire pour Android pour les paris sportifs et le casino \u2b50 Comment installer la derni\u00e8re version de l'application Megapari \u25b7 Guide MegaPari Apk pour une exp\u00e9rience de pari fluide","robots":{"index":"index","follow":"follow","max-snippet":"max-snippet:-1","max-image-preview":"max-image-preview:large","max-video-preview":"max-video-preview:-1"},"canonical":"https:\/\/megapari.games\/ci\/apk\/","og_locale":"fr_FR","og_type":"article","og_title":"T\u00e9l\u00e9charger Megapari Apk \u23e9 Sports et jeux pour Android","og_description":"T\u00e9l\u00e9chargez l'application officielle Megapari C\u00f4te d'Ivoire pour Android pour les paris sportifs et le casino \u2b50 Comment installer la derni\u00e8re version de l'application Megapari \u25b7 Guide MegaPari Apk pour une exp\u00e9rience de pari fluide","og_url":"https:\/\/megapari.games\/ci\/apk\/","og_site_name":"Megapari Games ci","article_modified_time":"2025-11-18T10:07:30+00:00","twitter_card":"summary_large_image","schema":{"@context":"https:\/\/schema.org","@graph":[{"@type":"WebPage","@id":"https:\/\/megapari.games\/ci\/apk\/","url":"https:\/\/megapari.games\/ci\/apk\/","name":"T\u00e9l\u00e9charger Megapari Apk \u23e9 Sports et jeux pour Android","isPartOf":{"@id":"https:\/\/megapari.games\/ci\/#website"},"datePublished":"2024-09-23T13:49:43+00:00","dateModified":"2025-11-18T10:07:30+00:00","description":"T\u00e9l\u00e9chargez l'application officielle Megapari C\u00f4te d'Ivoire pour Android pour les paris sportifs et le casino \u2b50 Comment installer la derni\u00e8re version de l'application Megapari \u25b7 Guide MegaPari Apk pour une exp\u00e9rience de pari fluide","breadcrumb":{"@id":"https:\/\/megapari.games\/ci\/apk\/#breadcrumb"},"inLanguage":"fr-CI","potentialAction":[{"@type":"ReadAction","target":["https:\/\/megapari.games\/ci\/apk\/"]}]},{"@type":"BreadcrumbList","@id":"https:\/\/megapari.games\/ci\/apk\/#breadcrumb","itemListElement":[{"@type":"ListItem","position":1,"name":"\u0413\u043b\u0430\u0432\u043d\u0430\u044f \u0441\u0442\u0440\u0430\u043d\u0438\u0446\u0430","item":"https:\/\/megapari.games\/ci\/"},{"@type":"ListItem","position":2,"name":"Apk"}]},{"@type":"WebSite","@id":"https:\/\/megapari.games\/ci\/#website","url":"https:\/\/megapari.games\/ci\/","name":"Megapari Games ci","description":"My WordPress Blog","potentialAction":[{"@type":"SearchAction","target":{"@type":"EntryPoint","urlTemplate":"https:\/\/megapari.games\/ci\/?s={search_term_string}"},"query-input":{"@type":"PropertyValueSpecification","valueRequired":true,"valueName":"search_term_string"}}],"inLanguage":"fr-CI"}]}},"_links":{"self":[{"href":"https:\/\/megapari.games\/ci\/wp-json\/wp\/v2\/pages\/598","targetHints":{"allow":["GET"]}}],"collection":[{"href":"https:\/\/megapari.games\/ci\/wp-json\/wp\/v2\/pages"}],"about":[{"href":"https:\/\/megapari.games\/ci\/wp-json\/wp\/v2\/types\/page"}],"author":[{"embeddable":true,"href":"https:\/\/megapari.games\/ci\/wp-json\/wp\/v2\/users\/1"}],"replies":[{"embeddable":true,"href":"https:\/\/megapari.games\/ci\/wp-json\/wp\/v2\/comments?post=598"}],"version-history":[{"count":3,"href":"https:\/\/megapari.games\/ci\/wp-json\/wp\/v2\/pages\/598\/revisions"}],"predecessor-version":[{"id":1105,"href":"https:\/\/megapari.games\/ci\/wp-json\/wp\/v2\/pages\/598\/revisions\/1105"}],"wp:attachment":[{"href":"https:\/\/megapari.games\/ci\/wp-json\/wp\/v2\/media?parent=598"}],"curies":[{"name":"wp","href":"https:\/\/api.w.org\/{rel}","templated":true}]}}