{"id":1122,"date":"2025-11-24T08:30:07","date_gmt":"2025-11-24T08:30:07","guid":{"rendered":"https:\/\/megapari.games\/?page_id=1122"},"modified":"2025-12-09T05:59:36","modified_gmt":"2025-12-09T05:59:36","slug":"tennis-betting","status":"publish","type":"page","link":"https:\/\/megapari.games\/cm\/tennis-betting\/","title":{"rendered":"Tennis"},"content":{"rendered":"","protected":false},"excerpt":{"rendered":"","protected":false},"author":1,"featured_media":0,"parent":0,"menu_order":0,"comment_status":"closed","ping_status":"closed","template":"","meta":{"inline_featured_image":false,"footnotes":""},"class_list":["post-1122","page","type-page","status-publish","hentry"],"yoast_head":"<!-- This site is optimized with the Yoast SEO plugin v27.4 - https:\/\/yoast.com\/product\/yoast-seo-wordpress\/ -->\n<title>Paris sur le tennis Megapari | Cotes, offres de bonus<\/title>\n<meta name=\"description\" content=\"Paris sur le tennis sur Megapari Cameroun \ud83c\udf1f Une large gamme de paris pour les tournois ATP, WTA et du Grand Chelem, des statistiques en direct actualis\u00e9es et des outils d&#039;analyse pratiques. D\u00e9couvrez les fonctionnalit\u00e9s de la plateforme et les programmes de bonus disponibles.\" \/>\n<meta name=\"robots\" content=\"index, follow, max-snippet:-1, max-image-preview:large, max-video-preview:-1\" \/>\n<link rel=\"canonical\" href=\"https:\/\/megapari.games\/cm\/tennis-betting\/\" \/>\n<meta property=\"og:locale\" content=\"fr_FR\" \/>\n<meta property=\"og:type\" content=\"article\" \/>\n<meta property=\"og:title\" content=\"Paris sur le tennis Megapari | Cotes, offres de bonus\" \/>\n<meta property=\"og:description\" content=\"Paris sur le tennis sur Megapari Cameroun \ud83c\udf1f Une large gamme de paris pour les tournois ATP, WTA et du Grand Chelem, des statistiques en direct actualis\u00e9es et des outils d&#039;analyse pratiques. D\u00e9couvrez les fonctionnalit\u00e9s de la plateforme et les programmes de bonus disponibles.\" \/>\n<meta property=\"og:url\" content=\"https:\/\/megapari.games\/cm\/tennis-betting\/\" \/>\n<meta property=\"og:site_name\" content=\"Megapari Games cm\" \/>\n<meta property=\"article:modified_time\" content=\"2025-12-09T05:59:36+00:00\" \/>\n<meta name=\"twitter:card\" content=\"summary_large_image\" \/>\n<script type=\"application\/ld+json\" class=\"yoast-schema-graph\">{\"@context\":\"https:\\\/\\\/schema.org\",\"@graph\":[{\"@type\":\"WebPage\",\"@id\":\"https:\\\/\\\/megapari.games\\\/cm\\\/tennis-betting\\\/\",\"url\":\"https:\\\/\\\/megapari.games\\\/cm\\\/tennis-betting\\\/\",\"name\":\"Paris sur le tennis Megapari | Cotes, offres de bonus\",\"isPartOf\":{\"@id\":\"https:\\\/\\\/megapari.games\\\/cm\\\/#website\"},\"datePublished\":\"2025-11-24T08:30:07+00:00\",\"dateModified\":\"2025-12-09T05:59:36+00:00\",\"description\":\"Paris sur le tennis sur Megapari Cameroun \ud83c\udf1f Une large gamme de paris pour les tournois ATP, WTA et du Grand Chelem, des statistiques en direct actualis\u00e9es et des outils d'analyse pratiques. D\u00e9couvrez les fonctionnalit\u00e9s de la plateforme et les programmes de bonus disponibles.\",\"breadcrumb\":{\"@id\":\"https:\\\/\\\/megapari.games\\\/cm\\\/tennis-betting\\\/#breadcrumb\"},\"inLanguage\":\"fr-CM\",\"potentialAction\":[{\"@type\":\"ReadAction\",\"target\":[\"https:\\\/\\\/megapari.games\\\/cm\\\/tennis-betting\\\/\"]}]},{\"@type\":\"BreadcrumbList\",\"@id\":\"https:\\\/\\\/megapari.games\\\/cm\\\/tennis-betting\\\/#breadcrumb\",\"itemListElement\":[{\"@type\":\"ListItem\",\"position\":1,\"name\":\"\u0413\u043b\u0430\u0432\u043d\u0430\u044f \u0441\u0442\u0440\u0430\u043d\u0438\u0446\u0430\",\"item\":\"https:\\\/\\\/megapari.games\\\/cm\\\/\"},{\"@type\":\"ListItem\",\"position\":2,\"name\":\"Tennis\"}]},{\"@type\":\"WebSite\",\"@id\":\"https:\\\/\\\/megapari.games\\\/cm\\\/#website\",\"url\":\"https:\\\/\\\/megapari.games\\\/cm\\\/\",\"name\":\"Megapari Games cm\",\"description\":\"My WordPress Blog\",\"potentialAction\":[{\"@type\":\"SearchAction\",\"target\":{\"@type\":\"EntryPoint\",\"urlTemplate\":\"https:\\\/\\\/megapari.games\\\/cm\\\/?s={search_term_string}\"},\"query-input\":{\"@type\":\"PropertyValueSpecification\",\"valueRequired\":true,\"valueName\":\"search_term_string\"}}],\"inLanguage\":\"fr-CM\"}]}<\/script>\n<!-- \/ Yoast SEO plugin. -->","yoast_head_json":{"title":"Paris sur le tennis Megapari | Cotes, offres de bonus","description":"Paris sur le tennis sur Megapari Cameroun \ud83c\udf1f Une large gamme de paris pour les tournois ATP, WTA et du Grand Chelem, des statistiques en direct actualis\u00e9es et des outils d'analyse pratiques. D\u00e9couvrez les fonctionnalit\u00e9s de la plateforme et les programmes de bonus disponibles.","robots":{"index":"index","follow":"follow","max-snippet":"max-snippet:-1","max-image-preview":"max-image-preview:large","max-video-preview":"max-video-preview:-1"},"canonical":"https:\/\/megapari.games\/cm\/tennis-betting\/","og_locale":"fr_FR","og_type":"article","og_title":"Paris sur le tennis Megapari | Cotes, offres de bonus","og_description":"Paris sur le tennis sur Megapari Cameroun \ud83c\udf1f Une large gamme de paris pour les tournois ATP, WTA et du Grand Chelem, des statistiques en direct actualis\u00e9es et des outils d'analyse pratiques. D\u00e9couvrez les fonctionnalit\u00e9s de la plateforme et les programmes de bonus disponibles.","og_url":"https:\/\/megapari.games\/cm\/tennis-betting\/","og_site_name":"Megapari Games cm","article_modified_time":"2025-12-09T05:59:36+00:00","twitter_card":"summary_large_image","schema":{"@context":"https:\/\/schema.org","@graph":[{"@type":"WebPage","@id":"https:\/\/megapari.games\/cm\/tennis-betting\/","url":"https:\/\/megapari.games\/cm\/tennis-betting\/","name":"Paris sur le tennis Megapari | Cotes, offres de bonus","isPartOf":{"@id":"https:\/\/megapari.games\/cm\/#website"},"datePublished":"2025-11-24T08:30:07+00:00","dateModified":"2025-12-09T05:59:36+00:00","description":"Paris sur le tennis sur Megapari Cameroun \ud83c\udf1f Une large gamme de paris pour les tournois ATP, WTA et du Grand Chelem, des statistiques en direct actualis\u00e9es et des outils d'analyse pratiques. D\u00e9couvrez les fonctionnalit\u00e9s de la plateforme et les programmes de bonus disponibles.","breadcrumb":{"@id":"https:\/\/megapari.games\/cm\/tennis-betting\/#breadcrumb"},"inLanguage":"fr-CM","potentialAction":[{"@type":"ReadAction","target":["https:\/\/megapari.games\/cm\/tennis-betting\/"]}]},{"@type":"BreadcrumbList","@id":"https:\/\/megapari.games\/cm\/tennis-betting\/#breadcrumb","itemListElement":[{"@type":"ListItem","position":1,"name":"\u0413\u043b\u0430\u0432\u043d\u0430\u044f \u0441\u0442\u0440\u0430\u043d\u0438\u0446\u0430","item":"https:\/\/megapari.games\/cm\/"},{"@type":"ListItem","position":2,"name":"Tennis"}]},{"@type":"WebSite","@id":"https:\/\/megapari.games\/cm\/#website","url":"https:\/\/megapari.games\/cm\/","name":"Megapari Games cm","description":"My WordPress Blog","potentialAction":[{"@type":"SearchAction","target":{"@type":"EntryPoint","urlTemplate":"https:\/\/megapari.games\/cm\/?s={search_term_string}"},"query-input":{"@type":"PropertyValueSpecification","valueRequired":true,"valueName":"search_term_string"}}],"inLanguage":"fr-CM"}]}},"_links":{"self":[{"href":"https:\/\/megapari.games\/cm\/wp-json\/wp\/v2\/pages\/1122","targetHints":{"allow":["GET"]}}],"collection":[{"href":"https:\/\/megapari.games\/cm\/wp-json\/wp\/v2\/pages"}],"about":[{"href":"https:\/\/megapari.games\/cm\/wp-json\/wp\/v2\/types\/page"}],"author":[{"embeddable":true,"href":"https:\/\/megapari.games\/cm\/wp-json\/wp\/v2\/users\/1"}],"replies":[{"embeddable":true,"href":"https:\/\/megapari.games\/cm\/wp-json\/wp\/v2\/comments?post=1122"}],"version-history":[{"count":2,"href":"https:\/\/megapari.games\/cm\/wp-json\/wp\/v2\/pages\/1122\/revisions"}],"predecessor-version":[{"id":1167,"href":"https:\/\/megapari.games\/cm\/wp-json\/wp\/v2\/pages\/1122\/revisions\/1167"}],"wp:attachment":[{"href":"https:\/\/megapari.games\/cm\/wp-json\/wp\/v2\/media?parent=1122"}],"curies":[{"name":"wp","href":"https:\/\/api.w.org\/{rel}","templated":true}]}}