{"id":1129,"date":"2025-11-24T09:47:49","date_gmt":"2025-11-24T09:47:49","guid":{"rendered":"https:\/\/megapari.games\/?page_id=1129"},"modified":"2025-12-09T06:18:13","modified_gmt":"2025-12-09T06:18:13","slug":"volleyball-betting","status":"publish","type":"page","link":"https:\/\/megapari.games\/cm\/volleyball-betting\/","title":{"rendered":"Volleyball"},"content":{"rendered":"","protected":false},"excerpt":{"rendered":"","protected":false},"author":1,"featured_media":0,"parent":0,"menu_order":0,"comment_status":"closed","ping_status":"closed","template":"","meta":{"inline_featured_image":false,"footnotes":""},"class_list":["post-1129","page","type-page","status-publish","hentry"],"yoast_head":"<!-- This site is optimized with the Yoast SEO plugin v27.4 - https:\/\/yoast.com\/product\/yoast-seo-wordpress\/ -->\n<title>Paris sur le volleyball Megapari | Cotes, statistiques par set, bonus<\/title>\n<meta name=\"description\" content=\"Paris sur le volleyball Megapari Cameroun \ud83d\ude4c Options de paris \u00e9tendues pour les tournois internationaux et les tournois de clubs, statistiques d\u00e9taill\u00e9es par set, outils d&#039;analyse pratiques et programmes de bonus actuels de la plateforme.\" \/>\n<meta name=\"robots\" content=\"index, follow, max-snippet:-1, max-image-preview:large, max-video-preview:-1\" \/>\n<link rel=\"canonical\" href=\"https:\/\/megapari.games\/cm\/volleyball-betting\/\" \/>\n<meta property=\"og:locale\" content=\"fr_FR\" \/>\n<meta property=\"og:type\" content=\"article\" \/>\n<meta property=\"og:title\" content=\"Paris sur le volleyball Megapari | Cotes, statistiques par set, bonus\" \/>\n<meta property=\"og:description\" content=\"Paris sur le volleyball Megapari Cameroun \ud83d\ude4c Options de paris \u00e9tendues pour les tournois internationaux et les tournois de clubs, statistiques d\u00e9taill\u00e9es par set, outils d&#039;analyse pratiques et programmes de bonus actuels de la plateforme.\" \/>\n<meta property=\"og:url\" content=\"https:\/\/megapari.games\/cm\/volleyball-betting\/\" \/>\n<meta property=\"og:site_name\" content=\"Megapari Games cm\" \/>\n<meta property=\"article:modified_time\" content=\"2025-12-09T06:18:13+00:00\" \/>\n<meta name=\"twitter:card\" content=\"summary_large_image\" \/>\n<script type=\"application\/ld+json\" class=\"yoast-schema-graph\">{\"@context\":\"https:\\\/\\\/schema.org\",\"@graph\":[{\"@type\":\"WebPage\",\"@id\":\"https:\\\/\\\/megapari.games\\\/cm\\\/volleyball-betting\\\/\",\"url\":\"https:\\\/\\\/megapari.games\\\/cm\\\/volleyball-betting\\\/\",\"name\":\"Paris sur le volleyball Megapari | Cotes, statistiques par set, bonus\",\"isPartOf\":{\"@id\":\"https:\\\/\\\/megapari.games\\\/cm\\\/#website\"},\"datePublished\":\"2025-11-24T09:47:49+00:00\",\"dateModified\":\"2025-12-09T06:18:13+00:00\",\"description\":\"Paris sur le volleyball Megapari Cameroun \ud83d\ude4c Options de paris \u00e9tendues pour les tournois internationaux et les tournois de clubs, statistiques d\u00e9taill\u00e9es par set, outils d'analyse pratiques et programmes de bonus actuels de la plateforme.\",\"breadcrumb\":{\"@id\":\"https:\\\/\\\/megapari.games\\\/cm\\\/volleyball-betting\\\/#breadcrumb\"},\"inLanguage\":\"fr-CM\",\"potentialAction\":[{\"@type\":\"ReadAction\",\"target\":[\"https:\\\/\\\/megapari.games\\\/cm\\\/volleyball-betting\\\/\"]}]},{\"@type\":\"BreadcrumbList\",\"@id\":\"https:\\\/\\\/megapari.games\\\/cm\\\/volleyball-betting\\\/#breadcrumb\",\"itemListElement\":[{\"@type\":\"ListItem\",\"position\":1,\"name\":\"\u0413\u043b\u0430\u0432\u043d\u0430\u044f \u0441\u0442\u0440\u0430\u043d\u0438\u0446\u0430\",\"item\":\"https:\\\/\\\/megapari.games\\\/cm\\\/\"},{\"@type\":\"ListItem\",\"position\":2,\"name\":\"Volleyball\"}]},{\"@type\":\"WebSite\",\"@id\":\"https:\\\/\\\/megapari.games\\\/cm\\\/#website\",\"url\":\"https:\\\/\\\/megapari.games\\\/cm\\\/\",\"name\":\"Megapari Games cm\",\"description\":\"My WordPress Blog\",\"potentialAction\":[{\"@type\":\"SearchAction\",\"target\":{\"@type\":\"EntryPoint\",\"urlTemplate\":\"https:\\\/\\\/megapari.games\\\/cm\\\/?s={search_term_string}\"},\"query-input\":{\"@type\":\"PropertyValueSpecification\",\"valueRequired\":true,\"valueName\":\"search_term_string\"}}],\"inLanguage\":\"fr-CM\"}]}<\/script>\n<!-- \/ Yoast SEO plugin. -->","yoast_head_json":{"title":"Paris sur le volleyball Megapari | Cotes, statistiques par set, bonus","description":"Paris sur le volleyball Megapari Cameroun \ud83d\ude4c Options de paris \u00e9tendues pour les tournois internationaux et les tournois de clubs, statistiques d\u00e9taill\u00e9es par set, outils d'analyse pratiques et programmes de bonus actuels de la plateforme.","robots":{"index":"index","follow":"follow","max-snippet":"max-snippet:-1","max-image-preview":"max-image-preview:large","max-video-preview":"max-video-preview:-1"},"canonical":"https:\/\/megapari.games\/cm\/volleyball-betting\/","og_locale":"fr_FR","og_type":"article","og_title":"Paris sur le volleyball Megapari | Cotes, statistiques par set, bonus","og_description":"Paris sur le volleyball Megapari Cameroun \ud83d\ude4c Options de paris \u00e9tendues pour les tournois internationaux et les tournois de clubs, statistiques d\u00e9taill\u00e9es par set, outils d'analyse pratiques et programmes de bonus actuels de la plateforme.","og_url":"https:\/\/megapari.games\/cm\/volleyball-betting\/","og_site_name":"Megapari Games cm","article_modified_time":"2025-12-09T06:18:13+00:00","twitter_card":"summary_large_image","schema":{"@context":"https:\/\/schema.org","@graph":[{"@type":"WebPage","@id":"https:\/\/megapari.games\/cm\/volleyball-betting\/","url":"https:\/\/megapari.games\/cm\/volleyball-betting\/","name":"Paris sur le volleyball Megapari | Cotes, statistiques par set, bonus","isPartOf":{"@id":"https:\/\/megapari.games\/cm\/#website"},"datePublished":"2025-11-24T09:47:49+00:00","dateModified":"2025-12-09T06:18:13+00:00","description":"Paris sur le volleyball Megapari Cameroun \ud83d\ude4c Options de paris \u00e9tendues pour les tournois internationaux et les tournois de clubs, statistiques d\u00e9taill\u00e9es par set, outils d'analyse pratiques et programmes de bonus actuels de la plateforme.","breadcrumb":{"@id":"https:\/\/megapari.games\/cm\/volleyball-betting\/#breadcrumb"},"inLanguage":"fr-CM","potentialAction":[{"@type":"ReadAction","target":["https:\/\/megapari.games\/cm\/volleyball-betting\/"]}]},{"@type":"BreadcrumbList","@id":"https:\/\/megapari.games\/cm\/volleyball-betting\/#breadcrumb","itemListElement":[{"@type":"ListItem","position":1,"name":"\u0413\u043b\u0430\u0432\u043d\u0430\u044f \u0441\u0442\u0440\u0430\u043d\u0438\u0446\u0430","item":"https:\/\/megapari.games\/cm\/"},{"@type":"ListItem","position":2,"name":"Volleyball"}]},{"@type":"WebSite","@id":"https:\/\/megapari.games\/cm\/#website","url":"https:\/\/megapari.games\/cm\/","name":"Megapari Games cm","description":"My WordPress Blog","potentialAction":[{"@type":"SearchAction","target":{"@type":"EntryPoint","urlTemplate":"https:\/\/megapari.games\/cm\/?s={search_term_string}"},"query-input":{"@type":"PropertyValueSpecification","valueRequired":true,"valueName":"search_term_string"}}],"inLanguage":"fr-CM"}]}},"_links":{"self":[{"href":"https:\/\/megapari.games\/cm\/wp-json\/wp\/v2\/pages\/1129","targetHints":{"allow":["GET"]}}],"collection":[{"href":"https:\/\/megapari.games\/cm\/wp-json\/wp\/v2\/pages"}],"about":[{"href":"https:\/\/megapari.games\/cm\/wp-json\/wp\/v2\/types\/page"}],"author":[{"embeddable":true,"href":"https:\/\/megapari.games\/cm\/wp-json\/wp\/v2\/users\/1"}],"replies":[{"embeddable":true,"href":"https:\/\/megapari.games\/cm\/wp-json\/wp\/v2\/comments?post=1129"}],"version-history":[{"count":3,"href":"https:\/\/megapari.games\/cm\/wp-json\/wp\/v2\/pages\/1129\/revisions"}],"predecessor-version":[{"id":1173,"href":"https:\/\/megapari.games\/cm\/wp-json\/wp\/v2\/pages\/1129\/revisions\/1173"}],"wp:attachment":[{"href":"https:\/\/megapari.games\/cm\/wp-json\/wp\/v2\/media?parent=1129"}],"curies":[{"name":"wp","href":"https:\/\/api.w.org\/{rel}","templated":true}]}}