{"id":2,"date":"2023-05-18T17:18:34","date_gmt":"2023-05-18T17:18:34","guid":{"rendered":"https:\/\/megapari.games\/cm\/?page_id=2"},"modified":"2025-12-08T17:24:41","modified_gmt":"2025-12-08T17:24:41","slug":"sample-page","status":"publish","type":"page","link":"https:\/\/megapari.games\/cm\/","title":{"rendered":"Maison"},"content":{"rendered":"","protected":false},"excerpt":{"rendered":"","protected":false},"author":1,"featured_media":0,"parent":0,"menu_order":0,"comment_status":"closed","ping_status":"open","template":"","meta":{"inline_featured_image":false,"footnotes":""},"class_list":["post-2","page","type-page","status-publish","hentry"],"yoast_head":"<!-- This site is optimized with the Yoast SEO plugin v27.4 - https:\/\/yoast.com\/product\/yoast-seo-wordpress\/ -->\n<title>Megapari Cameroun \ud83c\udde8\ud83c\uddf4 \u2728 Site Officiel de Paris Sportifs en 2026<\/title>\n<meta name=\"description\" content=\"Commencez \u00e0 jouer sur le site Megapari et obtenez un bonus de bienvenue jusqu&#039;\u00e0 60000 XAF sur votre premier d\u00e9p\u00f4t \u2714\ufe0f Inscrivez-vous et commencez \u00e0 parier maintenant\" \/>\n<meta name=\"robots\" content=\"index, follow, max-snippet:-1, max-image-preview:large, max-video-preview:-1\" \/>\n<link rel=\"canonical\" href=\"https:\/\/megapari.games\/cm\/\" \/>\n<meta property=\"og:locale\" content=\"fr_FR\" \/>\n<meta property=\"og:type\" content=\"article\" \/>\n<meta property=\"og:title\" content=\"Megapari Cameroun \ud83c\udde8\ud83c\uddf4 \u2728 Site Officiel de Paris Sportifs en 2026\" \/>\n<meta property=\"og:description\" content=\"Commencez \u00e0 jouer sur le site Megapari et obtenez un bonus de bienvenue jusqu&#039;\u00e0 60000 XAF sur votre premier d\u00e9p\u00f4t \u2714\ufe0f Inscrivez-vous et commencez \u00e0 parier maintenant\" \/>\n<meta property=\"og:url\" content=\"https:\/\/megapari.games\/cm\/\" \/>\n<meta property=\"og:site_name\" content=\"Megapari Games cm\" \/>\n<meta property=\"article:modified_time\" content=\"2025-12-08T17:24:41+00:00\" \/>\n<meta name=\"twitter:card\" content=\"summary_large_image\" \/>\n<script type=\"application\/ld+json\" class=\"yoast-schema-graph\">{\"@context\":\"https:\\\/\\\/schema.org\",\"@graph\":[{\"@type\":\"WebPage\",\"@id\":\"https:\\\/\\\/megapari.games\\\/cm\\\/\",\"url\":\"https:\\\/\\\/megapari.games\\\/cm\\\/\",\"name\":\"Megapari Cameroun \ud83c\udde8\ud83c\uddf4 \u2728 Site Officiel de Paris Sportifs en 2026\",\"isPartOf\":{\"@id\":\"https:\\\/\\\/megapari.games\\\/cm\\\/#website\"},\"datePublished\":\"2023-05-18T17:18:34+00:00\",\"dateModified\":\"2025-12-08T17:24:41+00:00\",\"description\":\"Commencez \u00e0 jouer sur le site Megapari et obtenez un bonus de bienvenue jusqu'\u00e0 60000 XAF sur votre premier d\u00e9p\u00f4t \u2714\ufe0f Inscrivez-vous et commencez \u00e0 parier maintenant\",\"breadcrumb\":{\"@id\":\"https:\\\/\\\/megapari.games\\\/cm\\\/#breadcrumb\"},\"inLanguage\":\"fr-CM\",\"potentialAction\":[{\"@type\":\"ReadAction\",\"target\":[\"https:\\\/\\\/megapari.games\\\/cm\\\/\"]}]},{\"@type\":\"BreadcrumbList\",\"@id\":\"https:\\\/\\\/megapari.games\\\/cm\\\/#breadcrumb\",\"itemListElement\":[{\"@type\":\"ListItem\",\"position\":1,\"name\":\"\u0413\u043b\u0430\u0432\u043d\u0430\u044f \u0441\u0442\u0440\u0430\u043d\u0438\u0446\u0430\",\"item\":\"https:\\\/\\\/megapari.games\\\/cm\\\/\"},{\"@type\":\"ListItem\",\"position\":2,\"name\":\"Maison\"}]},{\"@type\":\"WebSite\",\"@id\":\"https:\\\/\\\/megapari.games\\\/cm\\\/#website\",\"url\":\"https:\\\/\\\/megapari.games\\\/cm\\\/\",\"name\":\"Megapari Games cm\",\"description\":\"My WordPress Blog\",\"potentialAction\":[{\"@type\":\"SearchAction\",\"target\":{\"@type\":\"EntryPoint\",\"urlTemplate\":\"https:\\\/\\\/megapari.games\\\/cm\\\/?s={search_term_string}\"},\"query-input\":{\"@type\":\"PropertyValueSpecification\",\"valueRequired\":true,\"valueName\":\"search_term_string\"}}],\"inLanguage\":\"fr-CM\"}]}<\/script>\n<!-- \/ Yoast SEO plugin. -->","yoast_head_json":{"title":"Megapari Cameroun \ud83c\udde8\ud83c\uddf4 \u2728 Site Officiel de Paris Sportifs en 2026","description":"Commencez \u00e0 jouer sur le site Megapari et obtenez un bonus de bienvenue jusqu'\u00e0 60000 XAF sur votre premier d\u00e9p\u00f4t \u2714\ufe0f Inscrivez-vous et commencez \u00e0 parier maintenant","robots":{"index":"index","follow":"follow","max-snippet":"max-snippet:-1","max-image-preview":"max-image-preview:large","max-video-preview":"max-video-preview:-1"},"canonical":"https:\/\/megapari.games\/cm\/","og_locale":"fr_FR","og_type":"article","og_title":"Megapari Cameroun \ud83c\udde8\ud83c\uddf4 \u2728 Site Officiel de Paris Sportifs en 2026","og_description":"Commencez \u00e0 jouer sur le site Megapari et obtenez un bonus de bienvenue jusqu'\u00e0 60000 XAF sur votre premier d\u00e9p\u00f4t \u2714\ufe0f Inscrivez-vous et commencez \u00e0 parier maintenant","og_url":"https:\/\/megapari.games\/cm\/","og_site_name":"Megapari Games cm","article_modified_time":"2025-12-08T17:24:41+00:00","twitter_card":"summary_large_image","schema":{"@context":"https:\/\/schema.org","@graph":[{"@type":"WebPage","@id":"https:\/\/megapari.games\/cm\/","url":"https:\/\/megapari.games\/cm\/","name":"Megapari Cameroun \ud83c\udde8\ud83c\uddf4 \u2728 Site Officiel de Paris Sportifs en 2026","isPartOf":{"@id":"https:\/\/megapari.games\/cm\/#website"},"datePublished":"2023-05-18T17:18:34+00:00","dateModified":"2025-12-08T17:24:41+00:00","description":"Commencez \u00e0 jouer sur le site Megapari et obtenez un bonus de bienvenue jusqu'\u00e0 60000 XAF sur votre premier d\u00e9p\u00f4t \u2714\ufe0f Inscrivez-vous et commencez \u00e0 parier maintenant","breadcrumb":{"@id":"https:\/\/megapari.games\/cm\/#breadcrumb"},"inLanguage":"fr-CM","potentialAction":[{"@type":"ReadAction","target":["https:\/\/megapari.games\/cm\/"]}]},{"@type":"BreadcrumbList","@id":"https:\/\/megapari.games\/cm\/#breadcrumb","itemListElement":[{"@type":"ListItem","position":1,"name":"\u0413\u043b\u0430\u0432\u043d\u0430\u044f \u0441\u0442\u0440\u0430\u043d\u0438\u0446\u0430","item":"https:\/\/megapari.games\/cm\/"},{"@type":"ListItem","position":2,"name":"Maison"}]},{"@type":"WebSite","@id":"https:\/\/megapari.games\/cm\/#website","url":"https:\/\/megapari.games\/cm\/","name":"Megapari Games cm","description":"My WordPress Blog","potentialAction":[{"@type":"SearchAction","target":{"@type":"EntryPoint","urlTemplate":"https:\/\/megapari.games\/cm\/?s={search_term_string}"},"query-input":{"@type":"PropertyValueSpecification","valueRequired":true,"valueName":"search_term_string"}}],"inLanguage":"fr-CM"}]}},"_links":{"self":[{"href":"https:\/\/megapari.games\/cm\/wp-json\/wp\/v2\/pages\/2","targetHints":{"allow":["GET"]}}],"collection":[{"href":"https:\/\/megapari.games\/cm\/wp-json\/wp\/v2\/pages"}],"about":[{"href":"https:\/\/megapari.games\/cm\/wp-json\/wp\/v2\/types\/page"}],"author":[{"embeddable":true,"href":"https:\/\/megapari.games\/cm\/wp-json\/wp\/v2\/users\/1"}],"replies":[{"embeddable":true,"href":"https:\/\/megapari.games\/cm\/wp-json\/wp\/v2\/comments?post=2"}],"version-history":[{"count":13,"href":"https:\/\/megapari.games\/cm\/wp-json\/wp\/v2\/pages\/2\/revisions"}],"predecessor-version":[{"id":858,"href":"https:\/\/megapari.games\/cm\/wp-json\/wp\/v2\/pages\/2\/revisions\/858"}],"wp:attachment":[{"href":"https:\/\/megapari.games\/cm\/wp-json\/wp\/v2\/media?parent=2"}],"curies":[{"name":"wp","href":"https:\/\/api.w.org\/{rel}","templated":true}]}}