{"id":1554,"date":"2026-03-02T14:22:01","date_gmt":"2026-03-02T14:22:01","guid":{"rendered":"https:\/\/megapari.games\/?page_id=1554"},"modified":"2026-03-19T17:25:34","modified_gmt":"2026-03-19T17:25:34","slug":"megapari","status":"publish","type":"page","link":"https:\/\/megapari.games\/co\/","title":{"rendered":"Megapari"},"content":{"rendered":"","protected":false},"excerpt":{"rendered":"","protected":false},"author":1,"featured_media":0,"parent":0,"menu_order":0,"comment_status":"closed","ping_status":"closed","template":"","meta":{"inline_featured_image":false,"footnotes":""},"class_list":["post-1554","page","type-page","status-publish","hentry"],"yoast_head":"<!-- This site is optimized with the Yoast SEO plugin v27.6 - https:\/\/yoast.com\/product\/yoast-seo-wordpress\/ -->\n<title>MegaPari\u2122 \u2014 Apuestas deportivas y cuotas en directo 2026<\/title>\n<meta name=\"description\" content=\"Apuesta con Mega Pari Colombia en f\u00fatbol y grandes eventos, disfruta de cuotas en directo, pagos r\u00e1pidos y una experiencia de apuestas m\u00f3vil fluida con una amplia variedad de mercados deportivos.\" \/>\n<meta name=\"robots\" content=\"index, follow, max-snippet:-1, max-image-preview:large, max-video-preview:-1\" \/>\n<link rel=\"canonical\" href=\"https:\/\/megapari.games\/co\/\" \/>\n<meta property=\"og:locale\" content=\"es_ES\" \/>\n<meta property=\"og:type\" content=\"article\" \/>\n<meta property=\"og:title\" content=\"MegaPari\u2122 \u2014 Apuestas deportivas y cuotas en directo 2026\" \/>\n<meta property=\"og:description\" content=\"Apuesta con Mega Pari Colombia en f\u00fatbol y grandes eventos, disfruta de cuotas en directo, pagos r\u00e1pidos y una experiencia de apuestas m\u00f3vil fluida con una amplia variedad de mercados deportivos.\" \/>\n<meta property=\"og:url\" content=\"https:\/\/megapari.games\/co\/\" \/>\n<meta property=\"og:site_name\" content=\"megapari games co\" \/>\n<meta property=\"article:modified_time\" content=\"2026-03-19T17:25:34+00:00\" \/>\n<meta name=\"twitter:card\" content=\"summary_large_image\" \/>\n<script type=\"application\/ld+json\" class=\"yoast-schema-graph\">{\"@context\":\"https:\\\/\\\/schema.org\",\"@graph\":[{\"@type\":\"WebPage\",\"@id\":\"https:\\\/\\\/megapari.games\\\/co\\\/\",\"url\":\"https:\\\/\\\/megapari.games\\\/co\\\/\",\"name\":\"MegaPari\u2122 \u2014 Apuestas deportivas y cuotas en directo 2026\",\"isPartOf\":{\"@id\":\"https:\\\/\\\/megapari.games\\\/co\\\/#website\"},\"datePublished\":\"2026-03-02T14:22:01+00:00\",\"dateModified\":\"2026-03-19T17:25:34+00:00\",\"description\":\"Apuesta con Mega Pari Colombia en f\u00fatbol y grandes eventos, disfruta de cuotas en directo, pagos r\u00e1pidos y una experiencia de apuestas m\u00f3vil fluida con una amplia variedad de mercados deportivos.\",\"breadcrumb\":{\"@id\":\"https:\\\/\\\/megapari.games\\\/co\\\/#breadcrumb\"},\"inLanguage\":\"es-CO\",\"potentialAction\":[{\"@type\":\"ReadAction\",\"target\":[\"https:\\\/\\\/megapari.games\\\/co\\\/\"]}]},{\"@type\":\"BreadcrumbList\",\"@id\":\"https:\\\/\\\/megapari.games\\\/co\\\/#breadcrumb\",\"itemListElement\":[{\"@type\":\"ListItem\",\"position\":1,\"name\":\"\u0413\u043b\u0430\u0432\u043d\u0430\u044f \u0441\u0442\u0440\u0430\u043d\u0438\u0446\u0430\",\"item\":\"https:\\\/\\\/megapari.games\\\/co\\\/\"},{\"@type\":\"ListItem\",\"position\":2,\"name\":\"Megapari\"}]},{\"@type\":\"WebSite\",\"@id\":\"https:\\\/\\\/megapari.games\\\/co\\\/#website\",\"url\":\"https:\\\/\\\/megapari.games\\\/co\\\/\",\"name\":\"megapari games co\",\"description\":\"My WordPress Blog\",\"potentialAction\":[{\"@type\":\"SearchAction\",\"target\":{\"@type\":\"EntryPoint\",\"urlTemplate\":\"https:\\\/\\\/megapari.games\\\/co\\\/?s={search_term_string}\"},\"query-input\":{\"@type\":\"PropertyValueSpecification\",\"valueRequired\":true,\"valueName\":\"search_term_string\"}}],\"inLanguage\":\"es-CO\"}]}<\/script>\n<!-- \/ Yoast SEO plugin. -->","yoast_head_json":{"title":"MegaPari\u2122 \u2014 Apuestas deportivas y cuotas en directo 2026","description":"Apuesta con Mega Pari Colombia en f\u00fatbol y grandes eventos, disfruta de cuotas en directo, pagos r\u00e1pidos y una experiencia de apuestas m\u00f3vil fluida con una amplia variedad de mercados deportivos.","robots":{"index":"index","follow":"follow","max-snippet":"max-snippet:-1","max-image-preview":"max-image-preview:large","max-video-preview":"max-video-preview:-1"},"canonical":"https:\/\/megapari.games\/co\/","og_locale":"es_ES","og_type":"article","og_title":"MegaPari\u2122 \u2014 Apuestas deportivas y cuotas en directo 2026","og_description":"Apuesta con Mega Pari Colombia en f\u00fatbol y grandes eventos, disfruta de cuotas en directo, pagos r\u00e1pidos y una experiencia de apuestas m\u00f3vil fluida con una amplia variedad de mercados deportivos.","og_url":"https:\/\/megapari.games\/co\/","og_site_name":"megapari games co","article_modified_time":"2026-03-19T17:25:34+00:00","twitter_card":"summary_large_image","schema":{"@context":"https:\/\/schema.org","@graph":[{"@type":"WebPage","@id":"https:\/\/megapari.games\/co\/","url":"https:\/\/megapari.games\/co\/","name":"MegaPari\u2122 \u2014 Apuestas deportivas y cuotas en directo 2026","isPartOf":{"@id":"https:\/\/megapari.games\/co\/#website"},"datePublished":"2026-03-02T14:22:01+00:00","dateModified":"2026-03-19T17:25:34+00:00","description":"Apuesta con Mega Pari Colombia en f\u00fatbol y grandes eventos, disfruta de cuotas en directo, pagos r\u00e1pidos y una experiencia de apuestas m\u00f3vil fluida con una amplia variedad de mercados deportivos.","breadcrumb":{"@id":"https:\/\/megapari.games\/co\/#breadcrumb"},"inLanguage":"es-CO","potentialAction":[{"@type":"ReadAction","target":["https:\/\/megapari.games\/co\/"]}]},{"@type":"BreadcrumbList","@id":"https:\/\/megapari.games\/co\/#breadcrumb","itemListElement":[{"@type":"ListItem","position":1,"name":"\u0413\u043b\u0430\u0432\u043d\u0430\u044f \u0441\u0442\u0440\u0430\u043d\u0438\u0446\u0430","item":"https:\/\/megapari.games\/co\/"},{"@type":"ListItem","position":2,"name":"Megapari"}]},{"@type":"WebSite","@id":"https:\/\/megapari.games\/co\/#website","url":"https:\/\/megapari.games\/co\/","name":"megapari games co","description":"My WordPress Blog","potentialAction":[{"@type":"SearchAction","target":{"@type":"EntryPoint","urlTemplate":"https:\/\/megapari.games\/co\/?s={search_term_string}"},"query-input":{"@type":"PropertyValueSpecification","valueRequired":true,"valueName":"search_term_string"}}],"inLanguage":"es-CO"}]}},"_links":{"self":[{"href":"https:\/\/megapari.games\/co\/wp-json\/wp\/v2\/pages\/1554","targetHints":{"allow":["GET"]}}],"collection":[{"href":"https:\/\/megapari.games\/co\/wp-json\/wp\/v2\/pages"}],"about":[{"href":"https:\/\/megapari.games\/co\/wp-json\/wp\/v2\/types\/page"}],"author":[{"embeddable":true,"href":"https:\/\/megapari.games\/co\/wp-json\/wp\/v2\/users\/1"}],"replies":[{"embeddable":true,"href":"https:\/\/megapari.games\/co\/wp-json\/wp\/v2\/comments?post=1554"}],"version-history":[{"count":6,"href":"https:\/\/megapari.games\/co\/wp-json\/wp\/v2\/pages\/1554\/revisions"}],"predecessor-version":[{"id":1651,"href":"https:\/\/megapari.games\/co\/wp-json\/wp\/v2\/pages\/1554\/revisions\/1651"}],"wp:attachment":[{"href":"https:\/\/megapari.games\/co\/wp-json\/wp\/v2\/media?parent=1554"}],"curies":[{"name":"wp","href":"https:\/\/api.w.org\/{rel}","templated":true}]}}