{"id":1102,"date":"2025-11-21T14:32:56","date_gmt":"2025-11-21T14:32:56","guid":{"rendered":"https:\/\/megapari.games\/?page_id=1102"},"modified":"2026-02-20T17:21:51","modified_gmt":"2026-02-20T17:21:51","slug":"football-betting","status":"publish","type":"page","link":"https:\/\/megapari.games\/cs\/football-betting\/","title":{"rendered":"Fotbal"},"content":{"rendered":"","protected":false},"excerpt":{"rendered":"","protected":false},"author":1,"featured_media":0,"parent":0,"menu_order":0,"comment_status":"closed","ping_status":"closed","template":"","meta":{"inline_featured_image":false,"footnotes":""},"class_list":["post-1102","page","type-page","status-publish","hentry"],"yoast_head":"<!-- This site is optimized with the Yoast SEO plugin v27.3 - https:\/\/yoast.com\/product\/yoast-seo-wordpress\/ -->\n<title>Megapari Fotbalov\u00e9 s\u00e1zky | kurzy, live s\u00e1zky, bonusy<\/title>\n<meta name=\"description\" content=\"S\u00e1zen\u00ed na fotbal na Megapari | podrobn\u00e9 seznamy z\u00e1pas\u016f, live s\u00e1zen\u00ed, statistiky t\u00fdm\u016f a hr\u00e1\u010d\u016f, rychl\u00fd p\u0159\u00edstup k turnaj\u016fm po cel\u00e9m sv\u011bt\u011b. Z\u00edskejte bonusy a speci\u00e1ln\u00ed nab\u00eddky pro nov\u00e9 a aktivn\u00ed u\u017eivatele.\" \/>\n<meta name=\"robots\" content=\"index, follow, max-snippet:-1, max-image-preview:large, max-video-preview:-1\" \/>\n<link rel=\"canonical\" href=\"https:\/\/megapari.games\/cs\/football-betting\/\" \/>\n<meta property=\"og:locale\" content=\"cs_CZ\" \/>\n<meta property=\"og:type\" content=\"article\" \/>\n<meta property=\"og:title\" content=\"Megapari Fotbalov\u00e9 s\u00e1zky | kurzy, live s\u00e1zky, bonusy\" \/>\n<meta property=\"og:description\" content=\"S\u00e1zen\u00ed na fotbal na Megapari | podrobn\u00e9 seznamy z\u00e1pas\u016f, live s\u00e1zen\u00ed, statistiky t\u00fdm\u016f a hr\u00e1\u010d\u016f, rychl\u00fd p\u0159\u00edstup k turnaj\u016fm po cel\u00e9m sv\u011bt\u011b. Z\u00edskejte bonusy a speci\u00e1ln\u00ed nab\u00eddky pro nov\u00e9 a aktivn\u00ed u\u017eivatele.\" \/>\n<meta property=\"og:url\" content=\"https:\/\/megapari.games\/cs\/football-betting\/\" \/>\n<meta property=\"og:site_name\" content=\"Megapari Games cs\" \/>\n<meta property=\"article:modified_time\" content=\"2026-02-20T17:21:51+00:00\" \/>\n<meta name=\"twitter:card\" content=\"summary_large_image\" \/>\n<script type=\"application\/ld+json\" class=\"yoast-schema-graph\">{\"@context\":\"https:\\\/\\\/schema.org\",\"@graph\":[{\"@type\":\"WebPage\",\"@id\":\"https:\\\/\\\/megapari.games\\\/cs\\\/football-betting\\\/\",\"url\":\"https:\\\/\\\/megapari.games\\\/cs\\\/football-betting\\\/\",\"name\":\"Megapari Fotbalov\u00e9 s\u00e1zky | kurzy, live s\u00e1zky, bonusy\",\"isPartOf\":{\"@id\":\"https:\\\/\\\/megapari.games\\\/cs\\\/#website\"},\"datePublished\":\"2025-11-21T14:32:56+00:00\",\"dateModified\":\"2026-02-20T17:21:51+00:00\",\"description\":\"S\u00e1zen\u00ed na fotbal na Megapari | podrobn\u00e9 seznamy z\u00e1pas\u016f, live s\u00e1zen\u00ed, statistiky t\u00fdm\u016f a hr\u00e1\u010d\u016f, rychl\u00fd p\u0159\u00edstup k turnaj\u016fm po cel\u00e9m sv\u011bt\u011b. Z\u00edskejte bonusy a speci\u00e1ln\u00ed nab\u00eddky pro nov\u00e9 a aktivn\u00ed u\u017eivatele.\",\"breadcrumb\":{\"@id\":\"https:\\\/\\\/megapari.games\\\/cs\\\/football-betting\\\/#breadcrumb\"},\"inLanguage\":\"cs\",\"potentialAction\":[{\"@type\":\"ReadAction\",\"target\":[\"https:\\\/\\\/megapari.games\\\/cs\\\/football-betting\\\/\"]}]},{\"@type\":\"BreadcrumbList\",\"@id\":\"https:\\\/\\\/megapari.games\\\/cs\\\/football-betting\\\/#breadcrumb\",\"itemListElement\":[{\"@type\":\"ListItem\",\"position\":1,\"name\":\"\u0413\u043b\u0430\u0432\u043d\u0430\u044f \u0441\u0442\u0440\u0430\u043d\u0438\u0446\u0430\",\"item\":\"https:\\\/\\\/megapari.games\\\/cs\\\/\"},{\"@type\":\"ListItem\",\"position\":2,\"name\":\"Fotbal\"}]},{\"@type\":\"WebSite\",\"@id\":\"https:\\\/\\\/megapari.games\\\/cs\\\/#website\",\"url\":\"https:\\\/\\\/megapari.games\\\/cs\\\/\",\"name\":\"Megapari Games cs\",\"description\":\"My WordPress Blog\",\"potentialAction\":[{\"@type\":\"SearchAction\",\"target\":{\"@type\":\"EntryPoint\",\"urlTemplate\":\"https:\\\/\\\/megapari.games\\\/cs\\\/?s={search_term_string}\"},\"query-input\":{\"@type\":\"PropertyValueSpecification\",\"valueRequired\":true,\"valueName\":\"search_term_string\"}}],\"inLanguage\":\"cs\"}]}<\/script>\n<!-- \/ Yoast SEO plugin. -->","yoast_head_json":{"title":"Megapari Fotbalov\u00e9 s\u00e1zky | kurzy, live s\u00e1zky, bonusy","description":"S\u00e1zen\u00ed na fotbal na Megapari | podrobn\u00e9 seznamy z\u00e1pas\u016f, live s\u00e1zen\u00ed, statistiky t\u00fdm\u016f a hr\u00e1\u010d\u016f, rychl\u00fd p\u0159\u00edstup k turnaj\u016fm po cel\u00e9m sv\u011bt\u011b. Z\u00edskejte bonusy a speci\u00e1ln\u00ed nab\u00eddky pro nov\u00e9 a aktivn\u00ed u\u017eivatele.","robots":{"index":"index","follow":"follow","max-snippet":"max-snippet:-1","max-image-preview":"max-image-preview:large","max-video-preview":"max-video-preview:-1"},"canonical":"https:\/\/megapari.games\/cs\/football-betting\/","og_locale":"cs_CZ","og_type":"article","og_title":"Megapari Fotbalov\u00e9 s\u00e1zky | kurzy, live s\u00e1zky, bonusy","og_description":"S\u00e1zen\u00ed na fotbal na Megapari | podrobn\u00e9 seznamy z\u00e1pas\u016f, live s\u00e1zen\u00ed, statistiky t\u00fdm\u016f a hr\u00e1\u010d\u016f, rychl\u00fd p\u0159\u00edstup k turnaj\u016fm po cel\u00e9m sv\u011bt\u011b. Z\u00edskejte bonusy a speci\u00e1ln\u00ed nab\u00eddky pro nov\u00e9 a aktivn\u00ed u\u017eivatele.","og_url":"https:\/\/megapari.games\/cs\/football-betting\/","og_site_name":"Megapari Games cs","article_modified_time":"2026-02-20T17:21:51+00:00","twitter_card":"summary_large_image","schema":{"@context":"https:\/\/schema.org","@graph":[{"@type":"WebPage","@id":"https:\/\/megapari.games\/cs\/football-betting\/","url":"https:\/\/megapari.games\/cs\/football-betting\/","name":"Megapari Fotbalov\u00e9 s\u00e1zky | kurzy, live s\u00e1zky, bonusy","isPartOf":{"@id":"https:\/\/megapari.games\/cs\/#website"},"datePublished":"2025-11-21T14:32:56+00:00","dateModified":"2026-02-20T17:21:51+00:00","description":"S\u00e1zen\u00ed na fotbal na Megapari | podrobn\u00e9 seznamy z\u00e1pas\u016f, live s\u00e1zen\u00ed, statistiky t\u00fdm\u016f a hr\u00e1\u010d\u016f, rychl\u00fd p\u0159\u00edstup k turnaj\u016fm po cel\u00e9m sv\u011bt\u011b. Z\u00edskejte bonusy a speci\u00e1ln\u00ed nab\u00eddky pro nov\u00e9 a aktivn\u00ed u\u017eivatele.","breadcrumb":{"@id":"https:\/\/megapari.games\/cs\/football-betting\/#breadcrumb"},"inLanguage":"cs","potentialAction":[{"@type":"ReadAction","target":["https:\/\/megapari.games\/cs\/football-betting\/"]}]},{"@type":"BreadcrumbList","@id":"https:\/\/megapari.games\/cs\/football-betting\/#breadcrumb","itemListElement":[{"@type":"ListItem","position":1,"name":"\u0413\u043b\u0430\u0432\u043d\u0430\u044f \u0441\u0442\u0440\u0430\u043d\u0438\u0446\u0430","item":"https:\/\/megapari.games\/cs\/"},{"@type":"ListItem","position":2,"name":"Fotbal"}]},{"@type":"WebSite","@id":"https:\/\/megapari.games\/cs\/#website","url":"https:\/\/megapari.games\/cs\/","name":"Megapari Games cs","description":"My WordPress Blog","potentialAction":[{"@type":"SearchAction","target":{"@type":"EntryPoint","urlTemplate":"https:\/\/megapari.games\/cs\/?s={search_term_string}"},"query-input":{"@type":"PropertyValueSpecification","valueRequired":true,"valueName":"search_term_string"}}],"inLanguage":"cs"}]}},"_links":{"self":[{"href":"https:\/\/megapari.games\/cs\/wp-json\/wp\/v2\/pages\/1102","targetHints":{"allow":["GET"]}}],"collection":[{"href":"https:\/\/megapari.games\/cs\/wp-json\/wp\/v2\/pages"}],"about":[{"href":"https:\/\/megapari.games\/cs\/wp-json\/wp\/v2\/types\/page"}],"author":[{"embeddable":true,"href":"https:\/\/megapari.games\/cs\/wp-json\/wp\/v2\/users\/1"}],"replies":[{"embeddable":true,"href":"https:\/\/megapari.games\/cs\/wp-json\/wp\/v2\/comments?post=1102"}],"version-history":[{"count":2,"href":"https:\/\/megapari.games\/cs\/wp-json\/wp\/v2\/pages\/1102\/revisions"}],"predecessor-version":[{"id":1410,"href":"https:\/\/megapari.games\/cs\/wp-json\/wp\/v2\/pages\/1102\/revisions\/1410"}],"wp:attachment":[{"href":"https:\/\/megapari.games\/cs\/wp-json\/wp\/v2\/media?parent=1102"}],"curies":[{"name":"wp","href":"https:\/\/api.w.org\/{rel}","templated":true}]}}