{"id":1150,"date":"2025-11-24T11:20:12","date_gmt":"2025-11-24T11:20:12","guid":{"rendered":"https:\/\/megapari.games\/?page_id=1150"},"modified":"2026-02-21T04:51:04","modified_gmt":"2026-02-21T04:51:04","slug":"ufc-betting","status":"publish","type":"page","link":"https:\/\/megapari.games\/cs\/ufc-betting\/","title":{"rendered":"UFC"},"content":{"rendered":"","protected":false},"excerpt":{"rendered":"","protected":false},"author":1,"featured_media":0,"parent":0,"menu_order":0,"comment_status":"closed","ping_status":"closed","template":"","meta":{"inline_featured_image":false,"footnotes":""},"class_list":["post-1150","page","type-page","status-publish","hentry"],"yoast_head":"<!-- This site is optimized with the Yoast SEO plugin v27.3 - https:\/\/yoast.com\/product\/yoast-seo-wordpress\/ -->\n<title>UFC Megapari | Kompletn\u00ed seznam, statistiky a bonusov\u00e9 nab\u00eddky<\/title>\n<meta name=\"description\" content=\"S\u00e1zen\u00ed na UFC na Megapari | podrobn\u00e9 rozpisy z\u00e1pas\u016f, statistiky bojovn\u00edk\u016f, \u017eiv\u00e1 data a analytick\u00e9 n\u00e1stroje. Seznamte se s dostupn\u00fdmi turnaji, funkcemi rozhran\u00ed a bonusov\u00fdmi programy na platform\u011b.\" \/>\n<meta name=\"robots\" content=\"index, follow, max-snippet:-1, max-image-preview:large, max-video-preview:-1\" \/>\n<link rel=\"canonical\" href=\"https:\/\/megapari.games\/cs\/ufc-betting\/\" \/>\n<meta property=\"og:locale\" content=\"cs_CZ\" \/>\n<meta property=\"og:type\" content=\"article\" \/>\n<meta property=\"og:title\" content=\"UFC Megapari | Kompletn\u00ed seznam, statistiky a bonusov\u00e9 nab\u00eddky\" \/>\n<meta property=\"og:description\" content=\"S\u00e1zen\u00ed na UFC na Megapari | podrobn\u00e9 rozpisy z\u00e1pas\u016f, statistiky bojovn\u00edk\u016f, \u017eiv\u00e1 data a analytick\u00e9 n\u00e1stroje. Seznamte se s dostupn\u00fdmi turnaji, funkcemi rozhran\u00ed a bonusov\u00fdmi programy na platform\u011b.\" \/>\n<meta property=\"og:url\" content=\"https:\/\/megapari.games\/cs\/ufc-betting\/\" \/>\n<meta property=\"og:site_name\" content=\"Megapari Games cs\" \/>\n<meta property=\"article:modified_time\" content=\"2026-02-21T04:51:04+00:00\" \/>\n<meta name=\"twitter:card\" content=\"summary_large_image\" \/>\n<script type=\"application\/ld+json\" class=\"yoast-schema-graph\">{\"@context\":\"https:\\\/\\\/schema.org\",\"@graph\":[{\"@type\":\"WebPage\",\"@id\":\"https:\\\/\\\/megapari.games\\\/cs\\\/ufc-betting\\\/\",\"url\":\"https:\\\/\\\/megapari.games\\\/cs\\\/ufc-betting\\\/\",\"name\":\"UFC Megapari | Kompletn\u00ed seznam, statistiky a bonusov\u00e9 nab\u00eddky\",\"isPartOf\":{\"@id\":\"https:\\\/\\\/megapari.games\\\/cs\\\/#website\"},\"datePublished\":\"2025-11-24T11:20:12+00:00\",\"dateModified\":\"2026-02-21T04:51:04+00:00\",\"description\":\"S\u00e1zen\u00ed na UFC na Megapari | podrobn\u00e9 rozpisy z\u00e1pas\u016f, statistiky bojovn\u00edk\u016f, \u017eiv\u00e1 data a analytick\u00e9 n\u00e1stroje. Seznamte se s dostupn\u00fdmi turnaji, funkcemi rozhran\u00ed a bonusov\u00fdmi programy na platform\u011b.\",\"breadcrumb\":{\"@id\":\"https:\\\/\\\/megapari.games\\\/cs\\\/ufc-betting\\\/#breadcrumb\"},\"inLanguage\":\"cs\",\"potentialAction\":[{\"@type\":\"ReadAction\",\"target\":[\"https:\\\/\\\/megapari.games\\\/cs\\\/ufc-betting\\\/\"]}]},{\"@type\":\"BreadcrumbList\",\"@id\":\"https:\\\/\\\/megapari.games\\\/cs\\\/ufc-betting\\\/#breadcrumb\",\"itemListElement\":[{\"@type\":\"ListItem\",\"position\":1,\"name\":\"\u0413\u043b\u0430\u0432\u043d\u0430\u044f \u0441\u0442\u0440\u0430\u043d\u0438\u0446\u0430\",\"item\":\"https:\\\/\\\/megapari.games\\\/cs\\\/\"},{\"@type\":\"ListItem\",\"position\":2,\"name\":\"UFC\"}]},{\"@type\":\"WebSite\",\"@id\":\"https:\\\/\\\/megapari.games\\\/cs\\\/#website\",\"url\":\"https:\\\/\\\/megapari.games\\\/cs\\\/\",\"name\":\"Megapari Games cs\",\"description\":\"My WordPress Blog\",\"potentialAction\":[{\"@type\":\"SearchAction\",\"target\":{\"@type\":\"EntryPoint\",\"urlTemplate\":\"https:\\\/\\\/megapari.games\\\/cs\\\/?s={search_term_string}\"},\"query-input\":{\"@type\":\"PropertyValueSpecification\",\"valueRequired\":true,\"valueName\":\"search_term_string\"}}],\"inLanguage\":\"cs\"}]}<\/script>\n<!-- \/ Yoast SEO plugin. -->","yoast_head_json":{"title":"UFC Megapari | Kompletn\u00ed seznam, statistiky a bonusov\u00e9 nab\u00eddky","description":"S\u00e1zen\u00ed na UFC na Megapari | podrobn\u00e9 rozpisy z\u00e1pas\u016f, statistiky bojovn\u00edk\u016f, \u017eiv\u00e1 data a analytick\u00e9 n\u00e1stroje. Seznamte se s dostupn\u00fdmi turnaji, funkcemi rozhran\u00ed a bonusov\u00fdmi programy na platform\u011b.","robots":{"index":"index","follow":"follow","max-snippet":"max-snippet:-1","max-image-preview":"max-image-preview:large","max-video-preview":"max-video-preview:-1"},"canonical":"https:\/\/megapari.games\/cs\/ufc-betting\/","og_locale":"cs_CZ","og_type":"article","og_title":"UFC Megapari | Kompletn\u00ed seznam, statistiky a bonusov\u00e9 nab\u00eddky","og_description":"S\u00e1zen\u00ed na UFC na Megapari | podrobn\u00e9 rozpisy z\u00e1pas\u016f, statistiky bojovn\u00edk\u016f, \u017eiv\u00e1 data a analytick\u00e9 n\u00e1stroje. Seznamte se s dostupn\u00fdmi turnaji, funkcemi rozhran\u00ed a bonusov\u00fdmi programy na platform\u011b.","og_url":"https:\/\/megapari.games\/cs\/ufc-betting\/","og_site_name":"Megapari Games cs","article_modified_time":"2026-02-21T04:51:04+00:00","twitter_card":"summary_large_image","schema":{"@context":"https:\/\/schema.org","@graph":[{"@type":"WebPage","@id":"https:\/\/megapari.games\/cs\/ufc-betting\/","url":"https:\/\/megapari.games\/cs\/ufc-betting\/","name":"UFC Megapari | Kompletn\u00ed seznam, statistiky a bonusov\u00e9 nab\u00eddky","isPartOf":{"@id":"https:\/\/megapari.games\/cs\/#website"},"datePublished":"2025-11-24T11:20:12+00:00","dateModified":"2026-02-21T04:51:04+00:00","description":"S\u00e1zen\u00ed na UFC na Megapari | podrobn\u00e9 rozpisy z\u00e1pas\u016f, statistiky bojovn\u00edk\u016f, \u017eiv\u00e1 data a analytick\u00e9 n\u00e1stroje. Seznamte se s dostupn\u00fdmi turnaji, funkcemi rozhran\u00ed a bonusov\u00fdmi programy na platform\u011b.","breadcrumb":{"@id":"https:\/\/megapari.games\/cs\/ufc-betting\/#breadcrumb"},"inLanguage":"cs","potentialAction":[{"@type":"ReadAction","target":["https:\/\/megapari.games\/cs\/ufc-betting\/"]}]},{"@type":"BreadcrumbList","@id":"https:\/\/megapari.games\/cs\/ufc-betting\/#breadcrumb","itemListElement":[{"@type":"ListItem","position":1,"name":"\u0413\u043b\u0430\u0432\u043d\u0430\u044f \u0441\u0442\u0440\u0430\u043d\u0438\u0446\u0430","item":"https:\/\/megapari.games\/cs\/"},{"@type":"ListItem","position":2,"name":"UFC"}]},{"@type":"WebSite","@id":"https:\/\/megapari.games\/cs\/#website","url":"https:\/\/megapari.games\/cs\/","name":"Megapari Games cs","description":"My WordPress Blog","potentialAction":[{"@type":"SearchAction","target":{"@type":"EntryPoint","urlTemplate":"https:\/\/megapari.games\/cs\/?s={search_term_string}"},"query-input":{"@type":"PropertyValueSpecification","valueRequired":true,"valueName":"search_term_string"}}],"inLanguage":"cs"}]}},"_links":{"self":[{"href":"https:\/\/megapari.games\/cs\/wp-json\/wp\/v2\/pages\/1150","targetHints":{"allow":["GET"]}}],"collection":[{"href":"https:\/\/megapari.games\/cs\/wp-json\/wp\/v2\/pages"}],"about":[{"href":"https:\/\/megapari.games\/cs\/wp-json\/wp\/v2\/types\/page"}],"author":[{"embeddable":true,"href":"https:\/\/megapari.games\/cs\/wp-json\/wp\/v2\/users\/1"}],"replies":[{"embeddable":true,"href":"https:\/\/megapari.games\/cs\/wp-json\/wp\/v2\/comments?post=1150"}],"version-history":[{"count":1,"href":"https:\/\/megapari.games\/cs\/wp-json\/wp\/v2\/pages\/1150\/revisions"}],"predecessor-version":[{"id":1422,"href":"https:\/\/megapari.games\/cs\/wp-json\/wp\/v2\/pages\/1150\/revisions\/1422"}],"wp:attachment":[{"href":"https:\/\/megapari.games\/cs\/wp-json\/wp\/v2\/media?parent=1150"}],"curies":[{"name":"wp","href":"https:\/\/api.w.org\/{rel}","templated":true}]}}