{"id":1259,"date":"2026-02-09T08:29:44","date_gmt":"2026-02-09T08:29:44","guid":{"rendered":"https:\/\/megapari.games\/?page_id=1259"},"modified":"2026-02-21T05:24:02","modified_gmt":"2026-02-21T05:24:02","slug":"games","status":"publish","type":"page","link":"https:\/\/megapari.games\/cs\/games\/","title":{"rendered":"Hry"},"content":{"rendered":"","protected":false},"excerpt":{"rendered":"","protected":false},"author":1,"featured_media":0,"parent":0,"menu_order":0,"comment_status":"closed","ping_status":"closed","template":"","meta":{"inline_featured_image":false,"footnotes":""},"class_list":["post-1259","page","type-page","status-publish","hentry"],"yoast_head":"<!-- This site is optimized with the Yoast SEO plugin v27.3 - https:\/\/yoast.com\/product\/yoast-seo-wordpress\/ -->\n<title>Hry v kasinu Megapari \u2705 Automaty, crash hry<\/title>\n<meta name=\"description\" content=\"Kasino Megapari nab\u00edz\u00ed tis\u00edce automat\u016f, crash her a instantn\u00edch form\u00e1t\u016f v jedn\u00e9 lobby. Rychle p\u0159ep\u00ednejte mezi \u017e\u00e1nry a hrajte z jednoho \u00fa\u010dtu.\" \/>\n<meta name=\"robots\" content=\"index, follow, max-snippet:-1, max-image-preview:large, max-video-preview:-1\" \/>\n<link rel=\"canonical\" href=\"https:\/\/megapari.games\/cs\/games\/\" \/>\n<meta property=\"og:locale\" content=\"cs_CZ\" \/>\n<meta property=\"og:type\" content=\"article\" \/>\n<meta property=\"og:title\" content=\"Hry v kasinu Megapari \u2705 Automaty, crash hry\" \/>\n<meta property=\"og:description\" content=\"Kasino Megapari nab\u00edz\u00ed tis\u00edce automat\u016f, crash her a instantn\u00edch form\u00e1t\u016f v jedn\u00e9 lobby. Rychle p\u0159ep\u00ednejte mezi \u017e\u00e1nry a hrajte z jednoho \u00fa\u010dtu.\" \/>\n<meta property=\"og:url\" content=\"https:\/\/megapari.games\/cs\/games\/\" \/>\n<meta property=\"og:site_name\" content=\"Megapari Games cs\" \/>\n<meta property=\"article:modified_time\" content=\"2026-02-21T05:24:02+00:00\" \/>\n<meta name=\"twitter:card\" content=\"summary_large_image\" \/>\n<script type=\"application\/ld+json\" class=\"yoast-schema-graph\">{\"@context\":\"https:\\\/\\\/schema.org\",\"@graph\":[{\"@type\":\"WebPage\",\"@id\":\"https:\\\/\\\/megapari.games\\\/cs\\\/games\\\/\",\"url\":\"https:\\\/\\\/megapari.games\\\/cs\\\/games\\\/\",\"name\":\"Hry v kasinu Megapari \u2705 Automaty, crash hry\",\"isPartOf\":{\"@id\":\"https:\\\/\\\/megapari.games\\\/cs\\\/#website\"},\"datePublished\":\"2026-02-09T08:29:44+00:00\",\"dateModified\":\"2026-02-21T05:24:02+00:00\",\"description\":\"Kasino Megapari nab\u00edz\u00ed tis\u00edce automat\u016f, crash her a instantn\u00edch form\u00e1t\u016f v jedn\u00e9 lobby. Rychle p\u0159ep\u00ednejte mezi \u017e\u00e1nry a hrajte z jednoho \u00fa\u010dtu.\",\"breadcrumb\":{\"@id\":\"https:\\\/\\\/megapari.games\\\/cs\\\/games\\\/#breadcrumb\"},\"inLanguage\":\"cs\",\"potentialAction\":[{\"@type\":\"ReadAction\",\"target\":[\"https:\\\/\\\/megapari.games\\\/cs\\\/games\\\/\"]}]},{\"@type\":\"BreadcrumbList\",\"@id\":\"https:\\\/\\\/megapari.games\\\/cs\\\/games\\\/#breadcrumb\",\"itemListElement\":[{\"@type\":\"ListItem\",\"position\":1,\"name\":\"\u0413\u043b\u0430\u0432\u043d\u0430\u044f \u0441\u0442\u0440\u0430\u043d\u0438\u0446\u0430\",\"item\":\"https:\\\/\\\/megapari.games\\\/cs\\\/\"},{\"@type\":\"ListItem\",\"position\":2,\"name\":\"Hry\"}]},{\"@type\":\"WebSite\",\"@id\":\"https:\\\/\\\/megapari.games\\\/cs\\\/#website\",\"url\":\"https:\\\/\\\/megapari.games\\\/cs\\\/\",\"name\":\"Megapari Games cs\",\"description\":\"My WordPress Blog\",\"potentialAction\":[{\"@type\":\"SearchAction\",\"target\":{\"@type\":\"EntryPoint\",\"urlTemplate\":\"https:\\\/\\\/megapari.games\\\/cs\\\/?s={search_term_string}\"},\"query-input\":{\"@type\":\"PropertyValueSpecification\",\"valueRequired\":true,\"valueName\":\"search_term_string\"}}],\"inLanguage\":\"cs\"}]}<\/script>\n<!-- \/ Yoast SEO plugin. -->","yoast_head_json":{"title":"Hry v kasinu Megapari \u2705 Automaty, crash hry","description":"Kasino Megapari nab\u00edz\u00ed tis\u00edce automat\u016f, crash her a instantn\u00edch form\u00e1t\u016f v jedn\u00e9 lobby. Rychle p\u0159ep\u00ednejte mezi \u017e\u00e1nry a hrajte z jednoho \u00fa\u010dtu.","robots":{"index":"index","follow":"follow","max-snippet":"max-snippet:-1","max-image-preview":"max-image-preview:large","max-video-preview":"max-video-preview:-1"},"canonical":"https:\/\/megapari.games\/cs\/games\/","og_locale":"cs_CZ","og_type":"article","og_title":"Hry v kasinu Megapari \u2705 Automaty, crash hry","og_description":"Kasino Megapari nab\u00edz\u00ed tis\u00edce automat\u016f, crash her a instantn\u00edch form\u00e1t\u016f v jedn\u00e9 lobby. Rychle p\u0159ep\u00ednejte mezi \u017e\u00e1nry a hrajte z jednoho \u00fa\u010dtu.","og_url":"https:\/\/megapari.games\/cs\/games\/","og_site_name":"Megapari Games cs","article_modified_time":"2026-02-21T05:24:02+00:00","twitter_card":"summary_large_image","schema":{"@context":"https:\/\/schema.org","@graph":[{"@type":"WebPage","@id":"https:\/\/megapari.games\/cs\/games\/","url":"https:\/\/megapari.games\/cs\/games\/","name":"Hry v kasinu Megapari \u2705 Automaty, crash hry","isPartOf":{"@id":"https:\/\/megapari.games\/cs\/#website"},"datePublished":"2026-02-09T08:29:44+00:00","dateModified":"2026-02-21T05:24:02+00:00","description":"Kasino Megapari nab\u00edz\u00ed tis\u00edce automat\u016f, crash her a instantn\u00edch form\u00e1t\u016f v jedn\u00e9 lobby. Rychle p\u0159ep\u00ednejte mezi \u017e\u00e1nry a hrajte z jednoho \u00fa\u010dtu.","breadcrumb":{"@id":"https:\/\/megapari.games\/cs\/games\/#breadcrumb"},"inLanguage":"cs","potentialAction":[{"@type":"ReadAction","target":["https:\/\/megapari.games\/cs\/games\/"]}]},{"@type":"BreadcrumbList","@id":"https:\/\/megapari.games\/cs\/games\/#breadcrumb","itemListElement":[{"@type":"ListItem","position":1,"name":"\u0413\u043b\u0430\u0432\u043d\u0430\u044f \u0441\u0442\u0440\u0430\u043d\u0438\u0446\u0430","item":"https:\/\/megapari.games\/cs\/"},{"@type":"ListItem","position":2,"name":"Hry"}]},{"@type":"WebSite","@id":"https:\/\/megapari.games\/cs\/#website","url":"https:\/\/megapari.games\/cs\/","name":"Megapari Games cs","description":"My WordPress Blog","potentialAction":[{"@type":"SearchAction","target":{"@type":"EntryPoint","urlTemplate":"https:\/\/megapari.games\/cs\/?s={search_term_string}"},"query-input":{"@type":"PropertyValueSpecification","valueRequired":true,"valueName":"search_term_string"}}],"inLanguage":"cs"}]}},"_links":{"self":[{"href":"https:\/\/megapari.games\/cs\/wp-json\/wp\/v2\/pages\/1259","targetHints":{"allow":["GET"]}}],"collection":[{"href":"https:\/\/megapari.games\/cs\/wp-json\/wp\/v2\/pages"}],"about":[{"href":"https:\/\/megapari.games\/cs\/wp-json\/wp\/v2\/types\/page"}],"author":[{"embeddable":true,"href":"https:\/\/megapari.games\/cs\/wp-json\/wp\/v2\/users\/1"}],"replies":[{"embeddable":true,"href":"https:\/\/megapari.games\/cs\/wp-json\/wp\/v2\/comments?post=1259"}],"version-history":[{"count":2,"href":"https:\/\/megapari.games\/cs\/wp-json\/wp\/v2\/pages\/1259\/revisions"}],"predecessor-version":[{"id":1424,"href":"https:\/\/megapari.games\/cs\/wp-json\/wp\/v2\/pages\/1259\/revisions\/1424"}],"wp:attachment":[{"href":"https:\/\/megapari.games\/cs\/wp-json\/wp\/v2\/media?parent=1259"}],"curies":[{"name":"wp","href":"https:\/\/api.w.org\/{rel}","templated":true}]}}