{"id":1291,"date":"2026-02-09T12:05:43","date_gmt":"2026-02-09T12:05:43","guid":{"rendered":"https:\/\/megapari.games\/?page_id=1291"},"modified":"2026-02-21T08:47:32","modified_gmt":"2026-02-21T08:47:32","slug":"plinko","status":"publish","type":"page","link":"https:\/\/megapari.games\/cs\/plinko\/","title":{"rendered":"Plinko"},"content":{"rendered":"","protected":false},"excerpt":{"rendered":"","protected":false},"author":1,"featured_media":0,"parent":0,"menu_order":0,"comment_status":"closed","ping_status":"closed","template":"","meta":{"inline_featured_image":false,"footnotes":""},"class_list":["post-1291","page","type-page","status-publish","hentry"],"yoast_head":"<!-- This site is optimized with the Yoast SEO plugin v27.3 - https:\/\/yoast.com\/product\/yoast-seo-wordpress\/ -->\n<title>Hrajte Plinko na Megapari \u2014 n\u00e1sobitele x1000 + bonus 150 %<\/title>\n<meta name=\"description\" content=\"Spus\u0165te m\u00ed\u010dek v Plinko od Megapari! Z\u00edskejte velk\u00fd multiplik\u00e1tor a\u017e x1000+, zkuste sv\u00e9 \u0161t\u011bst\u00ed a vyhrajte v t\u00e9to klasick\u00e9 ark\u00e1dov\u00e9 h\u0159e.\" \/>\n<meta name=\"robots\" content=\"index, follow, max-snippet:-1, max-image-preview:large, max-video-preview:-1\" \/>\n<link rel=\"canonical\" href=\"https:\/\/megapari.games\/cs\/plinko\/\" \/>\n<meta property=\"og:locale\" content=\"cs_CZ\" \/>\n<meta property=\"og:type\" content=\"article\" \/>\n<meta property=\"og:title\" content=\"Hrajte Plinko na Megapari \u2014 n\u00e1sobitele x1000 + bonus 150 %\" \/>\n<meta property=\"og:description\" content=\"Spus\u0165te m\u00ed\u010dek v Plinko od Megapari! Z\u00edskejte velk\u00fd multiplik\u00e1tor a\u017e x1000+, zkuste sv\u00e9 \u0161t\u011bst\u00ed a vyhrajte v t\u00e9to klasick\u00e9 ark\u00e1dov\u00e9 h\u0159e.\" \/>\n<meta property=\"og:url\" content=\"https:\/\/megapari.games\/cs\/plinko\/\" \/>\n<meta property=\"og:site_name\" content=\"Megapari Games cs\" \/>\n<meta property=\"article:modified_time\" content=\"2026-02-21T08:47:32+00:00\" \/>\n<meta name=\"twitter:card\" content=\"summary_large_image\" \/>\n<script type=\"application\/ld+json\" class=\"yoast-schema-graph\">{\"@context\":\"https:\\\/\\\/schema.org\",\"@graph\":[{\"@type\":\"WebPage\",\"@id\":\"https:\\\/\\\/megapari.games\\\/cs\\\/plinko\\\/\",\"url\":\"https:\\\/\\\/megapari.games\\\/cs\\\/plinko\\\/\",\"name\":\"Hrajte Plinko na Megapari \u2014 n\u00e1sobitele x1000 + bonus 150 %\",\"isPartOf\":{\"@id\":\"https:\\\/\\\/megapari.games\\\/cs\\\/#website\"},\"datePublished\":\"2026-02-09T12:05:43+00:00\",\"dateModified\":\"2026-02-21T08:47:32+00:00\",\"description\":\"Spus\u0165te m\u00ed\u010dek v Plinko od Megapari! Z\u00edskejte velk\u00fd multiplik\u00e1tor a\u017e x1000+, zkuste sv\u00e9 \u0161t\u011bst\u00ed a vyhrajte v t\u00e9to klasick\u00e9 ark\u00e1dov\u00e9 h\u0159e.\",\"breadcrumb\":{\"@id\":\"https:\\\/\\\/megapari.games\\\/cs\\\/plinko\\\/#breadcrumb\"},\"inLanguage\":\"cs\",\"potentialAction\":[{\"@type\":\"ReadAction\",\"target\":[\"https:\\\/\\\/megapari.games\\\/cs\\\/plinko\\\/\"]}]},{\"@type\":\"BreadcrumbList\",\"@id\":\"https:\\\/\\\/megapari.games\\\/cs\\\/plinko\\\/#breadcrumb\",\"itemListElement\":[{\"@type\":\"ListItem\",\"position\":1,\"name\":\"\u0413\u043b\u0430\u0432\u043d\u0430\u044f \u0441\u0442\u0440\u0430\u043d\u0438\u0446\u0430\",\"item\":\"https:\\\/\\\/megapari.games\\\/cs\\\/\"},{\"@type\":\"ListItem\",\"position\":2,\"name\":\"Plinko\"}]},{\"@type\":\"WebSite\",\"@id\":\"https:\\\/\\\/megapari.games\\\/cs\\\/#website\",\"url\":\"https:\\\/\\\/megapari.games\\\/cs\\\/\",\"name\":\"Megapari Games cs\",\"description\":\"My WordPress Blog\",\"potentialAction\":[{\"@type\":\"SearchAction\",\"target\":{\"@type\":\"EntryPoint\",\"urlTemplate\":\"https:\\\/\\\/megapari.games\\\/cs\\\/?s={search_term_string}\"},\"query-input\":{\"@type\":\"PropertyValueSpecification\",\"valueRequired\":true,\"valueName\":\"search_term_string\"}}],\"inLanguage\":\"cs\"}]}<\/script>\n<!-- \/ Yoast SEO plugin. -->","yoast_head_json":{"title":"Hrajte Plinko na Megapari \u2014 n\u00e1sobitele x1000 + bonus 150 %","description":"Spus\u0165te m\u00ed\u010dek v Plinko od Megapari! Z\u00edskejte velk\u00fd multiplik\u00e1tor a\u017e x1000+, zkuste sv\u00e9 \u0161t\u011bst\u00ed a vyhrajte v t\u00e9to klasick\u00e9 ark\u00e1dov\u00e9 h\u0159e.","robots":{"index":"index","follow":"follow","max-snippet":"max-snippet:-1","max-image-preview":"max-image-preview:large","max-video-preview":"max-video-preview:-1"},"canonical":"https:\/\/megapari.games\/cs\/plinko\/","og_locale":"cs_CZ","og_type":"article","og_title":"Hrajte Plinko na Megapari \u2014 n\u00e1sobitele x1000 + bonus 150 %","og_description":"Spus\u0165te m\u00ed\u010dek v Plinko od Megapari! Z\u00edskejte velk\u00fd multiplik\u00e1tor a\u017e x1000+, zkuste sv\u00e9 \u0161t\u011bst\u00ed a vyhrajte v t\u00e9to klasick\u00e9 ark\u00e1dov\u00e9 h\u0159e.","og_url":"https:\/\/megapari.games\/cs\/plinko\/","og_site_name":"Megapari Games cs","article_modified_time":"2026-02-21T08:47:32+00:00","twitter_card":"summary_large_image","schema":{"@context":"https:\/\/schema.org","@graph":[{"@type":"WebPage","@id":"https:\/\/megapari.games\/cs\/plinko\/","url":"https:\/\/megapari.games\/cs\/plinko\/","name":"Hrajte Plinko na Megapari \u2014 n\u00e1sobitele x1000 + bonus 150 %","isPartOf":{"@id":"https:\/\/megapari.games\/cs\/#website"},"datePublished":"2026-02-09T12:05:43+00:00","dateModified":"2026-02-21T08:47:32+00:00","description":"Spus\u0165te m\u00ed\u010dek v Plinko od Megapari! Z\u00edskejte velk\u00fd multiplik\u00e1tor a\u017e x1000+, zkuste sv\u00e9 \u0161t\u011bst\u00ed a vyhrajte v t\u00e9to klasick\u00e9 ark\u00e1dov\u00e9 h\u0159e.","breadcrumb":{"@id":"https:\/\/megapari.games\/cs\/plinko\/#breadcrumb"},"inLanguage":"cs","potentialAction":[{"@type":"ReadAction","target":["https:\/\/megapari.games\/cs\/plinko\/"]}]},{"@type":"BreadcrumbList","@id":"https:\/\/megapari.games\/cs\/plinko\/#breadcrumb","itemListElement":[{"@type":"ListItem","position":1,"name":"\u0413\u043b\u0430\u0432\u043d\u0430\u044f \u0441\u0442\u0440\u0430\u043d\u0438\u0446\u0430","item":"https:\/\/megapari.games\/cs\/"},{"@type":"ListItem","position":2,"name":"Plinko"}]},{"@type":"WebSite","@id":"https:\/\/megapari.games\/cs\/#website","url":"https:\/\/megapari.games\/cs\/","name":"Megapari Games cs","description":"My WordPress Blog","potentialAction":[{"@type":"SearchAction","target":{"@type":"EntryPoint","urlTemplate":"https:\/\/megapari.games\/cs\/?s={search_term_string}"},"query-input":{"@type":"PropertyValueSpecification","valueRequired":true,"valueName":"search_term_string"}}],"inLanguage":"cs"}]}},"_links":{"self":[{"href":"https:\/\/megapari.games\/cs\/wp-json\/wp\/v2\/pages\/1291","targetHints":{"allow":["GET"]}}],"collection":[{"href":"https:\/\/megapari.games\/cs\/wp-json\/wp\/v2\/pages"}],"about":[{"href":"https:\/\/megapari.games\/cs\/wp-json\/wp\/v2\/types\/page"}],"author":[{"embeddable":true,"href":"https:\/\/megapari.games\/cs\/wp-json\/wp\/v2\/users\/1"}],"replies":[{"embeddable":true,"href":"https:\/\/megapari.games\/cs\/wp-json\/wp\/v2\/comments?post=1291"}],"version-history":[{"count":1,"href":"https:\/\/megapari.games\/cs\/wp-json\/wp\/v2\/pages\/1291\/revisions"}],"predecessor-version":[{"id":1427,"href":"https:\/\/megapari.games\/cs\/wp-json\/wp\/v2\/pages\/1291\/revisions\/1427"}],"wp:attachment":[{"href":"https:\/\/megapari.games\/cs\/wp-json\/wp\/v2\/media?parent=1291"}],"curies":[{"name":"wp","href":"https:\/\/api.w.org\/{rel}","templated":true}]}}