{"id":1357,"date":"2026-02-10T06:00:17","date_gmt":"2026-02-10T06:00:17","guid":{"rendered":"https:\/\/megapari.games\/?page_id=1357"},"modified":"2026-02-21T09:50:48","modified_gmt":"2026-02-21T09:50:48","slug":"mines","status":"publish","type":"page","link":"https:\/\/megapari.games\/cs\/mines\/","title":{"rendered":"Mines"},"content":{"rendered":"","protected":false},"excerpt":{"rendered":"","protected":false},"author":1,"featured_media":0,"parent":0,"menu_order":0,"comment_status":"closed","ping_status":"closed","template":"","meta":{"inline_featured_image":false,"footnotes":""},"class_list":["post-1357","page","type-page","status-publish","hentry"],"yoast_head":"<!-- This site is optimized with the Yoast SEO plugin v27.3 - https:\/\/yoast.com\/product\/yoast-seo-wordpress\/ -->\n<title>Mines Megapari \u2714\ufe0f Pravidla, strategie a velk\u00e9 multiplik\u00e1tory<\/title>\n<meta name=\"description\" content=\"P\u0159ehled Mines v Megapari \u2714\ufe0f Otev\u00edrejte bezpe\u010dn\u00e9 bu\u0148ky, vyh\u00fdbejte se min\u00e1m a v\u010das sb\u00edrejte sv\u00e9 v\u00fdhry. Kontrola rizika, dynamick\u00e1 hratelnost a vysok\u00e9 kurzy.\" \/>\n<meta name=\"robots\" content=\"index, follow, max-snippet:-1, max-image-preview:large, max-video-preview:-1\" \/>\n<link rel=\"canonical\" href=\"https:\/\/megapari.games\/cs\/mines\/\" \/>\n<meta property=\"og:locale\" content=\"cs_CZ\" \/>\n<meta property=\"og:type\" content=\"article\" \/>\n<meta property=\"og:title\" content=\"Mines Megapari \u2714\ufe0f Pravidla, strategie a velk\u00e9 multiplik\u00e1tory\" \/>\n<meta property=\"og:description\" content=\"P\u0159ehled Mines v Megapari \u2714\ufe0f Otev\u00edrejte bezpe\u010dn\u00e9 bu\u0148ky, vyh\u00fdbejte se min\u00e1m a v\u010das sb\u00edrejte sv\u00e9 v\u00fdhry. Kontrola rizika, dynamick\u00e1 hratelnost a vysok\u00e9 kurzy.\" \/>\n<meta property=\"og:url\" content=\"https:\/\/megapari.games\/cs\/mines\/\" \/>\n<meta property=\"og:site_name\" content=\"Megapari Games cs\" \/>\n<meta property=\"article:modified_time\" content=\"2026-02-21T09:50:48+00:00\" \/>\n<meta name=\"twitter:card\" content=\"summary_large_image\" \/>\n<script type=\"application\/ld+json\" class=\"yoast-schema-graph\">{\"@context\":\"https:\\\/\\\/schema.org\",\"@graph\":[{\"@type\":\"WebPage\",\"@id\":\"https:\\\/\\\/megapari.games\\\/cs\\\/mines\\\/\",\"url\":\"https:\\\/\\\/megapari.games\\\/cs\\\/mines\\\/\",\"name\":\"Mines Megapari \u2714\ufe0f Pravidla, strategie a velk\u00e9 multiplik\u00e1tory\",\"isPartOf\":{\"@id\":\"https:\\\/\\\/megapari.games\\\/cs\\\/#website\"},\"datePublished\":\"2026-02-10T06:00:17+00:00\",\"dateModified\":\"2026-02-21T09:50:48+00:00\",\"description\":\"P\u0159ehled Mines v Megapari \u2714\ufe0f Otev\u00edrejte bezpe\u010dn\u00e9 bu\u0148ky, vyh\u00fdbejte se min\u00e1m a v\u010das sb\u00edrejte sv\u00e9 v\u00fdhry. Kontrola rizika, dynamick\u00e1 hratelnost a vysok\u00e9 kurzy.\",\"breadcrumb\":{\"@id\":\"https:\\\/\\\/megapari.games\\\/cs\\\/mines\\\/#breadcrumb\"},\"inLanguage\":\"cs\",\"potentialAction\":[{\"@type\":\"ReadAction\",\"target\":[\"https:\\\/\\\/megapari.games\\\/cs\\\/mines\\\/\"]}]},{\"@type\":\"BreadcrumbList\",\"@id\":\"https:\\\/\\\/megapari.games\\\/cs\\\/mines\\\/#breadcrumb\",\"itemListElement\":[{\"@type\":\"ListItem\",\"position\":1,\"name\":\"\u0413\u043b\u0430\u0432\u043d\u0430\u044f \u0441\u0442\u0440\u0430\u043d\u0438\u0446\u0430\",\"item\":\"https:\\\/\\\/megapari.games\\\/cs\\\/\"},{\"@type\":\"ListItem\",\"position\":2,\"name\":\"Mines\"}]},{\"@type\":\"WebSite\",\"@id\":\"https:\\\/\\\/megapari.games\\\/cs\\\/#website\",\"url\":\"https:\\\/\\\/megapari.games\\\/cs\\\/\",\"name\":\"Megapari Games cs\",\"description\":\"My WordPress Blog\",\"potentialAction\":[{\"@type\":\"SearchAction\",\"target\":{\"@type\":\"EntryPoint\",\"urlTemplate\":\"https:\\\/\\\/megapari.games\\\/cs\\\/?s={search_term_string}\"},\"query-input\":{\"@type\":\"PropertyValueSpecification\",\"valueRequired\":true,\"valueName\":\"search_term_string\"}}],\"inLanguage\":\"cs\"}]}<\/script>\n<!-- \/ Yoast SEO plugin. -->","yoast_head_json":{"title":"Mines Megapari \u2714\ufe0f Pravidla, strategie a velk\u00e9 multiplik\u00e1tory","description":"P\u0159ehled Mines v Megapari \u2714\ufe0f Otev\u00edrejte bezpe\u010dn\u00e9 bu\u0148ky, vyh\u00fdbejte se min\u00e1m a v\u010das sb\u00edrejte sv\u00e9 v\u00fdhry. Kontrola rizika, dynamick\u00e1 hratelnost a vysok\u00e9 kurzy.","robots":{"index":"index","follow":"follow","max-snippet":"max-snippet:-1","max-image-preview":"max-image-preview:large","max-video-preview":"max-video-preview:-1"},"canonical":"https:\/\/megapari.games\/cs\/mines\/","og_locale":"cs_CZ","og_type":"article","og_title":"Mines Megapari \u2714\ufe0f Pravidla, strategie a velk\u00e9 multiplik\u00e1tory","og_description":"P\u0159ehled Mines v Megapari \u2714\ufe0f Otev\u00edrejte bezpe\u010dn\u00e9 bu\u0148ky, vyh\u00fdbejte se min\u00e1m a v\u010das sb\u00edrejte sv\u00e9 v\u00fdhry. Kontrola rizika, dynamick\u00e1 hratelnost a vysok\u00e9 kurzy.","og_url":"https:\/\/megapari.games\/cs\/mines\/","og_site_name":"Megapari Games cs","article_modified_time":"2026-02-21T09:50:48+00:00","twitter_card":"summary_large_image","schema":{"@context":"https:\/\/schema.org","@graph":[{"@type":"WebPage","@id":"https:\/\/megapari.games\/cs\/mines\/","url":"https:\/\/megapari.games\/cs\/mines\/","name":"Mines Megapari \u2714\ufe0f Pravidla, strategie a velk\u00e9 multiplik\u00e1tory","isPartOf":{"@id":"https:\/\/megapari.games\/cs\/#website"},"datePublished":"2026-02-10T06:00:17+00:00","dateModified":"2026-02-21T09:50:48+00:00","description":"P\u0159ehled Mines v Megapari \u2714\ufe0f Otev\u00edrejte bezpe\u010dn\u00e9 bu\u0148ky, vyh\u00fdbejte se min\u00e1m a v\u010das sb\u00edrejte sv\u00e9 v\u00fdhry. Kontrola rizika, dynamick\u00e1 hratelnost a vysok\u00e9 kurzy.","breadcrumb":{"@id":"https:\/\/megapari.games\/cs\/mines\/#breadcrumb"},"inLanguage":"cs","potentialAction":[{"@type":"ReadAction","target":["https:\/\/megapari.games\/cs\/mines\/"]}]},{"@type":"BreadcrumbList","@id":"https:\/\/megapari.games\/cs\/mines\/#breadcrumb","itemListElement":[{"@type":"ListItem","position":1,"name":"\u0413\u043b\u0430\u0432\u043d\u0430\u044f \u0441\u0442\u0440\u0430\u043d\u0438\u0446\u0430","item":"https:\/\/megapari.games\/cs\/"},{"@type":"ListItem","position":2,"name":"Mines"}]},{"@type":"WebSite","@id":"https:\/\/megapari.games\/cs\/#website","url":"https:\/\/megapari.games\/cs\/","name":"Megapari Games cs","description":"My WordPress Blog","potentialAction":[{"@type":"SearchAction","target":{"@type":"EntryPoint","urlTemplate":"https:\/\/megapari.games\/cs\/?s={search_term_string}"},"query-input":{"@type":"PropertyValueSpecification","valueRequired":true,"valueName":"search_term_string"}}],"inLanguage":"cs"}]}},"_links":{"self":[{"href":"https:\/\/megapari.games\/cs\/wp-json\/wp\/v2\/pages\/1357","targetHints":{"allow":["GET"]}}],"collection":[{"href":"https:\/\/megapari.games\/cs\/wp-json\/wp\/v2\/pages"}],"about":[{"href":"https:\/\/megapari.games\/cs\/wp-json\/wp\/v2\/types\/page"}],"author":[{"embeddable":true,"href":"https:\/\/megapari.games\/cs\/wp-json\/wp\/v2\/users\/1"}],"replies":[{"embeddable":true,"href":"https:\/\/megapari.games\/cs\/wp-json\/wp\/v2\/comments?post=1357"}],"version-history":[{"count":1,"href":"https:\/\/megapari.games\/cs\/wp-json\/wp\/v2\/pages\/1357\/revisions"}],"predecessor-version":[{"id":1431,"href":"https:\/\/megapari.games\/cs\/wp-json\/wp\/v2\/pages\/1357\/revisions\/1431"}],"wp:attachment":[{"href":"https:\/\/megapari.games\/cs\/wp-json\/wp\/v2\/media?parent=1357"}],"curies":[{"name":"wp","href":"https:\/\/api.w.org\/{rel}","templated":true}]}}