{"id":799,"date":"2025-03-27T12:22:37","date_gmt":"2025-03-27T12:22:37","guid":{"rendered":"https:\/\/megapari.games\/?page_id=799"},"modified":"2025-05-17T05:54:40","modified_gmt":"2025-05-17T05:54:40","slug":"losing-bets","status":"publish","type":"page","link":"https:\/\/megapari.games\/cs\/bonus\/losing-bets\/","title":{"rendered":"Ztr\u00e1tov\u00e9 s\u00e1zky"},"content":{"rendered":"","protected":false},"excerpt":{"rendered":"","protected":false},"author":1,"featured_media":0,"parent":152,"menu_order":0,"comment_status":"closed","ping_status":"closed","template":"","meta":{"inline_featured_image":false,"footnotes":""},"class_list":["post-799","page","type-page","status-publish","hentry"],"yoast_head":"<!-- This site is optimized with the Yoast SEO plugin v27.3 - https:\/\/yoast.com\/product\/yoast-seo-wordpress\/ -->\n<title>Bonus Megapari za prohran\u00e9 s\u00e1zky: Podpora hr\u00e1\u010d\u016f<\/title>\n<meta name=\"description\" content=\"Prohr\u00e1l jste s\u00e1zky? Nevzd\u00e1vejte to! Megapari nab\u00edz\u00ed bezkonkuren\u010dn\u00ed bonus pro hr\u00e1\u010de, kte\u0159\u00ed prohr\u00e1vaj\u00ed. Z\u00edskejte podporu v t\u011b\u017ek\u00fdch chv\u00edl\u00edch a z\u00edskejte zp\u011bt svou sebed\u016fv\u011bru - sv\u011bt hazardn\u00edch her na v\u00e1s \u010dek\u00e1!\" \/>\n<meta name=\"robots\" content=\"index, follow, max-snippet:-1, max-image-preview:large, max-video-preview:-1\" \/>\n<link rel=\"canonical\" href=\"https:\/\/megapari.games\/cs\/bonus\/losing-bets\/\" \/>\n<meta property=\"og:locale\" content=\"cs_CZ\" \/>\n<meta property=\"og:type\" content=\"article\" \/>\n<meta property=\"og:title\" content=\"Bonus Megapari za prohran\u00e9 s\u00e1zky: Podpora hr\u00e1\u010d\u016f\" \/>\n<meta property=\"og:description\" content=\"Prohr\u00e1l jste s\u00e1zky? Nevzd\u00e1vejte to! Megapari nab\u00edz\u00ed bezkonkuren\u010dn\u00ed bonus pro hr\u00e1\u010de, kte\u0159\u00ed prohr\u00e1vaj\u00ed. Z\u00edskejte podporu v t\u011b\u017ek\u00fdch chv\u00edl\u00edch a z\u00edskejte zp\u011bt svou sebed\u016fv\u011bru - sv\u011bt hazardn\u00edch her na v\u00e1s \u010dek\u00e1!\" \/>\n<meta property=\"og:url\" content=\"https:\/\/megapari.games\/cs\/bonus\/losing-bets\/\" \/>\n<meta property=\"og:site_name\" content=\"Megapari Games cs\" \/>\n<meta property=\"article:modified_time\" content=\"2025-05-17T05:54:40+00:00\" \/>\n<meta name=\"twitter:card\" content=\"summary_large_image\" \/>\n<script type=\"application\/ld+json\" class=\"yoast-schema-graph\">{\"@context\":\"https:\\\/\\\/schema.org\",\"@graph\":[{\"@type\":\"WebPage\",\"@id\":\"https:\\\/\\\/megapari.games\\\/cs\\\/bonus\\\/losing-bets\\\/\",\"url\":\"https:\\\/\\\/megapari.games\\\/cs\\\/bonus\\\/losing-bets\\\/\",\"name\":\"Bonus Megapari za prohran\u00e9 s\u00e1zky: Podpora hr\u00e1\u010d\u016f\",\"isPartOf\":{\"@id\":\"https:\\\/\\\/megapari.games\\\/cs\\\/#website\"},\"datePublished\":\"2025-03-27T12:22:37+00:00\",\"dateModified\":\"2025-05-17T05:54:40+00:00\",\"description\":\"Prohr\u00e1l jste s\u00e1zky? Nevzd\u00e1vejte to! Megapari nab\u00edz\u00ed bezkonkuren\u010dn\u00ed bonus pro hr\u00e1\u010de, kte\u0159\u00ed prohr\u00e1vaj\u00ed. Z\u00edskejte podporu v t\u011b\u017ek\u00fdch chv\u00edl\u00edch a z\u00edskejte zp\u011bt svou sebed\u016fv\u011bru - sv\u011bt hazardn\u00edch her na v\u00e1s \u010dek\u00e1!\",\"breadcrumb\":{\"@id\":\"https:\\\/\\\/megapari.games\\\/cs\\\/bonus\\\/losing-bets\\\/#breadcrumb\"},\"inLanguage\":\"cs\",\"potentialAction\":[{\"@type\":\"ReadAction\",\"target\":[\"https:\\\/\\\/megapari.games\\\/cs\\\/bonus\\\/losing-bets\\\/\"]}]},{\"@type\":\"BreadcrumbList\",\"@id\":\"https:\\\/\\\/megapari.games\\\/cs\\\/bonus\\\/losing-bets\\\/#breadcrumb\",\"itemListElement\":[{\"@type\":\"ListItem\",\"position\":1,\"name\":\"\u0413\u043b\u0430\u0432\u043d\u0430\u044f \u0441\u0442\u0440\u0430\u043d\u0438\u0446\u0430\",\"item\":\"https:\\\/\\\/megapari.games\\\/cs\\\/\"},{\"@type\":\"ListItem\",\"position\":2,\"name\":\"Bonus\",\"item\":\"https:\\\/\\\/megapari.games\\\/cs\\\/bonus\\\/\"},{\"@type\":\"ListItem\",\"position\":3,\"name\":\"Ztr\u00e1tov\u00e9 s\u00e1zky\"}]},{\"@type\":\"WebSite\",\"@id\":\"https:\\\/\\\/megapari.games\\\/cs\\\/#website\",\"url\":\"https:\\\/\\\/megapari.games\\\/cs\\\/\",\"name\":\"Megapari Games cs\",\"description\":\"My WordPress Blog\",\"potentialAction\":[{\"@type\":\"SearchAction\",\"target\":{\"@type\":\"EntryPoint\",\"urlTemplate\":\"https:\\\/\\\/megapari.games\\\/cs\\\/?s={search_term_string}\"},\"query-input\":{\"@type\":\"PropertyValueSpecification\",\"valueRequired\":true,\"valueName\":\"search_term_string\"}}],\"inLanguage\":\"cs\"}]}<\/script>\n<!-- \/ Yoast SEO plugin. -->","yoast_head_json":{"title":"Bonus Megapari za prohran\u00e9 s\u00e1zky: Podpora hr\u00e1\u010d\u016f","description":"Prohr\u00e1l jste s\u00e1zky? Nevzd\u00e1vejte to! Megapari nab\u00edz\u00ed bezkonkuren\u010dn\u00ed bonus pro hr\u00e1\u010de, kte\u0159\u00ed prohr\u00e1vaj\u00ed. Z\u00edskejte podporu v t\u011b\u017ek\u00fdch chv\u00edl\u00edch a z\u00edskejte zp\u011bt svou sebed\u016fv\u011bru - sv\u011bt hazardn\u00edch her na v\u00e1s \u010dek\u00e1!","robots":{"index":"index","follow":"follow","max-snippet":"max-snippet:-1","max-image-preview":"max-image-preview:large","max-video-preview":"max-video-preview:-1"},"canonical":"https:\/\/megapari.games\/cs\/bonus\/losing-bets\/","og_locale":"cs_CZ","og_type":"article","og_title":"Bonus Megapari za prohran\u00e9 s\u00e1zky: Podpora hr\u00e1\u010d\u016f","og_description":"Prohr\u00e1l jste s\u00e1zky? Nevzd\u00e1vejte to! Megapari nab\u00edz\u00ed bezkonkuren\u010dn\u00ed bonus pro hr\u00e1\u010de, kte\u0159\u00ed prohr\u00e1vaj\u00ed. Z\u00edskejte podporu v t\u011b\u017ek\u00fdch chv\u00edl\u00edch a z\u00edskejte zp\u011bt svou sebed\u016fv\u011bru - sv\u011bt hazardn\u00edch her na v\u00e1s \u010dek\u00e1!","og_url":"https:\/\/megapari.games\/cs\/bonus\/losing-bets\/","og_site_name":"Megapari Games cs","article_modified_time":"2025-05-17T05:54:40+00:00","twitter_card":"summary_large_image","schema":{"@context":"https:\/\/schema.org","@graph":[{"@type":"WebPage","@id":"https:\/\/megapari.games\/cs\/bonus\/losing-bets\/","url":"https:\/\/megapari.games\/cs\/bonus\/losing-bets\/","name":"Bonus Megapari za prohran\u00e9 s\u00e1zky: Podpora hr\u00e1\u010d\u016f","isPartOf":{"@id":"https:\/\/megapari.games\/cs\/#website"},"datePublished":"2025-03-27T12:22:37+00:00","dateModified":"2025-05-17T05:54:40+00:00","description":"Prohr\u00e1l jste s\u00e1zky? Nevzd\u00e1vejte to! Megapari nab\u00edz\u00ed bezkonkuren\u010dn\u00ed bonus pro hr\u00e1\u010de, kte\u0159\u00ed prohr\u00e1vaj\u00ed. Z\u00edskejte podporu v t\u011b\u017ek\u00fdch chv\u00edl\u00edch a z\u00edskejte zp\u011bt svou sebed\u016fv\u011bru - sv\u011bt hazardn\u00edch her na v\u00e1s \u010dek\u00e1!","breadcrumb":{"@id":"https:\/\/megapari.games\/cs\/bonus\/losing-bets\/#breadcrumb"},"inLanguage":"cs","potentialAction":[{"@type":"ReadAction","target":["https:\/\/megapari.games\/cs\/bonus\/losing-bets\/"]}]},{"@type":"BreadcrumbList","@id":"https:\/\/megapari.games\/cs\/bonus\/losing-bets\/#breadcrumb","itemListElement":[{"@type":"ListItem","position":1,"name":"\u0413\u043b\u0430\u0432\u043d\u0430\u044f \u0441\u0442\u0440\u0430\u043d\u0438\u0446\u0430","item":"https:\/\/megapari.games\/cs\/"},{"@type":"ListItem","position":2,"name":"Bonus","item":"https:\/\/megapari.games\/cs\/bonus\/"},{"@type":"ListItem","position":3,"name":"Ztr\u00e1tov\u00e9 s\u00e1zky"}]},{"@type":"WebSite","@id":"https:\/\/megapari.games\/cs\/#website","url":"https:\/\/megapari.games\/cs\/","name":"Megapari Games cs","description":"My WordPress Blog","potentialAction":[{"@type":"SearchAction","target":{"@type":"EntryPoint","urlTemplate":"https:\/\/megapari.games\/cs\/?s={search_term_string}"},"query-input":{"@type":"PropertyValueSpecification","valueRequired":true,"valueName":"search_term_string"}}],"inLanguage":"cs"}]}},"_links":{"self":[{"href":"https:\/\/megapari.games\/cs\/wp-json\/wp\/v2\/pages\/799","targetHints":{"allow":["GET"]}}],"collection":[{"href":"https:\/\/megapari.games\/cs\/wp-json\/wp\/v2\/pages"}],"about":[{"href":"https:\/\/megapari.games\/cs\/wp-json\/wp\/v2\/types\/page"}],"author":[{"embeddable":true,"href":"https:\/\/megapari.games\/cs\/wp-json\/wp\/v2\/users\/1"}],"replies":[{"embeddable":true,"href":"https:\/\/megapari.games\/cs\/wp-json\/wp\/v2\/comments?post=799"}],"version-history":[{"count":3,"href":"https:\/\/megapari.games\/cs\/wp-json\/wp\/v2\/pages\/799\/revisions"}],"predecessor-version":[{"id":825,"href":"https:\/\/megapari.games\/cs\/wp-json\/wp\/v2\/pages\/799\/revisions\/825"}],"up":[{"embeddable":true,"href":"https:\/\/megapari.games\/cs\/wp-json\/wp\/v2\/pages\/152"}],"wp:attachment":[{"href":"https:\/\/megapari.games\/cs\/wp-json\/wp\/v2\/media?parent=799"}],"curies":[{"name":"wp","href":"https:\/\/api.w.org\/{rel}","templated":true}]}}