{"id":997,"date":"2025-08-07T10:41:41","date_gmt":"2025-08-07T10:41:41","guid":{"rendered":"https:\/\/megapari.games\/?page_id=997"},"modified":"2026-02-21T05:32:13","modified_gmt":"2026-02-21T05:32:13","slug":"aviator","status":"publish","type":"page","link":"https:\/\/megapari.games\/cs\/aviator\/","title":{"rendered":"Aviator"},"content":{"rendered":"","protected":false},"excerpt":{"rendered":"","protected":false},"author":1,"featured_media":0,"parent":0,"menu_order":0,"comment_status":"closed","ping_status":"closed","template":"","meta":{"inline_featured_image":false,"footnotes":""},"class_list":["post-997","page","type-page","status-publish","hentry"],"yoast_head":"<!-- This site is optimized with the Yoast SEO plugin v27.3 - https:\/\/yoast.com\/product\/yoast-seo-wordpress\/ -->\n<title>Megapari Aviator \u1409 Vyu\u017eijte svou \u0161anci a vyhrajte velk\u00e9 ceny!<\/title>\n<meta name=\"description\" content=\"Objevte sv\u011bt Megapari Aviator! Zkuste sv\u00e9 \u0161t\u011bst\u00ed v t\u00e9to vzru\u0161uj\u00edc\u00ed h\u0159e, kde ka\u017ed\u00fd okam\u017eik m\u016f\u017ee p\u0159in\u00e9st velk\u00e9 v\u00fdhry. P\u0159ipojte se hned te\u010f a vsa\u010fte si je\u0161t\u011b dnes!\" \/>\n<meta name=\"robots\" content=\"index, follow, max-snippet:-1, max-image-preview:large, max-video-preview:-1\" \/>\n<link rel=\"canonical\" href=\"https:\/\/megapari.games\/cs\/aviator\/\" \/>\n<meta property=\"og:locale\" content=\"cs_CZ\" \/>\n<meta property=\"og:type\" content=\"article\" \/>\n<meta property=\"og:title\" content=\"Megapari Aviator \u1409 Vyu\u017eijte svou \u0161anci a vyhrajte velk\u00e9 ceny!\" \/>\n<meta property=\"og:description\" content=\"Objevte sv\u011bt Megapari Aviator! Zkuste sv\u00e9 \u0161t\u011bst\u00ed v t\u00e9to vzru\u0161uj\u00edc\u00ed h\u0159e, kde ka\u017ed\u00fd okam\u017eik m\u016f\u017ee p\u0159in\u00e9st velk\u00e9 v\u00fdhry. P\u0159ipojte se hned te\u010f a vsa\u010fte si je\u0161t\u011b dnes!\" \/>\n<meta property=\"og:url\" content=\"https:\/\/megapari.games\/cs\/aviator\/\" \/>\n<meta property=\"og:site_name\" content=\"Megapari Games cs\" \/>\n<meta property=\"article:modified_time\" content=\"2026-02-21T05:32:13+00:00\" \/>\n<meta name=\"twitter:card\" content=\"summary_large_image\" \/>\n<script type=\"application\/ld+json\" class=\"yoast-schema-graph\">{\"@context\":\"https:\\\/\\\/schema.org\",\"@graph\":[{\"@type\":\"WebPage\",\"@id\":\"https:\\\/\\\/megapari.games\\\/cs\\\/aviator\\\/\",\"url\":\"https:\\\/\\\/megapari.games\\\/cs\\\/aviator\\\/\",\"name\":\"Megapari Aviator \u1409 Vyu\u017eijte svou \u0161anci a vyhrajte velk\u00e9 ceny!\",\"isPartOf\":{\"@id\":\"https:\\\/\\\/megapari.games\\\/cs\\\/#website\"},\"datePublished\":\"2025-08-07T10:41:41+00:00\",\"dateModified\":\"2026-02-21T05:32:13+00:00\",\"description\":\"Objevte sv\u011bt Megapari Aviator! Zkuste sv\u00e9 \u0161t\u011bst\u00ed v t\u00e9to vzru\u0161uj\u00edc\u00ed h\u0159e, kde ka\u017ed\u00fd okam\u017eik m\u016f\u017ee p\u0159in\u00e9st velk\u00e9 v\u00fdhry. P\u0159ipojte se hned te\u010f a vsa\u010fte si je\u0161t\u011b dnes!\",\"breadcrumb\":{\"@id\":\"https:\\\/\\\/megapari.games\\\/cs\\\/aviator\\\/#breadcrumb\"},\"inLanguage\":\"cs\",\"potentialAction\":[{\"@type\":\"ReadAction\",\"target\":[\"https:\\\/\\\/megapari.games\\\/cs\\\/aviator\\\/\"]}]},{\"@type\":\"BreadcrumbList\",\"@id\":\"https:\\\/\\\/megapari.games\\\/cs\\\/aviator\\\/#breadcrumb\",\"itemListElement\":[{\"@type\":\"ListItem\",\"position\":1,\"name\":\"\u0413\u043b\u0430\u0432\u043d\u0430\u044f \u0441\u0442\u0440\u0430\u043d\u0438\u0446\u0430\",\"item\":\"https:\\\/\\\/megapari.games\\\/cs\\\/\"},{\"@type\":\"ListItem\",\"position\":2,\"name\":\"Aviator\"}]},{\"@type\":\"WebSite\",\"@id\":\"https:\\\/\\\/megapari.games\\\/cs\\\/#website\",\"url\":\"https:\\\/\\\/megapari.games\\\/cs\\\/\",\"name\":\"Megapari Games cs\",\"description\":\"My WordPress Blog\",\"potentialAction\":[{\"@type\":\"SearchAction\",\"target\":{\"@type\":\"EntryPoint\",\"urlTemplate\":\"https:\\\/\\\/megapari.games\\\/cs\\\/?s={search_term_string}\"},\"query-input\":{\"@type\":\"PropertyValueSpecification\",\"valueRequired\":true,\"valueName\":\"search_term_string\"}}],\"inLanguage\":\"cs\"}]}<\/script>\n<!-- \/ Yoast SEO plugin. -->","yoast_head_json":{"title":"Megapari Aviator \u1409 Vyu\u017eijte svou \u0161anci a vyhrajte velk\u00e9 ceny!","description":"Objevte sv\u011bt Megapari Aviator! Zkuste sv\u00e9 \u0161t\u011bst\u00ed v t\u00e9to vzru\u0161uj\u00edc\u00ed h\u0159e, kde ka\u017ed\u00fd okam\u017eik m\u016f\u017ee p\u0159in\u00e9st velk\u00e9 v\u00fdhry. P\u0159ipojte se hned te\u010f a vsa\u010fte si je\u0161t\u011b dnes!","robots":{"index":"index","follow":"follow","max-snippet":"max-snippet:-1","max-image-preview":"max-image-preview:large","max-video-preview":"max-video-preview:-1"},"canonical":"https:\/\/megapari.games\/cs\/aviator\/","og_locale":"cs_CZ","og_type":"article","og_title":"Megapari Aviator \u1409 Vyu\u017eijte svou \u0161anci a vyhrajte velk\u00e9 ceny!","og_description":"Objevte sv\u011bt Megapari Aviator! Zkuste sv\u00e9 \u0161t\u011bst\u00ed v t\u00e9to vzru\u0161uj\u00edc\u00ed h\u0159e, kde ka\u017ed\u00fd okam\u017eik m\u016f\u017ee p\u0159in\u00e9st velk\u00e9 v\u00fdhry. P\u0159ipojte se hned te\u010f a vsa\u010fte si je\u0161t\u011b dnes!","og_url":"https:\/\/megapari.games\/cs\/aviator\/","og_site_name":"Megapari Games cs","article_modified_time":"2026-02-21T05:32:13+00:00","twitter_card":"summary_large_image","schema":{"@context":"https:\/\/schema.org","@graph":[{"@type":"WebPage","@id":"https:\/\/megapari.games\/cs\/aviator\/","url":"https:\/\/megapari.games\/cs\/aviator\/","name":"Megapari Aviator \u1409 Vyu\u017eijte svou \u0161anci a vyhrajte velk\u00e9 ceny!","isPartOf":{"@id":"https:\/\/megapari.games\/cs\/#website"},"datePublished":"2025-08-07T10:41:41+00:00","dateModified":"2026-02-21T05:32:13+00:00","description":"Objevte sv\u011bt Megapari Aviator! Zkuste sv\u00e9 \u0161t\u011bst\u00ed v t\u00e9to vzru\u0161uj\u00edc\u00ed h\u0159e, kde ka\u017ed\u00fd okam\u017eik m\u016f\u017ee p\u0159in\u00e9st velk\u00e9 v\u00fdhry. P\u0159ipojte se hned te\u010f a vsa\u010fte si je\u0161t\u011b dnes!","breadcrumb":{"@id":"https:\/\/megapari.games\/cs\/aviator\/#breadcrumb"},"inLanguage":"cs","potentialAction":[{"@type":"ReadAction","target":["https:\/\/megapari.games\/cs\/aviator\/"]}]},{"@type":"BreadcrumbList","@id":"https:\/\/megapari.games\/cs\/aviator\/#breadcrumb","itemListElement":[{"@type":"ListItem","position":1,"name":"\u0413\u043b\u0430\u0432\u043d\u0430\u044f \u0441\u0442\u0440\u0430\u043d\u0438\u0446\u0430","item":"https:\/\/megapari.games\/cs\/"},{"@type":"ListItem","position":2,"name":"Aviator"}]},{"@type":"WebSite","@id":"https:\/\/megapari.games\/cs\/#website","url":"https:\/\/megapari.games\/cs\/","name":"Megapari Games cs","description":"My WordPress Blog","potentialAction":[{"@type":"SearchAction","target":{"@type":"EntryPoint","urlTemplate":"https:\/\/megapari.games\/cs\/?s={search_term_string}"},"query-input":{"@type":"PropertyValueSpecification","valueRequired":true,"valueName":"search_term_string"}}],"inLanguage":"cs"}]}},"_links":{"self":[{"href":"https:\/\/megapari.games\/cs\/wp-json\/wp\/v2\/pages\/997","targetHints":{"allow":["GET"]}}],"collection":[{"href":"https:\/\/megapari.games\/cs\/wp-json\/wp\/v2\/pages"}],"about":[{"href":"https:\/\/megapari.games\/cs\/wp-json\/wp\/v2\/types\/page"}],"author":[{"embeddable":true,"href":"https:\/\/megapari.games\/cs\/wp-json\/wp\/v2\/users\/1"}],"replies":[{"embeddable":true,"href":"https:\/\/megapari.games\/cs\/wp-json\/wp\/v2\/comments?post=997"}],"version-history":[{"count":1,"href":"https:\/\/megapari.games\/cs\/wp-json\/wp\/v2\/pages\/997\/revisions"}],"predecessor-version":[{"id":1425,"href":"https:\/\/megapari.games\/cs\/wp-json\/wp\/v2\/pages\/997\/revisions\/1425"}],"wp:attachment":[{"href":"https:\/\/megapari.games\/cs\/wp-json\/wp\/v2\/media?parent=997"}],"curies":[{"name":"wp","href":"https:\/\/api.w.org\/{rel}","templated":true}]}}