{"id":437,"date":"2024-03-08T07:35:27","date_gmt":"2024-03-08T07:35:27","guid":{"rendered":"https:\/\/megapari.games\/da\/?page_id=437"},"modified":"2025-02-11T21:31:40","modified_gmt":"2025-02-11T21:31:40","slug":"login","status":"publish","type":"page","link":"https:\/\/megapari.games\/da\/login\/","title":{"rendered":"Login"},"content":{"rendered":"","protected":false},"excerpt":{"rendered":"","protected":false},"author":1,"featured_media":0,"parent":0,"menu_order":0,"comment_status":"closed","ping_status":"closed","template":"","meta":{"inline_featured_image":false,"footnotes":""},"class_list":["post-437","page","type-page","status-publish","hentry"],"yoast_head":"<!-- This site is optimized with the Yoast SEO plugin v27.3 - https:\/\/yoast.com\/product\/yoast-seo-wordpress\/ -->\n<title>Megapari Login Officielt websted | Guide S\u00e5dan logger du ind<\/title>\n<meta name=\"description\" content=\"S\u00e5dan logger du ind p\u00e5 din Megapari Danmark-konto \u2611\ufe0f Bes\u00f8g Megaparis hjemmeside, og klik p\u00e5 knappen Login \u2713 Registrering og bekr\u00e6ftelse af Megapari-konto\" \/>\n<meta name=\"robots\" content=\"index, follow, max-snippet:-1, max-image-preview:large, max-video-preview:-1\" \/>\n<link rel=\"canonical\" href=\"https:\/\/megapari.games\/da\/login\/\" \/>\n<meta property=\"og:locale\" content=\"da_DK\" \/>\n<meta property=\"og:type\" content=\"article\" \/>\n<meta property=\"og:title\" content=\"Megapari Login Officielt websted | Guide S\u00e5dan logger du ind\" \/>\n<meta property=\"og:description\" content=\"S\u00e5dan logger du ind p\u00e5 din Megapari Danmark-konto \u2611\ufe0f Bes\u00f8g Megaparis hjemmeside, og klik p\u00e5 knappen Login \u2713 Registrering og bekr\u00e6ftelse af Megapari-konto\" \/>\n<meta property=\"og:url\" content=\"https:\/\/megapari.games\/da\/login\/\" \/>\n<meta property=\"og:site_name\" content=\"Megapari Games da\" \/>\n<meta property=\"article:modified_time\" content=\"2025-02-11T21:31:40+00:00\" \/>\n<meta name=\"twitter:card\" content=\"summary_large_image\" \/>\n<script type=\"application\/ld+json\" class=\"yoast-schema-graph\">{\"@context\":\"https:\\\/\\\/schema.org\",\"@graph\":[{\"@type\":\"WebPage\",\"@id\":\"https:\\\/\\\/megapari.games\\\/da\\\/login\\\/\",\"url\":\"https:\\\/\\\/megapari.games\\\/da\\\/login\\\/\",\"name\":\"Megapari Login Officielt websted | Guide S\u00e5dan logger du ind\",\"isPartOf\":{\"@id\":\"https:\\\/\\\/megapari.games\\\/da\\\/#website\"},\"datePublished\":\"2024-03-08T07:35:27+00:00\",\"dateModified\":\"2025-02-11T21:31:40+00:00\",\"description\":\"S\u00e5dan logger du ind p\u00e5 din Megapari Danmark-konto \u2611\ufe0f Bes\u00f8g Megaparis hjemmeside, og klik p\u00e5 knappen Login \u2713 Registrering og bekr\u00e6ftelse af Megapari-konto\",\"breadcrumb\":{\"@id\":\"https:\\\/\\\/megapari.games\\\/da\\\/login\\\/#breadcrumb\"},\"inLanguage\":\"da-DK\",\"potentialAction\":[{\"@type\":\"ReadAction\",\"target\":[\"https:\\\/\\\/megapari.games\\\/da\\\/login\\\/\"]}]},{\"@type\":\"BreadcrumbList\",\"@id\":\"https:\\\/\\\/megapari.games\\\/da\\\/login\\\/#breadcrumb\",\"itemListElement\":[{\"@type\":\"ListItem\",\"position\":1,\"name\":\"\u0413\u043b\u0430\u0432\u043d\u0430\u044f \u0441\u0442\u0440\u0430\u043d\u0438\u0446\u0430\",\"item\":\"https:\\\/\\\/megapari.games\\\/da\\\/\"},{\"@type\":\"ListItem\",\"position\":2,\"name\":\"Login\"}]},{\"@type\":\"WebSite\",\"@id\":\"https:\\\/\\\/megapari.games\\\/da\\\/#website\",\"url\":\"https:\\\/\\\/megapari.games\\\/da\\\/\",\"name\":\"Megapari Games da\",\"description\":\"My WordPress Blog\",\"potentialAction\":[{\"@type\":\"SearchAction\",\"target\":{\"@type\":\"EntryPoint\",\"urlTemplate\":\"https:\\\/\\\/megapari.games\\\/da\\\/?s={search_term_string}\"},\"query-input\":{\"@type\":\"PropertyValueSpecification\",\"valueRequired\":true,\"valueName\":\"search_term_string\"}}],\"inLanguage\":\"da-DK\"}]}<\/script>\n<!-- \/ Yoast SEO plugin. -->","yoast_head_json":{"title":"Megapari Login Officielt websted | Guide S\u00e5dan logger du ind","description":"S\u00e5dan logger du ind p\u00e5 din Megapari Danmark-konto \u2611\ufe0f Bes\u00f8g Megaparis hjemmeside, og klik p\u00e5 knappen Login \u2713 Registrering og bekr\u00e6ftelse af Megapari-konto","robots":{"index":"index","follow":"follow","max-snippet":"max-snippet:-1","max-image-preview":"max-image-preview:large","max-video-preview":"max-video-preview:-1"},"canonical":"https:\/\/megapari.games\/da\/login\/","og_locale":"da_DK","og_type":"article","og_title":"Megapari Login Officielt websted | Guide S\u00e5dan logger du ind","og_description":"S\u00e5dan logger du ind p\u00e5 din Megapari Danmark-konto \u2611\ufe0f Bes\u00f8g Megaparis hjemmeside, og klik p\u00e5 knappen Login \u2713 Registrering og bekr\u00e6ftelse af Megapari-konto","og_url":"https:\/\/megapari.games\/da\/login\/","og_site_name":"Megapari Games da","article_modified_time":"2025-02-11T21:31:40+00:00","twitter_card":"summary_large_image","schema":{"@context":"https:\/\/schema.org","@graph":[{"@type":"WebPage","@id":"https:\/\/megapari.games\/da\/login\/","url":"https:\/\/megapari.games\/da\/login\/","name":"Megapari Login Officielt websted | Guide S\u00e5dan logger du ind","isPartOf":{"@id":"https:\/\/megapari.games\/da\/#website"},"datePublished":"2024-03-08T07:35:27+00:00","dateModified":"2025-02-11T21:31:40+00:00","description":"S\u00e5dan logger du ind p\u00e5 din Megapari Danmark-konto \u2611\ufe0f Bes\u00f8g Megaparis hjemmeside, og klik p\u00e5 knappen Login \u2713 Registrering og bekr\u00e6ftelse af Megapari-konto","breadcrumb":{"@id":"https:\/\/megapari.games\/da\/login\/#breadcrumb"},"inLanguage":"da-DK","potentialAction":[{"@type":"ReadAction","target":["https:\/\/megapari.games\/da\/login\/"]}]},{"@type":"BreadcrumbList","@id":"https:\/\/megapari.games\/da\/login\/#breadcrumb","itemListElement":[{"@type":"ListItem","position":1,"name":"\u0413\u043b\u0430\u0432\u043d\u0430\u044f \u0441\u0442\u0440\u0430\u043d\u0438\u0446\u0430","item":"https:\/\/megapari.games\/da\/"},{"@type":"ListItem","position":2,"name":"Login"}]},{"@type":"WebSite","@id":"https:\/\/megapari.games\/da\/#website","url":"https:\/\/megapari.games\/da\/","name":"Megapari Games da","description":"My WordPress Blog","potentialAction":[{"@type":"SearchAction","target":{"@type":"EntryPoint","urlTemplate":"https:\/\/megapari.games\/da\/?s={search_term_string}"},"query-input":{"@type":"PropertyValueSpecification","valueRequired":true,"valueName":"search_term_string"}}],"inLanguage":"da-DK"}]}},"_links":{"self":[{"href":"https:\/\/megapari.games\/da\/wp-json\/wp\/v2\/pages\/437","targetHints":{"allow":["GET"]}}],"collection":[{"href":"https:\/\/megapari.games\/da\/wp-json\/wp\/v2\/pages"}],"about":[{"href":"https:\/\/megapari.games\/da\/wp-json\/wp\/v2\/types\/page"}],"author":[{"embeddable":true,"href":"https:\/\/megapari.games\/da\/wp-json\/wp\/v2\/users\/1"}],"replies":[{"embeddable":true,"href":"https:\/\/megapari.games\/da\/wp-json\/wp\/v2\/comments?post=437"}],"version-history":[{"count":1,"href":"https:\/\/megapari.games\/da\/wp-json\/wp\/v2\/pages\/437\/revisions"}],"predecessor-version":[{"id":753,"href":"https:\/\/megapari.games\/da\/wp-json\/wp\/v2\/pages\/437\/revisions\/753"}],"wp:attachment":[{"href":"https:\/\/megapari.games\/da\/wp-json\/wp\/v2\/media?parent=437"}],"curies":[{"name":"wp","href":"https:\/\/api.w.org\/{rel}","templated":true}]}}