{"id":776,"date":"2025-03-27T08:52:05","date_gmt":"2025-03-27T08:52:05","guid":{"rendered":"https:\/\/megapari.games\/?page_id=776"},"modified":"2025-11-03T15:48:10","modified_gmt":"2025-11-03T15:48:10","slug":"first-deposit","status":"publish","type":"page","link":"https:\/\/megapari.games\/da\/bonus\/first-deposit\/","title":{"rendered":"F\u00f8rste indbetaling"},"content":{"rendered":"","protected":false},"excerpt":{"rendered":"","protected":false},"author":1,"featured_media":0,"parent":152,"menu_order":0,"comment_status":"closed","ping_status":"closed","template":"","meta":{"inline_featured_image":false,"footnotes":""},"class_list":["post-776","page","type-page","status-publish","hentry"],"yoast_head":"<!-- This site is optimized with the Yoast SEO plugin v27.5 - https:\/\/yoast.com\/product\/yoast-seo-wordpress\/ -->\n<title>Megapari velkomstpakke: F\u00e5 op til 11000 DKK + 150 gratis spins<\/title>\n<meta name=\"description\" content=\"G\u00e5 ikke glip af din chance! Tilmeld dig Megapari og f\u00e5 en imponerende velkomstpakke p\u00e5 op til 11000 DKK + 150 gratis spins! Sp\u00e6ndende spil og uovertrufne bonusser venter p\u00e5 dig. Spil smart \u2013 vind med sp\u00e6nding!\" \/>\n<meta name=\"robots\" content=\"index, follow, max-snippet:-1, max-image-preview:large, max-video-preview:-1\" \/>\n<link rel=\"canonical\" href=\"https:\/\/megapari.games\/da\/bonus\/first-deposit\/\" \/>\n<meta property=\"og:locale\" content=\"da_DK\" \/>\n<meta property=\"og:type\" content=\"article\" \/>\n<meta property=\"og:title\" content=\"Megapari velkomstpakke: F\u00e5 op til 11000 DKK + 150 gratis spins\" \/>\n<meta property=\"og:description\" content=\"G\u00e5 ikke glip af din chance! Tilmeld dig Megapari og f\u00e5 en imponerende velkomstpakke p\u00e5 op til 11000 DKK + 150 gratis spins! Sp\u00e6ndende spil og uovertrufne bonusser venter p\u00e5 dig. Spil smart \u2013 vind med sp\u00e6nding!\" \/>\n<meta property=\"og:url\" content=\"https:\/\/megapari.games\/da\/bonus\/first-deposit\/\" \/>\n<meta property=\"og:site_name\" content=\"Megapari Games da\" \/>\n<meta property=\"article:modified_time\" content=\"2025-11-03T15:48:10+00:00\" \/>\n<meta name=\"twitter:card\" content=\"summary_large_image\" \/>\n<script type=\"application\/ld+json\" class=\"yoast-schema-graph\">{\"@context\":\"https:\\\/\\\/schema.org\",\"@graph\":[{\"@type\":\"WebPage\",\"@id\":\"https:\\\/\\\/megapari.games\\\/da\\\/bonus\\\/first-deposit\\\/\",\"url\":\"https:\\\/\\\/megapari.games\\\/da\\\/bonus\\\/first-deposit\\\/\",\"name\":\"Megapari velkomstpakke: F\u00e5 op til 11000 DKK + 150 gratis spins\",\"isPartOf\":{\"@id\":\"https:\\\/\\\/megapari.games\\\/da\\\/#website\"},\"datePublished\":\"2025-03-27T08:52:05+00:00\",\"dateModified\":\"2025-11-03T15:48:10+00:00\",\"description\":\"G\u00e5 ikke glip af din chance! Tilmeld dig Megapari og f\u00e5 en imponerende velkomstpakke p\u00e5 op til 11000 DKK + 150 gratis spins! Sp\u00e6ndende spil og uovertrufne bonusser venter p\u00e5 dig. Spil smart \u2013 vind med sp\u00e6nding!\",\"breadcrumb\":{\"@id\":\"https:\\\/\\\/megapari.games\\\/da\\\/bonus\\\/first-deposit\\\/#breadcrumb\"},\"inLanguage\":\"da-DK\",\"potentialAction\":[{\"@type\":\"ReadAction\",\"target\":[\"https:\\\/\\\/megapari.games\\\/da\\\/bonus\\\/first-deposit\\\/\"]}]},{\"@type\":\"BreadcrumbList\",\"@id\":\"https:\\\/\\\/megapari.games\\\/da\\\/bonus\\\/first-deposit\\\/#breadcrumb\",\"itemListElement\":[{\"@type\":\"ListItem\",\"position\":1,\"name\":\"\u0413\u043b\u0430\u0432\u043d\u0430\u044f \u0441\u0442\u0440\u0430\u043d\u0438\u0446\u0430\",\"item\":\"https:\\\/\\\/megapari.games\\\/da\\\/\"},{\"@type\":\"ListItem\",\"position\":2,\"name\":\"Bonus\",\"item\":\"https:\\\/\\\/megapari.games\\\/da\\\/bonus\\\/\"},{\"@type\":\"ListItem\",\"position\":3,\"name\":\"F\u00f8rste indbetaling\"}]},{\"@type\":\"WebSite\",\"@id\":\"https:\\\/\\\/megapari.games\\\/da\\\/#website\",\"url\":\"https:\\\/\\\/megapari.games\\\/da\\\/\",\"name\":\"Megapari Games da\",\"description\":\"My WordPress Blog\",\"potentialAction\":[{\"@type\":\"SearchAction\",\"target\":{\"@type\":\"EntryPoint\",\"urlTemplate\":\"https:\\\/\\\/megapari.games\\\/da\\\/?s={search_term_string}\"},\"query-input\":{\"@type\":\"PropertyValueSpecification\",\"valueRequired\":true,\"valueName\":\"search_term_string\"}}],\"inLanguage\":\"da-DK\"}]}<\/script>\n<!-- \/ Yoast SEO plugin. -->","yoast_head_json":{"title":"Megapari velkomstpakke: F\u00e5 op til 11000 DKK + 150 gratis spins","description":"G\u00e5 ikke glip af din chance! Tilmeld dig Megapari og f\u00e5 en imponerende velkomstpakke p\u00e5 op til 11000 DKK + 150 gratis spins! Sp\u00e6ndende spil og uovertrufne bonusser venter p\u00e5 dig. Spil smart \u2013 vind med sp\u00e6nding!","robots":{"index":"index","follow":"follow","max-snippet":"max-snippet:-1","max-image-preview":"max-image-preview:large","max-video-preview":"max-video-preview:-1"},"canonical":"https:\/\/megapari.games\/da\/bonus\/first-deposit\/","og_locale":"da_DK","og_type":"article","og_title":"Megapari velkomstpakke: F\u00e5 op til 11000 DKK + 150 gratis spins","og_description":"G\u00e5 ikke glip af din chance! Tilmeld dig Megapari og f\u00e5 en imponerende velkomstpakke p\u00e5 op til 11000 DKK + 150 gratis spins! Sp\u00e6ndende spil og uovertrufne bonusser venter p\u00e5 dig. Spil smart \u2013 vind med sp\u00e6nding!","og_url":"https:\/\/megapari.games\/da\/bonus\/first-deposit\/","og_site_name":"Megapari Games da","article_modified_time":"2025-11-03T15:48:10+00:00","twitter_card":"summary_large_image","schema":{"@context":"https:\/\/schema.org","@graph":[{"@type":"WebPage","@id":"https:\/\/megapari.games\/da\/bonus\/first-deposit\/","url":"https:\/\/megapari.games\/da\/bonus\/first-deposit\/","name":"Megapari velkomstpakke: F\u00e5 op til 11000 DKK + 150 gratis spins","isPartOf":{"@id":"https:\/\/megapari.games\/da\/#website"},"datePublished":"2025-03-27T08:52:05+00:00","dateModified":"2025-11-03T15:48:10+00:00","description":"G\u00e5 ikke glip af din chance! Tilmeld dig Megapari og f\u00e5 en imponerende velkomstpakke p\u00e5 op til 11000 DKK + 150 gratis spins! Sp\u00e6ndende spil og uovertrufne bonusser venter p\u00e5 dig. Spil smart \u2013 vind med sp\u00e6nding!","breadcrumb":{"@id":"https:\/\/megapari.games\/da\/bonus\/first-deposit\/#breadcrumb"},"inLanguage":"da-DK","potentialAction":[{"@type":"ReadAction","target":["https:\/\/megapari.games\/da\/bonus\/first-deposit\/"]}]},{"@type":"BreadcrumbList","@id":"https:\/\/megapari.games\/da\/bonus\/first-deposit\/#breadcrumb","itemListElement":[{"@type":"ListItem","position":1,"name":"\u0413\u043b\u0430\u0432\u043d\u0430\u044f \u0441\u0442\u0440\u0430\u043d\u0438\u0446\u0430","item":"https:\/\/megapari.games\/da\/"},{"@type":"ListItem","position":2,"name":"Bonus","item":"https:\/\/megapari.games\/da\/bonus\/"},{"@type":"ListItem","position":3,"name":"F\u00f8rste indbetaling"}]},{"@type":"WebSite","@id":"https:\/\/megapari.games\/da\/#website","url":"https:\/\/megapari.games\/da\/","name":"Megapari Games da","description":"My WordPress Blog","potentialAction":[{"@type":"SearchAction","target":{"@type":"EntryPoint","urlTemplate":"https:\/\/megapari.games\/da\/?s={search_term_string}"},"query-input":{"@type":"PropertyValueSpecification","valueRequired":true,"valueName":"search_term_string"}}],"inLanguage":"da-DK"}]}},"_links":{"self":[{"href":"https:\/\/megapari.games\/da\/wp-json\/wp\/v2\/pages\/776","targetHints":{"allow":["GET"]}}],"collection":[{"href":"https:\/\/megapari.games\/da\/wp-json\/wp\/v2\/pages"}],"about":[{"href":"https:\/\/megapari.games\/da\/wp-json\/wp\/v2\/types\/page"}],"author":[{"embeddable":true,"href":"https:\/\/megapari.games\/da\/wp-json\/wp\/v2\/users\/1"}],"replies":[{"embeddable":true,"href":"https:\/\/megapari.games\/da\/wp-json\/wp\/v2\/comments?post=776"}],"version-history":[{"count":2,"href":"https:\/\/megapari.games\/da\/wp-json\/wp\/v2\/pages\/776\/revisions"}],"predecessor-version":[{"id":1077,"href":"https:\/\/megapari.games\/da\/wp-json\/wp\/v2\/pages\/776\/revisions\/1077"}],"up":[{"embeddable":true,"href":"https:\/\/megapari.games\/da\/wp-json\/wp\/v2\/pages\/152"}],"wp:attachment":[{"href":"https:\/\/megapari.games\/da\/wp-json\/wp\/v2\/media?parent=776"}],"curies":[{"name":"wp","href":"https:\/\/api.w.org\/{rel}","templated":true}]}}