{"id":799,"date":"2025-03-27T12:22:37","date_gmt":"2025-03-27T12:22:37","guid":{"rendered":"https:\/\/megapari.games\/de\/?page_id=799"},"modified":"2026-02-01T14:16:17","modified_gmt":"2026-02-01T14:16:17","slug":"losing-bets","status":"publish","type":"page","link":"https:\/\/megapari.games\/de\/bonus\/losing-bets\/","title":{"rendered":"Verlorene Wetten"},"content":{"rendered":"","protected":false},"excerpt":{"rendered":"","protected":false},"author":1,"featured_media":0,"parent":152,"menu_order":0,"comment_status":"closed","ping_status":"closed","template":"","meta":{"inline_featured_image":false,"footnotes":""},"class_list":["post-799","page","type-page","status-publish","hentry"],"yoast_head":"<!-- This site is optimized with the Yoast SEO plugin v27.4 - https:\/\/yoast.com\/product\/yoast-seo-wordpress\/ -->\n<title>Megapari-Bonus f\u00fcr verlorene Wetten \u27a4 Spielersupport<\/title>\n<meta name=\"description\" content=\"Bei den Wetten verloren? Nicht aufgeben! Megapari bietet Spielern mit einer Pechstr\u00e4hne einen unvergleichlichen Bonus. Holen Sie sich Unterst\u00fctzung in schwierigen Zeiten und gewinnen Sie Ihr Selbstvertrauen zur\u00fcck \u2013 die Welt des Gl\u00fccksspiels wartet auf Sie!\" \/>\n<meta name=\"robots\" content=\"index, follow, max-snippet:-1, max-image-preview:large, max-video-preview:-1\" \/>\n<link rel=\"canonical\" href=\"https:\/\/megapari.games\/de\/bonus\/losing-bets\/\" \/>\n<meta property=\"og:locale\" content=\"de_DE\" \/>\n<meta property=\"og:type\" content=\"article\" \/>\n<meta property=\"og:title\" content=\"Megapari-Bonus f\u00fcr verlorene Wetten \u27a4 Spielersupport\" \/>\n<meta property=\"og:description\" content=\"Bei den Wetten verloren? Nicht aufgeben! Megapari bietet Spielern mit einer Pechstr\u00e4hne einen unvergleichlichen Bonus. Holen Sie sich Unterst\u00fctzung in schwierigen Zeiten und gewinnen Sie Ihr Selbstvertrauen zur\u00fcck \u2013 die Welt des Gl\u00fccksspiels wartet auf Sie!\" \/>\n<meta property=\"og:url\" content=\"https:\/\/megapari.games\/de\/bonus\/losing-bets\/\" \/>\n<meta property=\"og:site_name\" content=\"Megapari Games DE\" \/>\n<meta property=\"article:modified_time\" content=\"2026-02-01T14:16:17+00:00\" \/>\n<meta name=\"twitter:card\" content=\"summary_large_image\" \/>\n<script type=\"application\/ld+json\" class=\"yoast-schema-graph\">{\"@context\":\"https:\\\/\\\/schema.org\",\"@graph\":[{\"@type\":\"WebPage\",\"@id\":\"https:\\\/\\\/megapari.games\\\/de\\\/bonus\\\/losing-bets\\\/\",\"url\":\"https:\\\/\\\/megapari.games\\\/de\\\/bonus\\\/losing-bets\\\/\",\"name\":\"Megapari-Bonus f\u00fcr verlorene Wetten \u27a4 Spielersupport\",\"isPartOf\":{\"@id\":\"https:\\\/\\\/megapari.games\\\/de\\\/#website\"},\"datePublished\":\"2025-03-27T12:22:37+00:00\",\"dateModified\":\"2026-02-01T14:16:17+00:00\",\"description\":\"Bei den Wetten verloren? Nicht aufgeben! Megapari bietet Spielern mit einer Pechstr\u00e4hne einen unvergleichlichen Bonus. Holen Sie sich Unterst\u00fctzung in schwierigen Zeiten und gewinnen Sie Ihr Selbstvertrauen zur\u00fcck \u2013 die Welt des Gl\u00fccksspiels wartet auf Sie!\",\"breadcrumb\":{\"@id\":\"https:\\\/\\\/megapari.games\\\/de\\\/bonus\\\/losing-bets\\\/#breadcrumb\"},\"inLanguage\":\"de\",\"potentialAction\":[{\"@type\":\"ReadAction\",\"target\":[\"https:\\\/\\\/megapari.games\\\/de\\\/bonus\\\/losing-bets\\\/\"]}]},{\"@type\":\"BreadcrumbList\",\"@id\":\"https:\\\/\\\/megapari.games\\\/de\\\/bonus\\\/losing-bets\\\/#breadcrumb\",\"itemListElement\":[{\"@type\":\"ListItem\",\"position\":1,\"name\":\"\u0413\u043b\u0430\u0432\u043d\u0430\u044f \u0441\u0442\u0440\u0430\u043d\u0438\u0446\u0430\",\"item\":\"https:\\\/\\\/megapari.games\\\/de\\\/\"},{\"@type\":\"ListItem\",\"position\":2,\"name\":\"Bonus\",\"item\":\"https:\\\/\\\/megapari.games\\\/de\\\/bonus\\\/\"},{\"@type\":\"ListItem\",\"position\":3,\"name\":\"Verlorene Wetten\"}]},{\"@type\":\"WebSite\",\"@id\":\"https:\\\/\\\/megapari.games\\\/de\\\/#website\",\"url\":\"https:\\\/\\\/megapari.games\\\/de\\\/\",\"name\":\"Megapari Games DE\",\"description\":\"My WordPress Blog\",\"potentialAction\":[{\"@type\":\"SearchAction\",\"target\":{\"@type\":\"EntryPoint\",\"urlTemplate\":\"https:\\\/\\\/megapari.games\\\/de\\\/?s={search_term_string}\"},\"query-input\":{\"@type\":\"PropertyValueSpecification\",\"valueRequired\":true,\"valueName\":\"search_term_string\"}}],\"inLanguage\":\"de\"}]}<\/script>\n<!-- \/ Yoast SEO plugin. -->","yoast_head_json":{"title":"Megapari-Bonus f\u00fcr verlorene Wetten \u27a4 Spielersupport","description":"Bei den Wetten verloren? Nicht aufgeben! Megapari bietet Spielern mit einer Pechstr\u00e4hne einen unvergleichlichen Bonus. Holen Sie sich Unterst\u00fctzung in schwierigen Zeiten und gewinnen Sie Ihr Selbstvertrauen zur\u00fcck \u2013 die Welt des Gl\u00fccksspiels wartet auf Sie!","robots":{"index":"index","follow":"follow","max-snippet":"max-snippet:-1","max-image-preview":"max-image-preview:large","max-video-preview":"max-video-preview:-1"},"canonical":"https:\/\/megapari.games\/de\/bonus\/losing-bets\/","og_locale":"de_DE","og_type":"article","og_title":"Megapari-Bonus f\u00fcr verlorene Wetten \u27a4 Spielersupport","og_description":"Bei den Wetten verloren? Nicht aufgeben! Megapari bietet Spielern mit einer Pechstr\u00e4hne einen unvergleichlichen Bonus. Holen Sie sich Unterst\u00fctzung in schwierigen Zeiten und gewinnen Sie Ihr Selbstvertrauen zur\u00fcck \u2013 die Welt des Gl\u00fccksspiels wartet auf Sie!","og_url":"https:\/\/megapari.games\/de\/bonus\/losing-bets\/","og_site_name":"Megapari Games DE","article_modified_time":"2026-02-01T14:16:17+00:00","twitter_card":"summary_large_image","schema":{"@context":"https:\/\/schema.org","@graph":[{"@type":"WebPage","@id":"https:\/\/megapari.games\/de\/bonus\/losing-bets\/","url":"https:\/\/megapari.games\/de\/bonus\/losing-bets\/","name":"Megapari-Bonus f\u00fcr verlorene Wetten \u27a4 Spielersupport","isPartOf":{"@id":"https:\/\/megapari.games\/de\/#website"},"datePublished":"2025-03-27T12:22:37+00:00","dateModified":"2026-02-01T14:16:17+00:00","description":"Bei den Wetten verloren? Nicht aufgeben! Megapari bietet Spielern mit einer Pechstr\u00e4hne einen unvergleichlichen Bonus. Holen Sie sich Unterst\u00fctzung in schwierigen Zeiten und gewinnen Sie Ihr Selbstvertrauen zur\u00fcck \u2013 die Welt des Gl\u00fccksspiels wartet auf Sie!","breadcrumb":{"@id":"https:\/\/megapari.games\/de\/bonus\/losing-bets\/#breadcrumb"},"inLanguage":"de","potentialAction":[{"@type":"ReadAction","target":["https:\/\/megapari.games\/de\/bonus\/losing-bets\/"]}]},{"@type":"BreadcrumbList","@id":"https:\/\/megapari.games\/de\/bonus\/losing-bets\/#breadcrumb","itemListElement":[{"@type":"ListItem","position":1,"name":"\u0413\u043b\u0430\u0432\u043d\u0430\u044f \u0441\u0442\u0440\u0430\u043d\u0438\u0446\u0430","item":"https:\/\/megapari.games\/de\/"},{"@type":"ListItem","position":2,"name":"Bonus","item":"https:\/\/megapari.games\/de\/bonus\/"},{"@type":"ListItem","position":3,"name":"Verlorene Wetten"}]},{"@type":"WebSite","@id":"https:\/\/megapari.games\/de\/#website","url":"https:\/\/megapari.games\/de\/","name":"Megapari Games DE","description":"My WordPress Blog","potentialAction":[{"@type":"SearchAction","target":{"@type":"EntryPoint","urlTemplate":"https:\/\/megapari.games\/de\/?s={search_term_string}"},"query-input":{"@type":"PropertyValueSpecification","valueRequired":true,"valueName":"search_term_string"}}],"inLanguage":"de"}]}},"_links":{"self":[{"href":"https:\/\/megapari.games\/de\/wp-json\/wp\/v2\/pages\/799","targetHints":{"allow":["GET"]}}],"collection":[{"href":"https:\/\/megapari.games\/de\/wp-json\/wp\/v2\/pages"}],"about":[{"href":"https:\/\/megapari.games\/de\/wp-json\/wp\/v2\/types\/page"}],"author":[{"embeddable":true,"href":"https:\/\/megapari.games\/de\/wp-json\/wp\/v2\/users\/1"}],"replies":[{"embeddable":true,"href":"https:\/\/megapari.games\/de\/wp-json\/wp\/v2\/comments?post=799"}],"version-history":[{"count":5,"href":"https:\/\/megapari.games\/de\/wp-json\/wp\/v2\/pages\/799\/revisions"}],"predecessor-version":[{"id":1248,"href":"https:\/\/megapari.games\/de\/wp-json\/wp\/v2\/pages\/799\/revisions\/1248"}],"up":[{"embeddable":true,"href":"https:\/\/megapari.games\/de\/wp-json\/wp\/v2\/pages\/152"}],"wp:attachment":[{"href":"https:\/\/megapari.games\/de\/wp-json\/wp\/v2\/media?parent=799"}],"curies":[{"name":"wp","href":"https:\/\/api.w.org\/{rel}","templated":true}]}}