{"id":997,"date":"2025-08-07T10:41:41","date_gmt":"2025-08-07T10:41:41","guid":{"rendered":"https:\/\/megapari.games\/de\/?page_id=997"},"modified":"2026-02-01T14:19:29","modified_gmt":"2026-02-01T14:19:29","slug":"aviator-2","status":"publish","type":"page","link":"https:\/\/megapari.games\/de\/aviator\/","title":{"rendered":"Aviator"},"content":{"rendered":"","protected":false},"excerpt":{"rendered":"","protected":false},"author":1,"featured_media":0,"parent":0,"menu_order":0,"comment_status":"closed","ping_status":"closed","template":"","meta":{"inline_featured_image":false,"footnotes":""},"class_list":["post-997","page","type-page","status-publish","hentry"],"yoast_head":"<!-- This site is optimized with the Yoast SEO plugin v27.4 - https:\/\/yoast.com\/product\/yoast-seo-wordpress\/ -->\n<title>Megapari Aviator \u1409 Nutzen Sie Ihre Chance und gewinnen Sie!<\/title>\n<meta name=\"description\" content=\"Entdecken Sie die Welt von Megapari Aviator! Versuchen Sie Ihr Gl\u00fcck in diesem spannenden Spiel, in dem jeder Moment zu gro\u00dfen Gewinnen f\u00fchren kann. Melden Sie sich jetzt an und platzieren Sie noch heute Ihre Wette!\" \/>\n<meta name=\"robots\" content=\"index, follow, max-snippet:-1, max-image-preview:large, max-video-preview:-1\" \/>\n<link rel=\"canonical\" href=\"https:\/\/megapari.games\/de\/aviator\/\" \/>\n<meta property=\"og:locale\" content=\"de_DE\" \/>\n<meta property=\"og:type\" content=\"article\" \/>\n<meta property=\"og:title\" content=\"Megapari Aviator \u1409 Nutzen Sie Ihre Chance und gewinnen Sie!\" \/>\n<meta property=\"og:description\" content=\"Entdecken Sie die Welt von Megapari Aviator! Versuchen Sie Ihr Gl\u00fcck in diesem spannenden Spiel, in dem jeder Moment zu gro\u00dfen Gewinnen f\u00fchren kann. Melden Sie sich jetzt an und platzieren Sie noch heute Ihre Wette!\" \/>\n<meta property=\"og:url\" content=\"https:\/\/megapari.games\/de\/aviator\/\" \/>\n<meta property=\"og:site_name\" content=\"Megapari Games DE\" \/>\n<meta property=\"article:modified_time\" content=\"2026-02-01T14:19:29+00:00\" \/>\n<meta name=\"twitter:card\" content=\"summary_large_image\" \/>\n<script type=\"application\/ld+json\" class=\"yoast-schema-graph\">{\"@context\":\"https:\\\/\\\/schema.org\",\"@graph\":[{\"@type\":\"WebPage\",\"@id\":\"https:\\\/\\\/megapari.games\\\/de\\\/aviator\\\/\",\"url\":\"https:\\\/\\\/megapari.games\\\/de\\\/aviator\\\/\",\"name\":\"Megapari Aviator \u1409 Nutzen Sie Ihre Chance und gewinnen Sie!\",\"isPartOf\":{\"@id\":\"https:\\\/\\\/megapari.games\\\/de\\\/#website\"},\"datePublished\":\"2025-08-07T10:41:41+00:00\",\"dateModified\":\"2026-02-01T14:19:29+00:00\",\"description\":\"Entdecken Sie die Welt von Megapari Aviator! Versuchen Sie Ihr Gl\u00fcck in diesem spannenden Spiel, in dem jeder Moment zu gro\u00dfen Gewinnen f\u00fchren kann. Melden Sie sich jetzt an und platzieren Sie noch heute Ihre Wette!\",\"breadcrumb\":{\"@id\":\"https:\\\/\\\/megapari.games\\\/de\\\/aviator\\\/#breadcrumb\"},\"inLanguage\":\"de\",\"potentialAction\":[{\"@type\":\"ReadAction\",\"target\":[\"https:\\\/\\\/megapari.games\\\/de\\\/aviator\\\/\"]}]},{\"@type\":\"BreadcrumbList\",\"@id\":\"https:\\\/\\\/megapari.games\\\/de\\\/aviator\\\/#breadcrumb\",\"itemListElement\":[{\"@type\":\"ListItem\",\"position\":1,\"name\":\"\u0413\u043b\u0430\u0432\u043d\u0430\u044f \u0441\u0442\u0440\u0430\u043d\u0438\u0446\u0430\",\"item\":\"https:\\\/\\\/megapari.games\\\/de\\\/\"},{\"@type\":\"ListItem\",\"position\":2,\"name\":\"Aviator\"}]},{\"@type\":\"WebSite\",\"@id\":\"https:\\\/\\\/megapari.games\\\/de\\\/#website\",\"url\":\"https:\\\/\\\/megapari.games\\\/de\\\/\",\"name\":\"Megapari Games DE\",\"description\":\"My WordPress Blog\",\"potentialAction\":[{\"@type\":\"SearchAction\",\"target\":{\"@type\":\"EntryPoint\",\"urlTemplate\":\"https:\\\/\\\/megapari.games\\\/de\\\/?s={search_term_string}\"},\"query-input\":{\"@type\":\"PropertyValueSpecification\",\"valueRequired\":true,\"valueName\":\"search_term_string\"}}],\"inLanguage\":\"de\"}]}<\/script>\n<!-- \/ Yoast SEO plugin. -->","yoast_head_json":{"title":"Megapari Aviator \u1409 Nutzen Sie Ihre Chance und gewinnen Sie!","description":"Entdecken Sie die Welt von Megapari Aviator! Versuchen Sie Ihr Gl\u00fcck in diesem spannenden Spiel, in dem jeder Moment zu gro\u00dfen Gewinnen f\u00fchren kann. Melden Sie sich jetzt an und platzieren Sie noch heute Ihre Wette!","robots":{"index":"index","follow":"follow","max-snippet":"max-snippet:-1","max-image-preview":"max-image-preview:large","max-video-preview":"max-video-preview:-1"},"canonical":"https:\/\/megapari.games\/de\/aviator\/","og_locale":"de_DE","og_type":"article","og_title":"Megapari Aviator \u1409 Nutzen Sie Ihre Chance und gewinnen Sie!","og_description":"Entdecken Sie die Welt von Megapari Aviator! Versuchen Sie Ihr Gl\u00fcck in diesem spannenden Spiel, in dem jeder Moment zu gro\u00dfen Gewinnen f\u00fchren kann. Melden Sie sich jetzt an und platzieren Sie noch heute Ihre Wette!","og_url":"https:\/\/megapari.games\/de\/aviator\/","og_site_name":"Megapari Games DE","article_modified_time":"2026-02-01T14:19:29+00:00","twitter_card":"summary_large_image","schema":{"@context":"https:\/\/schema.org","@graph":[{"@type":"WebPage","@id":"https:\/\/megapari.games\/de\/aviator\/","url":"https:\/\/megapari.games\/de\/aviator\/","name":"Megapari Aviator \u1409 Nutzen Sie Ihre Chance und gewinnen Sie!","isPartOf":{"@id":"https:\/\/megapari.games\/de\/#website"},"datePublished":"2025-08-07T10:41:41+00:00","dateModified":"2026-02-01T14:19:29+00:00","description":"Entdecken Sie die Welt von Megapari Aviator! Versuchen Sie Ihr Gl\u00fcck in diesem spannenden Spiel, in dem jeder Moment zu gro\u00dfen Gewinnen f\u00fchren kann. Melden Sie sich jetzt an und platzieren Sie noch heute Ihre Wette!","breadcrumb":{"@id":"https:\/\/megapari.games\/de\/aviator\/#breadcrumb"},"inLanguage":"de","potentialAction":[{"@type":"ReadAction","target":["https:\/\/megapari.games\/de\/aviator\/"]}]},{"@type":"BreadcrumbList","@id":"https:\/\/megapari.games\/de\/aviator\/#breadcrumb","itemListElement":[{"@type":"ListItem","position":1,"name":"\u0413\u043b\u0430\u0432\u043d\u0430\u044f \u0441\u0442\u0440\u0430\u043d\u0438\u0446\u0430","item":"https:\/\/megapari.games\/de\/"},{"@type":"ListItem","position":2,"name":"Aviator"}]},{"@type":"WebSite","@id":"https:\/\/megapari.games\/de\/#website","url":"https:\/\/megapari.games\/de\/","name":"Megapari Games DE","description":"My WordPress Blog","potentialAction":[{"@type":"SearchAction","target":{"@type":"EntryPoint","urlTemplate":"https:\/\/megapari.games\/de\/?s={search_term_string}"},"query-input":{"@type":"PropertyValueSpecification","valueRequired":true,"valueName":"search_term_string"}}],"inLanguage":"de"}]}},"_links":{"self":[{"href":"https:\/\/megapari.games\/de\/wp-json\/wp\/v2\/pages\/997","targetHints":{"allow":["GET"]}}],"collection":[{"href":"https:\/\/megapari.games\/de\/wp-json\/wp\/v2\/pages"}],"about":[{"href":"https:\/\/megapari.games\/de\/wp-json\/wp\/v2\/types\/page"}],"author":[{"embeddable":true,"href":"https:\/\/megapari.games\/de\/wp-json\/wp\/v2\/users\/1"}],"replies":[{"embeddable":true,"href":"https:\/\/megapari.games\/de\/wp-json\/wp\/v2\/comments?post=997"}],"version-history":[{"count":8,"href":"https:\/\/megapari.games\/de\/wp-json\/wp\/v2\/pages\/997\/revisions"}],"predecessor-version":[{"id":1250,"href":"https:\/\/megapari.games\/de\/wp-json\/wp\/v2\/pages\/997\/revisions\/1250"}],"wp:attachment":[{"href":"https:\/\/megapari.games\/de\/wp-json\/wp\/v2\/media?parent=997"}],"curies":[{"name":"wp","href":"https:\/\/api.w.org\/{rel}","templated":true}]}}