{"id":1090,"date":"2025-11-21T12:23:50","date_gmt":"2025-11-21T12:23:50","guid":{"rendered":"https:\/\/megapari.games\/?page_id=1090"},"modified":"2026-02-20T04:01:35","modified_gmt":"2026-02-20T04:01:35","slug":"sport","status":"publish","type":"page","link":"https:\/\/megapari.games\/es\/sport\/","title":{"rendered":"Deporte"},"content":{"rendered":"","protected":false},"excerpt":{"rendered":"","protected":false},"author":1,"featured_media":0,"parent":0,"menu_order":0,"comment_status":"closed","ping_status":"closed","template":"","meta":{"inline_featured_image":false,"footnotes":""},"class_list":["post-1090","page","type-page","status-publish","hentry"],"yoast_head":"<!-- This site is optimized with the Yoast SEO plugin v27.3 - https:\/\/yoast.com\/product\/yoast-seo-wordpress\/ -->\n<title>Megapari Deporte \u1409 Resumen de deportes, cuotas y an\u00e1lisis<\/title>\n<meta name=\"description\" content=\"Megapari Espa\u00f1a es una plataforma con amplias l\u00edneas de apuestas, cuotas detalladas, pr\u00e1cticas herramientas de an\u00e1lisis y un sistema de bonificaciones disponible para los usuarios registrados.\" \/>\n<meta name=\"robots\" content=\"index, follow, max-snippet:-1, max-image-preview:large, max-video-preview:-1\" \/>\n<link rel=\"canonical\" href=\"https:\/\/megapari.games\/es\/sport\/\" \/>\n<meta property=\"og:locale\" content=\"es_ES\" \/>\n<meta property=\"og:type\" content=\"article\" \/>\n<meta property=\"og:title\" content=\"Megapari Deporte \u1409 Resumen de deportes, cuotas y an\u00e1lisis\" \/>\n<meta property=\"og:description\" content=\"Megapari Espa\u00f1a es una plataforma con amplias l\u00edneas de apuestas, cuotas detalladas, pr\u00e1cticas herramientas de an\u00e1lisis y un sistema de bonificaciones disponible para los usuarios registrados.\" \/>\n<meta property=\"og:url\" content=\"https:\/\/megapari.games\/es\/sport\/\" \/>\n<meta property=\"og:site_name\" content=\"Megapari Games es\" \/>\n<meta property=\"article:modified_time\" content=\"2026-02-20T04:01:35+00:00\" \/>\n<meta name=\"twitter:card\" content=\"summary_large_image\" \/>\n<script type=\"application\/ld+json\" class=\"yoast-schema-graph\">{\"@context\":\"https:\\\/\\\/schema.org\",\"@graph\":[{\"@type\":\"WebPage\",\"@id\":\"https:\\\/\\\/megapari.games\\\/es\\\/sport\\\/\",\"url\":\"https:\\\/\\\/megapari.games\\\/es\\\/sport\\\/\",\"name\":\"Megapari Deporte \u1409 Resumen de deportes, cuotas y an\u00e1lisis\",\"isPartOf\":{\"@id\":\"https:\\\/\\\/megapari.games\\\/es\\\/#website\"},\"datePublished\":\"2025-11-21T12:23:50+00:00\",\"dateModified\":\"2026-02-20T04:01:35+00:00\",\"description\":\"Megapari Espa\u00f1a es una plataforma con amplias l\u00edneas de apuestas, cuotas detalladas, pr\u00e1cticas herramientas de an\u00e1lisis y un sistema de bonificaciones disponible para los usuarios registrados.\",\"breadcrumb\":{\"@id\":\"https:\\\/\\\/megapari.games\\\/es\\\/sport\\\/#breadcrumb\"},\"inLanguage\":\"es\",\"potentialAction\":[{\"@type\":\"ReadAction\",\"target\":[\"https:\\\/\\\/megapari.games\\\/es\\\/sport\\\/\"]}]},{\"@type\":\"BreadcrumbList\",\"@id\":\"https:\\\/\\\/megapari.games\\\/es\\\/sport\\\/#breadcrumb\",\"itemListElement\":[{\"@type\":\"ListItem\",\"position\":1,\"name\":\"\u0413\u043b\u0430\u0432\u043d\u0430\u044f \u0441\u0442\u0440\u0430\u043d\u0438\u0446\u0430\",\"item\":\"https:\\\/\\\/megapari.games\\\/es\\\/\"},{\"@type\":\"ListItem\",\"position\":2,\"name\":\"Deporte\"}]},{\"@type\":\"WebSite\",\"@id\":\"https:\\\/\\\/megapari.games\\\/es\\\/#website\",\"url\":\"https:\\\/\\\/megapari.games\\\/es\\\/\",\"name\":\"Megapari Games es\",\"description\":\"My WordPress Blog\",\"potentialAction\":[{\"@type\":\"SearchAction\",\"target\":{\"@type\":\"EntryPoint\",\"urlTemplate\":\"https:\\\/\\\/megapari.games\\\/es\\\/?s={search_term_string}\"},\"query-input\":{\"@type\":\"PropertyValueSpecification\",\"valueRequired\":true,\"valueName\":\"search_term_string\"}}],\"inLanguage\":\"es\"}]}<\/script>\n<!-- \/ Yoast SEO plugin. -->","yoast_head_json":{"title":"Megapari Deporte \u1409 Resumen de deportes, cuotas y an\u00e1lisis","description":"Megapari Espa\u00f1a es una plataforma con amplias l\u00edneas de apuestas, cuotas detalladas, pr\u00e1cticas herramientas de an\u00e1lisis y un sistema de bonificaciones disponible para los usuarios registrados.","robots":{"index":"index","follow":"follow","max-snippet":"max-snippet:-1","max-image-preview":"max-image-preview:large","max-video-preview":"max-video-preview:-1"},"canonical":"https:\/\/megapari.games\/es\/sport\/","og_locale":"es_ES","og_type":"article","og_title":"Megapari Deporte \u1409 Resumen de deportes, cuotas y an\u00e1lisis","og_description":"Megapari Espa\u00f1a es una plataforma con amplias l\u00edneas de apuestas, cuotas detalladas, pr\u00e1cticas herramientas de an\u00e1lisis y un sistema de bonificaciones disponible para los usuarios registrados.","og_url":"https:\/\/megapari.games\/es\/sport\/","og_site_name":"Megapari Games es","article_modified_time":"2026-02-20T04:01:35+00:00","twitter_card":"summary_large_image","schema":{"@context":"https:\/\/schema.org","@graph":[{"@type":"WebPage","@id":"https:\/\/megapari.games\/es\/sport\/","url":"https:\/\/megapari.games\/es\/sport\/","name":"Megapari Deporte \u1409 Resumen de deportes, cuotas y an\u00e1lisis","isPartOf":{"@id":"https:\/\/megapari.games\/es\/#website"},"datePublished":"2025-11-21T12:23:50+00:00","dateModified":"2026-02-20T04:01:35+00:00","description":"Megapari Espa\u00f1a es una plataforma con amplias l\u00edneas de apuestas, cuotas detalladas, pr\u00e1cticas herramientas de an\u00e1lisis y un sistema de bonificaciones disponible para los usuarios registrados.","breadcrumb":{"@id":"https:\/\/megapari.games\/es\/sport\/#breadcrumb"},"inLanguage":"es","potentialAction":[{"@type":"ReadAction","target":["https:\/\/megapari.games\/es\/sport\/"]}]},{"@type":"BreadcrumbList","@id":"https:\/\/megapari.games\/es\/sport\/#breadcrumb","itemListElement":[{"@type":"ListItem","position":1,"name":"\u0413\u043b\u0430\u0432\u043d\u0430\u044f \u0441\u0442\u0440\u0430\u043d\u0438\u0446\u0430","item":"https:\/\/megapari.games\/es\/"},{"@type":"ListItem","position":2,"name":"Deporte"}]},{"@type":"WebSite","@id":"https:\/\/megapari.games\/es\/#website","url":"https:\/\/megapari.games\/es\/","name":"Megapari Games es","description":"My WordPress Blog","potentialAction":[{"@type":"SearchAction","target":{"@type":"EntryPoint","urlTemplate":"https:\/\/megapari.games\/es\/?s={search_term_string}"},"query-input":{"@type":"PropertyValueSpecification","valueRequired":true,"valueName":"search_term_string"}}],"inLanguage":"es"}]}},"_links":{"self":[{"href":"https:\/\/megapari.games\/es\/wp-json\/wp\/v2\/pages\/1090","targetHints":{"allow":["GET"]}}],"collection":[{"href":"https:\/\/megapari.games\/es\/wp-json\/wp\/v2\/pages"}],"about":[{"href":"https:\/\/megapari.games\/es\/wp-json\/wp\/v2\/types\/page"}],"author":[{"embeddable":true,"href":"https:\/\/megapari.games\/es\/wp-json\/wp\/v2\/users\/1"}],"replies":[{"embeddable":true,"href":"https:\/\/megapari.games\/es\/wp-json\/wp\/v2\/comments?post=1090"}],"version-history":[{"count":4,"href":"https:\/\/megapari.games\/es\/wp-json\/wp\/v2\/pages\/1090\/revisions"}],"predecessor-version":[{"id":1411,"href":"https:\/\/megapari.games\/es\/wp-json\/wp\/v2\/pages\/1090\/revisions\/1411"}],"wp:attachment":[{"href":"https:\/\/megapari.games\/es\/wp-json\/wp\/v2\/media?parent=1090"}],"curies":[{"name":"wp","href":"https:\/\/api.w.org\/{rel}","templated":true}]}}