{"id":1279,"date":"2026-02-09T10:44:53","date_gmt":"2026-02-09T10:44:53","guid":{"rendered":"https:\/\/megapari.games\/?page_id=1279"},"modified":"2026-02-20T05:59:23","modified_gmt":"2026-02-20T05:59:23","slug":"chicken-road","status":"publish","type":"page","link":"https:\/\/megapari.games\/es\/chicken-road\/","title":{"rendered":"Chicken Road"},"content":{"rendered":"","protected":false},"excerpt":{"rendered":"","protected":false},"author":1,"featured_media":0,"parent":0,"menu_order":0,"comment_status":"closed","ping_status":"closed","template":"","meta":{"inline_featured_image":false,"footnotes":""},"class_list":["post-1279","page","type-page","status-publish","hentry"],"yoast_head":"<!-- This site is optimized with the Yoast SEO plugin v27.3 - https:\/\/yoast.com\/product\/yoast-seo-wordpress\/ -->\n<title>Chicken Road Megapari \u2014 arcade con multiplicadores x10+, demo<\/title>\n<meta name=\"description\" content=\"Chicken Road en Megapari Espa\u00f1a \u2714\ufe0f Gu\u00eda al pollo a trav\u00e9s de las minas, aumenta el multiplicador hasta x10+ en rondas r\u00e1pidas. Juega por apuestas en modo demo, aprende la mec\u00e1nica y las estrategias ganadoras.\" \/>\n<meta name=\"robots\" content=\"index, follow, max-snippet:-1, max-image-preview:large, max-video-preview:-1\" \/>\n<link rel=\"canonical\" href=\"https:\/\/megapari.games\/es\/chicken-road\/\" \/>\n<meta property=\"og:locale\" content=\"es_ES\" \/>\n<meta property=\"og:type\" content=\"article\" \/>\n<meta property=\"og:title\" content=\"Chicken Road Megapari \u2014 arcade con multiplicadores x10+, demo\" \/>\n<meta property=\"og:description\" content=\"Chicken Road en Megapari Espa\u00f1a \u2714\ufe0f Gu\u00eda al pollo a trav\u00e9s de las minas, aumenta el multiplicador hasta x10+ en rondas r\u00e1pidas. Juega por apuestas en modo demo, aprende la mec\u00e1nica y las estrategias ganadoras.\" \/>\n<meta property=\"og:url\" content=\"https:\/\/megapari.games\/es\/chicken-road\/\" \/>\n<meta property=\"og:site_name\" content=\"Megapari Games es\" \/>\n<meta property=\"article:modified_time\" content=\"2026-02-20T05:59:23+00:00\" \/>\n<meta name=\"twitter:card\" content=\"summary_large_image\" \/>\n<script type=\"application\/ld+json\" class=\"yoast-schema-graph\">{\"@context\":\"https:\\\/\\\/schema.org\",\"@graph\":[{\"@type\":\"WebPage\",\"@id\":\"https:\\\/\\\/megapari.games\\\/es\\\/chicken-road\\\/\",\"url\":\"https:\\\/\\\/megapari.games\\\/es\\\/chicken-road\\\/\",\"name\":\"Chicken Road Megapari \u2014 arcade con multiplicadores x10+, demo\",\"isPartOf\":{\"@id\":\"https:\\\/\\\/megapari.games\\\/es\\\/#website\"},\"datePublished\":\"2026-02-09T10:44:53+00:00\",\"dateModified\":\"2026-02-20T05:59:23+00:00\",\"description\":\"Chicken Road en Megapari Espa\u00f1a \u2714\ufe0f Gu\u00eda al pollo a trav\u00e9s de las minas, aumenta el multiplicador hasta x10+ en rondas r\u00e1pidas. Juega por apuestas en modo demo, aprende la mec\u00e1nica y las estrategias ganadoras.\",\"breadcrumb\":{\"@id\":\"https:\\\/\\\/megapari.games\\\/es\\\/chicken-road\\\/#breadcrumb\"},\"inLanguage\":\"es\",\"potentialAction\":[{\"@type\":\"ReadAction\",\"target\":[\"https:\\\/\\\/megapari.games\\\/es\\\/chicken-road\\\/\"]}]},{\"@type\":\"BreadcrumbList\",\"@id\":\"https:\\\/\\\/megapari.games\\\/es\\\/chicken-road\\\/#breadcrumb\",\"itemListElement\":[{\"@type\":\"ListItem\",\"position\":1,\"name\":\"\u0413\u043b\u0430\u0432\u043d\u0430\u044f \u0441\u0442\u0440\u0430\u043d\u0438\u0446\u0430\",\"item\":\"https:\\\/\\\/megapari.games\\\/es\\\/\"},{\"@type\":\"ListItem\",\"position\":2,\"name\":\"Chicken Road\"}]},{\"@type\":\"WebSite\",\"@id\":\"https:\\\/\\\/megapari.games\\\/es\\\/#website\",\"url\":\"https:\\\/\\\/megapari.games\\\/es\\\/\",\"name\":\"Megapari Games es\",\"description\":\"My WordPress Blog\",\"potentialAction\":[{\"@type\":\"SearchAction\",\"target\":{\"@type\":\"EntryPoint\",\"urlTemplate\":\"https:\\\/\\\/megapari.games\\\/es\\\/?s={search_term_string}\"},\"query-input\":{\"@type\":\"PropertyValueSpecification\",\"valueRequired\":true,\"valueName\":\"search_term_string\"}}],\"inLanguage\":\"es\"}]}<\/script>\n<!-- \/ Yoast SEO plugin. -->","yoast_head_json":{"title":"Chicken Road Megapari \u2014 arcade con multiplicadores x10+, demo","description":"Chicken Road en Megapari Espa\u00f1a \u2714\ufe0f Gu\u00eda al pollo a trav\u00e9s de las minas, aumenta el multiplicador hasta x10+ en rondas r\u00e1pidas. Juega por apuestas en modo demo, aprende la mec\u00e1nica y las estrategias ganadoras.","robots":{"index":"index","follow":"follow","max-snippet":"max-snippet:-1","max-image-preview":"max-image-preview:large","max-video-preview":"max-video-preview:-1"},"canonical":"https:\/\/megapari.games\/es\/chicken-road\/","og_locale":"es_ES","og_type":"article","og_title":"Chicken Road Megapari \u2014 arcade con multiplicadores x10+, demo","og_description":"Chicken Road en Megapari Espa\u00f1a \u2714\ufe0f Gu\u00eda al pollo a trav\u00e9s de las minas, aumenta el multiplicador hasta x10+ en rondas r\u00e1pidas. Juega por apuestas en modo demo, aprende la mec\u00e1nica y las estrategias ganadoras.","og_url":"https:\/\/megapari.games\/es\/chicken-road\/","og_site_name":"Megapari Games es","article_modified_time":"2026-02-20T05:59:23+00:00","twitter_card":"summary_large_image","schema":{"@context":"https:\/\/schema.org","@graph":[{"@type":"WebPage","@id":"https:\/\/megapari.games\/es\/chicken-road\/","url":"https:\/\/megapari.games\/es\/chicken-road\/","name":"Chicken Road Megapari \u2014 arcade con multiplicadores x10+, demo","isPartOf":{"@id":"https:\/\/megapari.games\/es\/#website"},"datePublished":"2026-02-09T10:44:53+00:00","dateModified":"2026-02-20T05:59:23+00:00","description":"Chicken Road en Megapari Espa\u00f1a \u2714\ufe0f Gu\u00eda al pollo a trav\u00e9s de las minas, aumenta el multiplicador hasta x10+ en rondas r\u00e1pidas. Juega por apuestas en modo demo, aprende la mec\u00e1nica y las estrategias ganadoras.","breadcrumb":{"@id":"https:\/\/megapari.games\/es\/chicken-road\/#breadcrumb"},"inLanguage":"es","potentialAction":[{"@type":"ReadAction","target":["https:\/\/megapari.games\/es\/chicken-road\/"]}]},{"@type":"BreadcrumbList","@id":"https:\/\/megapari.games\/es\/chicken-road\/#breadcrumb","itemListElement":[{"@type":"ListItem","position":1,"name":"\u0413\u043b\u0430\u0432\u043d\u0430\u044f \u0441\u0442\u0440\u0430\u043d\u0438\u0446\u0430","item":"https:\/\/megapari.games\/es\/"},{"@type":"ListItem","position":2,"name":"Chicken Road"}]},{"@type":"WebSite","@id":"https:\/\/megapari.games\/es\/#website","url":"https:\/\/megapari.games\/es\/","name":"Megapari Games es","description":"My WordPress Blog","potentialAction":[{"@type":"SearchAction","target":{"@type":"EntryPoint","urlTemplate":"https:\/\/megapari.games\/es\/?s={search_term_string}"},"query-input":{"@type":"PropertyValueSpecification","valueRequired":true,"valueName":"search_term_string"}}],"inLanguage":"es"}]}},"_links":{"self":[{"href":"https:\/\/megapari.games\/es\/wp-json\/wp\/v2\/pages\/1279","targetHints":{"allow":["GET"]}}],"collection":[{"href":"https:\/\/megapari.games\/es\/wp-json\/wp\/v2\/pages"}],"about":[{"href":"https:\/\/megapari.games\/es\/wp-json\/wp\/v2\/types\/page"}],"author":[{"embeddable":true,"href":"https:\/\/megapari.games\/es\/wp-json\/wp\/v2\/users\/1"}],"replies":[{"embeddable":true,"href":"https:\/\/megapari.games\/es\/wp-json\/wp\/v2\/comments?post=1279"}],"version-history":[{"count":1,"href":"https:\/\/megapari.games\/es\/wp-json\/wp\/v2\/pages\/1279\/revisions"}],"predecessor-version":[{"id":1426,"href":"https:\/\/megapari.games\/es\/wp-json\/wp\/v2\/pages\/1279\/revisions\/1426"}],"wp:attachment":[{"href":"https:\/\/megapari.games\/es\/wp-json\/wp\/v2\/media?parent=1279"}],"curies":[{"name":"wp","href":"https:\/\/api.w.org\/{rel}","templated":true}]}}