{"id":1305,"date":"2026-02-09T13:54:29","date_gmt":"2026-02-09T13:54:29","guid":{"rendered":"https:\/\/megapari.games\/?page_id=1305"},"modified":"2026-02-20T06:22:24","modified_gmt":"2026-02-20T06:22:24","slug":"sweet-bonanza","status":"publish","type":"page","link":"https:\/\/megapari.games\/es\/sweet-bonanza\/","title":{"rendered":"Sweet Bonanza"},"content":{"rendered":"","protected":false},"excerpt":{"rendered":"","protected":false},"author":1,"featured_media":0,"parent":0,"menu_order":0,"comment_status":"closed","ping_status":"closed","template":"","meta":{"inline_featured_image":false,"footnotes":""},"class_list":["post-1305","page","type-page","status-publish","hentry"],"yoast_head":"<!-- This site is optimized with the Yoast SEO plugin v27.3 - https:\/\/yoast.com\/product\/yoast-seo-wordpress\/ -->\n<title>Sweet Bonanza Megapari \u2714\ufe0f giros gratis y multiplicadores x100+<\/title>\n<meta name=\"description\" content=\"\u00bfBuscas una tragaperras din\u00e1mica con gr\u00e1ficos espectaculares y reglas sencillas? Prueba Sweet Bonanza en Megapari Espa\u00f1a \u2714\ufe0f \u00a1Ganancias en cascada, multiplicadores de hasta x100+ y acceso instant\u00e1neo en modo demo o para apuestas reales!\" \/>\n<meta name=\"robots\" content=\"index, follow, max-snippet:-1, max-image-preview:large, max-video-preview:-1\" \/>\n<link rel=\"canonical\" href=\"https:\/\/megapari.games\/es\/sweet-bonanza\/\" \/>\n<meta property=\"og:locale\" content=\"es_ES\" \/>\n<meta property=\"og:type\" content=\"article\" \/>\n<meta property=\"og:title\" content=\"Sweet Bonanza Megapari \u2714\ufe0f giros gratis y multiplicadores x100+\" \/>\n<meta property=\"og:description\" content=\"\u00bfBuscas una tragaperras din\u00e1mica con gr\u00e1ficos espectaculares y reglas sencillas? Prueba Sweet Bonanza en Megapari Espa\u00f1a \u2714\ufe0f \u00a1Ganancias en cascada, multiplicadores de hasta x100+ y acceso instant\u00e1neo en modo demo o para apuestas reales!\" \/>\n<meta property=\"og:url\" content=\"https:\/\/megapari.games\/es\/sweet-bonanza\/\" \/>\n<meta property=\"og:site_name\" content=\"Megapari Games es\" \/>\n<meta property=\"article:modified_time\" content=\"2026-02-20T06:22:24+00:00\" \/>\n<meta name=\"twitter:card\" content=\"summary_large_image\" \/>\n<script type=\"application\/ld+json\" class=\"yoast-schema-graph\">{\"@context\":\"https:\\\/\\\/schema.org\",\"@graph\":[{\"@type\":\"WebPage\",\"@id\":\"https:\\\/\\\/megapari.games\\\/es\\\/sweet-bonanza\\\/\",\"url\":\"https:\\\/\\\/megapari.games\\\/es\\\/sweet-bonanza\\\/\",\"name\":\"Sweet Bonanza Megapari \u2714\ufe0f giros gratis y multiplicadores x100+\",\"isPartOf\":{\"@id\":\"https:\\\/\\\/megapari.games\\\/es\\\/#website\"},\"datePublished\":\"2026-02-09T13:54:29+00:00\",\"dateModified\":\"2026-02-20T06:22:24+00:00\",\"description\":\"\u00bfBuscas una tragaperras din\u00e1mica con gr\u00e1ficos espectaculares y reglas sencillas? Prueba Sweet Bonanza en Megapari Espa\u00f1a \u2714\ufe0f \u00a1Ganancias en cascada, multiplicadores de hasta x100+ y acceso instant\u00e1neo en modo demo o para apuestas reales!\",\"breadcrumb\":{\"@id\":\"https:\\\/\\\/megapari.games\\\/es\\\/sweet-bonanza\\\/#breadcrumb\"},\"inLanguage\":\"es\",\"potentialAction\":[{\"@type\":\"ReadAction\",\"target\":[\"https:\\\/\\\/megapari.games\\\/es\\\/sweet-bonanza\\\/\"]}]},{\"@type\":\"BreadcrumbList\",\"@id\":\"https:\\\/\\\/megapari.games\\\/es\\\/sweet-bonanza\\\/#breadcrumb\",\"itemListElement\":[{\"@type\":\"ListItem\",\"position\":1,\"name\":\"\u0413\u043b\u0430\u0432\u043d\u0430\u044f \u0441\u0442\u0440\u0430\u043d\u0438\u0446\u0430\",\"item\":\"https:\\\/\\\/megapari.games\\\/es\\\/\"},{\"@type\":\"ListItem\",\"position\":2,\"name\":\"Sweet Bonanza\"}]},{\"@type\":\"WebSite\",\"@id\":\"https:\\\/\\\/megapari.games\\\/es\\\/#website\",\"url\":\"https:\\\/\\\/megapari.games\\\/es\\\/\",\"name\":\"Megapari Games es\",\"description\":\"My WordPress Blog\",\"potentialAction\":[{\"@type\":\"SearchAction\",\"target\":{\"@type\":\"EntryPoint\",\"urlTemplate\":\"https:\\\/\\\/megapari.games\\\/es\\\/?s={search_term_string}\"},\"query-input\":{\"@type\":\"PropertyValueSpecification\",\"valueRequired\":true,\"valueName\":\"search_term_string\"}}],\"inLanguage\":\"es\"}]}<\/script>\n<!-- \/ Yoast SEO plugin. -->","yoast_head_json":{"title":"Sweet Bonanza Megapari \u2714\ufe0f giros gratis y multiplicadores x100+","description":"\u00bfBuscas una tragaperras din\u00e1mica con gr\u00e1ficos espectaculares y reglas sencillas? Prueba Sweet Bonanza en Megapari Espa\u00f1a \u2714\ufe0f \u00a1Ganancias en cascada, multiplicadores de hasta x100+ y acceso instant\u00e1neo en modo demo o para apuestas reales!","robots":{"index":"index","follow":"follow","max-snippet":"max-snippet:-1","max-image-preview":"max-image-preview:large","max-video-preview":"max-video-preview:-1"},"canonical":"https:\/\/megapari.games\/es\/sweet-bonanza\/","og_locale":"es_ES","og_type":"article","og_title":"Sweet Bonanza Megapari \u2714\ufe0f giros gratis y multiplicadores x100+","og_description":"\u00bfBuscas una tragaperras din\u00e1mica con gr\u00e1ficos espectaculares y reglas sencillas? Prueba Sweet Bonanza en Megapari Espa\u00f1a \u2714\ufe0f \u00a1Ganancias en cascada, multiplicadores de hasta x100+ y acceso instant\u00e1neo en modo demo o para apuestas reales!","og_url":"https:\/\/megapari.games\/es\/sweet-bonanza\/","og_site_name":"Megapari Games es","article_modified_time":"2026-02-20T06:22:24+00:00","twitter_card":"summary_large_image","schema":{"@context":"https:\/\/schema.org","@graph":[{"@type":"WebPage","@id":"https:\/\/megapari.games\/es\/sweet-bonanza\/","url":"https:\/\/megapari.games\/es\/sweet-bonanza\/","name":"Sweet Bonanza Megapari \u2714\ufe0f giros gratis y multiplicadores x100+","isPartOf":{"@id":"https:\/\/megapari.games\/es\/#website"},"datePublished":"2026-02-09T13:54:29+00:00","dateModified":"2026-02-20T06:22:24+00:00","description":"\u00bfBuscas una tragaperras din\u00e1mica con gr\u00e1ficos espectaculares y reglas sencillas? Prueba Sweet Bonanza en Megapari Espa\u00f1a \u2714\ufe0f \u00a1Ganancias en cascada, multiplicadores de hasta x100+ y acceso instant\u00e1neo en modo demo o para apuestas reales!","breadcrumb":{"@id":"https:\/\/megapari.games\/es\/sweet-bonanza\/#breadcrumb"},"inLanguage":"es","potentialAction":[{"@type":"ReadAction","target":["https:\/\/megapari.games\/es\/sweet-bonanza\/"]}]},{"@type":"BreadcrumbList","@id":"https:\/\/megapari.games\/es\/sweet-bonanza\/#breadcrumb","itemListElement":[{"@type":"ListItem","position":1,"name":"\u0413\u043b\u0430\u0432\u043d\u0430\u044f \u0441\u0442\u0440\u0430\u043d\u0438\u0446\u0430","item":"https:\/\/megapari.games\/es\/"},{"@type":"ListItem","position":2,"name":"Sweet Bonanza"}]},{"@type":"WebSite","@id":"https:\/\/megapari.games\/es\/#website","url":"https:\/\/megapari.games\/es\/","name":"Megapari Games es","description":"My WordPress Blog","potentialAction":[{"@type":"SearchAction","target":{"@type":"EntryPoint","urlTemplate":"https:\/\/megapari.games\/es\/?s={search_term_string}"},"query-input":{"@type":"PropertyValueSpecification","valueRequired":true,"valueName":"search_term_string"}}],"inLanguage":"es"}]}},"_links":{"self":[{"href":"https:\/\/megapari.games\/es\/wp-json\/wp\/v2\/pages\/1305","targetHints":{"allow":["GET"]}}],"collection":[{"href":"https:\/\/megapari.games\/es\/wp-json\/wp\/v2\/pages"}],"about":[{"href":"https:\/\/megapari.games\/es\/wp-json\/wp\/v2\/types\/page"}],"author":[{"embeddable":true,"href":"https:\/\/megapari.games\/es\/wp-json\/wp\/v2\/users\/1"}],"replies":[{"embeddable":true,"href":"https:\/\/megapari.games\/es\/wp-json\/wp\/v2\/comments?post=1305"}],"version-history":[{"count":1,"href":"https:\/\/megapari.games\/es\/wp-json\/wp\/v2\/pages\/1305\/revisions"}],"predecessor-version":[{"id":1428,"href":"https:\/\/megapari.games\/es\/wp-json\/wp\/v2\/pages\/1305\/revisions\/1428"}],"wp:attachment":[{"href":"https:\/\/megapari.games\/es\/wp-json\/wp\/v2\/media?parent=1305"}],"curies":[{"name":"wp","href":"https:\/\/api.w.org\/{rel}","templated":true}]}}