{"id":1320,"date":"2026-02-10T04:35:10","date_gmt":"2026-02-10T04:35:10","guid":{"rendered":"https:\/\/megapari.games\/?page_id=1320"},"modified":"2026-02-20T06:33:04","modified_gmt":"2026-02-20T06:33:04","slug":"book-of-dead","status":"publish","type":"page","link":"https:\/\/megapari.games\/es\/book-of-dead\/","title":{"rendered":"Book of Dead"},"content":{"rendered":"","protected":false},"excerpt":{"rendered":"","protected":false},"author":1,"featured_media":0,"parent":0,"menu_order":0,"comment_status":"closed","ping_status":"closed","template":"","meta":{"inline_featured_image":false,"footnotes":""},"class_list":["post-1320","page","type-page","status-publish","hentry"],"yoast_head":"<!-- This site is optimized with the Yoast SEO plugin v27.3 - https:\/\/yoast.com\/product\/yoast-seo-wordpress\/ -->\n<title>Book of Dead Megapari \u2014 La emblem\u00e1tica tragaperras \u00ablibro\u00bb<\/title>\n<meta name=\"description\" content=\"\u00a1Vive la atm\u00f3sfera de los misterios antiguos con Book of Dead! Su mec\u00e1nica sencilla, giros gratis y s\u00edmbolos expansivos hacen de esta tragaperras de Megapari Espa\u00f1a la elecci\u00f3n perfecta tanto para principiantes como para jugadores experimentados.\" \/>\n<meta name=\"robots\" content=\"index, follow, max-snippet:-1, max-image-preview:large, max-video-preview:-1\" \/>\n<link rel=\"canonical\" href=\"https:\/\/megapari.games\/es\/book-of-dead\/\" \/>\n<meta property=\"og:locale\" content=\"es_ES\" \/>\n<meta property=\"og:type\" content=\"article\" \/>\n<meta property=\"og:title\" content=\"Book of Dead Megapari \u2014 La emblem\u00e1tica tragaperras \u00ablibro\u00bb\" \/>\n<meta property=\"og:description\" content=\"\u00a1Vive la atm\u00f3sfera de los misterios antiguos con Book of Dead! Su mec\u00e1nica sencilla, giros gratis y s\u00edmbolos expansivos hacen de esta tragaperras de Megapari Espa\u00f1a la elecci\u00f3n perfecta tanto para principiantes como para jugadores experimentados.\" \/>\n<meta property=\"og:url\" content=\"https:\/\/megapari.games\/es\/book-of-dead\/\" \/>\n<meta property=\"og:site_name\" content=\"Megapari Games es\" \/>\n<meta property=\"article:modified_time\" content=\"2026-02-20T06:33:04+00:00\" \/>\n<meta name=\"twitter:card\" content=\"summary_large_image\" \/>\n<script type=\"application\/ld+json\" class=\"yoast-schema-graph\">{\"@context\":\"https:\\\/\\\/schema.org\",\"@graph\":[{\"@type\":\"WebPage\",\"@id\":\"https:\\\/\\\/megapari.games\\\/es\\\/book-of-dead\\\/\",\"url\":\"https:\\\/\\\/megapari.games\\\/es\\\/book-of-dead\\\/\",\"name\":\"Book of Dead Megapari \u2014 La emblem\u00e1tica tragaperras \u00ablibro\u00bb\",\"isPartOf\":{\"@id\":\"https:\\\/\\\/megapari.games\\\/es\\\/#website\"},\"datePublished\":\"2026-02-10T04:35:10+00:00\",\"dateModified\":\"2026-02-20T06:33:04+00:00\",\"description\":\"\u00a1Vive la atm\u00f3sfera de los misterios antiguos con Book of Dead! Su mec\u00e1nica sencilla, giros gratis y s\u00edmbolos expansivos hacen de esta tragaperras de Megapari Espa\u00f1a la elecci\u00f3n perfecta tanto para principiantes como para jugadores experimentados.\",\"breadcrumb\":{\"@id\":\"https:\\\/\\\/megapari.games\\\/es\\\/book-of-dead\\\/#breadcrumb\"},\"inLanguage\":\"es\",\"potentialAction\":[{\"@type\":\"ReadAction\",\"target\":[\"https:\\\/\\\/megapari.games\\\/es\\\/book-of-dead\\\/\"]}]},{\"@type\":\"BreadcrumbList\",\"@id\":\"https:\\\/\\\/megapari.games\\\/es\\\/book-of-dead\\\/#breadcrumb\",\"itemListElement\":[{\"@type\":\"ListItem\",\"position\":1,\"name\":\"\u0413\u043b\u0430\u0432\u043d\u0430\u044f \u0441\u0442\u0440\u0430\u043d\u0438\u0446\u0430\",\"item\":\"https:\\\/\\\/megapari.games\\\/es\\\/\"},{\"@type\":\"ListItem\",\"position\":2,\"name\":\"Book of Dead\"}]},{\"@type\":\"WebSite\",\"@id\":\"https:\\\/\\\/megapari.games\\\/es\\\/#website\",\"url\":\"https:\\\/\\\/megapari.games\\\/es\\\/\",\"name\":\"Megapari Games es\",\"description\":\"My WordPress Blog\",\"potentialAction\":[{\"@type\":\"SearchAction\",\"target\":{\"@type\":\"EntryPoint\",\"urlTemplate\":\"https:\\\/\\\/megapari.games\\\/es\\\/?s={search_term_string}\"},\"query-input\":{\"@type\":\"PropertyValueSpecification\",\"valueRequired\":true,\"valueName\":\"search_term_string\"}}],\"inLanguage\":\"es\"}]}<\/script>\n<!-- \/ Yoast SEO plugin. -->","yoast_head_json":{"title":"Book of Dead Megapari \u2014 La emblem\u00e1tica tragaperras \u00ablibro\u00bb","description":"\u00a1Vive la atm\u00f3sfera de los misterios antiguos con Book of Dead! Su mec\u00e1nica sencilla, giros gratis y s\u00edmbolos expansivos hacen de esta tragaperras de Megapari Espa\u00f1a la elecci\u00f3n perfecta tanto para principiantes como para jugadores experimentados.","robots":{"index":"index","follow":"follow","max-snippet":"max-snippet:-1","max-image-preview":"max-image-preview:large","max-video-preview":"max-video-preview:-1"},"canonical":"https:\/\/megapari.games\/es\/book-of-dead\/","og_locale":"es_ES","og_type":"article","og_title":"Book of Dead Megapari \u2014 La emblem\u00e1tica tragaperras \u00ablibro\u00bb","og_description":"\u00a1Vive la atm\u00f3sfera de los misterios antiguos con Book of Dead! Su mec\u00e1nica sencilla, giros gratis y s\u00edmbolos expansivos hacen de esta tragaperras de Megapari Espa\u00f1a la elecci\u00f3n perfecta tanto para principiantes como para jugadores experimentados.","og_url":"https:\/\/megapari.games\/es\/book-of-dead\/","og_site_name":"Megapari Games es","article_modified_time":"2026-02-20T06:33:04+00:00","twitter_card":"summary_large_image","schema":{"@context":"https:\/\/schema.org","@graph":[{"@type":"WebPage","@id":"https:\/\/megapari.games\/es\/book-of-dead\/","url":"https:\/\/megapari.games\/es\/book-of-dead\/","name":"Book of Dead Megapari \u2014 La emblem\u00e1tica tragaperras \u00ablibro\u00bb","isPartOf":{"@id":"https:\/\/megapari.games\/es\/#website"},"datePublished":"2026-02-10T04:35:10+00:00","dateModified":"2026-02-20T06:33:04+00:00","description":"\u00a1Vive la atm\u00f3sfera de los misterios antiguos con Book of Dead! Su mec\u00e1nica sencilla, giros gratis y s\u00edmbolos expansivos hacen de esta tragaperras de Megapari Espa\u00f1a la elecci\u00f3n perfecta tanto para principiantes como para jugadores experimentados.","breadcrumb":{"@id":"https:\/\/megapari.games\/es\/book-of-dead\/#breadcrumb"},"inLanguage":"es","potentialAction":[{"@type":"ReadAction","target":["https:\/\/megapari.games\/es\/book-of-dead\/"]}]},{"@type":"BreadcrumbList","@id":"https:\/\/megapari.games\/es\/book-of-dead\/#breadcrumb","itemListElement":[{"@type":"ListItem","position":1,"name":"\u0413\u043b\u0430\u0432\u043d\u0430\u044f \u0441\u0442\u0440\u0430\u043d\u0438\u0446\u0430","item":"https:\/\/megapari.games\/es\/"},{"@type":"ListItem","position":2,"name":"Book of Dead"}]},{"@type":"WebSite","@id":"https:\/\/megapari.games\/es\/#website","url":"https:\/\/megapari.games\/es\/","name":"Megapari Games es","description":"My WordPress Blog","potentialAction":[{"@type":"SearchAction","target":{"@type":"EntryPoint","urlTemplate":"https:\/\/megapari.games\/es\/?s={search_term_string}"},"query-input":{"@type":"PropertyValueSpecification","valueRequired":true,"valueName":"search_term_string"}}],"inLanguage":"es"}]}},"_links":{"self":[{"href":"https:\/\/megapari.games\/es\/wp-json\/wp\/v2\/pages\/1320","targetHints":{"allow":["GET"]}}],"collection":[{"href":"https:\/\/megapari.games\/es\/wp-json\/wp\/v2\/pages"}],"about":[{"href":"https:\/\/megapari.games\/es\/wp-json\/wp\/v2\/types\/page"}],"author":[{"embeddable":true,"href":"https:\/\/megapari.games\/es\/wp-json\/wp\/v2\/users\/1"}],"replies":[{"embeddable":true,"href":"https:\/\/megapari.games\/es\/wp-json\/wp\/v2\/comments?post=1320"}],"version-history":[{"count":1,"href":"https:\/\/megapari.games\/es\/wp-json\/wp\/v2\/pages\/1320\/revisions"}],"predecessor-version":[{"id":1431,"href":"https:\/\/megapari.games\/es\/wp-json\/wp\/v2\/pages\/1320\/revisions\/1431"}],"wp:attachment":[{"href":"https:\/\/megapari.games\/es\/wp-json\/wp\/v2\/media?parent=1320"}],"curies":[{"name":"wp","href":"https:\/\/api.w.org\/{rel}","templated":true}]}}