{"id":656,"date":"2024-10-18T10:54:32","date_gmt":"2024-10-18T10:54:32","guid":{"rendered":"https:\/\/megapari.games\/et\/?page_id=656"},"modified":"2025-07-29T04:54:21","modified_gmt":"2025-07-29T04:54:21","slug":"promo-code","status":"publish","type":"page","link":"https:\/\/megapari.games\/et\/promo-code\/","title":{"rendered":"Promo kood"},"content":{"rendered":"","protected":false},"excerpt":{"rendered":"","protected":false},"author":1,"featured_media":0,"parent":0,"menu_order":0,"comment_status":"closed","ping_status":"closed","template":"","meta":{"inline_featured_image":false,"footnotes":""},"class_list":["post-656","page","type-page","status-publish","hentry"],"yoast_head":"<!-- This site is optimized with the Yoast SEO plugin v27.3 - https:\/\/yoast.com\/product\/yoast-seo-wordpress\/ -->\n<title>Megapari promokood 2026 \u2705 Saa oma 100% boonus juba t\u00e4na!<\/title>\n<meta name=\"description\" content=\"\ud83d\udd25 Kas oled valmis oma kihlveom\u00e4ngu taset t\u00f5stma? Haara n\u00fc\u00fcd k\u00f5ige kuumem Megapari Eesti sooduskood ja haara uskumatu 100% boonus! \u00c4ra j\u00e4ta vahele - sinu v\u00f5iduk\u00e4ik algab n\u00fc\u00fcd!\" \/>\n<meta name=\"robots\" content=\"index, follow, max-snippet:-1, max-image-preview:large, max-video-preview:-1\" \/>\n<link rel=\"canonical\" href=\"https:\/\/megapari.games\/et\/promo-code\/\" \/>\n<meta property=\"og:locale\" content=\"et_EE\" \/>\n<meta property=\"og:type\" content=\"article\" \/>\n<meta property=\"og:title\" content=\"Megapari promokood 2026 \u2705 Saa oma 100% boonus juba t\u00e4na!\" \/>\n<meta property=\"og:description\" content=\"\ud83d\udd25 Kas oled valmis oma kihlveom\u00e4ngu taset t\u00f5stma? Haara n\u00fc\u00fcd k\u00f5ige kuumem Megapari Eesti sooduskood ja haara uskumatu 100% boonus! \u00c4ra j\u00e4ta vahele - sinu v\u00f5iduk\u00e4ik algab n\u00fc\u00fcd!\" \/>\n<meta property=\"og:url\" content=\"https:\/\/megapari.games\/et\/promo-code\/\" \/>\n<meta property=\"og:site_name\" content=\"Megapari Games ET\" \/>\n<meta property=\"article:modified_time\" content=\"2025-07-29T04:54:21+00:00\" \/>\n<meta name=\"twitter:card\" content=\"summary_large_image\" \/>\n<script type=\"application\/ld+json\" class=\"yoast-schema-graph\">{\"@context\":\"https:\\\/\\\/schema.org\",\"@graph\":[{\"@type\":\"WebPage\",\"@id\":\"https:\\\/\\\/megapari.games\\\/et\\\/promo-code\\\/\",\"url\":\"https:\\\/\\\/megapari.games\\\/et\\\/promo-code\\\/\",\"name\":\"Megapari promokood 2026 \u2705 Saa oma 100% boonus juba t\u00e4na!\",\"isPartOf\":{\"@id\":\"https:\\\/\\\/megapari.games\\\/et\\\/#website\"},\"datePublished\":\"2024-10-18T10:54:32+00:00\",\"dateModified\":\"2025-07-29T04:54:21+00:00\",\"description\":\"\ud83d\udd25 Kas oled valmis oma kihlveom\u00e4ngu taset t\u00f5stma? Haara n\u00fc\u00fcd k\u00f5ige kuumem Megapari Eesti sooduskood ja haara uskumatu 100% boonus! \u00c4ra j\u00e4ta vahele - sinu v\u00f5iduk\u00e4ik algab n\u00fc\u00fcd!\",\"breadcrumb\":{\"@id\":\"https:\\\/\\\/megapari.games\\\/et\\\/promo-code\\\/#breadcrumb\"},\"inLanguage\":\"et\",\"potentialAction\":[{\"@type\":\"ReadAction\",\"target\":[\"https:\\\/\\\/megapari.games\\\/et\\\/promo-code\\\/\"]}]},{\"@type\":\"BreadcrumbList\",\"@id\":\"https:\\\/\\\/megapari.games\\\/et\\\/promo-code\\\/#breadcrumb\",\"itemListElement\":[{\"@type\":\"ListItem\",\"position\":1,\"name\":\"\u0413\u043b\u0430\u0432\u043d\u0430\u044f \u0441\u0442\u0440\u0430\u043d\u0438\u0446\u0430\",\"item\":\"https:\\\/\\\/megapari.games\\\/et\\\/\"},{\"@type\":\"ListItem\",\"position\":2,\"name\":\"Promo kood\"}]},{\"@type\":\"WebSite\",\"@id\":\"https:\\\/\\\/megapari.games\\\/et\\\/#website\",\"url\":\"https:\\\/\\\/megapari.games\\\/et\\\/\",\"name\":\"Megapari Games ET\",\"description\":\"My WordPress Blog\",\"potentialAction\":[{\"@type\":\"SearchAction\",\"target\":{\"@type\":\"EntryPoint\",\"urlTemplate\":\"https:\\\/\\\/megapari.games\\\/et\\\/?s={search_term_string}\"},\"query-input\":{\"@type\":\"PropertyValueSpecification\",\"valueRequired\":true,\"valueName\":\"search_term_string\"}}],\"inLanguage\":\"et\"}]}<\/script>\n<!-- \/ Yoast SEO plugin. -->","yoast_head_json":{"title":"Megapari promokood 2026 \u2705 Saa oma 100% boonus juba t\u00e4na!","description":"\ud83d\udd25 Kas oled valmis oma kihlveom\u00e4ngu taset t\u00f5stma? Haara n\u00fc\u00fcd k\u00f5ige kuumem Megapari Eesti sooduskood ja haara uskumatu 100% boonus! \u00c4ra j\u00e4ta vahele - sinu v\u00f5iduk\u00e4ik algab n\u00fc\u00fcd!","robots":{"index":"index","follow":"follow","max-snippet":"max-snippet:-1","max-image-preview":"max-image-preview:large","max-video-preview":"max-video-preview:-1"},"canonical":"https:\/\/megapari.games\/et\/promo-code\/","og_locale":"et_EE","og_type":"article","og_title":"Megapari promokood 2026 \u2705 Saa oma 100% boonus juba t\u00e4na!","og_description":"\ud83d\udd25 Kas oled valmis oma kihlveom\u00e4ngu taset t\u00f5stma? Haara n\u00fc\u00fcd k\u00f5ige kuumem Megapari Eesti sooduskood ja haara uskumatu 100% boonus! \u00c4ra j\u00e4ta vahele - sinu v\u00f5iduk\u00e4ik algab n\u00fc\u00fcd!","og_url":"https:\/\/megapari.games\/et\/promo-code\/","og_site_name":"Megapari Games ET","article_modified_time":"2025-07-29T04:54:21+00:00","twitter_card":"summary_large_image","schema":{"@context":"https:\/\/schema.org","@graph":[{"@type":"WebPage","@id":"https:\/\/megapari.games\/et\/promo-code\/","url":"https:\/\/megapari.games\/et\/promo-code\/","name":"Megapari promokood 2026 \u2705 Saa oma 100% boonus juba t\u00e4na!","isPartOf":{"@id":"https:\/\/megapari.games\/et\/#website"},"datePublished":"2024-10-18T10:54:32+00:00","dateModified":"2025-07-29T04:54:21+00:00","description":"\ud83d\udd25 Kas oled valmis oma kihlveom\u00e4ngu taset t\u00f5stma? Haara n\u00fc\u00fcd k\u00f5ige kuumem Megapari Eesti sooduskood ja haara uskumatu 100% boonus! \u00c4ra j\u00e4ta vahele - sinu v\u00f5iduk\u00e4ik algab n\u00fc\u00fcd!","breadcrumb":{"@id":"https:\/\/megapari.games\/et\/promo-code\/#breadcrumb"},"inLanguage":"et","potentialAction":[{"@type":"ReadAction","target":["https:\/\/megapari.games\/et\/promo-code\/"]}]},{"@type":"BreadcrumbList","@id":"https:\/\/megapari.games\/et\/promo-code\/#breadcrumb","itemListElement":[{"@type":"ListItem","position":1,"name":"\u0413\u043b\u0430\u0432\u043d\u0430\u044f \u0441\u0442\u0440\u0430\u043d\u0438\u0446\u0430","item":"https:\/\/megapari.games\/et\/"},{"@type":"ListItem","position":2,"name":"Promo kood"}]},{"@type":"WebSite","@id":"https:\/\/megapari.games\/et\/#website","url":"https:\/\/megapari.games\/et\/","name":"Megapari Games ET","description":"My WordPress Blog","potentialAction":[{"@type":"SearchAction","target":{"@type":"EntryPoint","urlTemplate":"https:\/\/megapari.games\/et\/?s={search_term_string}"},"query-input":{"@type":"PropertyValueSpecification","valueRequired":true,"valueName":"search_term_string"}}],"inLanguage":"et"}]}},"_links":{"self":[{"href":"https:\/\/megapari.games\/et\/wp-json\/wp\/v2\/pages\/656","targetHints":{"allow":["GET"]}}],"collection":[{"href":"https:\/\/megapari.games\/et\/wp-json\/wp\/v2\/pages"}],"about":[{"href":"https:\/\/megapari.games\/et\/wp-json\/wp\/v2\/types\/page"}],"author":[{"embeddable":true,"href":"https:\/\/megapari.games\/et\/wp-json\/wp\/v2\/users\/1"}],"replies":[{"embeddable":true,"href":"https:\/\/megapari.games\/et\/wp-json\/wp\/v2\/comments?post=656"}],"version-history":[{"count":7,"href":"https:\/\/megapari.games\/et\/wp-json\/wp\/v2\/pages\/656\/revisions"}],"predecessor-version":[{"id":948,"href":"https:\/\/megapari.games\/et\/wp-json\/wp\/v2\/pages\/656\/revisions\/948"}],"wp:attachment":[{"href":"https:\/\/megapari.games\/et\/wp-json\/wp\/v2\/media?parent=656"}],"curies":[{"name":"wp","href":"https:\/\/api.w.org\/{rel}","templated":true}]}}