{"id":1102,"date":"2025-11-21T14:32:56","date_gmt":"2025-11-21T14:32:56","guid":{"rendered":"https:\/\/megapari.games\/?page_id=1102"},"modified":"2025-11-28T11:10:58","modified_gmt":"2025-11-28T11:10:58","slug":"football-betting","status":"publish","type":"page","link":"https:\/\/megapari.games\/fi\/football-betting\/","title":{"rendered":"Jalkapallo"},"content":{"rendered":"","protected":false},"excerpt":{"rendered":"","protected":false},"author":1,"featured_media":0,"parent":0,"menu_order":0,"comment_status":"closed","ping_status":"closed","template":"","meta":{"inline_featured_image":false,"footnotes":""},"class_list":["post-1102","page","type-page","status-publish","hentry"],"yoast_head":"<!-- This site is optimized with the Yoast SEO plugin v27.3 - https:\/\/yoast.com\/product\/yoast-seo-wordpress\/ -->\n<title>Megapari Jalkapallovedonly\u00f6nti | Laaja valikoima, live-vedonly\u00f6nti<\/title>\n<meta name=\"description\" content=\"Jalkapallovedonly\u00f6nti Megaparilla: yksityiskohtaiset otteluohjelmat, live-vedonly\u00f6nti, joukkueiden ja pelaajien tilastot, nopea p\u00e4\u00e4sy turnauksiin ymp\u00e4ri maailmaa. Saat bonuksia ja erikoistarjouksia uusille ja aktiivisille k\u00e4ytt\u00e4jille.\" \/>\n<meta name=\"robots\" content=\"index, follow, max-snippet:-1, max-image-preview:large, max-video-preview:-1\" \/>\n<link rel=\"canonical\" href=\"https:\/\/megapari.games\/fi\/football-betting\/\" \/>\n<meta property=\"og:locale\" content=\"fi_FI\" \/>\n<meta property=\"og:type\" content=\"article\" \/>\n<meta property=\"og:title\" content=\"Megapari Jalkapallovedonly\u00f6nti | Laaja valikoima, live-vedonly\u00f6nti\" \/>\n<meta property=\"og:description\" content=\"Jalkapallovedonly\u00f6nti Megaparilla: yksityiskohtaiset otteluohjelmat, live-vedonly\u00f6nti, joukkueiden ja pelaajien tilastot, nopea p\u00e4\u00e4sy turnauksiin ymp\u00e4ri maailmaa. Saat bonuksia ja erikoistarjouksia uusille ja aktiivisille k\u00e4ytt\u00e4jille.\" \/>\n<meta property=\"og:url\" content=\"https:\/\/megapari.games\/fi\/football-betting\/\" \/>\n<meta property=\"og:site_name\" content=\"Megapari Games fi\" \/>\n<meta property=\"article:modified_time\" content=\"2025-11-28T11:10:58+00:00\" \/>\n<meta name=\"twitter:card\" content=\"summary_large_image\" \/>\n<script type=\"application\/ld+json\" class=\"yoast-schema-graph\">{\"@context\":\"https:\\\/\\\/schema.org\",\"@graph\":[{\"@type\":\"WebPage\",\"@id\":\"https:\\\/\\\/megapari.games\\\/fi\\\/football-betting\\\/\",\"url\":\"https:\\\/\\\/megapari.games\\\/fi\\\/football-betting\\\/\",\"name\":\"Megapari Jalkapallovedonly\u00f6nti | Laaja valikoima, live-vedonly\u00f6nti\",\"isPartOf\":{\"@id\":\"https:\\\/\\\/megapari.games\\\/fi\\\/#website\"},\"datePublished\":\"2025-11-21T14:32:56+00:00\",\"dateModified\":\"2025-11-28T11:10:58+00:00\",\"description\":\"Jalkapallovedonly\u00f6nti Megaparilla: yksityiskohtaiset otteluohjelmat, live-vedonly\u00f6nti, joukkueiden ja pelaajien tilastot, nopea p\u00e4\u00e4sy turnauksiin ymp\u00e4ri maailmaa. Saat bonuksia ja erikoistarjouksia uusille ja aktiivisille k\u00e4ytt\u00e4jille.\",\"breadcrumb\":{\"@id\":\"https:\\\/\\\/megapari.games\\\/fi\\\/football-betting\\\/#breadcrumb\"},\"inLanguage\":\"fi\",\"potentialAction\":[{\"@type\":\"ReadAction\",\"target\":[\"https:\\\/\\\/megapari.games\\\/fi\\\/football-betting\\\/\"]}]},{\"@type\":\"BreadcrumbList\",\"@id\":\"https:\\\/\\\/megapari.games\\\/fi\\\/football-betting\\\/#breadcrumb\",\"itemListElement\":[{\"@type\":\"ListItem\",\"position\":1,\"name\":\"\u0413\u043b\u0430\u0432\u043d\u0430\u044f \u0441\u0442\u0440\u0430\u043d\u0438\u0446\u0430\",\"item\":\"https:\\\/\\\/megapari.games\\\/fi\\\/\"},{\"@type\":\"ListItem\",\"position\":2,\"name\":\"Jalkapallo\"}]},{\"@type\":\"WebSite\",\"@id\":\"https:\\\/\\\/megapari.games\\\/fi\\\/#website\",\"url\":\"https:\\\/\\\/megapari.games\\\/fi\\\/\",\"name\":\"Megapari Games fi\",\"description\":\"My WordPress Blog\",\"potentialAction\":[{\"@type\":\"SearchAction\",\"target\":{\"@type\":\"EntryPoint\",\"urlTemplate\":\"https:\\\/\\\/megapari.games\\\/fi\\\/?s={search_term_string}\"},\"query-input\":{\"@type\":\"PropertyValueSpecification\",\"valueRequired\":true,\"valueName\":\"search_term_string\"}}],\"inLanguage\":\"fi\"}]}<\/script>\n<!-- \/ Yoast SEO plugin. -->","yoast_head_json":{"title":"Megapari Jalkapallovedonly\u00f6nti | Laaja valikoima, live-vedonly\u00f6nti","description":"Jalkapallovedonly\u00f6nti Megaparilla: yksityiskohtaiset otteluohjelmat, live-vedonly\u00f6nti, joukkueiden ja pelaajien tilastot, nopea p\u00e4\u00e4sy turnauksiin ymp\u00e4ri maailmaa. Saat bonuksia ja erikoistarjouksia uusille ja aktiivisille k\u00e4ytt\u00e4jille.","robots":{"index":"index","follow":"follow","max-snippet":"max-snippet:-1","max-image-preview":"max-image-preview:large","max-video-preview":"max-video-preview:-1"},"canonical":"https:\/\/megapari.games\/fi\/football-betting\/","og_locale":"fi_FI","og_type":"article","og_title":"Megapari Jalkapallovedonly\u00f6nti | Laaja valikoima, live-vedonly\u00f6nti","og_description":"Jalkapallovedonly\u00f6nti Megaparilla: yksityiskohtaiset otteluohjelmat, live-vedonly\u00f6nti, joukkueiden ja pelaajien tilastot, nopea p\u00e4\u00e4sy turnauksiin ymp\u00e4ri maailmaa. Saat bonuksia ja erikoistarjouksia uusille ja aktiivisille k\u00e4ytt\u00e4jille.","og_url":"https:\/\/megapari.games\/fi\/football-betting\/","og_site_name":"Megapari Games fi","article_modified_time":"2025-11-28T11:10:58+00:00","twitter_card":"summary_large_image","schema":{"@context":"https:\/\/schema.org","@graph":[{"@type":"WebPage","@id":"https:\/\/megapari.games\/fi\/football-betting\/","url":"https:\/\/megapari.games\/fi\/football-betting\/","name":"Megapari Jalkapallovedonly\u00f6nti | Laaja valikoima, live-vedonly\u00f6nti","isPartOf":{"@id":"https:\/\/megapari.games\/fi\/#website"},"datePublished":"2025-11-21T14:32:56+00:00","dateModified":"2025-11-28T11:10:58+00:00","description":"Jalkapallovedonly\u00f6nti Megaparilla: yksityiskohtaiset otteluohjelmat, live-vedonly\u00f6nti, joukkueiden ja pelaajien tilastot, nopea p\u00e4\u00e4sy turnauksiin ymp\u00e4ri maailmaa. Saat bonuksia ja erikoistarjouksia uusille ja aktiivisille k\u00e4ytt\u00e4jille.","breadcrumb":{"@id":"https:\/\/megapari.games\/fi\/football-betting\/#breadcrumb"},"inLanguage":"fi","potentialAction":[{"@type":"ReadAction","target":["https:\/\/megapari.games\/fi\/football-betting\/"]}]},{"@type":"BreadcrumbList","@id":"https:\/\/megapari.games\/fi\/football-betting\/#breadcrumb","itemListElement":[{"@type":"ListItem","position":1,"name":"\u0413\u043b\u0430\u0432\u043d\u0430\u044f \u0441\u0442\u0440\u0430\u043d\u0438\u0446\u0430","item":"https:\/\/megapari.games\/fi\/"},{"@type":"ListItem","position":2,"name":"Jalkapallo"}]},{"@type":"WebSite","@id":"https:\/\/megapari.games\/fi\/#website","url":"https:\/\/megapari.games\/fi\/","name":"Megapari Games fi","description":"My WordPress Blog","potentialAction":[{"@type":"SearchAction","target":{"@type":"EntryPoint","urlTemplate":"https:\/\/megapari.games\/fi\/?s={search_term_string}"},"query-input":{"@type":"PropertyValueSpecification","valueRequired":true,"valueName":"search_term_string"}}],"inLanguage":"fi"}]}},"_links":{"self":[{"href":"https:\/\/megapari.games\/fi\/wp-json\/wp\/v2\/pages\/1102","targetHints":{"allow":["GET"]}}],"collection":[{"href":"https:\/\/megapari.games\/fi\/wp-json\/wp\/v2\/pages"}],"about":[{"href":"https:\/\/megapari.games\/fi\/wp-json\/wp\/v2\/types\/page"}],"author":[{"embeddable":true,"href":"https:\/\/megapari.games\/fi\/wp-json\/wp\/v2\/users\/1"}],"replies":[{"embeddable":true,"href":"https:\/\/megapari.games\/fi\/wp-json\/wp\/v2\/comments?post=1102"}],"version-history":[{"count":2,"href":"https:\/\/megapari.games\/fi\/wp-json\/wp\/v2\/pages\/1102\/revisions"}],"predecessor-version":[{"id":1164,"href":"https:\/\/megapari.games\/fi\/wp-json\/wp\/v2\/pages\/1102\/revisions\/1164"}],"wp:attachment":[{"href":"https:\/\/megapari.games\/fi\/wp-json\/wp\/v2\/media?parent=1102"}],"curies":[{"name":"wp","href":"https:\/\/api.w.org\/{rel}","templated":true}]}}