{"id":799,"date":"2025-03-27T12:22:37","date_gmt":"2025-03-27T12:22:37","guid":{"rendered":"https:\/\/megapari.games\/?page_id=799"},"modified":"2025-12-13T08:46:05","modified_gmt":"2025-12-13T08:46:05","slug":"losing-bets","status":"publish","type":"page","link":"https:\/\/megapari.games\/fi\/losing-bets\/","title":{"rendered":"H\u00e4vi\u00e4v\u00e4t vedot"},"content":{"rendered":"","protected":false},"excerpt":{"rendered":"","protected":false},"author":1,"featured_media":0,"parent":152,"menu_order":0,"comment_status":"closed","ping_status":"closed","template":"","meta":{"inline_featured_image":false,"footnotes":""},"class_list":["post-799","page","type-page","status-publish","hentry"],"yoast_head":"<!-- This site is optimized with the Yoast SEO plugin v27.3 - https:\/\/yoast.com\/product\/yoast-seo-wordpress\/ -->\n<title>Megapari-tappiot \u1409 tuki pelaajille, joilla on huonoja vetoja<\/title>\n<meta name=\"description\" content=\"H\u00e4visitk\u00f6 vedot? \u00c4l\u00e4 luovuta! Megapari tarjoaa vertaansa vailla olevan bonuksen pelaajille, joilla on tappioputki. Hanki tukea vaikeina aikoina ja palauta itseluottamuksesi \u2013 uhkapelimaailma odottaa sinua!\" \/>\n<meta name=\"robots\" content=\"index, follow, max-snippet:-1, max-image-preview:large, max-video-preview:-1\" \/>\n<link rel=\"canonical\" href=\"https:\/\/megapari.games\/fi\/losing-bets\/\" \/>\n<meta property=\"og:locale\" content=\"fi_FI\" \/>\n<meta property=\"og:type\" content=\"article\" \/>\n<meta property=\"og:title\" content=\"Megapari-tappiot \u1409 tuki pelaajille, joilla on huonoja vetoja\" \/>\n<meta property=\"og:description\" content=\"H\u00e4visitk\u00f6 vedot? \u00c4l\u00e4 luovuta! Megapari tarjoaa vertaansa vailla olevan bonuksen pelaajille, joilla on tappioputki. Hanki tukea vaikeina aikoina ja palauta itseluottamuksesi \u2013 uhkapelimaailma odottaa sinua!\" \/>\n<meta property=\"og:url\" content=\"https:\/\/megapari.games\/fi\/losing-bets\/\" \/>\n<meta property=\"og:site_name\" content=\"Megapari Games fi\" \/>\n<meta property=\"article:modified_time\" content=\"2025-12-13T08:46:05+00:00\" \/>\n<meta name=\"twitter:card\" content=\"summary_large_image\" \/>\n<script type=\"application\/ld+json\" class=\"yoast-schema-graph\">{\"@context\":\"https:\\\/\\\/schema.org\",\"@graph\":[{\"@type\":\"WebPage\",\"@id\":\"https:\\\/\\\/megapari.games\\\/fi\\\/losing-bets\\\/\",\"url\":\"https:\\\/\\\/megapari.games\\\/fi\\\/losing-bets\\\/\",\"name\":\"Megapari-tappiot \u1409 tuki pelaajille, joilla on huonoja vetoja\",\"isPartOf\":{\"@id\":\"https:\\\/\\\/megapari.games\\\/fi\\\/#website\"},\"datePublished\":\"2025-03-27T12:22:37+00:00\",\"dateModified\":\"2025-12-13T08:46:05+00:00\",\"description\":\"H\u00e4visitk\u00f6 vedot? \u00c4l\u00e4 luovuta! Megapari tarjoaa vertaansa vailla olevan bonuksen pelaajille, joilla on tappioputki. Hanki tukea vaikeina aikoina ja palauta itseluottamuksesi \u2013 uhkapelimaailma odottaa sinua!\",\"breadcrumb\":{\"@id\":\"https:\\\/\\\/megapari.games\\\/fi\\\/losing-bets\\\/#breadcrumb\"},\"inLanguage\":\"fi\",\"potentialAction\":[{\"@type\":\"ReadAction\",\"target\":[\"https:\\\/\\\/megapari.games\\\/fi\\\/losing-bets\\\/\"]}]},{\"@type\":\"BreadcrumbList\",\"@id\":\"https:\\\/\\\/megapari.games\\\/fi\\\/losing-bets\\\/#breadcrumb\",\"itemListElement\":[{\"@type\":\"ListItem\",\"position\":1,\"name\":\"\u0413\u043b\u0430\u0432\u043d\u0430\u044f \u0441\u0442\u0440\u0430\u043d\u0438\u0446\u0430\",\"item\":\"https:\\\/\\\/megapari.games\\\/fi\\\/\"},{\"@type\":\"ListItem\",\"position\":2,\"name\":\"Bonus\",\"item\":\"https:\\\/\\\/megapari.games\\\/fi\\\/bonus\\\/\"},{\"@type\":\"ListItem\",\"position\":3,\"name\":\"H\u00e4vi\u00e4v\u00e4t vedot\"}]},{\"@type\":\"WebSite\",\"@id\":\"https:\\\/\\\/megapari.games\\\/fi\\\/#website\",\"url\":\"https:\\\/\\\/megapari.games\\\/fi\\\/\",\"name\":\"Megapari Games fi\",\"description\":\"My WordPress Blog\",\"potentialAction\":[{\"@type\":\"SearchAction\",\"target\":{\"@type\":\"EntryPoint\",\"urlTemplate\":\"https:\\\/\\\/megapari.games\\\/fi\\\/?s={search_term_string}\"},\"query-input\":{\"@type\":\"PropertyValueSpecification\",\"valueRequired\":true,\"valueName\":\"search_term_string\"}}],\"inLanguage\":\"fi\"}]}<\/script>\n<!-- \/ Yoast SEO plugin. -->","yoast_head_json":{"title":"Megapari-tappiot \u1409 tuki pelaajille, joilla on huonoja vetoja","description":"H\u00e4visitk\u00f6 vedot? \u00c4l\u00e4 luovuta! Megapari tarjoaa vertaansa vailla olevan bonuksen pelaajille, joilla on tappioputki. Hanki tukea vaikeina aikoina ja palauta itseluottamuksesi \u2013 uhkapelimaailma odottaa sinua!","robots":{"index":"index","follow":"follow","max-snippet":"max-snippet:-1","max-image-preview":"max-image-preview:large","max-video-preview":"max-video-preview:-1"},"canonical":"https:\/\/megapari.games\/fi\/losing-bets\/","og_locale":"fi_FI","og_type":"article","og_title":"Megapari-tappiot \u1409 tuki pelaajille, joilla on huonoja vetoja","og_description":"H\u00e4visitk\u00f6 vedot? \u00c4l\u00e4 luovuta! Megapari tarjoaa vertaansa vailla olevan bonuksen pelaajille, joilla on tappioputki. Hanki tukea vaikeina aikoina ja palauta itseluottamuksesi \u2013 uhkapelimaailma odottaa sinua!","og_url":"https:\/\/megapari.games\/fi\/losing-bets\/","og_site_name":"Megapari Games fi","article_modified_time":"2025-12-13T08:46:05+00:00","twitter_card":"summary_large_image","schema":{"@context":"https:\/\/schema.org","@graph":[{"@type":"WebPage","@id":"https:\/\/megapari.games\/fi\/losing-bets\/","url":"https:\/\/megapari.games\/fi\/losing-bets\/","name":"Megapari-tappiot \u1409 tuki pelaajille, joilla on huonoja vetoja","isPartOf":{"@id":"https:\/\/megapari.games\/fi\/#website"},"datePublished":"2025-03-27T12:22:37+00:00","dateModified":"2025-12-13T08:46:05+00:00","description":"H\u00e4visitk\u00f6 vedot? \u00c4l\u00e4 luovuta! Megapari tarjoaa vertaansa vailla olevan bonuksen pelaajille, joilla on tappioputki. Hanki tukea vaikeina aikoina ja palauta itseluottamuksesi \u2013 uhkapelimaailma odottaa sinua!","breadcrumb":{"@id":"https:\/\/megapari.games\/fi\/losing-bets\/#breadcrumb"},"inLanguage":"fi","potentialAction":[{"@type":"ReadAction","target":["https:\/\/megapari.games\/fi\/losing-bets\/"]}]},{"@type":"BreadcrumbList","@id":"https:\/\/megapari.games\/fi\/losing-bets\/#breadcrumb","itemListElement":[{"@type":"ListItem","position":1,"name":"\u0413\u043b\u0430\u0432\u043d\u0430\u044f \u0441\u0442\u0440\u0430\u043d\u0438\u0446\u0430","item":"https:\/\/megapari.games\/fi\/"},{"@type":"ListItem","position":2,"name":"Bonus","item":"https:\/\/megapari.games\/fi\/bonus\/"},{"@type":"ListItem","position":3,"name":"H\u00e4vi\u00e4v\u00e4t vedot"}]},{"@type":"WebSite","@id":"https:\/\/megapari.games\/fi\/#website","url":"https:\/\/megapari.games\/fi\/","name":"Megapari Games fi","description":"My WordPress Blog","potentialAction":[{"@type":"SearchAction","target":{"@type":"EntryPoint","urlTemplate":"https:\/\/megapari.games\/fi\/?s={search_term_string}"},"query-input":{"@type":"PropertyValueSpecification","valueRequired":true,"valueName":"search_term_string"}}],"inLanguage":"fi"}]}},"_links":{"self":[{"href":"https:\/\/megapari.games\/fi\/wp-json\/wp\/v2\/pages\/799","targetHints":{"allow":["GET"]}}],"collection":[{"href":"https:\/\/megapari.games\/fi\/wp-json\/wp\/v2\/pages"}],"about":[{"href":"https:\/\/megapari.games\/fi\/wp-json\/wp\/v2\/types\/page"}],"author":[{"embeddable":true,"href":"https:\/\/megapari.games\/fi\/wp-json\/wp\/v2\/users\/1"}],"replies":[{"embeddable":true,"href":"https:\/\/megapari.games\/fi\/wp-json\/wp\/v2\/comments?post=799"}],"version-history":[{"count":2,"href":"https:\/\/megapari.games\/fi\/wp-json\/wp\/v2\/pages\/799\/revisions"}],"predecessor-version":[{"id":820,"href":"https:\/\/megapari.games\/fi\/wp-json\/wp\/v2\/pages\/799\/revisions\/820"}],"up":[{"embeddable":true,"href":"https:\/\/megapari.games\/fi\/wp-json\/wp\/v2\/pages\/152"}],"wp:attachment":[{"href":"https:\/\/megapari.games\/fi\/wp-json\/wp\/v2\/media?parent=799"}],"curies":[{"name":"wp","href":"https:\/\/api.w.org\/{rel}","templated":true}]}}