{"id":807,"date":"2025-03-27T13:02:20","date_gmt":"2025-03-27T13:02:20","guid":{"rendered":"https:\/\/megapari.games\/?page_id=807"},"modified":"2025-12-13T08:46:12","modified_gmt":"2025-12-13T08:46:12","slug":"mega-booster","status":"publish","type":"page","link":"https:\/\/megapari.games\/fi\/mega-booster\/","title":{"rendered":"Mega Booster"},"content":{"rendered":"","protected":false},"excerpt":{"rendered":"","protected":false},"author":1,"featured_media":0,"parent":152,"menu_order":0,"comment_status":"closed","ping_status":"closed","template":"","meta":{"inline_featured_image":false,"footnotes":""},"class_list":["post-807","page","type-page","status-publish","hentry"],"yoast_head":"<!-- This site is optimized with the Yoast SEO plugin v27.5 - https:\/\/yoast.com\/product\/yoast-seo-wordpress\/ -->\n<title>Megapari Mega Booster \u1409 Lis\u00e4\u00e4 voittojasi jopa 200 %<\/title>\n<meta name=\"description\" content=\"Haluatko kasvattaa voittojasi jopa 200 %? Liity Megaparin Mega Boosteriin! Tee vain v\u00e4hint\u00e4\u00e4n 4 valintaa kertoimien yhdistelm\u00e4vedossa ja katso, kuinka voittosi kasvavat. \u00c4l\u00e4 missaa tilaisuutta voittaa suuria summia!\" \/>\n<meta name=\"robots\" content=\"index, follow, max-snippet:-1, max-image-preview:large, max-video-preview:-1\" \/>\n<link rel=\"canonical\" href=\"https:\/\/megapari.games\/fi\/mega-booster\/\" \/>\n<meta property=\"og:locale\" content=\"fi_FI\" \/>\n<meta property=\"og:type\" content=\"article\" \/>\n<meta property=\"og:title\" content=\"Megapari Mega Booster \u1409 Lis\u00e4\u00e4 voittojasi jopa 200 %\" \/>\n<meta property=\"og:description\" content=\"Haluatko kasvattaa voittojasi jopa 200 %? Liity Megaparin Mega Boosteriin! Tee vain v\u00e4hint\u00e4\u00e4n 4 valintaa kertoimien yhdistelm\u00e4vedossa ja katso, kuinka voittosi kasvavat. \u00c4l\u00e4 missaa tilaisuutta voittaa suuria summia!\" \/>\n<meta property=\"og:url\" content=\"https:\/\/megapari.games\/fi\/mega-booster\/\" \/>\n<meta property=\"og:site_name\" content=\"Megapari Games fi\" \/>\n<meta property=\"article:modified_time\" content=\"2025-12-13T08:46:12+00:00\" \/>\n<meta name=\"twitter:card\" content=\"summary_large_image\" \/>\n<script type=\"application\/ld+json\" class=\"yoast-schema-graph\">{\"@context\":\"https:\\\/\\\/schema.org\",\"@graph\":[{\"@type\":\"WebPage\",\"@id\":\"https:\\\/\\\/megapari.games\\\/fi\\\/mega-booster\\\/\",\"url\":\"https:\\\/\\\/megapari.games\\\/fi\\\/mega-booster\\\/\",\"name\":\"Megapari Mega Booster \u1409 Lis\u00e4\u00e4 voittojasi jopa 200 %\",\"isPartOf\":{\"@id\":\"https:\\\/\\\/megapari.games\\\/fi\\\/#website\"},\"datePublished\":\"2025-03-27T13:02:20+00:00\",\"dateModified\":\"2025-12-13T08:46:12+00:00\",\"description\":\"Haluatko kasvattaa voittojasi jopa 200 %? Liity Megaparin Mega Boosteriin! Tee vain v\u00e4hint\u00e4\u00e4n 4 valintaa kertoimien yhdistelm\u00e4vedossa ja katso, kuinka voittosi kasvavat. \u00c4l\u00e4 missaa tilaisuutta voittaa suuria summia!\",\"breadcrumb\":{\"@id\":\"https:\\\/\\\/megapari.games\\\/fi\\\/mega-booster\\\/#breadcrumb\"},\"inLanguage\":\"fi\",\"potentialAction\":[{\"@type\":\"ReadAction\",\"target\":[\"https:\\\/\\\/megapari.games\\\/fi\\\/mega-booster\\\/\"]}]},{\"@type\":\"BreadcrumbList\",\"@id\":\"https:\\\/\\\/megapari.games\\\/fi\\\/mega-booster\\\/#breadcrumb\",\"itemListElement\":[{\"@type\":\"ListItem\",\"position\":1,\"name\":\"\u0413\u043b\u0430\u0432\u043d\u0430\u044f \u0441\u0442\u0440\u0430\u043d\u0438\u0446\u0430\",\"item\":\"https:\\\/\\\/megapari.games\\\/fi\\\/\"},{\"@type\":\"ListItem\",\"position\":2,\"name\":\"Bonus\",\"item\":\"https:\\\/\\\/megapari.games\\\/fi\\\/bonus\\\/\"},{\"@type\":\"ListItem\",\"position\":3,\"name\":\"Mega Booster\"}]},{\"@type\":\"WebSite\",\"@id\":\"https:\\\/\\\/megapari.games\\\/fi\\\/#website\",\"url\":\"https:\\\/\\\/megapari.games\\\/fi\\\/\",\"name\":\"Megapari Games fi\",\"description\":\"My WordPress Blog\",\"potentialAction\":[{\"@type\":\"SearchAction\",\"target\":{\"@type\":\"EntryPoint\",\"urlTemplate\":\"https:\\\/\\\/megapari.games\\\/fi\\\/?s={search_term_string}\"},\"query-input\":{\"@type\":\"PropertyValueSpecification\",\"valueRequired\":true,\"valueName\":\"search_term_string\"}}],\"inLanguage\":\"fi\"}]}<\/script>\n<!-- \/ Yoast SEO plugin. -->","yoast_head_json":{"title":"Megapari Mega Booster \u1409 Lis\u00e4\u00e4 voittojasi jopa 200 %","description":"Haluatko kasvattaa voittojasi jopa 200 %? Liity Megaparin Mega Boosteriin! Tee vain v\u00e4hint\u00e4\u00e4n 4 valintaa kertoimien yhdistelm\u00e4vedossa ja katso, kuinka voittosi kasvavat. \u00c4l\u00e4 missaa tilaisuutta voittaa suuria summia!","robots":{"index":"index","follow":"follow","max-snippet":"max-snippet:-1","max-image-preview":"max-image-preview:large","max-video-preview":"max-video-preview:-1"},"canonical":"https:\/\/megapari.games\/fi\/mega-booster\/","og_locale":"fi_FI","og_type":"article","og_title":"Megapari Mega Booster \u1409 Lis\u00e4\u00e4 voittojasi jopa 200 %","og_description":"Haluatko kasvattaa voittojasi jopa 200 %? Liity Megaparin Mega Boosteriin! Tee vain v\u00e4hint\u00e4\u00e4n 4 valintaa kertoimien yhdistelm\u00e4vedossa ja katso, kuinka voittosi kasvavat. \u00c4l\u00e4 missaa tilaisuutta voittaa suuria summia!","og_url":"https:\/\/megapari.games\/fi\/mega-booster\/","og_site_name":"Megapari Games fi","article_modified_time":"2025-12-13T08:46:12+00:00","twitter_card":"summary_large_image","schema":{"@context":"https:\/\/schema.org","@graph":[{"@type":"WebPage","@id":"https:\/\/megapari.games\/fi\/mega-booster\/","url":"https:\/\/megapari.games\/fi\/mega-booster\/","name":"Megapari Mega Booster \u1409 Lis\u00e4\u00e4 voittojasi jopa 200 %","isPartOf":{"@id":"https:\/\/megapari.games\/fi\/#website"},"datePublished":"2025-03-27T13:02:20+00:00","dateModified":"2025-12-13T08:46:12+00:00","description":"Haluatko kasvattaa voittojasi jopa 200 %? Liity Megaparin Mega Boosteriin! Tee vain v\u00e4hint\u00e4\u00e4n 4 valintaa kertoimien yhdistelm\u00e4vedossa ja katso, kuinka voittosi kasvavat. \u00c4l\u00e4 missaa tilaisuutta voittaa suuria summia!","breadcrumb":{"@id":"https:\/\/megapari.games\/fi\/mega-booster\/#breadcrumb"},"inLanguage":"fi","potentialAction":[{"@type":"ReadAction","target":["https:\/\/megapari.games\/fi\/mega-booster\/"]}]},{"@type":"BreadcrumbList","@id":"https:\/\/megapari.games\/fi\/mega-booster\/#breadcrumb","itemListElement":[{"@type":"ListItem","position":1,"name":"\u0413\u043b\u0430\u0432\u043d\u0430\u044f \u0441\u0442\u0440\u0430\u043d\u0438\u0446\u0430","item":"https:\/\/megapari.games\/fi\/"},{"@type":"ListItem","position":2,"name":"Bonus","item":"https:\/\/megapari.games\/fi\/bonus\/"},{"@type":"ListItem","position":3,"name":"Mega Booster"}]},{"@type":"WebSite","@id":"https:\/\/megapari.games\/fi\/#website","url":"https:\/\/megapari.games\/fi\/","name":"Megapari Games fi","description":"My WordPress Blog","potentialAction":[{"@type":"SearchAction","target":{"@type":"EntryPoint","urlTemplate":"https:\/\/megapari.games\/fi\/?s={search_term_string}"},"query-input":{"@type":"PropertyValueSpecification","valueRequired":true,"valueName":"search_term_string"}}],"inLanguage":"fi"}]}},"_links":{"self":[{"href":"https:\/\/megapari.games\/fi\/wp-json\/wp\/v2\/pages\/807","targetHints":{"allow":["GET"]}}],"collection":[{"href":"https:\/\/megapari.games\/fi\/wp-json\/wp\/v2\/pages"}],"about":[{"href":"https:\/\/megapari.games\/fi\/wp-json\/wp\/v2\/types\/page"}],"author":[{"embeddable":true,"href":"https:\/\/megapari.games\/fi\/wp-json\/wp\/v2\/users\/1"}],"replies":[{"embeddable":true,"href":"https:\/\/megapari.games\/fi\/wp-json\/wp\/v2\/comments?post=807"}],"version-history":[{"count":1,"href":"https:\/\/megapari.games\/fi\/wp-json\/wp\/v2\/pages\/807\/revisions"}],"predecessor-version":[{"id":821,"href":"https:\/\/megapari.games\/fi\/wp-json\/wp\/v2\/pages\/807\/revisions\/821"}],"up":[{"embeddable":true,"href":"https:\/\/megapari.games\/fi\/wp-json\/wp\/v2\/pages\/152"}],"wp:attachment":[{"href":"https:\/\/megapari.games\/fi\/wp-json\/wp\/v2\/media?parent=807"}],"curies":[{"name":"wp","href":"https:\/\/api.w.org\/{rel}","templated":true}]}}